{"id":1023,"date":"2016-07-25T10:28:18","date_gmt":"2016-07-25T10:28:18","guid":{"rendered":"https:\/\/www.tirolergoldschmied.it\/de\/?page_id=1023"},"modified":"2025-12-04T09:30:02","modified_gmt":"2025-12-04T08:30:02","slug":"impressum","status":"publish","type":"page","link":"https:\/\/www.tirolergoldschmied.it\/de\/impressum\/","title":{"rendered":"Impressum"},"content":{"rendered":"<h2>Gesch\u00e4ftssitz<\/h2>\n<p><strong>Tiroler Goldschmied GmbH<\/strong><br \/>\nSchlossweg 3<br \/>\nI-39019 Dorf Tirol<\/p>\n<p>Tel: +39 0473 923492<br \/>\nE-Mail Adresse: <a href=\"mailto:tirol@tirolergoldschmied.it\">tirol@tirolergoldschmied.it<\/a><\/p>\n<p><strong>PEC:<\/strong> tirolergoldschmied@pec.it<br \/>\n<strong>Codice destinatario:<\/strong> 5RUO82D<br \/>\n<strong>MwSt.-Nr.:<\/strong> IT 00766010219<br \/>\n<strong>REA Nr.: BZ-162294<\/strong> (eingetragen im Handelsregister der Handelskammer Bozen)<\/p>\n<p>&nbsp;<\/p>\n<p><strong>Verantwortlich f\u00fcr den Inhalt:<\/strong> Tiroler Goldschmied GmbH<\/p>\n<p><strong>Realisierung, Hosting:\u00a0<\/strong><a href=\"http:\/\/www.wunderfarm.com\" target=\"_blank\" rel=\"noopener\">wunderfarm<\/a><\/p>\n<p>&nbsp;<\/p>\n<h2>Haftung<\/h2>\n<p>Trotz sorgf\u00e4ltiger inhaltlicher Kontrolle \u00fcbernehmen wir keine Haftung f\u00fcr die Inhalte externer Links. F\u00fcr den Inhalt der verlinkten Seiten sind ausschlie\u00dflich deren BetreiberInnen verantwortlich.<\/p>\n<p>Die Dokumente, die Bilder, die Marken und s\u00e4mtliche auf dieser Homepage ver\u00f6ffentlichten und wiedergegebenen Inhalte stehen, unbeschadet m\u00f6glicher Hinweise auf die Rechte Dritter, im exklusiven Eigentum von Tiroler Goldschmied GmbH. Es kommen die Gesetze zum Schutz der Immaterialg\u00fcter zur Anwendung.<\/p>\n<p><em>Datenschutzhinweis<\/em><br \/>\nIm Sinne des Gesetzvertretenden Dekrets Nr. 196\/2003, nimmt der User zur Kenntnis, dass seine Daten bei seiner Anfrage und\/oder Buchung f\u00fcr die Bearbeitung sowie f\u00fcr Werbung und\/oder andere Informationen \u00fcber unsere Aktivit\u00e4ten oder unserer Partner verwendet werden k\u00f6nnen.<\/p>\n<p>Die Daten werden in schriftlicher Form und\/oder mit magnetischer\/elektronischer Hilfe und unter Einhaltung aller Sicherheitsma\u00dfnahmen, die deren Sicherheit und Geheimhaltung gew\u00e4hrleisten, behandelt.<br \/>\nInhaber der Datenverarbeitung ist Tiroler Goldschmied GmbH. Der Betroffene kann seine Daten jederzeit kontrollieren, berichtigen, erg\u00e4nzen oder l\u00f6schen, indem er an Tiroler Goldschmied GmbH, Schlossweg 3, 39019 Dorf Tirol, Italien oder an tirol@tirolergoldschmied.it schreibt.<\/p>\n<p><em>Bildmaterial Shutterstock:<\/em><br \/>\n\u2013 Alexandr Bognat<br \/>\n\u2013 pikcha<br \/>\n\u2013 Ollyy<br \/>\n\u2013 Mila Supinskaya Glashchenko<br \/>\n\u2013 All About Space<\/p>\n<p><em>Bildmaterial Fotolia:<\/em><br \/>\n\u2013 Maren Winter<br \/>\n\u2013 Rido<\/p>\n<p><em>Weitere Fotografen:<\/em><br \/>\n\u2013 Manuela Prossliner (www.foto-prossliner.com)<br \/>\n\u2013 Richard Becker<br \/>\n\u2013 Friedrich Blickle<br \/>\n\u2013 Damian Pertoll<\/p>\n<div class=\"berocket_ww_container\">\r\n    <div class=\"berocket_ww_empty\">\r\n        <p>Die Dreambox ist leer.<\/p>\r\n    <\/div>\r\n<\/div>\r\n<script>\r\njQuery('.berocket_ww_container').each( function( i, o ) {\r\n    if ( jQuery(o).height() + 20 < jQuery(o).find('.berocket_ww_ul_container').height() && jQuery(o).find('.berocket_ww_show_all').length ) {\r\n        jQuery(o).find('.berocket_ww_show_all').show();\r\n    } else if( ! jQuery(o).find('.berocket_ww_show_all').length ) {\r\n        var $scroll_block = jQuery(o).find('.berocket_ww_list');\r\n        $scroll_block.css( {maxHeight: 'initial'} );\r\n    }\r\n});\r\n<\/script>\r\n","protected":false},"excerpt":{"rendered":"<p>Gesch\u00e4ftssitz Tiroler Goldschmied GmbH Schlossweg 3 I-39019 Dorf Tirol Tel: +39 0473 923492 E-Mail Adresse: tirol@tirolergoldschmied.it PEC: tirolergoldschmied@pec.it Codice destinatario: &#8230;<\/p>\n","protected":false},"author":1,"featured_media":0,"parent":0,"menu_order":0,"comment_status":"closed","ping_status":"closed","template":"","meta":{"_acf_changed":false,"footnotes":""},"class_list":["post-1023","page","type-page","status-publish","hentry"],"acf":[],"yoast_head":"<!-- This site is optimized with the Yoast SEO plugin v27.4 - https:\/\/yoast.com\/product\/yoast-seo-wordpress\/ -->\n<title>Impressum - Tiroler Goldschmied<\/title>\n<meta name=\"robots\" content=\"index, follow, max-snippet:-1, max-image-preview:large, max-video-preview:-1\" \/>\n<link rel=\"canonical\" href=\"https:\/\/www.tirolergoldschmied.it\/de\/impressum\/\" \/>\n<meta property=\"og:locale\" content=\"de_DE\" \/>\n<meta property=\"og:type\" content=\"article\" \/>\n<meta property=\"og:title\" content=\"Impressum - Tiroler Goldschmied\" \/>\n<meta property=\"og:description\" content=\"Gesch\u00e4ftssitz Tiroler Goldschmied GmbH Schlossweg 3 I-39019 Dorf Tirol Tel: +39 0473 923492 E-Mail Adresse: tirol@tirolergoldschmied.it PEC: tirolergoldschmied@pec.it Codice destinatario: ...\" \/>\n<meta property=\"og:url\" content=\"https:\/\/www.tirolergoldschmied.it\/de\/impressum\/\" \/>\n<meta property=\"og:site_name\" content=\"Tiroler Goldschmied\" \/>\n<meta property=\"article:modified_time\" content=\"2025-12-04T08:30:02+00:00\" \/>\n<meta name=\"twitter:card\" content=\"summary_large_image\" \/>\n<meta name=\"twitter:label1\" content=\"Gesch\u00e4tzte Lesezeit\" \/>\n\t<meta name=\"twitter:data1\" content=\"2\u00a0Minuten\" \/>\n<script type=\"application\/ld+json\" class=\"yoast-schema-graph\">{\"@context\":\"https:\\\/\\\/schema.org\",\"@graph\":[{\"@type\":\"WebPage\",\"@id\":\"https:\\\/\\\/www.tirolergoldschmied.it\\\/de\\\/impressum\\\/\",\"url\":\"https:\\\/\\\/www.tirolergoldschmied.it\\\/de\\\/impressum\\\/\",\"name\":\"Impressum - Tiroler Goldschmied\",\"isPartOf\":{\"@id\":\"https:\\\/\\\/www.tirolergoldschmied.it\\\/de\\\/#website\"},\"datePublished\":\"2016-07-25T10:28:18+00:00\",\"dateModified\":\"2025-12-04T08:30:02+00:00\",\"breadcrumb\":{\"@id\":\"https:\\\/\\\/www.tirolergoldschmied.it\\\/de\\\/impressum\\\/#breadcrumb\"},\"inLanguage\":\"de\",\"potentialAction\":[{\"@type\":\"ReadAction\",\"target\":[\"https:\\\/\\\/www.tirolergoldschmied.it\\\/de\\\/impressum\\\/\"]}]},{\"@type\":\"BreadcrumbList\",\"@id\":\"https:\\\/\\\/www.tirolergoldschmied.it\\\/de\\\/impressum\\\/#breadcrumb\",\"itemListElement\":[{\"@type\":\"ListItem\",\"position\":1,\"name\":\"Startseite\",\"item\":\"https:\\\/\\\/www.tirolergoldschmied.it\\\/de\\\/\"},{\"@type\":\"ListItem\",\"position\":2,\"name\":\"Impressum\"}]},{\"@type\":\"WebSite\",\"@id\":\"https:\\\/\\\/www.tirolergoldschmied.it\\\/de\\\/#website\",\"url\":\"https:\\\/\\\/www.tirolergoldschmied.it\\\/de\\\/\",\"name\":\"Tiroler Goldschmied\",\"description\":\"\",\"potentialAction\":[{\"@type\":\"SearchAction\",\"target\":{\"@type\":\"EntryPoint\",\"urlTemplate\":\"https:\\\/\\\/www.tirolergoldschmied.it\\\/de\\\/?s={search_term_string}\"},\"query-input\":{\"@type\":\"PropertyValueSpecification\",\"valueRequired\":true,\"valueName\":\"search_term_string\"}}],\"inLanguage\":\"de\"}]}<\/script>\n<!-- \/ Yoast SEO plugin. -->","yoast_head_json":{"title":"Impressum - Tiroler Goldschmied","robots":{"index":"index","follow":"follow","max-snippet":"max-snippet:-1","max-image-preview":"max-image-preview:large","max-video-preview":"max-video-preview:-1"},"canonical":"https:\/\/www.tirolergoldschmied.it\/de\/impressum\/","og_locale":"de_DE","og_type":"article","og_title":"Impressum - Tiroler Goldschmied","og_description":"Gesch\u00e4ftssitz Tiroler Goldschmied GmbH Schlossweg 3 I-39019 Dorf Tirol Tel: +39 0473 923492 E-Mail Adresse: tirol@tirolergoldschmied.it PEC: tirolergoldschmied@pec.it Codice destinatario: ...","og_url":"https:\/\/www.tirolergoldschmied.it\/de\/impressum\/","og_site_name":"Tiroler Goldschmied","article_modified_time":"2025-12-04T08:30:02+00:00","twitter_card":"summary_large_image","twitter_misc":{"Gesch\u00e4tzte Lesezeit":"2\u00a0Minuten"},"schema":{"@context":"https:\/\/schema.org","@graph":[{"@type":"WebPage","@id":"https:\/\/www.tirolergoldschmied.it\/de\/impressum\/","url":"https:\/\/www.tirolergoldschmied.it\/de\/impressum\/","name":"Impressum - Tiroler Goldschmied","isPartOf":{"@id":"https:\/\/www.tirolergoldschmied.it\/de\/#website"},"datePublished":"2016-07-25T10:28:18+00:00","dateModified":"2025-12-04T08:30:02+00:00","breadcrumb":{"@id":"https:\/\/www.tirolergoldschmied.it\/de\/impressum\/#breadcrumb"},"inLanguage":"de","potentialAction":[{"@type":"ReadAction","target":["https:\/\/www.tirolergoldschmied.it\/de\/impressum\/"]}]},{"@type":"BreadcrumbList","@id":"https:\/\/www.tirolergoldschmied.it\/de\/impressum\/#breadcrumb","itemListElement":[{"@type":"ListItem","position":1,"name":"Startseite","item":"https:\/\/www.tirolergoldschmied.it\/de\/"},{"@type":"ListItem","position":2,"name":"Impressum"}]},{"@type":"WebSite","@id":"https:\/\/www.tirolergoldschmied.it\/de\/#website","url":"https:\/\/www.tirolergoldschmied.it\/de\/","name":"Tiroler Goldschmied","description":"","potentialAction":[{"@type":"SearchAction","target":{"@type":"EntryPoint","urlTemplate":"https:\/\/www.tirolergoldschmied.it\/de\/?s={search_term_string}"},"query-input":{"@type":"PropertyValueSpecification","valueRequired":true,"valueName":"search_term_string"}}],"inLanguage":"de"}]}},"_links":{"self":[{"href":"https:\/\/www.tirolergoldschmied.it\/de\/wp-json\/wp\/v2\/pages\/1023","targetHints":{"allow":["GET"]}}],"collection":[{"href":"https:\/\/www.tirolergoldschmied.it\/de\/wp-json\/wp\/v2\/pages"}],"about":[{"href":"https:\/\/www.tirolergoldschmied.it\/de\/wp-json\/wp\/v2\/types\/page"}],"author":[{"embeddable":true,"href":"https:\/\/www.tirolergoldschmied.it\/de\/wp-json\/wp\/v2\/users\/1"}],"replies":[{"embeddable":true,"href":"https:\/\/www.tirolergoldschmied.it\/de\/wp-json\/wp\/v2\/comments?post=1023"}],"version-history":[{"count":25,"href":"https:\/\/www.tirolergoldschmied.it\/de\/wp-json\/wp\/v2\/pages\/1023\/revisions"}],"predecessor-version":[{"id":131407,"href":"https:\/\/www.tirolergoldschmied.it\/de\/wp-json\/wp\/v2\/pages\/1023\/revisions\/131407"}],"wp:attachment":[{"href":"https:\/\/www.tirolergoldschmied.it\/de\/wp-json\/wp\/v2\/media?parent=1023"}],"curies":[{"name":"wp","href":"https:\/\/api.w.org\/{rel}","templated":true}]}}