{"id":13388,"date":"2017-04-28T07:10:34","date_gmt":"2017-04-28T07:10:34","guid":{"rendered":"https:\/\/www.tirolergoldschmied.it\/?page_id=13388\/"},"modified":"2026-02-16T15:28:43","modified_gmt":"2026-02-16T14:28:43","slug":"widerrufsrecht-2","status":"publish","type":"page","link":"https:\/\/www.tirolergoldschmied.it\/de\/widerrufsrecht-2\/","title":{"rendered":"Widerrufsrecht"},"content":{"rendered":"<ol style=\"text-align: left;\">\n<li>Der K\u00e4ufer kann den abgeschlossenen Vertrag ohne Vertragsstrafe und ohne Angabe von Gr\u00fcnden innerhalb von 14 (vierzehn) Tagen ab Erhalt der bestellten Ware widerrufen. Ein eventueller Widerruf ist an die <strong>Tiroler Goldschmied GmbH<\/strong>, mit Sitz in Italien, 39019 Tirol, Schlo\u00dfweg 3, MwSt-Nr. IT 00766010219, E-Mail-Adresse: <a href=\"mailto:shop@tirolergoldschmied.it\">shop@tirolergoldschmied.it<\/a>, Tel. +39 0473 945 028 zu richten.<\/li>\n<li>F\u00fcr die Aus\u00fcbung des gesetzlichen Widerrufsrechts ist es unerl\u00e4sslich, dass der K\u00e4ufer die Ware lediglich zur Anprobe getragen hat und die Ware vollst\u00e4ndig, in ihrem urspr\u00fcnglichen Zustand <strong><u>unversehrt und ohne Besch\u00e4digung in der Originalverkaufsverpackung, mit Zertifikat und unbesch\u00e4digtem und nicht abgenommenem Siegel<\/u><\/strong> zur\u00fcckgeschickt wird<a name=\"_Toc524356288\"><\/a>. <strong>Vom gesetzlichen Widerrufsrecht ausgeschlossen ist personalisierter Schmuck, Sonderanfertigungen und eigens f\u00fcr den Kunden bestellte Ware (z. B. spezielle Gr\u00f6\u00dfen, Farbwunsch bei Edelsteinen, Gold und Beschichtungen). <\/strong>Die M\u00f6glichkeit des Widerrufs von Schmuckst\u00fccken mit einer personalisierten Gravur ist von Fall zu Fall vom Verk\u00e4ufer zu autorisieren.<\/li>\n<li>Falls der K\u00e4ufer von seinem Widerrufsrecht Gebrauch machen m\u00f6chte, muss er den Verk\u00e4ufer \u00fcber seinen Entschluss den Vertrag zu widerrufen mittels einer eindeutigen Erkl\u00e4rung (z. B. ein mit der Post versandter Brief, Fax oder E-Mail) informieren. Der K\u00e4ufer kann daf\u00fcr auch das im Anhang I, Abschnitt B des Legislativdekrets Nr.21\/2014 beigelegte Muster-Widerrufsformular verwenden, welches jedoch nicht vorgeschrieben ist. Dasselbe ist auch am Ende dieser Allgemeinen Gesch\u00e4ftsbedingungen als Anhang 1 abgebildet.<\/li>\n<li>Zur Wahrung der Widerrufsfrist reicht es aus, dass der K\u00e4ufer die Mitteilung \u00fcber die Aus\u00fcbung des Widerrufsrechts vor Ablauf der Widerrufsfrist absendet. Die Beweislast bez\u00fcglich der bestimmungsgem\u00e4\u00dfen Aus\u00fcbung des Widerrufsrechts liegt dabei beim K\u00e4ufer.<\/li>\n<li>Die R\u00fccksendung der Ware muss ohne Verz\u00f6gerung erfolgen und in jedem Fall sp\u00e4testens innerhalb von 14 (vierzehn) Tagen ab dem Zeitpunkt, an dem der K\u00e4ufer dem Verk\u00e4ufer seine Entscheidung den Vertrag zu widerrufen, mitgeteilt hat. Der K\u00e4ufer muss f\u00fcr einen etwaigen Wertverlust der Ware aufkommen, wenn dieser Wertverlust auf einen zur Pr\u00fcfung der Beschaffenheit, Eigenschaften und Funktionsweise der Waren nicht notwendigen Umgang mit ihnen zur\u00fcckzuf\u00fchren ist. Der K\u00e4ufer verliert das Widerrufsrecht, wenn er die Ware in irgendeiner Weise ver\u00e4ndert hat.<\/li>\n<li>Bei Aus\u00fcbung des Widerrufsrechts nach den Bestimmungen dieses Artikels, werden dem K\u00e4ufer 20\u20ac f\u00fcr den R\u00fcckversand vom Kaufpreis der Schmuckst\u00fccke abgezogen.<\/li>\n<li>Dem K\u00e4ufer, der sein Widerrufsrecht bestimmungsgem\u00e4\u00df aus\u00fcbt, wird der Kaufpreis der Schmuckst\u00fccke abz\u00fcglich 20\u20ac R\u00fcckversandkosten zur\u00fcckerstattet. Der R\u00fcckversand muss \u00fcber den Kurierdienst von Tiroler Goldschmied abgewickelt werden, ansonsten fallen h\u00f6here Kosten an und der Versand ist nicht versichert. Die R\u00fcckerstattung der Kosten erfolgt ohne Verz\u00f6gerung und jedenfalls innerhalb von 14 Tagen ab dem Zeitpunkt, an dem der Verk\u00e4ufer von der Entscheidung des K\u00e4ufers das Widerrufsrecht auszu\u00fcben, informiert wurde, es sei denn, mit dem K\u00e4ufer wurde ausdr\u00fccklich etwas anderes vereinbart. Der Verk\u00e4ufer kann jedoch die R\u00fcckzahlung verweigern, bis er die Waren wieder zur\u00fcckerhalten und kontrolliert hat.<\/li>\n<li>Nach Eingang der Mitteilung, in welcher der K\u00e4ufer dem Verk\u00e4ufer die Aus\u00fcbung des Widerrufsrechts bekannt gibt, sind die Vertragsparteien von ihren jeweiligen Verpflichtungen befreit; die Bestimmungen dieses Artikels bleiben davon unber\u00fchrt.<\/li>\n<\/ol>\n<p>&nbsp;<\/p>\n<p style=\"text-align: center;\"><a href=\"https:\/\/static.tirolergoldschmied.it\/39543ca551be492a\/2026\/02\/widerrufsrecht-1.pdf\">Formular Widerrufsrecht<\/a><\/p>\n<div class=\"berocket_ww_container\">\r\n    <div class=\"berocket_ww_empty\">\r\n        <p>Die Dreambox ist leer.<\/p>\r\n    <\/div>\r\n<\/div>\r\n<script>\r\njQuery('.berocket_ww_container').each( function( i, o ) {\r\n    if ( jQuery(o).height() + 20 < jQuery(o).find('.berocket_ww_ul_container').height() && jQuery(o).find('.berocket_ww_show_all').length ) {\r\n        jQuery(o).find('.berocket_ww_show_all').show();\r\n    } else if( ! jQuery(o).find('.berocket_ww_show_all').length ) {\r\n        var $scroll_block = jQuery(o).find('.berocket_ww_list');\r\n        $scroll_block.css( {maxHeight: 'initial'} );\r\n    }\r\n});\r\n<\/script>\r\n","protected":false},"excerpt":{"rendered":"<p>Der K\u00e4ufer kann den abgeschlossenen Vertrag ohne Vertragsstrafe und ohne Angabe von Gr\u00fcnden innerhalb von 14 (vierzehn) Tagen ab Erhalt &#8230;<\/p>\n","protected":false},"author":1,"featured_media":0,"parent":0,"menu_order":0,"comment_status":"closed","ping_status":"closed","template":"","meta":{"_acf_changed":false,"footnotes":""},"class_list":["post-13388","page","type-page","status-publish","hentry"],"acf":[],"yoast_head":"<!-- This site is optimized with the Yoast SEO plugin v27.4 - https:\/\/yoast.com\/product\/yoast-seo-wordpress\/ -->\n<title>Widerrufsrecht - Tiroler Goldschmied<\/title>\n<meta name=\"robots\" content=\"index, follow, max-snippet:-1, max-image-preview:large, max-video-preview:-1\" \/>\n<link rel=\"canonical\" href=\"https:\/\/www.tirolergoldschmied.it\/de\/widerrufsrecht-2\/\" \/>\n<meta property=\"og:locale\" content=\"de_DE\" \/>\n<meta property=\"og:type\" content=\"article\" \/>\n<meta property=\"og:title\" content=\"Widerrufsrecht - Tiroler Goldschmied\" \/>\n<meta property=\"og:description\" content=\"Der K\u00e4ufer kann den abgeschlossenen Vertrag ohne Vertragsstrafe und ohne Angabe von Gr\u00fcnden innerhalb von 14 (vierzehn) Tagen ab Erhalt ...\" \/>\n<meta property=\"og:url\" content=\"https:\/\/www.tirolergoldschmied.it\/de\/widerrufsrecht-2\/\" \/>\n<meta property=\"og:site_name\" content=\"Tiroler Goldschmied\" \/>\n<meta property=\"article:modified_time\" content=\"2026-02-16T14:28:43+00:00\" \/>\n<meta name=\"twitter:card\" content=\"summary_large_image\" \/>\n<meta name=\"twitter:label1\" content=\"Gesch\u00e4tzte Lesezeit\" \/>\n\t<meta name=\"twitter:data1\" content=\"3\u00a0Minuten\" \/>\n<script type=\"application\/ld+json\" class=\"yoast-schema-graph\">{\"@context\":\"https:\\\/\\\/schema.org\",\"@graph\":[{\"@type\":\"WebPage\",\"@id\":\"https:\\\/\\\/www.tirolergoldschmied.it\\\/de\\\/widerrufsrecht-2\\\/\",\"url\":\"https:\\\/\\\/www.tirolergoldschmied.it\\\/de\\\/widerrufsrecht-2\\\/\",\"name\":\"Widerrufsrecht - Tiroler Goldschmied\",\"isPartOf\":{\"@id\":\"https:\\\/\\\/www.tirolergoldschmied.it\\\/de\\\/#website\"},\"datePublished\":\"2017-04-28T07:10:34+00:00\",\"dateModified\":\"2026-02-16T14:28:43+00:00\",\"breadcrumb\":{\"@id\":\"https:\\\/\\\/www.tirolergoldschmied.it\\\/de\\\/widerrufsrecht-2\\\/#breadcrumb\"},\"inLanguage\":\"de\",\"potentialAction\":[{\"@type\":\"ReadAction\",\"target\":[\"https:\\\/\\\/www.tirolergoldschmied.it\\\/de\\\/widerrufsrecht-2\\\/\"]}]},{\"@type\":\"BreadcrumbList\",\"@id\":\"https:\\\/\\\/www.tirolergoldschmied.it\\\/de\\\/widerrufsrecht-2\\\/#breadcrumb\",\"itemListElement\":[{\"@type\":\"ListItem\",\"position\":1,\"name\":\"Startseite\",\"item\":\"https:\\\/\\\/www.tirolergoldschmied.it\\\/de\\\/\"},{\"@type\":\"ListItem\",\"position\":2,\"name\":\"Widerrufsrecht\"}]},{\"@type\":\"WebSite\",\"@id\":\"https:\\\/\\\/www.tirolergoldschmied.it\\\/de\\\/#website\",\"url\":\"https:\\\/\\\/www.tirolergoldschmied.it\\\/de\\\/\",\"name\":\"Tiroler Goldschmied\",\"description\":\"\",\"potentialAction\":[{\"@type\":\"SearchAction\",\"target\":{\"@type\":\"EntryPoint\",\"urlTemplate\":\"https:\\\/\\\/www.tirolergoldschmied.it\\\/de\\\/?s={search_term_string}\"},\"query-input\":{\"@type\":\"PropertyValueSpecification\",\"valueRequired\":true,\"valueName\":\"search_term_string\"}}],\"inLanguage\":\"de\"}]}<\/script>\n<!-- \/ Yoast SEO plugin. -->","yoast_head_json":{"title":"Widerrufsrecht - Tiroler Goldschmied","robots":{"index":"index","follow":"follow","max-snippet":"max-snippet:-1","max-image-preview":"max-image-preview:large","max-video-preview":"max-video-preview:-1"},"canonical":"https:\/\/www.tirolergoldschmied.it\/de\/widerrufsrecht-2\/","og_locale":"de_DE","og_type":"article","og_title":"Widerrufsrecht - Tiroler Goldschmied","og_description":"Der K\u00e4ufer kann den abgeschlossenen Vertrag ohne Vertragsstrafe und ohne Angabe von Gr\u00fcnden innerhalb von 14 (vierzehn) Tagen ab Erhalt ...","og_url":"https:\/\/www.tirolergoldschmied.it\/de\/widerrufsrecht-2\/","og_site_name":"Tiroler Goldschmied","article_modified_time":"2026-02-16T14:28:43+00:00","twitter_card":"summary_large_image","twitter_misc":{"Gesch\u00e4tzte Lesezeit":"3\u00a0Minuten"},"schema":{"@context":"https:\/\/schema.org","@graph":[{"@type":"WebPage","@id":"https:\/\/www.tirolergoldschmied.it\/de\/widerrufsrecht-2\/","url":"https:\/\/www.tirolergoldschmied.it\/de\/widerrufsrecht-2\/","name":"Widerrufsrecht - Tiroler Goldschmied","isPartOf":{"@id":"https:\/\/www.tirolergoldschmied.it\/de\/#website"},"datePublished":"2017-04-28T07:10:34+00:00","dateModified":"2026-02-16T14:28:43+00:00","breadcrumb":{"@id":"https:\/\/www.tirolergoldschmied.it\/de\/widerrufsrecht-2\/#breadcrumb"},"inLanguage":"de","potentialAction":[{"@type":"ReadAction","target":["https:\/\/www.tirolergoldschmied.it\/de\/widerrufsrecht-2\/"]}]},{"@type":"BreadcrumbList","@id":"https:\/\/www.tirolergoldschmied.it\/de\/widerrufsrecht-2\/#breadcrumb","itemListElement":[{"@type":"ListItem","position":1,"name":"Startseite","item":"https:\/\/www.tirolergoldschmied.it\/de\/"},{"@type":"ListItem","position":2,"name":"Widerrufsrecht"}]},{"@type":"WebSite","@id":"https:\/\/www.tirolergoldschmied.it\/de\/#website","url":"https:\/\/www.tirolergoldschmied.it\/de\/","name":"Tiroler Goldschmied","description":"","potentialAction":[{"@type":"SearchAction","target":{"@type":"EntryPoint","urlTemplate":"https:\/\/www.tirolergoldschmied.it\/de\/?s={search_term_string}"},"query-input":{"@type":"PropertyValueSpecification","valueRequired":true,"valueName":"search_term_string"}}],"inLanguage":"de"}]}},"_links":{"self":[{"href":"https:\/\/www.tirolergoldschmied.it\/de\/wp-json\/wp\/v2\/pages\/13388","targetHints":{"allow":["GET"]}}],"collection":[{"href":"https:\/\/www.tirolergoldschmied.it\/de\/wp-json\/wp\/v2\/pages"}],"about":[{"href":"https:\/\/www.tirolergoldschmied.it\/de\/wp-json\/wp\/v2\/types\/page"}],"author":[{"embeddable":true,"href":"https:\/\/www.tirolergoldschmied.it\/de\/wp-json\/wp\/v2\/users\/1"}],"replies":[{"embeddable":true,"href":"https:\/\/www.tirolergoldschmied.it\/de\/wp-json\/wp\/v2\/comments?post=13388"}],"version-history":[{"count":31,"href":"https:\/\/www.tirolergoldschmied.it\/de\/wp-json\/wp\/v2\/pages\/13388\/revisions"}],"predecessor-version":[{"id":132952,"href":"https:\/\/www.tirolergoldschmied.it\/de\/wp-json\/wp\/v2\/pages\/13388\/revisions\/132952"}],"wp:attachment":[{"href":"https:\/\/www.tirolergoldschmied.it\/de\/wp-json\/wp\/v2\/media?parent=13388"}],"curies":[{"name":"wp","href":"https:\/\/api.w.org\/{rel}","templated":true}]}}