{"id":367,"date":"2016-06-28T15:20:47","date_gmt":"2016-06-28T15:20:47","guid":{"rendered":"https:\/\/www.tirolergoldschmied.it\/de\/?page_id=367"},"modified":"2023-04-17T11:43:57","modified_gmt":"2023-04-17T09:43:57","slug":"marken","status":"publish","type":"page","link":"https:\/\/www.tirolergoldschmied.it\/de\/marken\/","title":{"rendered":"Marken"},"content":{"rendered":"<p>In unseren <a href=\"https:\/\/www.tirolergoldschmied.it\/de\/filialen\/?utm_source=marken&amp;web\" target=\"_blank\" rel=\"noopener noreferrer\"><strong>Gesch\u00e4ften<\/strong><\/a> in Dorf Tirol, Schenna und Meran in S\u00fcdtirol finden Sie eine gro\u00dfe Vorauswahl der Favoriten aus der Welt der gro\u00dfen Schmuckdesigner. Mit langj\u00e4hriger Erfahrung und Gesp\u00fcr f\u00fcr Schmuckformen halten wir stets Ausschau nach jungem Design und zeitlos hochwertigen und edlen Schmuck der Szene. Lassen Sie sich von unserer umfangreichen Vorauswahl inspirieren und entdecken Sie mit uns zuk\u00fcnftige Schmucktrends bekannter und noch nicht bekannter Schmuckmarken und Schmuckdesigner!<\/p>\n<p>Lassen Sie sich von unserem <strong><a href=\"https:\/\/shop.tirolergoldschmied.it\/?utm_source=marken&amp;web\" target=\"_blank\" rel=\"noopener noreferrer\">Online-Store<\/a><\/strong>\u00a0inspirieren, wir vom Tiroler Goldschmied beraten Sie gerne. Melden Sie sich bei unserem <a href=\"https:\/\/shop.tirolergoldschmied.it\/Newsletter\/?utm_source=lapreziosa&amp;web\" target=\"_blank\" rel=\"noopener noreferrer\"><strong>Newsletter<\/strong><\/a>\u00a0an und erhalten Sie neben wertvollen Tipps und Trends einen <strong>einmaligen Gutscheincode von 10%, den Sie<\/strong> in unserem\u00a0<a href=\"https:\/\/shop.tirolergoldschmied.it\/La-Preziosa\/?utm_source=web\" target=\"_blank\" rel=\"noopener noreferrer\"><strong>Online-Shop <\/strong><\/a>einl\u00f6sen k\u00f6nnen.<\/p>\n<p>&nbsp;<\/p>\n<p>&nbsp;<\/p>\n<p>&nbsp;<\/p>\n<div class=\"berocket_ww_container\">\r\n    <div class=\"berocket_ww_empty\">\r\n        <p>Die Dreambox ist leer.<\/p>\r\n    <\/div>\r\n<\/div>\r\n<script>\r\njQuery('.berocket_ww_container').each( function( i, o ) {\r\n    if ( jQuery(o).height() + 20 < jQuery(o).find('.berocket_ww_ul_container').height() && jQuery(o).find('.berocket_ww_show_all').length ) {\r\n        jQuery(o).find('.berocket_ww_show_all').show();\r\n    } else if( ! jQuery(o).find('.berocket_ww_show_all').length ) {\r\n        var $scroll_block = jQuery(o).find('.berocket_ww_list');\r\n        $scroll_block.css( {maxHeight: 'initial'} );\r\n    }\r\n});\r\n<\/script>\r\n","protected":false},"excerpt":{"rendered":"<p>In unseren Gesch\u00e4ften in Dorf Tirol, Schenna und Meran in S\u00fcdtirol finden Sie eine gro\u00dfe Vorauswahl der Favoriten aus der &#8230;<\/p>\n","protected":false},"author":1,"featured_media":0,"parent":0,"menu_order":0,"comment_status":"closed","ping_status":"closed","template":"page_brands.php","meta":{"_acf_changed":false,"footnotes":""},"class_list":["post-367","page","type-page","status-publish","hentry"],"acf":[],"yoast_head":"<!-- This site is optimized with the Yoast SEO plugin v27.4 - https:\/\/yoast.com\/product\/yoast-seo-wordpress\/ -->\n<title>Marken bei Tiroler Goldschmied Dorf Tirol, Schenna, Meran, Online Shop<\/title>\n<meta name=\"description\" content=\"Ole Lynggaard Copenhagen, Fope Schmuck, Tamara Comolli, Diamond Group, Pesavento, MEISTER, La Preziosa, schmuck.werk, EvaNueva, Rado, Maserati, Michael Kors, Daniel Wellington, Raymond Weil, Pier Duca, Lenti Villasco, Vittorino Masiero uvm.\" \/>\n<meta name=\"robots\" content=\"index, follow, max-snippet:-1, max-image-preview:large, max-video-preview:-1\" \/>\n<link rel=\"canonical\" href=\"https:\/\/www.tirolergoldschmied.it\/de\/marken\/\" \/>\n<meta property=\"og:locale\" content=\"de_DE\" \/>\n<meta property=\"og:type\" content=\"article\" \/>\n<meta property=\"og:title\" content=\"Marken bei Tiroler Goldschmied Dorf Tirol, Schenna, Meran, Online Shop\" \/>\n<meta property=\"og:description\" content=\"Ole Lynggaard Copenhagen, Fope Schmuck, Tamara Comolli, Diamond Group, Pesavento, MEISTER, La Preziosa, schmuck.werk, EvaNueva, Rado, Maserati, Michael Kors, Daniel Wellington, Raymond Weil, Pier Duca, Lenti Villasco, Vittorino Masiero uvm.\" \/>\n<meta property=\"og:url\" content=\"https:\/\/www.tirolergoldschmied.it\/de\/marken\/\" \/>\n<meta property=\"og:site_name\" content=\"Tiroler Goldschmied\" \/>\n<meta property=\"article:modified_time\" content=\"2023-04-17T09:43:57+00:00\" \/>\n<meta name=\"twitter:card\" content=\"summary_large_image\" \/>\n<meta name=\"twitter:label1\" content=\"Gesch\u00e4tzte Lesezeit\" \/>\n\t<meta name=\"twitter:data1\" content=\"1\u00a0Minute\" \/>\n<script type=\"application\/ld+json\" class=\"yoast-schema-graph\">{\"@context\":\"https:\\\/\\\/schema.org\",\"@graph\":[{\"@type\":\"WebPage\",\"@id\":\"https:\\\/\\\/www.tirolergoldschmied.it\\\/de\\\/marken\\\/\",\"url\":\"https:\\\/\\\/www.tirolergoldschmied.it\\\/de\\\/marken\\\/\",\"name\":\"Marken bei Tiroler Goldschmied Dorf Tirol, Schenna, Meran, Online Shop\",\"isPartOf\":{\"@id\":\"https:\\\/\\\/www.tirolergoldschmied.it\\\/de\\\/#website\"},\"datePublished\":\"2016-06-28T15:20:47+00:00\",\"dateModified\":\"2023-04-17T09:43:57+00:00\",\"description\":\"Ole Lynggaard Copenhagen, Fope Schmuck, Tamara Comolli, Diamond Group, Pesavento, MEISTER, La Preziosa, schmuck.werk, EvaNueva, Rado, Maserati, Michael Kors, Daniel Wellington, Raymond Weil, Pier Duca, Lenti Villasco, Vittorino Masiero uvm.\",\"breadcrumb\":{\"@id\":\"https:\\\/\\\/www.tirolergoldschmied.it\\\/de\\\/marken\\\/#breadcrumb\"},\"inLanguage\":\"de\",\"potentialAction\":[{\"@type\":\"ReadAction\",\"target\":[\"https:\\\/\\\/www.tirolergoldschmied.it\\\/de\\\/marken\\\/\"]}]},{\"@type\":\"BreadcrumbList\",\"@id\":\"https:\\\/\\\/www.tirolergoldschmied.it\\\/de\\\/marken\\\/#breadcrumb\",\"itemListElement\":[{\"@type\":\"ListItem\",\"position\":1,\"name\":\"Startseite\",\"item\":\"https:\\\/\\\/www.tirolergoldschmied.it\\\/de\\\/\"},{\"@type\":\"ListItem\",\"position\":2,\"name\":\"Marken\"}]},{\"@type\":\"WebSite\",\"@id\":\"https:\\\/\\\/www.tirolergoldschmied.it\\\/de\\\/#website\",\"url\":\"https:\\\/\\\/www.tirolergoldschmied.it\\\/de\\\/\",\"name\":\"Tiroler Goldschmied\",\"description\":\"\",\"potentialAction\":[{\"@type\":\"SearchAction\",\"target\":{\"@type\":\"EntryPoint\",\"urlTemplate\":\"https:\\\/\\\/www.tirolergoldschmied.it\\\/de\\\/?s={search_term_string}\"},\"query-input\":{\"@type\":\"PropertyValueSpecification\",\"valueRequired\":true,\"valueName\":\"search_term_string\"}}],\"inLanguage\":\"de\"}]}<\/script>\n<!-- \/ Yoast SEO plugin. -->","yoast_head_json":{"title":"Marken bei Tiroler Goldschmied Dorf Tirol, Schenna, Meran, Online Shop","description":"Ole Lynggaard Copenhagen, Fope Schmuck, Tamara Comolli, Diamond Group, Pesavento, MEISTER, La Preziosa, schmuck.werk, EvaNueva, Rado, Maserati, Michael Kors, Daniel Wellington, Raymond Weil, Pier Duca, Lenti Villasco, Vittorino Masiero uvm.","robots":{"index":"index","follow":"follow","max-snippet":"max-snippet:-1","max-image-preview":"max-image-preview:large","max-video-preview":"max-video-preview:-1"},"canonical":"https:\/\/www.tirolergoldschmied.it\/de\/marken\/","og_locale":"de_DE","og_type":"article","og_title":"Marken bei Tiroler Goldschmied Dorf Tirol, Schenna, Meran, Online Shop","og_description":"Ole Lynggaard Copenhagen, Fope Schmuck, Tamara Comolli, Diamond Group, Pesavento, MEISTER, La Preziosa, schmuck.werk, EvaNueva, Rado, Maserati, Michael Kors, Daniel Wellington, Raymond Weil, Pier Duca, Lenti Villasco, Vittorino Masiero uvm.","og_url":"https:\/\/www.tirolergoldschmied.it\/de\/marken\/","og_site_name":"Tiroler Goldschmied","article_modified_time":"2023-04-17T09:43:57+00:00","twitter_card":"summary_large_image","twitter_misc":{"Gesch\u00e4tzte Lesezeit":"1\u00a0Minute"},"schema":{"@context":"https:\/\/schema.org","@graph":[{"@type":"WebPage","@id":"https:\/\/www.tirolergoldschmied.it\/de\/marken\/","url":"https:\/\/www.tirolergoldschmied.it\/de\/marken\/","name":"Marken bei Tiroler Goldschmied Dorf Tirol, Schenna, Meran, Online Shop","isPartOf":{"@id":"https:\/\/www.tirolergoldschmied.it\/de\/#website"},"datePublished":"2016-06-28T15:20:47+00:00","dateModified":"2023-04-17T09:43:57+00:00","description":"Ole Lynggaard Copenhagen, Fope Schmuck, Tamara Comolli, Diamond Group, Pesavento, MEISTER, La Preziosa, schmuck.werk, EvaNueva, Rado, Maserati, Michael Kors, Daniel Wellington, Raymond Weil, Pier Duca, Lenti Villasco, Vittorino Masiero uvm.","breadcrumb":{"@id":"https:\/\/www.tirolergoldschmied.it\/de\/marken\/#breadcrumb"},"inLanguage":"de","potentialAction":[{"@type":"ReadAction","target":["https:\/\/www.tirolergoldschmied.it\/de\/marken\/"]}]},{"@type":"BreadcrumbList","@id":"https:\/\/www.tirolergoldschmied.it\/de\/marken\/#breadcrumb","itemListElement":[{"@type":"ListItem","position":1,"name":"Startseite","item":"https:\/\/www.tirolergoldschmied.it\/de\/"},{"@type":"ListItem","position":2,"name":"Marken"}]},{"@type":"WebSite","@id":"https:\/\/www.tirolergoldschmied.it\/de\/#website","url":"https:\/\/www.tirolergoldschmied.it\/de\/","name":"Tiroler Goldschmied","description":"","potentialAction":[{"@type":"SearchAction","target":{"@type":"EntryPoint","urlTemplate":"https:\/\/www.tirolergoldschmied.it\/de\/?s={search_term_string}"},"query-input":{"@type":"PropertyValueSpecification","valueRequired":true,"valueName":"search_term_string"}}],"inLanguage":"de"}]}},"_links":{"self":[{"href":"https:\/\/www.tirolergoldschmied.it\/de\/wp-json\/wp\/v2\/pages\/367","targetHints":{"allow":["GET"]}}],"collection":[{"href":"https:\/\/www.tirolergoldschmied.it\/de\/wp-json\/wp\/v2\/pages"}],"about":[{"href":"https:\/\/www.tirolergoldschmied.it\/de\/wp-json\/wp\/v2\/types\/page"}],"author":[{"embeddable":true,"href":"https:\/\/www.tirolergoldschmied.it\/de\/wp-json\/wp\/v2\/users\/1"}],"replies":[{"embeddable":true,"href":"https:\/\/www.tirolergoldschmied.it\/de\/wp-json\/wp\/v2\/comments?post=367"}],"version-history":[{"count":24,"href":"https:\/\/www.tirolergoldschmied.it\/de\/wp-json\/wp\/v2\/pages\/367\/revisions"}],"predecessor-version":[{"id":61983,"href":"https:\/\/www.tirolergoldschmied.it\/de\/wp-json\/wp\/v2\/pages\/367\/revisions\/61983"}],"wp:attachment":[{"href":"https:\/\/www.tirolergoldschmied.it\/de\/wp-json\/wp\/v2\/media?parent=367"}],"curies":[{"name":"wp","href":"https:\/\/api.w.org\/{rel}","templated":true}]}}