{"id":674,"date":"2016-07-12T13:34:21","date_gmt":"2016-07-12T13:34:21","guid":{"rendered":"https:\/\/www.tirolergoldschmied.it\/de\/?page_id=674"},"modified":"2023-10-05T10:49:48","modified_gmt":"2023-10-05T08:49:48","slug":"news","status":"publish","type":"page","link":"https:\/\/www.tirolergoldschmied.it\/de\/news\/","title":{"rendered":"Schmuck-News"},"content":{"rendered":"<p>Rauschende Feste, Fachmessen, Events und vieles mehr!<br \/>\nWir m\u00f6chten Sie auf eine Reise durch die Trends der Schmuckszene sowie wunderbare Veranstaltungen mitnehmen. <a href=\"https:\/\/www.tirolergoldschmied.it\/de\/product_brand\/la-preziosa\/?collections\"><strong>Unsere eigenen Kollektionen<\/strong><\/a> stellen wir regelm\u00e4\u00dfig auf Schmuckmessen vor und tauschen uns mit anderen namhaften Schmuckdesignern aus. Hierzu geh\u00f6ren neben Handwerks- und Design Messen auch Tracht- und Jagdmessen sowie Hochzeitsmessen.<\/p>\n<p>Besondere Freude bereiten uns auch immer wieder Events mit unseren Partnern und Freunden, wo in besonderem Rahmen unsere Kollektionen pr\u00e4sentiert werden. Regelm\u00e4\u00dfig nehmen wir zudem an Schmuck Wettbewerben teil und freuen uns \u00fcber nationale und internationale Anerkennung sowie Auszeichnungen. Wir w\u00fcnschen Ihnen viel Vergn\u00fcgen beim St\u00f6bern!<\/p>\n<div class=\"berocket_ww_container\">\r\n    <div class=\"berocket_ww_empty\">\r\n        <p>Die Dreambox ist leer.<\/p>\r\n    <\/div>\r\n<\/div>\r\n<script>\r\njQuery('.berocket_ww_container').each( function( i, o ) {\r\n    if ( jQuery(o).height() + 20 < jQuery(o).find('.berocket_ww_ul_container').height() && jQuery(o).find('.berocket_ww_show_all').length ) {\r\n        jQuery(o).find('.berocket_ww_show_all').show();\r\n    } else if( ! jQuery(o).find('.berocket_ww_show_all').length ) {\r\n        var $scroll_block = jQuery(o).find('.berocket_ww_list');\r\n        $scroll_block.css( {maxHeight: 'initial'} );\r\n    }\r\n});\r\n<\/script>\r\n","protected":false},"excerpt":{"rendered":"<p>Rauschende Feste, Fachmessen, Events und vieles mehr! Wir m\u00f6chten Sie auf eine Reise durch die Trends der Schmuckszene sowie wunderbare &#8230;<\/p>\n","protected":false},"author":1,"featured_media":0,"parent":0,"menu_order":0,"comment_status":"closed","ping_status":"closed","template":"page_news.php","meta":{"_acf_changed":false,"footnotes":""},"acf":[],"yoast_head":"<!-- This site is optimized with the Yoast SEO plugin v22.5 - https:\/\/yoast.com\/wordpress\/plugins\/seo\/ -->\n<title>Schmucknews - Tiroler Goldschmied Schmuckmessen, Hochzeitsmessen<\/title>\n<meta name=\"description\" content=\"Besuchen Sie Tiroler Goldschmied auf Schmuckmessen, Hotelmessen, Jagdmessen, Handwerksmessen oder Design Messen. Regelm\u00e4\u00dfig nehmen wir zudem an nationalen und internationalen Schmuck Wettbewerben teil.\" \/>\n<meta name=\"robots\" content=\"index, follow, max-snippet:-1, max-image-preview:large, max-video-preview:-1\" \/>\n<link rel=\"canonical\" href=\"https:\/\/www.tirolergoldschmied.it\/de\/news\/\" \/>\n<meta property=\"og:locale\" content=\"de_DE\" \/>\n<meta property=\"og:type\" content=\"article\" \/>\n<meta property=\"og:title\" content=\"Schmucknews - Tiroler Goldschmied Schmuckmessen, Hochzeitsmessen\" \/>\n<meta property=\"og:description\" content=\"Besuchen Sie Tiroler Goldschmied auf Schmuckmessen, Hotelmessen, Jagdmessen, Handwerksmessen oder Design Messen. Regelm\u00e4\u00dfig nehmen wir zudem an nationalen und internationalen Schmuck Wettbewerben teil.\" \/>\n<meta property=\"og:url\" content=\"https:\/\/www.tirolergoldschmied.it\/de\/news\/\" \/>\n<meta property=\"og:site_name\" content=\"Tiroler Goldschmied\" \/>\n<meta property=\"article:modified_time\" content=\"2023-10-05T08:49:48+00:00\" \/>\n<meta name=\"twitter:card\" content=\"summary_large_image\" \/>\n<meta name=\"twitter:label1\" content=\"Gesch\u00e4tzte Lesezeit\" \/>\n\t<meta name=\"twitter:data1\" content=\"1\u00a0Minute\" \/>\n<script type=\"application\/ld+json\" class=\"yoast-schema-graph\">{\"@context\":\"https:\/\/schema.org\",\"@graph\":[{\"@type\":\"WebPage\",\"@id\":\"https:\/\/www.tirolergoldschmied.it\/de\/news\/\",\"url\":\"https:\/\/www.tirolergoldschmied.it\/de\/news\/\",\"name\":\"Schmucknews - Tiroler Goldschmied Schmuckmessen, Hochzeitsmessen\",\"isPartOf\":{\"@id\":\"https:\/\/www.tirolergoldschmied.it\/de\/#website\"},\"datePublished\":\"2016-07-12T13:34:21+00:00\",\"dateModified\":\"2023-10-05T08:49:48+00:00\",\"description\":\"Besuchen Sie Tiroler Goldschmied auf Schmuckmessen, Hotelmessen, Jagdmessen, Handwerksmessen oder Design Messen. Regelm\u00e4\u00dfig nehmen wir zudem an nationalen und internationalen Schmuck Wettbewerben teil.\",\"breadcrumb\":{\"@id\":\"https:\/\/www.tirolergoldschmied.it\/de\/news\/#breadcrumb\"},\"inLanguage\":\"de\",\"potentialAction\":[{\"@type\":\"ReadAction\",\"target\":[\"https:\/\/www.tirolergoldschmied.it\/de\/news\/\"]}]},{\"@type\":\"BreadcrumbList\",\"@id\":\"https:\/\/www.tirolergoldschmied.it\/de\/news\/#breadcrumb\",\"itemListElement\":[{\"@type\":\"ListItem\",\"position\":1,\"name\":\"Startseite\",\"item\":\"https:\/\/www.tirolergoldschmied.it\/de\/\"},{\"@type\":\"ListItem\",\"position\":2,\"name\":\"Schmuck-News\"}]},{\"@type\":\"WebSite\",\"@id\":\"https:\/\/www.tirolergoldschmied.it\/de\/#website\",\"url\":\"https:\/\/www.tirolergoldschmied.it\/de\/\",\"name\":\"Tiroler Goldschmied\",\"description\":\"\",\"potentialAction\":[{\"@type\":\"SearchAction\",\"target\":{\"@type\":\"EntryPoint\",\"urlTemplate\":\"https:\/\/www.tirolergoldschmied.it\/de\/?s={search_term_string}\"},\"query-input\":\"required name=search_term_string\"}],\"inLanguage\":\"de\"}]}<\/script>\n<!-- \/ Yoast SEO plugin. -->","yoast_head_json":{"title":"Schmucknews - Tiroler Goldschmied Schmuckmessen, Hochzeitsmessen","description":"Besuchen Sie Tiroler Goldschmied auf Schmuckmessen, Hotelmessen, Jagdmessen, Handwerksmessen oder Design Messen. Regelm\u00e4\u00dfig nehmen wir zudem an nationalen und internationalen Schmuck Wettbewerben teil.","robots":{"index":"index","follow":"follow","max-snippet":"max-snippet:-1","max-image-preview":"max-image-preview:large","max-video-preview":"max-video-preview:-1"},"canonical":"https:\/\/www.tirolergoldschmied.it\/de\/news\/","og_locale":"de_DE","og_type":"article","og_title":"Schmucknews - Tiroler Goldschmied Schmuckmessen, Hochzeitsmessen","og_description":"Besuchen Sie Tiroler Goldschmied auf Schmuckmessen, Hotelmessen, Jagdmessen, Handwerksmessen oder Design Messen. Regelm\u00e4\u00dfig nehmen wir zudem an nationalen und internationalen Schmuck Wettbewerben teil.","og_url":"https:\/\/www.tirolergoldschmied.it\/de\/news\/","og_site_name":"Tiroler Goldschmied","article_modified_time":"2023-10-05T08:49:48+00:00","twitter_card":"summary_large_image","twitter_misc":{"Gesch\u00e4tzte Lesezeit":"1\u00a0Minute"},"schema":{"@context":"https:\/\/schema.org","@graph":[{"@type":"WebPage","@id":"https:\/\/www.tirolergoldschmied.it\/de\/news\/","url":"https:\/\/www.tirolergoldschmied.it\/de\/news\/","name":"Schmucknews - Tiroler Goldschmied Schmuckmessen, Hochzeitsmessen","isPartOf":{"@id":"https:\/\/www.tirolergoldschmied.it\/de\/#website"},"datePublished":"2016-07-12T13:34:21+00:00","dateModified":"2023-10-05T08:49:48+00:00","description":"Besuchen Sie Tiroler Goldschmied auf Schmuckmessen, Hotelmessen, Jagdmessen, Handwerksmessen oder Design Messen. Regelm\u00e4\u00dfig nehmen wir zudem an nationalen und internationalen Schmuck Wettbewerben teil.","breadcrumb":{"@id":"https:\/\/www.tirolergoldschmied.it\/de\/news\/#breadcrumb"},"inLanguage":"de","potentialAction":[{"@type":"ReadAction","target":["https:\/\/www.tirolergoldschmied.it\/de\/news\/"]}]},{"@type":"BreadcrumbList","@id":"https:\/\/www.tirolergoldschmied.it\/de\/news\/#breadcrumb","itemListElement":[{"@type":"ListItem","position":1,"name":"Startseite","item":"https:\/\/www.tirolergoldschmied.it\/de\/"},{"@type":"ListItem","position":2,"name":"Schmuck-News"}]},{"@type":"WebSite","@id":"https:\/\/www.tirolergoldschmied.it\/de\/#website","url":"https:\/\/www.tirolergoldschmied.it\/de\/","name":"Tiroler Goldschmied","description":"","potentialAction":[{"@type":"SearchAction","target":{"@type":"EntryPoint","urlTemplate":"https:\/\/www.tirolergoldschmied.it\/de\/?s={search_term_string}"},"query-input":"required name=search_term_string"}],"inLanguage":"de"}]}},"_links":{"self":[{"href":"https:\/\/www.tirolergoldschmied.it\/de\/wp-json\/wp\/v2\/pages\/674"}],"collection":[{"href":"https:\/\/www.tirolergoldschmied.it\/de\/wp-json\/wp\/v2\/pages"}],"about":[{"href":"https:\/\/www.tirolergoldschmied.it\/de\/wp-json\/wp\/v2\/types\/page"}],"author":[{"embeddable":true,"href":"https:\/\/www.tirolergoldschmied.it\/de\/wp-json\/wp\/v2\/users\/1"}],"replies":[{"embeddable":true,"href":"https:\/\/www.tirolergoldschmied.it\/de\/wp-json\/wp\/v2\/comments?post=674"}],"version-history":[{"count":19,"href":"https:\/\/www.tirolergoldschmied.it\/de\/wp-json\/wp\/v2\/pages\/674\/revisions"}],"predecessor-version":[{"id":98287,"href":"https:\/\/www.tirolergoldschmied.it\/de\/wp-json\/wp\/v2\/pages\/674\/revisions\/98287"}],"wp:attachment":[{"href":"https:\/\/www.tirolergoldschmied.it\/de\/wp-json\/wp\/v2\/media?parent=674"}],"curies":[{"name":"wp","href":"https:\/\/api.w.org\/{rel}","templated":true}]}}