{"id":90812,"date":"2023-05-16T09:58:38","date_gmt":"2023-05-16T07:58:38","guid":{"rendered":"https:\/\/www.tirolergoldschmied.it\/?page_id=90812"},"modified":"2023-09-28T11:08:13","modified_gmt":"2023-09-28T09:08:13","slug":"die-legierungen","status":"publish","type":"page","link":"https:\/\/www.tirolergoldschmied.it\/de\/die-legierungen\/","title":{"rendered":"Die Legierungen"},"content":{"rendered":"<p><strong>Die Goldfarben<\/strong><\/p>\n<div style=\"display: flex; flex-wrap: wrap; justify-content: space-around; gap: 2rem;\">\n<div style=\"width: 450px; max-width: 100%;\">\n<p><img loading=\"lazy\" decoding=\"async\" class=\"size-thumbnail wp-image-90823 aligncenter\" src=\"https:\/\/static.tirolergoldschmied.it\/39543ca551be492a\/2023\/05\/90823\/c\/250x250\/filters:no_upscale()\/filters:strip_exif()\/legierung_gelbgold.jpg\" alt=\"\" width=\"250\" height=\"250\" data-headline=\"legierung_gelbgold\" srcset=\"https:\/\/static.tirolergoldschmied.it\/39543ca551be492a\/2023\/05\/90823\/c\/50x50\/filters:no_upscale()\/filters:strip_exif()\/legierung_gelbgold.jpg 50w, https:\/\/static.tirolergoldschmied.it\/39543ca551be492a\/2023\/05\/90823\/c\/100x100\/filters:no_upscale()\/filters:strip_exif()\/legierung_gelbgold.jpg 100w, https:\/\/static.tirolergoldschmied.it\/39543ca551be492a\/2023\/05\/90823\/c\/250x250\/filters:no_upscale()\/filters:strip_exif()\/legierung_gelbgold.jpg 250w\" sizes=\"auto, (max-width: 250px) 100vw, 250px\" \/><\/p>\n<p class=\"c\"><strong>Gelbgold \u2013 klassich und elegant<br \/>\n<\/strong>Gelbgoldschmuck ist der reinen Feingoldfarbe am N\u00e4chsten. <strong>Die Legierung besteht aus Gold, Silber und Kupfer.<\/strong> Je nach Mischverh\u00e4ltnis wird die Farbe beeinflusst. Gelbgold gilt als edel und klassisch und ist die beliebteste Goldfarbe weltweit. Sie steht blonden Menschen besonders gut.<\/p>\n<\/div>\n<div style=\"width: 450px; max-width: 100%;\">\n<p><img loading=\"lazy\" decoding=\"async\" class=\"size-thumbnail wp-image-90829 aligncenter\" src=\"https:\/\/static.tirolergoldschmied.it\/39543ca551be492a\/2023\/05\/90829\/c\/250x250\/filters:no_upscale()\/filters:strip_exif()\/legierung_weissgold.jpg\" sizes=\"auto, (max-width: 250px) 100vw, 250px\" srcset=\"https:\/\/static.tirolergoldschmied.it\/tirolergoldschmied2016_staging\/2023\/05\/90829\/c\/50x50\/filters:no_upscale()\/filters:strip_exif()\/legierung_weissgold.jpg 50w, https:\/\/static.tirolergoldschmied.it\/tirolergoldschmied2016_staging\/2023\/05\/90829\/c\/245x245\/filters:no_upscale()\/filters:strip_exif()\/legierung_weissgold.jpg 245w, https:\/\/static.tirolergoldschmied.it\/tirolergoldschmied2016_staging\/2023\/05\/90829\/c\/100x100\/filters:no_upscale()\/filters:strip_exif()\/legierung_weissgold.jpg 100w, https:\/\/static.tirolergoldschmied.it\/39543ca551be492a\/2023\/05\/90829\/c\/250x250\/filters:no_upscale()\/filters:strip_exif()\/legierung_weissgold.jpg 250w\" alt=\"\" width=\"250\" height=\"250\" data-headline=\"legierung_wei\u00dfgold\" \/><\/p>\n<p class=\"col-sm-4 metal-col\"><strong>Wei\u00dfgold \u2013 modern und edel<br \/>\n<\/strong>Wei\u00dfgold entsteht durch entf\u00e4rbende Zusatzmetalle. Wei\u00dfgold ist etwas gr\u00e4ulich, deshalb wird es meist noch <strong>rhodiniert<\/strong>, dadurch erh\u00e4lt es eine strahlend wei\u00dfe Farbe und ist somit auch kratzfester. Als Zusatzmetall wird bei uns meistens <strong>Palladium<\/strong> verwendet, deshalb ergibt sich oft ein kleiner Preisunterschied zu Rot- und Gelbgold, da Kupfer und Silber g\u00fcnstiger als Palladium sind. Wei\u00dfgold harmoniert sehr gut mit Brillanten. Der Diamantschmuck wirkt deshalb so sch\u00f6n, da sich in den Diamanten kein anderer Farbton spiegelt und sich ihre faszinierende Wirkung voll und ganz entfalten kann.<\/p>\n<\/div>\n<div style=\"width: 450px; max-width: 100%;\">\n<p><img loading=\"lazy\" decoding=\"async\" class=\"size-thumbnail wp-image-90826 aligncenter\" src=\"https:\/\/static.tirolergoldschmied.it\/39543ca551be492a\/2023\/05\/90826\/c\/250x250\/filters:no_upscale()\/filters:strip_exif()\/legierung_rotgold.jpg\" sizes=\"auto, (max-width: 250px) 100vw, 250px\" srcset=\"https:\/\/static.tirolergoldschmied.it\/tirolergoldschmied2016_staging\/2023\/05\/90826\/c\/50x50\/filters:no_upscale()\/filters:strip_exif()\/legierung_rotgold.jpg 50w, https:\/\/static.tirolergoldschmied.it\/tirolergoldschmied2016_staging\/2023\/05\/90826\/c\/245x245\/filters:no_upscale()\/filters:strip_exif()\/legierung_rotgold.jpg 245w, https:\/\/static.tirolergoldschmied.it\/tirolergoldschmied2016_staging\/2023\/05\/90826\/c\/100x100\/filters:no_upscale()\/filters:strip_exif()\/legierung_rotgold.jpg 100w, https:\/\/static.tirolergoldschmied.it\/39543ca551be492a\/2023\/05\/90826\/c\/250x250\/filters:no_upscale()\/filters:strip_exif()\/legierung_rotgold.jpg 250w\" alt=\"\" width=\"250\" height=\"250\" data-headline=\"legierung_rotgold\" \/><\/p>\n<p class=\"c\"><strong>Rotgold \u2013 trendig und anpassungsf\u00e4hig<br \/>\n<\/strong>Ros\u00e9gold (auch: Rotgold) ist eine <strong>Goldlegierung aus Feingold, Kupfer und etwas Silber<\/strong>. Die r\u00f6tliche Farbe entsteht durch den relativ hohen Kupferanteil. Ros\u00e9gold ist das Trend-Edelmetall schlechthin, immer mehr Frauen und M\u00e4nner finden Gefallen an seinem zarten Farbton, der jedem Hauttyp schmeichelt.<\/p>\n<\/div>\n<\/div>\n<p><strong>Die Goldlegierungen<\/strong><\/p>\n<figure id=\"attachment_90820\" aria-describedby=\"caption-attachment-90820\" style=\"width: 250px\" class=\"wp-caption alignleft\"><img loading=\"lazy\" decoding=\"async\" class=\"wp-image-90820 size-thumbnail\" src=\"https:\/\/static.tirolergoldschmied.it\/39543ca551be492a\/2023\/05\/90820\/c\/250x250\/filters:no_upscale()\/filters:strip_exif()\/18_kt.jpg\" alt=\"\" width=\"250\" height=\"250\" data-headline=\"18_kt\" srcset=\"https:\/\/static.tirolergoldschmied.it\/39543ca551be492a\/2023\/05\/90820\/c\/50x50\/filters:no_upscale()\/filters:strip_exif()\/18_kt.jpg 50w, https:\/\/static.tirolergoldschmied.it\/39543ca551be492a\/2023\/05\/90820\/c\/100x100\/filters:no_upscale()\/filters:strip_exif()\/18_kt.jpg 100w, https:\/\/static.tirolergoldschmied.it\/39543ca551be492a\/2023\/05\/90820\/c\/250x250\/filters:no_upscale()\/filters:strip_exif()\/18_kt.jpg 250w\" sizes=\"auto, (max-width: 250px) 100vw, 250px\" \/><figcaption id=\"caption-attachment-90820\" class=\"wp-caption-text\">18 Karat Gold (18k, 750\/-)<\/figcaption><\/figure>\n<figure id=\"attachment_90817\" aria-describedby=\"caption-attachment-90817\" style=\"width: 250px\" class=\"wp-caption alignleft\"><img loading=\"lazy\" decoding=\"async\" class=\"wp-image-90817 size-thumbnail\" src=\"https:\/\/static.tirolergoldschmied.it\/39543ca551be492a\/2023\/05\/90817\/c\/250x250\/filters:no_upscale()\/filters:strip_exif()\/14_kt.jpg\" alt=\"\" width=\"250\" height=\"250\" data-headline=\"14_kt\" srcset=\"https:\/\/static.tirolergoldschmied.it\/39543ca551be492a\/2023\/05\/90817\/c\/50x50\/filters:no_upscale()\/filters:strip_exif()\/14_kt.jpg 50w, https:\/\/static.tirolergoldschmied.it\/39543ca551be492a\/2023\/05\/90817\/c\/100x100\/filters:no_upscale()\/filters:strip_exif()\/14_kt.jpg 100w, https:\/\/static.tirolergoldschmied.it\/39543ca551be492a\/2023\/05\/90817\/c\/250x250\/filters:no_upscale()\/filters:strip_exif()\/14_kt.jpg 250w\" sizes=\"auto, (max-width: 250px) 100vw, 250px\" \/><figcaption id=\"caption-attachment-90817\" class=\"wp-caption-text\">14 Karat Gold (14k, 585\/-)<\/figcaption><\/figure>\n<figure id=\"attachment_90814\" aria-describedby=\"caption-attachment-90814\" style=\"width: 250px\" class=\"wp-caption alignleft\"><img loading=\"lazy\" decoding=\"async\" class=\"wp-image-90814 size-thumbnail\" src=\"https:\/\/static.tirolergoldschmied.it\/39543ca551be492a\/2023\/05\/90814\/c\/250x250\/filters:no_upscale()\/filters:strip_exif()\/8_kt.jpg\" alt=\"\" width=\"250\" height=\"250\" data-headline=\"8_kt\" srcset=\"https:\/\/static.tirolergoldschmied.it\/39543ca551be492a\/2023\/05\/90814\/c\/50x50\/filters:no_upscale()\/filters:strip_exif()\/8_kt.jpg 50w, https:\/\/static.tirolergoldschmied.it\/39543ca551be492a\/2023\/05\/90814\/c\/100x100\/filters:no_upscale()\/filters:strip_exif()\/8_kt.jpg 100w, https:\/\/static.tirolergoldschmied.it\/39543ca551be492a\/2023\/05\/90814\/c\/250x250\/filters:no_upscale()\/filters:strip_exif()\/8_kt.jpg 250w\" sizes=\"auto, (max-width: 250px) 100vw, 250px\" \/><figcaption id=\"caption-attachment-90814\" class=\"wp-caption-text\">8 Karat Gold (8k, 333\/-)<\/figcaption><\/figure>\n<h6><\/h6>\n<p style=\"text-align: left;\">Die Goldlegierung macht den Schmuck haltbarer und widerstandsf\u00e4higer. Sie besteht aus Gold, Silber, Kupfer und Palladium, wodurch je nach Mischverh\u00e4ltnis die unterschiedlichen Goldfarben entstehen. Von ros\u00e9, goldgelb bis hin zu silberwei\u00df kann man die Farbe beeinflussen. Ein sch\u00f6ner Goldton kann nur durch eine hochwertige Legierung entstehen, die \u00fcber 70% Feingold enth\u00e4lt. Aus diesem Grund finden Sie bei uns haupts\u00e4chlich die hochwertige Legierung von <strong>750\/- 18 Karat Gold.<\/strong> Schlie\u00dflich soll der Schmuck auch hochwertig sein.<\/p>\n<p>Legierungen mit einem Feingehalt von 14 Karat (bzw. rund 58% reinem Gold) enthalten also weniger Feingold. 8k, 14k und 18k sind die gebr\u00e4uchlichsten Legierungen zur Fertigung von Schmuck &#8211; wobei wir keine Schmuckst\u00fccke mit 8 Karat anbieten, da es zu minderwertig ist. Auch bei Schmuckst\u00fccken aus Silber verwenden wir eine 18 Kt. Vergoldung.<\/p>\n<p><strong>\u00dcbrigens:<\/strong> Allergiker m\u00fcssen sich bei uns keine Sorgen machen: in unserem Wei\u00df-, Gelb-, Ros\u00e9gold und Silber ist <strong>kein Nickel enthalten.<\/strong><\/p>\n<p>&nbsp;<\/p>\n<p><strong>Sterlingsilber (Silber 925\/-)<\/strong><\/p>\n<h3><img loading=\"lazy\" decoding=\"async\" class=\"size-thumbnail wp-image-90835 alignnone\" src=\"https:\/\/static.tirolergoldschmied.it\/39543ca551be492a\/2023\/05\/90835\/c\/250x250\/filters:no_upscale()\/filters:strip_exif()\/sterlingsilber.jpg\" alt=\"\" width=\"250\" height=\"250\" data-headline=\"sterlingsilber\" srcset=\"https:\/\/static.tirolergoldschmied.it\/39543ca551be492a\/2023\/05\/90835\/c\/50x50\/filters:no_upscale()\/filters:strip_exif()\/sterlingsilber.jpg 50w, https:\/\/static.tirolergoldschmied.it\/39543ca551be492a\/2023\/05\/90835\/c\/100x100\/filters:no_upscale()\/filters:strip_exif()\/sterlingsilber.jpg 100w, https:\/\/static.tirolergoldschmied.it\/39543ca551be492a\/2023\/05\/90835\/c\/250x250\/filters:no_upscale()\/filters:strip_exif()\/sterlingsilber.jpg 250w\" sizes=\"auto, (max-width: 250px) 100vw, 250px\" \/><\/h3>\n<p>Silber 925\/-, das sogenannte <strong>Sterlingsilber, besteht aus 92,5% reinem Silber und 7,5% anderen Metallen, meistens Kupfer.<\/strong> Dadurch ist es kratzfester und h\u00e4rter gegen\u00fcber dem reinen Silber. Schmuck, M\u00fcnzen und Pokale k\u00f6nnen aus Sterlingsilber hergestellt werden. Dennoch kann es mit der Zeit vorkommen, dass es eine dunklere Patina erh\u00e4lt.<\/p>\n<h3><\/h3>\n<p>&nbsp;<\/p>\n<p><strong>Platin 950\/-<\/strong><\/p>\n<p><img loading=\"lazy\" decoding=\"async\" class=\"size-thumbnail wp-image-90832 alignnone\" src=\"https:\/\/static.tirolergoldschmied.it\/39543ca551be492a\/2023\/05\/90832\/c\/250x250\/filters:no_upscale()\/filters:strip_exif()\/platin.jpg\" alt=\"\" width=\"250\" height=\"250\" data-headline=\"platin\" srcset=\"https:\/\/static.tirolergoldschmied.it\/39543ca551be492a\/2023\/05\/90832\/c\/50x50\/filters:no_upscale()\/filters:strip_exif()\/platin.jpg 50w, https:\/\/static.tirolergoldschmied.it\/39543ca551be492a\/2023\/05\/90832\/c\/100x100\/filters:no_upscale()\/filters:strip_exif()\/platin.jpg 100w, https:\/\/static.tirolergoldschmied.it\/39543ca551be492a\/2023\/05\/90832\/c\/250x250\/filters:no_upscale()\/filters:strip_exif()\/platin.jpg 250w\" sizes=\"auto, (max-width: 250px) 100vw, 250px\" \/><\/p>\n<p>Platin kommt seltener vor als Gold und ist deshalb teurer. Durch sein hohes Eigengewicht, der langen Haltbarkeit und der besonderen Reinheit eignet es sich besonders gut f\u00fcr Schmuck. Es n\u00fctzt sich so gut wie gar nicht ab. Platin ist nicht hart, sondern z\u00e4h. Durch die Platinlegierung <strong>95% Platin und 5% Wolfram<\/strong> wird es deutlich h\u00e4rter. Allerdings kann es sehr wohl zerkratzen. Durch das hohe Eigengewicht wiegt ein gleicher Ring in Gold um einiges weniger. Aus diesem Grund ergibt sich ein deutlich h\u00f6herer Preis.<\/p>\n<div class=\"berocket_ww_container\">\r\n    <div class=\"berocket_ww_empty\">\r\n        <p>Die Dreambox ist leer.<\/p>\r\n    <\/div>\r\n<\/div>\r\n<script>\r\njQuery('.berocket_ww_container').each( function( i, o ) {\r\n    if ( jQuery(o).height() + 20 < jQuery(o).find('.berocket_ww_ul_container').height() && jQuery(o).find('.berocket_ww_show_all').length ) {\r\n        jQuery(o).find('.berocket_ww_show_all').show();\r\n    } else if( ! jQuery(o).find('.berocket_ww_show_all').length ) {\r\n        var $scroll_block = jQuery(o).find('.berocket_ww_list');\r\n        $scroll_block.css( {maxHeight: 'initial'} );\r\n    }\r\n});\r\n<\/script>\r\n","protected":false},"excerpt":{"rendered":"<p>Die Goldfarben Gelbgold \u2013 klassich und elegant Gelbgoldschmuck ist der reinen Feingoldfarbe am N\u00e4chsten. Die Legierung besteht aus Gold, Silber &#8230;<\/p>\n","protected":false},"author":1,"featured_media":0,"parent":0,"menu_order":0,"comment_status":"closed","ping_status":"closed","template":"","meta":{"_acf_changed":false,"footnotes":""},"class_list":["post-90812","page","type-page","status-publish","hentry"],"acf":[],"yoast_head":"<!-- This site is optimized with the Yoast SEO plugin v27.4 - https:\/\/yoast.com\/product\/yoast-seo-wordpress\/ -->\n<title>Die Legierungen - Tiroler Goldschmied<\/title>\n<meta name=\"robots\" content=\"index, follow, max-snippet:-1, max-image-preview:large, max-video-preview:-1\" \/>\n<link rel=\"canonical\" href=\"https:\/\/www.tirolergoldschmied.it\/de\/die-legierungen\/\" \/>\n<meta property=\"og:locale\" content=\"de_DE\" \/>\n<meta property=\"og:type\" content=\"article\" \/>\n<meta property=\"og:title\" content=\"Die Legierungen - Tiroler Goldschmied\" \/>\n<meta property=\"og:description\" content=\"Die Goldfarben Gelbgold \u2013 klassich und elegant Gelbgoldschmuck ist der reinen Feingoldfarbe am N\u00e4chsten. Die Legierung besteht aus Gold, Silber ...\" \/>\n<meta property=\"og:url\" content=\"https:\/\/www.tirolergoldschmied.it\/de\/die-legierungen\/\" \/>\n<meta property=\"og:site_name\" content=\"Tiroler Goldschmied\" \/>\n<meta property=\"article:modified_time\" content=\"2023-09-28T09:08:13+00:00\" \/>\n<meta property=\"og:image\" content=\"https:\/\/static.tirolergoldschmied.it\/39543ca551be492a\/2023\/05\/90823\/c\/250x250\/filters:no_upscale()\/filters:strip_exif()\/legierung_gelbgold.jpg\" \/>\n<meta name=\"twitter:card\" content=\"summary_large_image\" \/>\n<meta name=\"twitter:label1\" content=\"Gesch\u00e4tzte Lesezeit\" \/>\n\t<meta name=\"twitter:data1\" content=\"5\u00a0Minuten\" \/>\n<script type=\"application\/ld+json\" class=\"yoast-schema-graph\">{\"@context\":\"https:\\\/\\\/schema.org\",\"@graph\":[{\"@type\":\"WebPage\",\"@id\":\"https:\\\/\\\/www.tirolergoldschmied.it\\\/de\\\/die-legierungen\\\/\",\"url\":\"https:\\\/\\\/www.tirolergoldschmied.it\\\/de\\\/die-legierungen\\\/\",\"name\":\"Die Legierungen - Tiroler Goldschmied\",\"isPartOf\":{\"@id\":\"https:\\\/\\\/www.tirolergoldschmied.it\\\/de\\\/#website\"},\"primaryImageOfPage\":{\"@id\":\"https:\\\/\\\/www.tirolergoldschmied.it\\\/de\\\/die-legierungen\\\/#primaryimage\"},\"image\":{\"@id\":\"https:\\\/\\\/www.tirolergoldschmied.it\\\/de\\\/die-legierungen\\\/#primaryimage\"},\"thumbnailUrl\":\"https:\\\/\\\/static.tirolergoldschmied.it\\\/39543ca551be492a\\\/2023\\\/05\\\/90823\\\/c\\\/250x250\\\/filters:no_upscale()\\\/filters:strip_exif()\\\/legierung_gelbgold.jpg\",\"datePublished\":\"2023-05-16T07:58:38+00:00\",\"dateModified\":\"2023-09-28T09:08:13+00:00\",\"breadcrumb\":{\"@id\":\"https:\\\/\\\/www.tirolergoldschmied.it\\\/de\\\/die-legierungen\\\/#breadcrumb\"},\"inLanguage\":\"de\",\"potentialAction\":[{\"@type\":\"ReadAction\",\"target\":[\"https:\\\/\\\/www.tirolergoldschmied.it\\\/de\\\/die-legierungen\\\/\"]}]},{\"@type\":\"ImageObject\",\"inLanguage\":\"de\",\"@id\":\"https:\\\/\\\/www.tirolergoldschmied.it\\\/de\\\/die-legierungen\\\/#primaryimage\",\"url\":\"https:\\\/\\\/static.tirolergoldschmied.it\\\/39543ca551be492a\\\/2023\\\/05\\\/90823\\\/c\\\/250x250\\\/filters:no_upscale()\\\/filters:strip_exif()\\\/legierung_gelbgold.jpg\",\"contentUrl\":\"https:\\\/\\\/static.tirolergoldschmied.it\\\/39543ca551be492a\\\/2023\\\/05\\\/90823\\\/c\\\/250x250\\\/filters:no_upscale()\\\/filters:strip_exif()\\\/legierung_gelbgold.jpg\"},{\"@type\":\"BreadcrumbList\",\"@id\":\"https:\\\/\\\/www.tirolergoldschmied.it\\\/de\\\/die-legierungen\\\/#breadcrumb\",\"itemListElement\":[{\"@type\":\"ListItem\",\"position\":1,\"name\":\"Startseite\",\"item\":\"https:\\\/\\\/www.tirolergoldschmied.it\\\/de\\\/\"},{\"@type\":\"ListItem\",\"position\":2,\"name\":\"Die Legierungen\"}]},{\"@type\":\"WebSite\",\"@id\":\"https:\\\/\\\/www.tirolergoldschmied.it\\\/de\\\/#website\",\"url\":\"https:\\\/\\\/www.tirolergoldschmied.it\\\/de\\\/\",\"name\":\"Tiroler Goldschmied\",\"description\":\"\",\"potentialAction\":[{\"@type\":\"SearchAction\",\"target\":{\"@type\":\"EntryPoint\",\"urlTemplate\":\"https:\\\/\\\/www.tirolergoldschmied.it\\\/de\\\/?s={search_term_string}\"},\"query-input\":{\"@type\":\"PropertyValueSpecification\",\"valueRequired\":true,\"valueName\":\"search_term_string\"}}],\"inLanguage\":\"de\"}]}<\/script>\n<!-- \/ Yoast SEO plugin. -->","yoast_head_json":{"title":"Die Legierungen - Tiroler Goldschmied","robots":{"index":"index","follow":"follow","max-snippet":"max-snippet:-1","max-image-preview":"max-image-preview:large","max-video-preview":"max-video-preview:-1"},"canonical":"https:\/\/www.tirolergoldschmied.it\/de\/die-legierungen\/","og_locale":"de_DE","og_type":"article","og_title":"Die Legierungen - Tiroler Goldschmied","og_description":"Die Goldfarben Gelbgold \u2013 klassich und elegant Gelbgoldschmuck ist der reinen Feingoldfarbe am N\u00e4chsten. Die Legierung besteht aus Gold, Silber ...","og_url":"https:\/\/www.tirolergoldschmied.it\/de\/die-legierungen\/","og_site_name":"Tiroler Goldschmied","article_modified_time":"2023-09-28T09:08:13+00:00","og_image":[{"url":"https:\/\/static.tirolergoldschmied.it\/39543ca551be492a\/2023\/05\/90823\/c\/250x250\/filters:no_upscale()\/filters:strip_exif()\/legierung_gelbgold.jpg","type":"","width":"","height":""}],"twitter_card":"summary_large_image","twitter_misc":{"Gesch\u00e4tzte Lesezeit":"5\u00a0Minuten"},"schema":{"@context":"https:\/\/schema.org","@graph":[{"@type":"WebPage","@id":"https:\/\/www.tirolergoldschmied.it\/de\/die-legierungen\/","url":"https:\/\/www.tirolergoldschmied.it\/de\/die-legierungen\/","name":"Die Legierungen - Tiroler Goldschmied","isPartOf":{"@id":"https:\/\/www.tirolergoldschmied.it\/de\/#website"},"primaryImageOfPage":{"@id":"https:\/\/www.tirolergoldschmied.it\/de\/die-legierungen\/#primaryimage"},"image":{"@id":"https:\/\/www.tirolergoldschmied.it\/de\/die-legierungen\/#primaryimage"},"thumbnailUrl":"https:\/\/static.tirolergoldschmied.it\/39543ca551be492a\/2023\/05\/90823\/c\/250x250\/filters:no_upscale()\/filters:strip_exif()\/legierung_gelbgold.jpg","datePublished":"2023-05-16T07:58:38+00:00","dateModified":"2023-09-28T09:08:13+00:00","breadcrumb":{"@id":"https:\/\/www.tirolergoldschmied.it\/de\/die-legierungen\/#breadcrumb"},"inLanguage":"de","potentialAction":[{"@type":"ReadAction","target":["https:\/\/www.tirolergoldschmied.it\/de\/die-legierungen\/"]}]},{"@type":"ImageObject","inLanguage":"de","@id":"https:\/\/www.tirolergoldschmied.it\/de\/die-legierungen\/#primaryimage","url":"https:\/\/static.tirolergoldschmied.it\/39543ca551be492a\/2023\/05\/90823\/c\/250x250\/filters:no_upscale()\/filters:strip_exif()\/legierung_gelbgold.jpg","contentUrl":"https:\/\/static.tirolergoldschmied.it\/39543ca551be492a\/2023\/05\/90823\/c\/250x250\/filters:no_upscale()\/filters:strip_exif()\/legierung_gelbgold.jpg"},{"@type":"BreadcrumbList","@id":"https:\/\/www.tirolergoldschmied.it\/de\/die-legierungen\/#breadcrumb","itemListElement":[{"@type":"ListItem","position":1,"name":"Startseite","item":"https:\/\/www.tirolergoldschmied.it\/de\/"},{"@type":"ListItem","position":2,"name":"Die Legierungen"}]},{"@type":"WebSite","@id":"https:\/\/www.tirolergoldschmied.it\/de\/#website","url":"https:\/\/www.tirolergoldschmied.it\/de\/","name":"Tiroler Goldschmied","description":"","potentialAction":[{"@type":"SearchAction","target":{"@type":"EntryPoint","urlTemplate":"https:\/\/www.tirolergoldschmied.it\/de\/?s={search_term_string}"},"query-input":{"@type":"PropertyValueSpecification","valueRequired":true,"valueName":"search_term_string"}}],"inLanguage":"de"}]}},"_links":{"self":[{"href":"https:\/\/www.tirolergoldschmied.it\/de\/wp-json\/wp\/v2\/pages\/90812","targetHints":{"allow":["GET"]}}],"collection":[{"href":"https:\/\/www.tirolergoldschmied.it\/de\/wp-json\/wp\/v2\/pages"}],"about":[{"href":"https:\/\/www.tirolergoldschmied.it\/de\/wp-json\/wp\/v2\/types\/page"}],"author":[{"embeddable":true,"href":"https:\/\/www.tirolergoldschmied.it\/de\/wp-json\/wp\/v2\/users\/1"}],"replies":[{"embeddable":true,"href":"https:\/\/www.tirolergoldschmied.it\/de\/wp-json\/wp\/v2\/comments?post=90812"}],"version-history":[{"count":28,"href":"https:\/\/www.tirolergoldschmied.it\/de\/wp-json\/wp\/v2\/pages\/90812\/revisions"}],"predecessor-version":[{"id":97905,"href":"https:\/\/www.tirolergoldschmied.it\/de\/wp-json\/wp\/v2\/pages\/90812\/revisions\/97905"}],"wp:attachment":[{"href":"https:\/\/www.tirolergoldschmied.it\/de\/wp-json\/wp\/v2\/media?parent=90812"}],"curies":[{"name":"wp","href":"https:\/\/api.w.org\/{rel}","templated":true}]}}