{"id":90923,"date":"2023-05-16T11:33:59","date_gmt":"2023-05-16T09:33:59","guid":{"rendered":"https:\/\/www.tirolergoldschmied.it\/ringgroesse-ermitteln\/"},"modified":"2026-02-16T17:42:07","modified_gmt":"2026-02-16T16:42:07","slug":"ringgroesse-ermitteln","status":"publish","type":"page","link":"https:\/\/www.tirolergoldschmied.it\/de\/ringgroesse-ermitteln\/","title":{"rendered":"Ringgr\u00f6\u00dfe ermitteln"},"content":{"rendered":"<p><a href=\"https:\/\/static.tirolergoldschmied.it\/tirolergoldschmied2016_staging\/2023\/08\/ringgroessentabelle.pdf\"><img loading=\"lazy\" decoding=\"async\" class=\"alignright wp-image-90918 size-wf_square_500_500\" src=\"https:\/\/static.tirolergoldschmied.it\/tirolergoldschmied2016_staging\/2023\/05\/90918\/c\/fit-in\/500x373\/filters:no_upscale()\/filters:strip_exif()\/ringgroessentabelle.jpg\" alt=\"\" width=\"500\" height=\"373\" data-headline=\"ringgroessentabelle\" srcset=\"https:\/\/static.tirolergoldschmied.it\/39543ca551be492a\/2023\/05\/90918\/c\/fit-in\/300x224\/filters:no_upscale()\/filters:strip_exif()\/ringgroessentabelle.jpg 300w, https:\/\/static.tirolergoldschmied.it\/39543ca551be492a\/2023\/05\/90918\/c\/fit-in\/107x80\/filters:no_upscale()\/filters:strip_exif()\/ringgroessentabelle.jpg 107w, https:\/\/static.tirolergoldschmied.it\/39543ca551be492a\/2023\/05\/90918\/c\/fit-in\/350x261\/filters:no_upscale()\/filters:strip_exif()\/ringgroessentabelle.jpg 350w, https:\/\/static.tirolergoldschmied.it\/39543ca551be492a\/2023\/05\/90918\/c\/fit-in\/400x298\/filters:no_upscale()\/filters:strip_exif()\/ringgroessentabelle.jpg 400w, https:\/\/static.tirolergoldschmied.it\/39543ca551be492a\/2023\/05\/90918\/c\/fit-in\/80x60\/filters:no_upscale()\/filters:strip_exif()\/ringgroessentabelle.jpg 80w, https:\/\/static.tirolergoldschmied.it\/39543ca551be492a\/2023\/05\/90918\/c\/fit-in\/245x183\/filters:no_upscale()\/filters:strip_exif()\/ringgroessentabelle.jpg 245w, https:\/\/static.tirolergoldschmied.it\/39543ca551be492a\/2023\/05\/90918\/c\/fit-in\/100x75\/filters:no_upscale()\/filters:strip_exif()\/ringgroessentabelle.jpg 100w, https:\/\/static.tirolergoldschmied.it\/tirolergoldschmied2016_staging\/2023\/05\/90918\/c\/fit-in\/500x373\/filters:no_upscale()\/filters:strip_exif()\/ringgroessentabelle.jpg 500w\" sizes=\"auto, (max-width: 500px) 100vw, 500px\" \/><\/a>Nutzen Sie daf\u00fcr unsere Ringgr\u00f6\u00dfentabelle und befolgen Sie <em>M\u00f6glichkeit 1<\/em> oder <em>M\u00f6glichkeit 2<\/em>, um schnell und einfach ihre pers\u00f6nliche Ringgr\u00f6\u00dfe zu ermitteln. In unserer Ringgr\u00f6\u00dfentabelle finden Sie die italienischen und deutschen Ringgr\u00f6\u00dfen sowie den Innendurchmesser, den Sie leicht ablesen k\u00f6nnen. So erhalten Sie alle wertvollen Informationen, die Sie brauchen, um die perfekte Ringgr\u00f6\u00dfe zu ermitteln.<\/p>\n<p style=\"text-align: left;\">Hier geht\u2018s zur <strong><a href=\"https:\/\/static.tirolergoldschmied.it\/39543ca551be492a\/2026\/02\/ringgroessentabelle.pdf\">Ringgr\u00f6\u00dfentabelle<\/a>.<\/strong><\/p>\n<blockquote class=\"instagram-media\" style=\"background: #FFF; border: 0; border-radius: 3px; box-shadow: 0 0 1px 0 rgba(0,0,0,0.5),0 1px 10px 0 rgba(0,0,0,0.15); margin: 1px; max-width: 540px; min-width: 326px; padding: 0; width: calc(100% - 2px);\" data-instgrm-captioned=\"\" data-instgrm-permalink=\"https:\/\/www.instagram.com\/reel\/C4gF5EINz__\/?utm_source=ig_embed&amp;utm_campaign=loading\" data-instgrm-version=\"14\">\n<div style=\"padding: 16px;\">\n<p>&nbsp;<\/p>\n<div style=\"display: flex; flex-direction: row; align-items: center;\">\n<div style=\"background-color: #f4f4f4; border-radius: 50%; flex-grow: 0; height: 40px; margin-right: 14px; width: 40px;\"><\/div>\n<div style=\"display: flex; flex-direction: column; flex-grow: 1; justify-content: center;\">\n<div style=\"background-color: #f4f4f4; border-radius: 4px; flex-grow: 0; height: 14px; margin-bottom: 6px; width: 100px;\"><\/div>\n<div style=\"background-color: #f4f4f4; border-radius: 4px; flex-grow: 0; height: 14px; width: 60px;\"><\/div>\n<\/div>\n<\/div>\n<div style=\"padding: 19% 0;\"><\/div>\n<div style=\"display: block; height: 50px; margin: 0 auto 12px; width: 50px;\"><\/div>\n<div style=\"padding-top: 8px;\">\n<div style=\"color: #3897f0; font-family: Arial,sans-serif; font-size: 14px; font-style: normal; font-weight: 550; line-height: 18px;\">Sieh dir diesen Beitrag auf Instagram an<\/div>\n<\/div>\n<div style=\"padding: 12.5% 0;\"><\/div>\n<div style=\"display: flex; flex-direction: row; margin-bottom: 14px; align-items: center;\">\n<div>\n<div style=\"background-color: #f4f4f4; border-radius: 50%; height: 12.5px; width: 12.5px; transform: translateX(0px) translateY(7px);\"><\/div>\n<div style=\"background-color: #f4f4f4; height: 12.5px; transform: rotate(-45deg) translateX(3px) translateY(1px); width: 12.5px; flex-grow: 0; margin-right: 14px; margin-left: 2px;\"><\/div>\n<div style=\"background-color: #f4f4f4; border-radius: 50%; height: 12.5px; width: 12.5px; transform: translateX(9px) translateY(-18px);\"><\/div>\n<\/div>\n<div style=\"margin-left: 8px;\">\n<div style=\"background-color: #f4f4f4; border-radius: 50%; flex-grow: 0; height: 20px; width: 20px;\"><\/div>\n<div style=\"width: 0; height: 0; border-top: 2px solid transparent; border-left: 6px solid #f4f4f4; border-bottom: 2px solid transparent; transform: translateX(16px) translateY(-4px) rotate(30deg);\"><\/div>\n<\/div>\n<div style=\"margin-left: auto;\">\n<div style=\"width: 0px; border-top: 8px solid #F4F4F4; border-right: 8px solid transparent; transform: translateY(16px);\"><\/div>\n<div style=\"background-color: #f4f4f4; flex-grow: 0; height: 12px; width: 16px; transform: translateY(-4px);\"><\/div>\n<div style=\"width: 0; height: 0; border-top: 8px solid #F4F4F4; border-left: 8px solid transparent; transform: translateY(-4px) translateX(8px);\"><\/div>\n<\/div>\n<\/div>\n<div style=\"display: flex; flex-direction: column; flex-grow: 1; justify-content: center; margin-bottom: 24px;\">\n<div style=\"background-color: #f4f4f4; border-radius: 4px; flex-grow: 0; height: 14px; margin-bottom: 6px; width: 224px;\"><\/div>\n<div style=\"background-color: #f4f4f4; border-radius: 4px; flex-grow: 0; height: 14px; width: 144px;\"><\/div>\n<\/div>\n<p>&nbsp;<\/p>\n<p style=\"color: #c9c8cd; font-family: Arial,sans-serif; font-size: 14px; line-height: 17px; margin-bottom: 0; margin-top: 8px; overflow: hidden; padding: 8px 0 7px; text-align: center; text-overflow: ellipsis; white-space: nowrap;\"><a style=\"color: #c9c8cd; font-family: Arial,sans-serif; font-size: 14px; font-style: normal; font-weight: normal; line-height: 17px; text-decoration: none;\" href=\"https:\/\/www.instagram.com\/reel\/C4gF5EINz__\/?utm_source=ig_embed&amp;utm_campaign=loading\" target=\"_blank\" rel=\"noopener\">Ein Beitrag geteilt von Tiroler Goldschmied (@tirolergoldschmied)<\/a><\/p>\n<\/div>\n<\/blockquote>\n<p><script async src=\"\/\/www.instagram.com\/embed.js\"><\/script><\/p>\n<div class=\"berocket_ww_container\">\r\n    <div class=\"berocket_ww_empty\">\r\n        <p>Die Dreambox ist leer.<\/p>\r\n    <\/div>\r\n<\/div>\r\n<script>\r\njQuery('.berocket_ww_container').each( function( i, o ) {\r\n    if ( jQuery(o).height() + 20 < jQuery(o).find('.berocket_ww_ul_container').height() && jQuery(o).find('.berocket_ww_show_all').length ) {\r\n        jQuery(o).find('.berocket_ww_show_all').show();\r\n    } else if( ! jQuery(o).find('.berocket_ww_show_all').length ) {\r\n        var $scroll_block = jQuery(o).find('.berocket_ww_list');\r\n        $scroll_block.css( {maxHeight: 'initial'} );\r\n    }\r\n});\r\n<\/script>\r\n","protected":false},"excerpt":{"rendered":"<p>Nutzen Sie daf\u00fcr unsere Ringgr\u00f6\u00dfentabelle und befolgen Sie M\u00f6glichkeit 1 oder M\u00f6glichkeit 2, um schnell und einfach ihre pers\u00f6nliche Ringgr\u00f6\u00dfe &#8230;<\/p>\n","protected":false},"author":1,"featured_media":0,"parent":0,"menu_order":0,"comment_status":"closed","ping_status":"closed","template":"","meta":{"_acf_changed":false,"footnotes":""},"class_list":["post-90923","page","type-page","status-publish","hentry"],"acf":[],"yoast_head":"<!-- This site is optimized with the Yoast SEO plugin v27.1.1 - https:\/\/yoast.com\/product\/yoast-seo-wordpress\/ -->\n<title>Ringgr\u00f6\u00dfe ermitteln - Tiroler Goldschmied<\/title>\n<meta name=\"robots\" content=\"index, follow, max-snippet:-1, max-image-preview:large, max-video-preview:-1\" \/>\n<link rel=\"canonical\" href=\"https:\/\/www.tirolergoldschmied.it\/de\/ringgroesse-ermitteln\/\" \/>\n<meta property=\"og:locale\" content=\"de_DE\" \/>\n<meta property=\"og:type\" content=\"article\" \/>\n<meta property=\"og:title\" content=\"Ringgr\u00f6\u00dfe ermitteln - Tiroler Goldschmied\" \/>\n<meta property=\"og:description\" content=\"Nutzen Sie daf\u00fcr unsere Ringgr\u00f6\u00dfentabelle und befolgen Sie M\u00f6glichkeit 1 oder M\u00f6glichkeit 2, um schnell und einfach ihre pers\u00f6nliche Ringgr\u00f6\u00dfe ...\" \/>\n<meta property=\"og:url\" content=\"https:\/\/www.tirolergoldschmied.it\/de\/ringgroesse-ermitteln\/\" \/>\n<meta property=\"og:site_name\" content=\"Tiroler Goldschmied\" \/>\n<meta property=\"article:modified_time\" content=\"2026-02-16T16:42:07+00:00\" \/>\n<meta property=\"og:image\" content=\"https:\/\/static.tirolergoldschmied.it\/tirolergoldschmied2016_staging\/2023\/05\/90918\/c\/fit-in\/500x373\/filters:no_upscale()\/filters:strip_exif()\/ringgroessentabelle.jpg\" \/>\n<meta name=\"twitter:card\" content=\"summary_large_image\" \/>\n<meta name=\"twitter:label1\" content=\"Gesch\u00e4tzte Lesezeit\" \/>\n\t<meta name=\"twitter:data1\" content=\"1\u00a0Minute\" \/>\n<script type=\"application\/ld+json\" class=\"yoast-schema-graph\">{\"@context\":\"https:\/\/schema.org\",\"@graph\":[{\"@type\":\"WebPage\",\"@id\":\"https:\/\/www.tirolergoldschmied.it\/de\/ringgroesse-ermitteln\/\",\"url\":\"https:\/\/www.tirolergoldschmied.it\/de\/ringgroesse-ermitteln\/\",\"name\":\"Ringgr\u00f6\u00dfe ermitteln - Tiroler Goldschmied\",\"isPartOf\":{\"@id\":\"https:\/\/www.tirolergoldschmied.it\/de\/#website\"},\"primaryImageOfPage\":{\"@id\":\"https:\/\/www.tirolergoldschmied.it\/de\/ringgroesse-ermitteln\/#primaryimage\"},\"image\":{\"@id\":\"https:\/\/www.tirolergoldschmied.it\/de\/ringgroesse-ermitteln\/#primaryimage\"},\"thumbnailUrl\":\"https:\/\/static.tirolergoldschmied.it\/tirolergoldschmied2016_staging\/2023\/05\/90918\/c\/fit-in\/500x373\/filters:no_upscale()\/filters:strip_exif()\/ringgroessentabelle.jpg\",\"datePublished\":\"2023-05-16T09:33:59+00:00\",\"dateModified\":\"2026-02-16T16:42:07+00:00\",\"breadcrumb\":{\"@id\":\"https:\/\/www.tirolergoldschmied.it\/de\/ringgroesse-ermitteln\/#breadcrumb\"},\"inLanguage\":\"de\",\"potentialAction\":[{\"@type\":\"ReadAction\",\"target\":[\"https:\/\/www.tirolergoldschmied.it\/de\/ringgroesse-ermitteln\/\"]}]},{\"@type\":\"ImageObject\",\"inLanguage\":\"de\",\"@id\":\"https:\/\/www.tirolergoldschmied.it\/de\/ringgroesse-ermitteln\/#primaryimage\",\"url\":\"https:\/\/static.tirolergoldschmied.it\/tirolergoldschmied2016_staging\/2023\/05\/90918\/c\/fit-in\/500x373\/filters:no_upscale()\/filters:strip_exif()\/ringgroessentabelle.jpg\",\"contentUrl\":\"https:\/\/static.tirolergoldschmied.it\/tirolergoldschmied2016_staging\/2023\/05\/90918\/c\/fit-in\/500x373\/filters:no_upscale()\/filters:strip_exif()\/ringgroessentabelle.jpg\"},{\"@type\":\"BreadcrumbList\",\"@id\":\"https:\/\/www.tirolergoldschmied.it\/de\/ringgroesse-ermitteln\/#breadcrumb\",\"itemListElement\":[{\"@type\":\"ListItem\",\"position\":1,\"name\":\"Startseite\",\"item\":\"https:\/\/www.tirolergoldschmied.it\/de\/\"},{\"@type\":\"ListItem\",\"position\":2,\"name\":\"Ringgr\u00f6\u00dfe ermitteln\"}]},{\"@type\":\"WebSite\",\"@id\":\"https:\/\/www.tirolergoldschmied.it\/de\/#website\",\"url\":\"https:\/\/www.tirolergoldschmied.it\/de\/\",\"name\":\"Tiroler Goldschmied\",\"description\":\"\",\"potentialAction\":[{\"@type\":\"SearchAction\",\"target\":{\"@type\":\"EntryPoint\",\"urlTemplate\":\"https:\/\/www.tirolergoldschmied.it\/de\/?s={search_term_string}\"},\"query-input\":{\"@type\":\"PropertyValueSpecification\",\"valueRequired\":true,\"valueName\":\"search_term_string\"}}],\"inLanguage\":\"de\"}]}<\/script>\n<!-- \/ Yoast SEO plugin. -->","yoast_head_json":{"title":"Ringgr\u00f6\u00dfe ermitteln - Tiroler Goldschmied","robots":{"index":"index","follow":"follow","max-snippet":"max-snippet:-1","max-image-preview":"max-image-preview:large","max-video-preview":"max-video-preview:-1"},"canonical":"https:\/\/www.tirolergoldschmied.it\/de\/ringgroesse-ermitteln\/","og_locale":"de_DE","og_type":"article","og_title":"Ringgr\u00f6\u00dfe ermitteln - Tiroler Goldschmied","og_description":"Nutzen Sie daf\u00fcr unsere Ringgr\u00f6\u00dfentabelle und befolgen Sie M\u00f6glichkeit 1 oder M\u00f6glichkeit 2, um schnell und einfach ihre pers\u00f6nliche Ringgr\u00f6\u00dfe ...","og_url":"https:\/\/www.tirolergoldschmied.it\/de\/ringgroesse-ermitteln\/","og_site_name":"Tiroler Goldschmied","article_modified_time":"2026-02-16T16:42:07+00:00","og_image":[{"url":"https:\/\/static.tirolergoldschmied.it\/tirolergoldschmied2016_staging\/2023\/05\/90918\/c\/fit-in\/500x373\/filters:no_upscale()\/filters:strip_exif()\/ringgroessentabelle.jpg","type":"","width":"","height":""}],"twitter_card":"summary_large_image","twitter_misc":{"Gesch\u00e4tzte Lesezeit":"1\u00a0Minute"},"schema":{"@context":"https:\/\/schema.org","@graph":[{"@type":"WebPage","@id":"https:\/\/www.tirolergoldschmied.it\/de\/ringgroesse-ermitteln\/","url":"https:\/\/www.tirolergoldschmied.it\/de\/ringgroesse-ermitteln\/","name":"Ringgr\u00f6\u00dfe ermitteln - Tiroler Goldschmied","isPartOf":{"@id":"https:\/\/www.tirolergoldschmied.it\/de\/#website"},"primaryImageOfPage":{"@id":"https:\/\/www.tirolergoldschmied.it\/de\/ringgroesse-ermitteln\/#primaryimage"},"image":{"@id":"https:\/\/www.tirolergoldschmied.it\/de\/ringgroesse-ermitteln\/#primaryimage"},"thumbnailUrl":"https:\/\/static.tirolergoldschmied.it\/tirolergoldschmied2016_staging\/2023\/05\/90918\/c\/fit-in\/500x373\/filters:no_upscale()\/filters:strip_exif()\/ringgroessentabelle.jpg","datePublished":"2023-05-16T09:33:59+00:00","dateModified":"2026-02-16T16:42:07+00:00","breadcrumb":{"@id":"https:\/\/www.tirolergoldschmied.it\/de\/ringgroesse-ermitteln\/#breadcrumb"},"inLanguage":"de","potentialAction":[{"@type":"ReadAction","target":["https:\/\/www.tirolergoldschmied.it\/de\/ringgroesse-ermitteln\/"]}]},{"@type":"ImageObject","inLanguage":"de","@id":"https:\/\/www.tirolergoldschmied.it\/de\/ringgroesse-ermitteln\/#primaryimage","url":"https:\/\/static.tirolergoldschmied.it\/tirolergoldschmied2016_staging\/2023\/05\/90918\/c\/fit-in\/500x373\/filters:no_upscale()\/filters:strip_exif()\/ringgroessentabelle.jpg","contentUrl":"https:\/\/static.tirolergoldschmied.it\/tirolergoldschmied2016_staging\/2023\/05\/90918\/c\/fit-in\/500x373\/filters:no_upscale()\/filters:strip_exif()\/ringgroessentabelle.jpg"},{"@type":"BreadcrumbList","@id":"https:\/\/www.tirolergoldschmied.it\/de\/ringgroesse-ermitteln\/#breadcrumb","itemListElement":[{"@type":"ListItem","position":1,"name":"Startseite","item":"https:\/\/www.tirolergoldschmied.it\/de\/"},{"@type":"ListItem","position":2,"name":"Ringgr\u00f6\u00dfe ermitteln"}]},{"@type":"WebSite","@id":"https:\/\/www.tirolergoldschmied.it\/de\/#website","url":"https:\/\/www.tirolergoldschmied.it\/de\/","name":"Tiroler Goldschmied","description":"","potentialAction":[{"@type":"SearchAction","target":{"@type":"EntryPoint","urlTemplate":"https:\/\/www.tirolergoldschmied.it\/de\/?s={search_term_string}"},"query-input":{"@type":"PropertyValueSpecification","valueRequired":true,"valueName":"search_term_string"}}],"inLanguage":"de"}]}},"_links":{"self":[{"href":"https:\/\/www.tirolergoldschmied.it\/de\/wp-json\/wp\/v2\/pages\/90923","targetHints":{"allow":["GET"]}}],"collection":[{"href":"https:\/\/www.tirolergoldschmied.it\/de\/wp-json\/wp\/v2\/pages"}],"about":[{"href":"https:\/\/www.tirolergoldschmied.it\/de\/wp-json\/wp\/v2\/types\/page"}],"author":[{"embeddable":true,"href":"https:\/\/www.tirolergoldschmied.it\/de\/wp-json\/wp\/v2\/users\/1"}],"replies":[{"embeddable":true,"href":"https:\/\/www.tirolergoldschmied.it\/de\/wp-json\/wp\/v2\/comments?post=90923"}],"version-history":[{"count":16,"href":"https:\/\/www.tirolergoldschmied.it\/de\/wp-json\/wp\/v2\/pages\/90923\/revisions"}],"predecessor-version":[{"id":132965,"href":"https:\/\/www.tirolergoldschmied.it\/de\/wp-json\/wp\/v2\/pages\/90923\/revisions\/132965"}],"wp:attachment":[{"href":"https:\/\/www.tirolergoldschmied.it\/de\/wp-json\/wp\/v2\/media?parent=90923"}],"curies":[{"name":"wp","href":"https:\/\/api.w.org\/{rel}","templated":true}]}}