{"id":92371,"date":"2023-06-21T16:11:50","date_gmt":"2023-06-21T14:11:50","guid":{"rendered":"https:\/\/www.tirolergoldschmied.it\/?page_id=92371"},"modified":"2023-09-28T11:25:04","modified_gmt":"2023-09-28T09:25:04","slug":"ringgroesse-aendern","status":"publish","type":"page","link":"https:\/\/www.tirolergoldschmied.it\/de\/ringgroesse-aendern\/","title":{"rendered":"Ringgr\u00f6\u00dfe \u00e4ndern"},"content":{"rendered":"<article class=\"cmsPage ident-11e582b48c702b3309054ec483b37303\">\n<div class=\"row\">\n<div class=\"col-sm-12 visible-sm col-xs-12 visible-xs visible-md visible-lg\">\n<div class=\" w-100\">\n<p><a href=\"https:\/\/static.tirolergoldschmied.it\/39543ca551be492a\/2023\/06\/92372\/c\/fit-in\/0x0\/filters:no_upscale()\/filters:strip_exif()\/ringgroesse_aendern.jpg\"><img loading=\"lazy\" decoding=\"async\" class=\"size-wf_square_500_500 wp-image-92372 alignright\" src=\"https:\/\/static.tirolergoldschmied.it\/39543ca551be492a\/2023\/06\/92372\/c\/fit-in\/500x373\/filters:no_upscale()\/filters:strip_exif()\/ringgroesse_aendern.jpg\" alt=\"\" width=\"500\" height=\"373\" data-headline=\"ringgroesse_aendern\" srcset=\"https:\/\/static.tirolergoldschmied.it\/39543ca551be492a\/2023\/06\/92372\/c\/fit-in\/300x224\/filters:no_upscale()\/filters:strip_exif()\/ringgroesse_aendern.jpg 300w, https:\/\/static.tirolergoldschmied.it\/39543ca551be492a\/2023\/06\/92372\/c\/fit-in\/107x80\/filters:no_upscale()\/filters:strip_exif()\/ringgroesse_aendern.jpg 107w, https:\/\/static.tirolergoldschmied.it\/39543ca551be492a\/2023\/06\/92372\/c\/fit-in\/350x261\/filters:no_upscale()\/filters:strip_exif()\/ringgroesse_aendern.jpg 350w, https:\/\/static.tirolergoldschmied.it\/39543ca551be492a\/2023\/06\/92372\/c\/fit-in\/400x298\/filters:no_upscale()\/filters:strip_exif()\/ringgroesse_aendern.jpg 400w, https:\/\/static.tirolergoldschmied.it\/39543ca551be492a\/2023\/06\/92372\/c\/fit-in\/80x60\/filters:no_upscale()\/filters:strip_exif()\/ringgroesse_aendern.jpg 80w, https:\/\/static.tirolergoldschmied.it\/39543ca551be492a\/2023\/06\/92372\/c\/fit-in\/245x183\/filters:no_upscale()\/filters:strip_exif()\/ringgroesse_aendern.jpg 245w, https:\/\/static.tirolergoldschmied.it\/39543ca551be492a\/2023\/06\/92372\/c\/fit-in\/100x75\/filters:no_upscale()\/filters:strip_exif()\/ringgroesse_aendern.jpg 100w, https:\/\/static.tirolergoldschmied.it\/39543ca551be492a\/2023\/06\/92372\/c\/fit-in\/500x373\/filters:no_upscale()\/filters:strip_exif()\/ringgroesse_aendern.jpg 500w\" sizes=\"(max-width: 500px) 100vw, 500px\" \/><\/a>Es kann sein, dass sich nach einiger Zeit, aus verschiedenen Gr\u00fcnden, der Durchmesser des Fingers und die damit verbundene Ringgr\u00f6\u00dfe \u00e4ndert. Die Ringgr\u00f6\u00dfe kann im Nachhinein in den meisten F\u00e4llen ohne Probleme ge\u00e4ndert werden, damit Sie Ihr Schmuckst\u00fcck wieder mit Begeisterung tragen k\u00f6nnen.<\/p>\n<p>Unsere Trauringe k\u00f6nnen +\/- 1 Gr\u00f6\u00dfe gedehnt bzw. gestaucht werden, da sie aus einem Rohling &#8211; also aus einem Guss &#8211; bestehen. Vollbesetzte Memoire-Ringe k\u00f6nnen leider nicht vergr\u00f6\u00dfert bzw. verkleinert werden, da die Brillanten und somit auch deren Fassung kaputt gehen w\u00fcrden.<\/p>\n<p><strong>M\u00f6chten Sie Ihre Ringgr\u00f6\u00dfe \u00e4ndern?<br \/>\n<\/strong>Wenn Sie gerne eine Ringgr\u00f6\u00dfen\u00e4nderung vornehmen wollen, verwenden Sie bitte unser Retourenportal. Ansonsten bitten wir Sie uns eine E-Mail an <strong><a href=\"mailto:shop@tirolergoldschmied.it\">shop@tirolergoldschmied.it<\/a><\/strong> mit Ihrer Anfrage zu schicken. Bitte beachten Sie, dass wir nur bei uns erworbene Ringe \u00e4ndern k\u00f6nnen.<\/p>\n<\/div>\n<\/div>\n<\/div>\n<\/article>\n<div class=\"berocket_ww_container\">\r\n    <div class=\"berocket_ww_empty\">\r\n        <p>Die Dreambox ist leer.<\/p>\r\n    <\/div>\r\n<\/div>\r\n<script>\r\njQuery('.berocket_ww_container').each( function( i, o ) {\r\n    if ( jQuery(o).height() + 20 < jQuery(o).find('.berocket_ww_ul_container').height() && jQuery(o).find('.berocket_ww_show_all').length ) {\r\n        jQuery(o).find('.berocket_ww_show_all').show();\r\n    } else if( ! jQuery(o).find('.berocket_ww_show_all').length ) {\r\n        var $scroll_block = jQuery(o).find('.berocket_ww_list');\r\n        $scroll_block.css( {maxHeight: 'initial'} );\r\n    }\r\n});\r\n<\/script>\r\n","protected":false},"excerpt":{"rendered":"<p>Es kann sein, dass sich nach einiger Zeit, aus verschiedenen Gr\u00fcnden, der Durchmesser des Fingers und die damit verbundene Ringgr\u00f6\u00dfe &#8230;<\/p>\n","protected":false},"author":1,"featured_media":0,"parent":0,"menu_order":0,"comment_status":"closed","ping_status":"closed","template":"","meta":{"_acf_changed":false,"footnotes":""},"acf":[],"yoast_head":"<!-- This site is optimized with the Yoast SEO plugin v22.5 - https:\/\/yoast.com\/wordpress\/plugins\/seo\/ -->\n<title>Ringgr\u00f6\u00dfe \u00e4ndern - Tiroler Goldschmied<\/title>\n<meta name=\"description\" content=\"Die Ringgr\u00f6\u00dfe kann im Nachhinein in den meisten F\u00e4llen ohne Probleme ge\u00e4ndert werden, damit Sie Ihr Schmuckst\u00fcck wieder tragen k\u00f6nnen.\" \/>\n<meta name=\"robots\" content=\"index, follow, max-snippet:-1, max-image-preview:large, max-video-preview:-1\" \/>\n<link rel=\"canonical\" href=\"https:\/\/www.tirolergoldschmied.it\/de\/ringgroesse-aendern\/\" \/>\n<meta property=\"og:locale\" content=\"de_DE\" \/>\n<meta property=\"og:type\" content=\"article\" \/>\n<meta property=\"og:title\" content=\"Ringgr\u00f6\u00dfe \u00e4ndern - Tiroler Goldschmied\" \/>\n<meta property=\"og:description\" content=\"Die Ringgr\u00f6\u00dfe kann im Nachhinein in den meisten F\u00e4llen ohne Probleme ge\u00e4ndert werden, damit Sie Ihr Schmuckst\u00fcck wieder tragen k\u00f6nnen.\" \/>\n<meta property=\"og:url\" content=\"https:\/\/www.tirolergoldschmied.it\/de\/ringgroesse-aendern\/\" \/>\n<meta property=\"og:site_name\" content=\"Tiroler Goldschmied\" \/>\n<meta property=\"article:modified_time\" content=\"2023-09-28T09:25:04+00:00\" \/>\n<meta property=\"og:image\" content=\"https:\/\/static.tirolergoldschmied.it\/39543ca551be492a\/2023\/06\/92372\/c\/fit-in\/500x373\/filters:no_upscale()\/filters:strip_exif()\/ringgroesse_aendern.jpg\" \/>\n<meta name=\"twitter:card\" content=\"summary_large_image\" \/>\n<meta name=\"twitter:label1\" content=\"Gesch\u00e4tzte Lesezeit\" \/>\n\t<meta name=\"twitter:data1\" content=\"1\u00a0Minute\" \/>\n<script type=\"application\/ld+json\" class=\"yoast-schema-graph\">{\"@context\":\"https:\/\/schema.org\",\"@graph\":[{\"@type\":\"WebPage\",\"@id\":\"https:\/\/www.tirolergoldschmied.it\/de\/ringgroesse-aendern\/\",\"url\":\"https:\/\/www.tirolergoldschmied.it\/de\/ringgroesse-aendern\/\",\"name\":\"Ringgr\u00f6\u00dfe \u00e4ndern - Tiroler Goldschmied\",\"isPartOf\":{\"@id\":\"https:\/\/www.tirolergoldschmied.it\/de\/#website\"},\"primaryImageOfPage\":{\"@id\":\"https:\/\/www.tirolergoldschmied.it\/de\/ringgroesse-aendern\/#primaryimage\"},\"image\":{\"@id\":\"https:\/\/www.tirolergoldschmied.it\/de\/ringgroesse-aendern\/#primaryimage\"},\"thumbnailUrl\":\"https:\/\/static.tirolergoldschmied.it\/39543ca551be492a\/2023\/06\/92372\/c\/fit-in\/500x373\/filters:no_upscale()\/filters:strip_exif()\/ringgroesse_aendern.jpg\",\"datePublished\":\"2023-06-21T14:11:50+00:00\",\"dateModified\":\"2023-09-28T09:25:04+00:00\",\"description\":\"Die Ringgr\u00f6\u00dfe kann im Nachhinein in den meisten F\u00e4llen ohne Probleme ge\u00e4ndert werden, damit Sie Ihr Schmuckst\u00fcck wieder tragen k\u00f6nnen.\",\"breadcrumb\":{\"@id\":\"https:\/\/www.tirolergoldschmied.it\/de\/ringgroesse-aendern\/#breadcrumb\"},\"inLanguage\":\"de\",\"potentialAction\":[{\"@type\":\"ReadAction\",\"target\":[\"https:\/\/www.tirolergoldschmied.it\/de\/ringgroesse-aendern\/\"]}]},{\"@type\":\"ImageObject\",\"inLanguage\":\"de\",\"@id\":\"https:\/\/www.tirolergoldschmied.it\/de\/ringgroesse-aendern\/#primaryimage\",\"url\":\"https:\/\/static.tirolergoldschmied.it\/39543ca551be492a\/2023\/06\/92372\/c\/fit-in\/500x373\/filters:no_upscale()\/filters:strip_exif()\/ringgroesse_aendern.jpg\",\"contentUrl\":\"https:\/\/static.tirolergoldschmied.it\/39543ca551be492a\/2023\/06\/92372\/c\/fit-in\/500x373\/filters:no_upscale()\/filters:strip_exif()\/ringgroesse_aendern.jpg\"},{\"@type\":\"BreadcrumbList\",\"@id\":\"https:\/\/www.tirolergoldschmied.it\/de\/ringgroesse-aendern\/#breadcrumb\",\"itemListElement\":[{\"@type\":\"ListItem\",\"position\":1,\"name\":\"Startseite\",\"item\":\"https:\/\/www.tirolergoldschmied.it\/de\/\"},{\"@type\":\"ListItem\",\"position\":2,\"name\":\"Ringgr\u00f6\u00dfe \u00e4ndern\"}]},{\"@type\":\"WebSite\",\"@id\":\"https:\/\/www.tirolergoldschmied.it\/de\/#website\",\"url\":\"https:\/\/www.tirolergoldschmied.it\/de\/\",\"name\":\"Tiroler Goldschmied\",\"description\":\"\",\"potentialAction\":[{\"@type\":\"SearchAction\",\"target\":{\"@type\":\"EntryPoint\",\"urlTemplate\":\"https:\/\/www.tirolergoldschmied.it\/de\/?s={search_term_string}\"},\"query-input\":\"required name=search_term_string\"}],\"inLanguage\":\"de\"}]}<\/script>\n<!-- \/ Yoast SEO plugin. -->","yoast_head_json":{"title":"Ringgr\u00f6\u00dfe \u00e4ndern - Tiroler Goldschmied","description":"Die Ringgr\u00f6\u00dfe kann im Nachhinein in den meisten F\u00e4llen ohne Probleme ge\u00e4ndert werden, damit Sie Ihr Schmuckst\u00fcck wieder tragen k\u00f6nnen.","robots":{"index":"index","follow":"follow","max-snippet":"max-snippet:-1","max-image-preview":"max-image-preview:large","max-video-preview":"max-video-preview:-1"},"canonical":"https:\/\/www.tirolergoldschmied.it\/de\/ringgroesse-aendern\/","og_locale":"de_DE","og_type":"article","og_title":"Ringgr\u00f6\u00dfe \u00e4ndern - Tiroler Goldschmied","og_description":"Die Ringgr\u00f6\u00dfe kann im Nachhinein in den meisten F\u00e4llen ohne Probleme ge\u00e4ndert werden, damit Sie Ihr Schmuckst\u00fcck wieder tragen k\u00f6nnen.","og_url":"https:\/\/www.tirolergoldschmied.it\/de\/ringgroesse-aendern\/","og_site_name":"Tiroler Goldschmied","article_modified_time":"2023-09-28T09:25:04+00:00","og_image":[{"url":"https:\/\/static.tirolergoldschmied.it\/39543ca551be492a\/2023\/06\/92372\/c\/fit-in\/500x373\/filters:no_upscale()\/filters:strip_exif()\/ringgroesse_aendern.jpg"}],"twitter_card":"summary_large_image","twitter_misc":{"Gesch\u00e4tzte Lesezeit":"1\u00a0Minute"},"schema":{"@context":"https:\/\/schema.org","@graph":[{"@type":"WebPage","@id":"https:\/\/www.tirolergoldschmied.it\/de\/ringgroesse-aendern\/","url":"https:\/\/www.tirolergoldschmied.it\/de\/ringgroesse-aendern\/","name":"Ringgr\u00f6\u00dfe \u00e4ndern - Tiroler Goldschmied","isPartOf":{"@id":"https:\/\/www.tirolergoldschmied.it\/de\/#website"},"primaryImageOfPage":{"@id":"https:\/\/www.tirolergoldschmied.it\/de\/ringgroesse-aendern\/#primaryimage"},"image":{"@id":"https:\/\/www.tirolergoldschmied.it\/de\/ringgroesse-aendern\/#primaryimage"},"thumbnailUrl":"https:\/\/static.tirolergoldschmied.it\/39543ca551be492a\/2023\/06\/92372\/c\/fit-in\/500x373\/filters:no_upscale()\/filters:strip_exif()\/ringgroesse_aendern.jpg","datePublished":"2023-06-21T14:11:50+00:00","dateModified":"2023-09-28T09:25:04+00:00","description":"Die Ringgr\u00f6\u00dfe kann im Nachhinein in den meisten F\u00e4llen ohne Probleme ge\u00e4ndert werden, damit Sie Ihr Schmuckst\u00fcck wieder tragen k\u00f6nnen.","breadcrumb":{"@id":"https:\/\/www.tirolergoldschmied.it\/de\/ringgroesse-aendern\/#breadcrumb"},"inLanguage":"de","potentialAction":[{"@type":"ReadAction","target":["https:\/\/www.tirolergoldschmied.it\/de\/ringgroesse-aendern\/"]}]},{"@type":"ImageObject","inLanguage":"de","@id":"https:\/\/www.tirolergoldschmied.it\/de\/ringgroesse-aendern\/#primaryimage","url":"https:\/\/static.tirolergoldschmied.it\/39543ca551be492a\/2023\/06\/92372\/c\/fit-in\/500x373\/filters:no_upscale()\/filters:strip_exif()\/ringgroesse_aendern.jpg","contentUrl":"https:\/\/static.tirolergoldschmied.it\/39543ca551be492a\/2023\/06\/92372\/c\/fit-in\/500x373\/filters:no_upscale()\/filters:strip_exif()\/ringgroesse_aendern.jpg"},{"@type":"BreadcrumbList","@id":"https:\/\/www.tirolergoldschmied.it\/de\/ringgroesse-aendern\/#breadcrumb","itemListElement":[{"@type":"ListItem","position":1,"name":"Startseite","item":"https:\/\/www.tirolergoldschmied.it\/de\/"},{"@type":"ListItem","position":2,"name":"Ringgr\u00f6\u00dfe \u00e4ndern"}]},{"@type":"WebSite","@id":"https:\/\/www.tirolergoldschmied.it\/de\/#website","url":"https:\/\/www.tirolergoldschmied.it\/de\/","name":"Tiroler Goldschmied","description":"","potentialAction":[{"@type":"SearchAction","target":{"@type":"EntryPoint","urlTemplate":"https:\/\/www.tirolergoldschmied.it\/de\/?s={search_term_string}"},"query-input":"required name=search_term_string"}],"inLanguage":"de"}]}},"_links":{"self":[{"href":"https:\/\/www.tirolergoldschmied.it\/de\/wp-json\/wp\/v2\/pages\/92371"}],"collection":[{"href":"https:\/\/www.tirolergoldschmied.it\/de\/wp-json\/wp\/v2\/pages"}],"about":[{"href":"https:\/\/www.tirolergoldschmied.it\/de\/wp-json\/wp\/v2\/types\/page"}],"author":[{"embeddable":true,"href":"https:\/\/www.tirolergoldschmied.it\/de\/wp-json\/wp\/v2\/users\/1"}],"replies":[{"embeddable":true,"href":"https:\/\/www.tirolergoldschmied.it\/de\/wp-json\/wp\/v2\/comments?post=92371"}],"version-history":[{"count":5,"href":"https:\/\/www.tirolergoldschmied.it\/de\/wp-json\/wp\/v2\/pages\/92371\/revisions"}],"predecessor-version":[{"id":97914,"href":"https:\/\/www.tirolergoldschmied.it\/de\/wp-json\/wp\/v2\/pages\/92371\/revisions\/97914"}],"wp:attachment":[{"href":"https:\/\/www.tirolergoldschmied.it\/de\/wp-json\/wp\/v2\/media?parent=92371"}],"curies":[{"name":"wp","href":"https:\/\/api.w.org\/{rel}","templated":true}]}}