{"id":92377,"date":"2023-06-21T16:14:56","date_gmt":"2023-06-21T14:14:56","guid":{"rendered":"https:\/\/www.tirolergoldschmied.it\/?page_id=92377"},"modified":"2023-10-23T16:14:12","modified_gmt":"2023-10-23T14:14:12","slug":"kettenlaenge-ermitteln","status":"publish","type":"page","link":"https:\/\/www.tirolergoldschmied.it\/de\/kettenlaenge-ermitteln\/","title":{"rendered":"Kettenl\u00e4nge ermitteln"},"content":{"rendered":"<article class=\"cmsPage ident-5f5391164e7ba50cdec0973434e19df0\">\n<div class=\"row\">\n<div class=\"col-sm-12 visible-sm col-xs-12 visible-xs visible-md visible-lg\">\n<div class=\" w-100\" data-wp-editing=\"1\">\n<p><img loading=\"lazy\" decoding=\"async\" class=\"alignright wp-image-92378 size-wf_square_500_500\" src=\"https:\/\/static.tirolergoldschmied.it\/39543ca551be492a\/2023\/05\/92378\/c\/fit-in\/500x373\/filters:no_upscale()\/filters:strip_exif()\/kettenlaenge.jpg\" alt=\"\" width=\"500\" height=\"373\" data-headline=\"kettenlaenge\" srcset=\"https:\/\/static.tirolergoldschmied.it\/39543ca551be492a\/2023\/05\/92378\/c\/fit-in\/300x224\/filters:no_upscale()\/filters:strip_exif()\/kettenlaenge.jpg 300w, https:\/\/static.tirolergoldschmied.it\/39543ca551be492a\/2023\/05\/92378\/c\/fit-in\/107x80\/filters:no_upscale()\/filters:strip_exif()\/kettenlaenge.jpg 107w, https:\/\/static.tirolergoldschmied.it\/39543ca551be492a\/2023\/05\/92378\/c\/fit-in\/350x261\/filters:no_upscale()\/filters:strip_exif()\/kettenlaenge.jpg 350w, https:\/\/static.tirolergoldschmied.it\/39543ca551be492a\/2023\/05\/92378\/c\/fit-in\/400x298\/filters:no_upscale()\/filters:strip_exif()\/kettenlaenge.jpg 400w, https:\/\/static.tirolergoldschmied.it\/39543ca551be492a\/2023\/05\/92378\/c\/fit-in\/80x60\/filters:no_upscale()\/filters:strip_exif()\/kettenlaenge.jpg 80w, https:\/\/static.tirolergoldschmied.it\/39543ca551be492a\/2023\/05\/92378\/c\/fit-in\/245x183\/filters:no_upscale()\/filters:strip_exif()\/kettenlaenge.jpg 245w, https:\/\/static.tirolergoldschmied.it\/39543ca551be492a\/2023\/05\/92378\/c\/fit-in\/100x75\/filters:no_upscale()\/filters:strip_exif()\/kettenlaenge.jpg 100w, https:\/\/static.tirolergoldschmied.it\/39543ca551be492a\/2023\/05\/92378\/c\/fit-in\/500x373\/filters:no_upscale()\/filters:strip_exif()\/kettenlaenge.jpg 500w\" sizes=\"(max-width: 500px) 100vw, 500px\" \/>Die Kette soll perfekt zu Ihrem Look passen. Dabei kommt es nicht nur auf die Wahl der Kettenart und des Anh\u00e4ngers an. Die L\u00e4nge ist ausschlaggebend f\u00fcr ein stimmiges Gesamtbild. Die Figur, der Halsumfang, der Ausschnitt und die Kleidung sind entscheidend bei der Wahl der richtigen Kettenl\u00e4nge. Einige Colliers oder Perlenketten sind k\u00fcrzer konzipiert und legen sich eng um den Hals, was sehr elegant wirkt. Wenn der Halsschmuck den Blick aufs Dekolletee lenken soll, sind l\u00e4ngere Ketten ideal. F\u00fcr den extravaganten Auftritt eignen sich ganz lange Ketten, die auch \u00fcber der Kleidung getragen toll wirken. Wir beraten Sie gerne f\u00fcr die ideale Kette zu Ihrem Look. Nachfolgend ein paar Tipps, wie Sie die ideale Kettenl\u00e4nge finden:<\/p>\n<p>&nbsp;<\/p>\n<div class=\"chain-length\">\n<p><img loading=\"lazy\" decoding=\"async\" class=\"alignnone wp-image-92381 size-wf_square_500_500\" src=\"https:\/\/static.tirolergoldschmied.it\/tirolergoldschmied2016_staging\/2023\/05\/92381\/c\/fit-in\/500x282\/filters:no_upscale()\/filters:strip_exif()\/kettenlaenge_grafik.jpg\" alt=\"\" width=\"500\" height=\"282\" data-headline=\"kettenlaenge_grafik\" srcset=\"https:\/\/static.tirolergoldschmied.it\/39543ca551be492a\/2023\/05\/92381\/c\/fit-in\/142x80\/filters:no_upscale()\/filters:strip_exif()\/kettenlaenge_grafik.jpg 142w, https:\/\/static.tirolergoldschmied.it\/39543ca551be492a\/2023\/05\/92381\/c\/fit-in\/106x60\/filters:no_upscale()\/filters:strip_exif()\/kettenlaenge_grafik.jpg 106w, https:\/\/static.tirolergoldschmied.it\/39543ca551be492a\/2023\/05\/92381\/c\/fit-in\/245x138\/filters:no_upscale()\/filters:strip_exif()\/kettenlaenge_grafik.jpg 245w, https:\/\/static.tirolergoldschmied.it\/39543ca551be492a\/2023\/05\/92381\/c\/fit-in\/100x56\/filters:no_upscale()\/filters:strip_exif()\/kettenlaenge_grafik.jpg 100w, https:\/\/static.tirolergoldschmied.it\/tirolergoldschmied2016_staging\/2023\/05\/92381\/c\/fit-in\/500x282\/filters:no_upscale()\/filters:strip_exif()\/kettenlaenge_grafik.jpg 500w\" sizes=\"(max-width: 500px) 100vw, 500px\" \/><\/p>\n<ul class=\"labels\">\n<li><strong>Gruppe 1: Kurze Ketten<\/strong><br \/>\nvon 39-40 cm<\/li>\n<li><strong>Gruppe 2:<\/strong> <strong>Mittellange Ketten<br \/>\n<\/strong> von 40-50 cm<\/li>\n<li><strong>Gruppe 3:<\/strong> <strong>Lange Ketten<\/strong><br \/>\nvon 50-70 cm<\/li>\n<li><strong>Gruppe 4:<\/strong> <strong>Sehr lange<\/strong> <strong>Ketten<\/strong><br \/>\nvon 70-ca. 120 cm<\/li>\n<\/ul>\n<\/div>\n<p>&nbsp;<\/p>\n<p><strong>Messen der Halskettenl\u00e4nge<br \/>\n<\/strong>Nehmen Sie einfach die Kette aus Ihrem Schmuckk\u00e4stchen, die am besten von der L\u00e4nge her zu dem gew\u00fcnschten Outfit passt und messen Sie diese aus. Falls Sie in dieser L\u00e4nge keine Kette besitzen, nehmen Sie ein St\u00fcck Schnur, die Sie um den Hals legen. Die perfekte L\u00e4nge ergibt sich dort, wo die Kette im Ausschnitt enden soll. Bedenken Sie dabei, dass ein Anh\u00e4nger die Kette verl\u00e4ngert.<\/p>\n<p><strong>Kurze Ketten (39-40 cm)<br \/>\n<\/strong>Sie liegen relativ eng am Hals an und wirken daher sehr elegant. Kurze Ketten passen perfekt zu runden, kleinen Ausschnitten und nicht zu tiefen Dekolletees. Zudem sind sie perfekt geeignet f\u00fcr schlanke H\u00e4lse. Enden sollten sie immer etwas unterhalb des Halsgr\u00fcbchens, das macht den Hals optisch noch schlanker und l\u00e4nger.<\/p>\n<p><strong>Mittellange Ketten (40-50 cm)<br \/>\n<\/strong>Colliers in dieser L\u00e4nge sind das Gardema\u00df f\u00fcr den Halsschmuck und erfreuen sich dementsprechend gr\u00f6\u00dfter Beliebtheit. Sie enden meistens im oberen Bereich des Ausschnitts und eigenen sich daher perfekt f\u00fcr einen Anh\u00e4nger. Entscheidend f\u00fcr den optimalen Look ist der zur Kette passende Ausschnitt: Ist er bei dem gew\u00e4hlten Kleidungsst\u00fcck zu kurz, liegt die Kette oben auf oder verschwindet darunter und verliert an Wirkung.<\/p>\n<p><strong>Lange Ketten (50-70 cm)<br \/>\n<\/strong>Mit langen Ketten kann man eigentlich nichts falsch machen, denn sie passen immer, da sie bis zur Mitte des Dekolletees reichen. Ein kurzer oder breiterer Hals wirkt optisch l\u00e4nger und schlanker. Lange Ketten sind der ideale Tr\u00e4ger f\u00fcr individuelle Anh\u00e4nger, avancieren sie doch hier zum absoluten Eyecatcher.<\/p>\n<p><strong>Sehr lange Ketten (\u00fcber 70 cm)<br \/>\n<\/strong>Die extra langen Ketten sind ideal f\u00fcr den extravaganten Auftritt. Denn man kann sie virtuos variieren, mal mehrfach um den Hals legen oder lang frei schwingen lassen, mal als Y-Kette oder best\u00fcckt mit einem Anh\u00e4nger zus\u00e4tzlichen Pep verleihen. Wie w\u00e4re es mit einer ein Meter langen Kette, doppelt gelegt und mit einem Halstuch kombiniert? Oder, man schm\u00fcckt die mehrfach gelegte Kette mit Anh\u00e4ngern wie bei einem Charm-Armband? Sie sehen: Der Phantasie sind hier keine Grenzen gesetzt.<\/p>\n<p><strong>Kleine Kettenkunde<br \/>\n<\/strong>F\u00fcr die unterschiedlichen Kettenl\u00e4ngen haben Juweliere und Goldschmiede eigene Begrifflichkeiten gepr\u00e4gt. Eine Auswahl der wichtigsten Bezeichnungen haben wir Ihnen zusammengetragen:<\/p>\n<p><b>Choker<\/b>: 35-43 cm<br \/>\n<b>Princess<\/b>: 40-42 cm<br \/>\n<b>Matinee<\/b>: 50-60 cm bis unterhalb des Schl\u00fcsselbeins<br \/>\n<b>Opera<\/b>: 70-85 cm<br \/>\n<b>Rope<\/b>: 115 cm, doppelt gelegt, am Hals kurz und langer Teil \u00fcbers Dekolletee hinaus<\/p>\n<\/div>\n<\/div>\n<\/div>\n<\/article>\n<div class=\"tirolergoldschmied2023_product_jewelry_shortcode\"><a class=\"tirolergoldschmied2023_product_jewelry_shortcode__item\" href=\"https:\/\/www.tirolergoldschmied.it\/de\/product_jewelry\/ketten\/\"><picture><source type=\"image\/webp\" srcset=\"https:\/\/static.tirolergoldschmied.it\/39543ca551be492a\/2023\/05\/90079\/c\/filters:format(webp)\/250x250\/filters:no_upscale()\/filters:strip_exif()\/ketten.jpg 250w, https:\/\/static.tirolergoldschmied.it\/39543ca551be492a\/2023\/05\/90079\/c\/filters:format(webp)\/50x50\/filters:no_upscale()\/filters:strip_exif()\/ketten.jpg 50w, https:\/\/static.tirolergoldschmied.it\/39543ca551be492a\/2023\/05\/90079\/c\/filters:format(webp)\/100x100\/filters:no_upscale()\/filters:strip_exif()\/ketten.jpg 100w, https:\/\/static.tirolergoldschmied.it\/39543ca551be492a\/2023\/05\/90079\/c\/filters:format(webp)\/430x430\/filters:no_upscale()\/filters:strip_exif()\/ketten.jpg 430w\"><source srcset=\"https:\/\/static.tirolergoldschmied.it\/39543ca551be492a\/2023\/05\/90079\/c\/250x250\/filters:no_upscale()\/filters:strip_exif()\/ketten.jpg 250w, https:\/\/static.tirolergoldschmied.it\/39543ca551be492a\/2023\/05\/90079\/c\/50x50\/filters:no_upscale()\/filters:strip_exif()\/ketten.jpg 50w, https:\/\/static.tirolergoldschmied.it\/39543ca551be492a\/2023\/05\/90079\/c\/100x100\/filters:no_upscale()\/filters:strip_exif()\/ketten.jpg 100w, https:\/\/static.tirolergoldschmied.it\/39543ca551be492a\/2023\/05\/90079\/c\/430x430\/filters:no_upscale()\/filters:strip_exif()\/ketten.jpg 430w\"><img loading=\"lazy\" decoding=\"async\" width=\"430\" height=\"430\" src=\"https:\/\/static.tirolergoldschmied.it\/39543ca551be492a\/2023\/05\/90079\/c\/430x430\/filters:no_upscale()\/filters:strip_exif()\/ketten.jpg\" class=\"woocommerce-products-header__term-image\" alt=\"\" srcset=\"https:\/\/static.tirolergoldschmied.it\/39543ca551be492a\/2023\/05\/90079\/c\/250x250\/filters:no_upscale()\/filters:strip_exif()\/ketten.jpg 250w, https:\/\/static.tirolergoldschmied.it\/39543ca551be492a\/2023\/05\/90079\/c\/50x50\/filters:no_upscale()\/filters:strip_exif()\/ketten.jpg 50w, https:\/\/static.tirolergoldschmied.it\/39543ca551be492a\/2023\/05\/90079\/c\/100x100\/filters:no_upscale()\/filters:strip_exif()\/ketten.jpg 100w, https:\/\/static.tirolergoldschmied.it\/39543ca551be492a\/2023\/05\/90079\/c\/430x430\/filters:no_upscale()\/filters:strip_exif()\/ketten.jpg 430w\" sizes=\"(max-width: 430px) 100vw, 430px\" data-copyright=\"\" data-headline=\"ketten\" data-description=\"\" \/><\/picture><span class=\"tirolergoldschmied2023_product_jewelry_shortcode__title\">Ketten<\/span><\/a><a class=\"tirolergoldschmied2023_product_jewelry_shortcode__item\" href=\"https:\/\/www.tirolergoldschmied.it\/de\/product_jewelry\/feine-ketten\/\"><picture><source type=\"image\/webp\" srcset=\"https:\/\/static.tirolergoldschmied.it\/39543ca551be492a\/2023\/05\/90070\/c\/filters:format(webp)\/250x250\/filters:no_upscale()\/filters:strip_exif()\/feine_ketten.jpg 250w, https:\/\/static.tirolergoldschmied.it\/39543ca551be492a\/2023\/05\/90070\/c\/filters:format(webp)\/50x50\/filters:no_upscale()\/filters:strip_exif()\/feine_ketten.jpg 50w, https:\/\/static.tirolergoldschmied.it\/39543ca551be492a\/2023\/05\/90070\/c\/filters:format(webp)\/100x100\/filters:no_upscale()\/filters:strip_exif()\/feine_ketten.jpg 100w, https:\/\/static.tirolergoldschmied.it\/39543ca551be492a\/2023\/05\/90070\/c\/filters:format(webp)\/430x430\/filters:no_upscale()\/filters:strip_exif()\/feine_ketten.jpg 430w\"><source srcset=\"https:\/\/static.tirolergoldschmied.it\/39543ca551be492a\/2023\/05\/90070\/c\/250x250\/filters:no_upscale()\/filters:strip_exif()\/feine_ketten.jpg 250w, https:\/\/static.tirolergoldschmied.it\/39543ca551be492a\/2023\/05\/90070\/c\/50x50\/filters:no_upscale()\/filters:strip_exif()\/feine_ketten.jpg 50w, https:\/\/static.tirolergoldschmied.it\/39543ca551be492a\/2023\/05\/90070\/c\/100x100\/filters:no_upscale()\/filters:strip_exif()\/feine_ketten.jpg 100w, https:\/\/static.tirolergoldschmied.it\/39543ca551be492a\/2023\/05\/90070\/c\/430x430\/filters:no_upscale()\/filters:strip_exif()\/feine_ketten.jpg 430w\"><img loading=\"lazy\" decoding=\"async\" width=\"430\" height=\"430\" src=\"https:\/\/static.tirolergoldschmied.it\/39543ca551be492a\/2023\/05\/90070\/c\/430x430\/filters:no_upscale()\/filters:strip_exif()\/feine_ketten.jpg\" class=\"woocommerce-products-header__term-image\" alt=\"\" srcset=\"https:\/\/static.tirolergoldschmied.it\/39543ca551be492a\/2023\/05\/90070\/c\/250x250\/filters:no_upscale()\/filters:strip_exif()\/feine_ketten.jpg 250w, https:\/\/static.tirolergoldschmied.it\/39543ca551be492a\/2023\/05\/90070\/c\/50x50\/filters:no_upscale()\/filters:strip_exif()\/feine_ketten.jpg 50w, https:\/\/static.tirolergoldschmied.it\/39543ca551be492a\/2023\/05\/90070\/c\/100x100\/filters:no_upscale()\/filters:strip_exif()\/feine_ketten.jpg 100w, https:\/\/static.tirolergoldschmied.it\/39543ca551be492a\/2023\/05\/90070\/c\/430x430\/filters:no_upscale()\/filters:strip_exif()\/feine_ketten.jpg 430w\" sizes=\"(max-width: 430px) 100vw, 430px\" data-copyright=\"\" data-headline=\"feine_ketten\" data-description=\"\" \/><\/picture><span class=\"tirolergoldschmied2023_product_jewelry_shortcode__title\">Feine Ketten<\/span><\/a><a class=\"tirolergoldschmied2023_product_jewelry_shortcode__item\" href=\"https:\/\/www.tirolergoldschmied.it\/de\/product_jewelry\/anhaenger-2\/\"><picture><source type=\"image\/webp\" srcset=\"https:\/\/static.tirolergoldschmied.it\/39543ca551be492a\/2023\/05\/90058\/c\/filters:format(webp)\/250x250\/filters:no_upscale()\/filters:strip_exif()\/anhaenger.jpg 250w, https:\/\/static.tirolergoldschmied.it\/39543ca551be492a\/2023\/05\/90058\/c\/filters:format(webp)\/50x50\/filters:no_upscale()\/filters:strip_exif()\/anhaenger.jpg 50w, https:\/\/static.tirolergoldschmied.it\/39543ca551be492a\/2023\/05\/90058\/c\/filters:format(webp)\/100x100\/filters:no_upscale()\/filters:strip_exif()\/anhaenger.jpg 100w, https:\/\/static.tirolergoldschmied.it\/39543ca551be492a\/2023\/05\/90058\/c\/filters:format(webp)\/430x430\/filters:no_upscale()\/filters:strip_exif()\/anhaenger.jpg 430w\"><source srcset=\"https:\/\/static.tirolergoldschmied.it\/39543ca551be492a\/2023\/05\/90058\/c\/250x250\/filters:no_upscale()\/filters:strip_exif()\/anhaenger.jpg 250w, https:\/\/static.tirolergoldschmied.it\/39543ca551be492a\/2023\/05\/90058\/c\/50x50\/filters:no_upscale()\/filters:strip_exif()\/anhaenger.jpg 50w, https:\/\/static.tirolergoldschmied.it\/39543ca551be492a\/2023\/05\/90058\/c\/100x100\/filters:no_upscale()\/filters:strip_exif()\/anhaenger.jpg 100w, https:\/\/static.tirolergoldschmied.it\/39543ca551be492a\/2023\/05\/90058\/c\/430x430\/filters:no_upscale()\/filters:strip_exif()\/anhaenger.jpg 430w\"><img loading=\"lazy\" decoding=\"async\" width=\"430\" height=\"430\" src=\"https:\/\/static.tirolergoldschmied.it\/39543ca551be492a\/2023\/05\/90058\/c\/430x430\/filters:no_upscale()\/filters:strip_exif()\/anhaenger.jpg\" class=\"woocommerce-products-header__term-image\" alt=\"\" srcset=\"https:\/\/static.tirolergoldschmied.it\/39543ca551be492a\/2023\/05\/90058\/c\/250x250\/filters:no_upscale()\/filters:strip_exif()\/anhaenger.jpg 250w, https:\/\/static.tirolergoldschmied.it\/39543ca551be492a\/2023\/05\/90058\/c\/50x50\/filters:no_upscale()\/filters:strip_exif()\/anhaenger.jpg 50w, https:\/\/static.tirolergoldschmied.it\/39543ca551be492a\/2023\/05\/90058\/c\/100x100\/filters:no_upscale()\/filters:strip_exif()\/anhaenger.jpg 100w, https:\/\/static.tirolergoldschmied.it\/39543ca551be492a\/2023\/05\/90058\/c\/430x430\/filters:no_upscale()\/filters:strip_exif()\/anhaenger.jpg 430w\" sizes=\"(max-width: 430px) 100vw, 430px\" data-copyright=\"\" data-headline=\"anhaenger\" data-description=\"\" \/><\/picture><span class=\"tirolergoldschmied2023_product_jewelry_shortcode__title\">Anh\u00e4nger<\/span><\/a><a class=\"tirolergoldschmied2023_product_jewelry_shortcode__item\" href=\"https:\/\/www.tirolergoldschmied.it\/de\/product_jewelry\/collier\/\"><picture><source type=\"image\/webp\" srcset=\"https:\/\/static.tirolergoldschmied.it\/39543ca551be492a\/2023\/05\/90064\/c\/filters:format(webp)\/250x250\/filters:no_upscale()\/filters:strip_exif()\/collier.jpg 250w, https:\/\/static.tirolergoldschmied.it\/39543ca551be492a\/2023\/05\/90064\/c\/filters:format(webp)\/50x50\/filters:no_upscale()\/filters:strip_exif()\/collier.jpg 50w, https:\/\/static.tirolergoldschmied.it\/39543ca551be492a\/2023\/05\/90064\/c\/filters:format(webp)\/100x100\/filters:no_upscale()\/filters:strip_exif()\/collier.jpg 100w, https:\/\/static.tirolergoldschmied.it\/39543ca551be492a\/2023\/05\/90064\/c\/filters:format(webp)\/430x430\/filters:no_upscale()\/filters:strip_exif()\/collier.jpg 430w\"><source srcset=\"https:\/\/static.tirolergoldschmied.it\/39543ca551be492a\/2023\/05\/90064\/c\/250x250\/filters:no_upscale()\/filters:strip_exif()\/collier.jpg 250w, https:\/\/static.tirolergoldschmied.it\/39543ca551be492a\/2023\/05\/90064\/c\/50x50\/filters:no_upscale()\/filters:strip_exif()\/collier.jpg 50w, https:\/\/static.tirolergoldschmied.it\/39543ca551be492a\/2023\/05\/90064\/c\/100x100\/filters:no_upscale()\/filters:strip_exif()\/collier.jpg 100w, https:\/\/static.tirolergoldschmied.it\/39543ca551be492a\/2023\/05\/90064\/c\/430x430\/filters:no_upscale()\/filters:strip_exif()\/collier.jpg 430w\"><img loading=\"lazy\" decoding=\"async\" width=\"430\" height=\"430\" src=\"https:\/\/static.tirolergoldschmied.it\/39543ca551be492a\/2023\/05\/90064\/c\/430x430\/filters:no_upscale()\/filters:strip_exif()\/collier.jpg\" class=\"woocommerce-products-header__term-image\" alt=\"\" srcset=\"https:\/\/static.tirolergoldschmied.it\/39543ca551be492a\/2023\/05\/90064\/c\/250x250\/filters:no_upscale()\/filters:strip_exif()\/collier.jpg 250w, https:\/\/static.tirolergoldschmied.it\/39543ca551be492a\/2023\/05\/90064\/c\/50x50\/filters:no_upscale()\/filters:strip_exif()\/collier.jpg 50w, https:\/\/static.tirolergoldschmied.it\/39543ca551be492a\/2023\/05\/90064\/c\/100x100\/filters:no_upscale()\/filters:strip_exif()\/collier.jpg 100w, https:\/\/static.tirolergoldschmied.it\/39543ca551be492a\/2023\/05\/90064\/c\/430x430\/filters:no_upscale()\/filters:strip_exif()\/collier.jpg 430w\" sizes=\"(max-width: 430px) 100vw, 430px\" data-copyright=\"\" data-headline=\"collier\" data-description=\"\" \/><\/picture><span class=\"tirolergoldschmied2023_product_jewelry_shortcode__title\">Collier<\/span><\/a><\/div>\n<div class=\"berocket_ww_container\">\r\n    <div class=\"berocket_ww_empty\">\r\n        <p>Die Dreambox ist leer.<\/p>\r\n    <\/div>\r\n<\/div>\r\n<script>\r\njQuery('.berocket_ww_container').each( function( i, o ) {\r\n    if ( jQuery(o).height() + 20 < jQuery(o).find('.berocket_ww_ul_container').height() && jQuery(o).find('.berocket_ww_show_all').length ) {\r\n        jQuery(o).find('.berocket_ww_show_all').show();\r\n    } else if( ! jQuery(o).find('.berocket_ww_show_all').length ) {\r\n        var $scroll_block = jQuery(o).find('.berocket_ww_list');\r\n        $scroll_block.css( {maxHeight: 'initial'} );\r\n    }\r\n});\r\n<\/script>\r\n","protected":false},"excerpt":{"rendered":"<p>Die Kette soll perfekt zu Ihrem Look passen. Dabei kommt es nicht nur auf die Wahl der Kettenart und des &#8230;<\/p>\n","protected":false},"author":1,"featured_media":0,"parent":0,"menu_order":0,"comment_status":"closed","ping_status":"closed","template":"","meta":{"_acf_changed":false,"footnotes":""},"acf":[],"yoast_head":"<!-- This site is optimized with the Yoast SEO plugin v22.5 - https:\/\/yoast.com\/wordpress\/plugins\/seo\/ -->\n<title>Kettenl\u00e4nge ermitteln - Tiroler Goldschmied<\/title>\n<meta name=\"robots\" content=\"index, follow, max-snippet:-1, max-image-preview:large, max-video-preview:-1\" \/>\n<link rel=\"canonical\" href=\"https:\/\/www.tirolergoldschmied.it\/de\/kettenlaenge-ermitteln\/\" \/>\n<meta property=\"og:locale\" content=\"de_DE\" \/>\n<meta property=\"og:type\" content=\"article\" \/>\n<meta property=\"og:title\" content=\"Kettenl\u00e4nge ermitteln - Tiroler Goldschmied\" \/>\n<meta property=\"og:description\" content=\"Die Kette soll perfekt zu Ihrem Look passen. Dabei kommt es nicht nur auf die Wahl der Kettenart und des ...\" \/>\n<meta property=\"og:url\" content=\"https:\/\/www.tirolergoldschmied.it\/de\/kettenlaenge-ermitteln\/\" \/>\n<meta property=\"og:site_name\" content=\"Tiroler Goldschmied\" \/>\n<meta property=\"article:modified_time\" content=\"2023-10-23T14:14:12+00:00\" \/>\n<meta property=\"og:image\" content=\"https:\/\/static.tirolergoldschmied.it\/39543ca551be492a\/2023\/05\/92378\/c\/fit-in\/500x373\/filters:no_upscale()\/filters:strip_exif()\/kettenlaenge.jpg\" \/>\n<meta name=\"twitter:card\" content=\"summary_large_image\" \/>\n<meta name=\"twitter:label1\" content=\"Gesch\u00e4tzte Lesezeit\" \/>\n\t<meta name=\"twitter:data1\" content=\"4\u00a0Minuten\" \/>\n<script type=\"application\/ld+json\" class=\"yoast-schema-graph\">{\"@context\":\"https:\/\/schema.org\",\"@graph\":[{\"@type\":\"WebPage\",\"@id\":\"https:\/\/www.tirolergoldschmied.it\/de\/kettenlaenge-ermitteln\/\",\"url\":\"https:\/\/www.tirolergoldschmied.it\/de\/kettenlaenge-ermitteln\/\",\"name\":\"Kettenl\u00e4nge ermitteln - Tiroler Goldschmied\",\"isPartOf\":{\"@id\":\"https:\/\/www.tirolergoldschmied.it\/de\/#website\"},\"primaryImageOfPage\":{\"@id\":\"https:\/\/www.tirolergoldschmied.it\/de\/kettenlaenge-ermitteln\/#primaryimage\"},\"image\":{\"@id\":\"https:\/\/www.tirolergoldschmied.it\/de\/kettenlaenge-ermitteln\/#primaryimage\"},\"thumbnailUrl\":\"https:\/\/static.tirolergoldschmied.it\/39543ca551be492a\/2023\/05\/92378\/c\/fit-in\/500x373\/filters:no_upscale()\/filters:strip_exif()\/kettenlaenge.jpg\",\"datePublished\":\"2023-06-21T14:14:56+00:00\",\"dateModified\":\"2023-10-23T14:14:12+00:00\",\"breadcrumb\":{\"@id\":\"https:\/\/www.tirolergoldschmied.it\/de\/kettenlaenge-ermitteln\/#breadcrumb\"},\"inLanguage\":\"de\",\"potentialAction\":[{\"@type\":\"ReadAction\",\"target\":[\"https:\/\/www.tirolergoldschmied.it\/de\/kettenlaenge-ermitteln\/\"]}]},{\"@type\":\"ImageObject\",\"inLanguage\":\"de\",\"@id\":\"https:\/\/www.tirolergoldschmied.it\/de\/kettenlaenge-ermitteln\/#primaryimage\",\"url\":\"https:\/\/static.tirolergoldschmied.it\/39543ca551be492a\/2023\/05\/92378\/c\/fit-in\/500x373\/filters:no_upscale()\/filters:strip_exif()\/kettenlaenge.jpg\",\"contentUrl\":\"https:\/\/static.tirolergoldschmied.it\/39543ca551be492a\/2023\/05\/92378\/c\/fit-in\/500x373\/filters:no_upscale()\/filters:strip_exif()\/kettenlaenge.jpg\"},{\"@type\":\"BreadcrumbList\",\"@id\":\"https:\/\/www.tirolergoldschmied.it\/de\/kettenlaenge-ermitteln\/#breadcrumb\",\"itemListElement\":[{\"@type\":\"ListItem\",\"position\":1,\"name\":\"Startseite\",\"item\":\"https:\/\/www.tirolergoldschmied.it\/de\/\"},{\"@type\":\"ListItem\",\"position\":2,\"name\":\"Kettenl\u00e4nge ermitteln\"}]},{\"@type\":\"WebSite\",\"@id\":\"https:\/\/www.tirolergoldschmied.it\/de\/#website\",\"url\":\"https:\/\/www.tirolergoldschmied.it\/de\/\",\"name\":\"Tiroler Goldschmied\",\"description\":\"\",\"potentialAction\":[{\"@type\":\"SearchAction\",\"target\":{\"@type\":\"EntryPoint\",\"urlTemplate\":\"https:\/\/www.tirolergoldschmied.it\/de\/?s={search_term_string}\"},\"query-input\":\"required name=search_term_string\"}],\"inLanguage\":\"de\"}]}<\/script>\n<!-- \/ Yoast SEO plugin. -->","yoast_head_json":{"title":"Kettenl\u00e4nge ermitteln - Tiroler Goldschmied","robots":{"index":"index","follow":"follow","max-snippet":"max-snippet:-1","max-image-preview":"max-image-preview:large","max-video-preview":"max-video-preview:-1"},"canonical":"https:\/\/www.tirolergoldschmied.it\/de\/kettenlaenge-ermitteln\/","og_locale":"de_DE","og_type":"article","og_title":"Kettenl\u00e4nge ermitteln - Tiroler Goldschmied","og_description":"Die Kette soll perfekt zu Ihrem Look passen. Dabei kommt es nicht nur auf die Wahl der Kettenart und des ...","og_url":"https:\/\/www.tirolergoldschmied.it\/de\/kettenlaenge-ermitteln\/","og_site_name":"Tiroler Goldschmied","article_modified_time":"2023-10-23T14:14:12+00:00","og_image":[{"url":"https:\/\/static.tirolergoldschmied.it\/39543ca551be492a\/2023\/05\/92378\/c\/fit-in\/500x373\/filters:no_upscale()\/filters:strip_exif()\/kettenlaenge.jpg"}],"twitter_card":"summary_large_image","twitter_misc":{"Gesch\u00e4tzte Lesezeit":"4\u00a0Minuten"},"schema":{"@context":"https:\/\/schema.org","@graph":[{"@type":"WebPage","@id":"https:\/\/www.tirolergoldschmied.it\/de\/kettenlaenge-ermitteln\/","url":"https:\/\/www.tirolergoldschmied.it\/de\/kettenlaenge-ermitteln\/","name":"Kettenl\u00e4nge ermitteln - Tiroler Goldschmied","isPartOf":{"@id":"https:\/\/www.tirolergoldschmied.it\/de\/#website"},"primaryImageOfPage":{"@id":"https:\/\/www.tirolergoldschmied.it\/de\/kettenlaenge-ermitteln\/#primaryimage"},"image":{"@id":"https:\/\/www.tirolergoldschmied.it\/de\/kettenlaenge-ermitteln\/#primaryimage"},"thumbnailUrl":"https:\/\/static.tirolergoldschmied.it\/39543ca551be492a\/2023\/05\/92378\/c\/fit-in\/500x373\/filters:no_upscale()\/filters:strip_exif()\/kettenlaenge.jpg","datePublished":"2023-06-21T14:14:56+00:00","dateModified":"2023-10-23T14:14:12+00:00","breadcrumb":{"@id":"https:\/\/www.tirolergoldschmied.it\/de\/kettenlaenge-ermitteln\/#breadcrumb"},"inLanguage":"de","potentialAction":[{"@type":"ReadAction","target":["https:\/\/www.tirolergoldschmied.it\/de\/kettenlaenge-ermitteln\/"]}]},{"@type":"ImageObject","inLanguage":"de","@id":"https:\/\/www.tirolergoldschmied.it\/de\/kettenlaenge-ermitteln\/#primaryimage","url":"https:\/\/static.tirolergoldschmied.it\/39543ca551be492a\/2023\/05\/92378\/c\/fit-in\/500x373\/filters:no_upscale()\/filters:strip_exif()\/kettenlaenge.jpg","contentUrl":"https:\/\/static.tirolergoldschmied.it\/39543ca551be492a\/2023\/05\/92378\/c\/fit-in\/500x373\/filters:no_upscale()\/filters:strip_exif()\/kettenlaenge.jpg"},{"@type":"BreadcrumbList","@id":"https:\/\/www.tirolergoldschmied.it\/de\/kettenlaenge-ermitteln\/#breadcrumb","itemListElement":[{"@type":"ListItem","position":1,"name":"Startseite","item":"https:\/\/www.tirolergoldschmied.it\/de\/"},{"@type":"ListItem","position":2,"name":"Kettenl\u00e4nge ermitteln"}]},{"@type":"WebSite","@id":"https:\/\/www.tirolergoldschmied.it\/de\/#website","url":"https:\/\/www.tirolergoldschmied.it\/de\/","name":"Tiroler Goldschmied","description":"","potentialAction":[{"@type":"SearchAction","target":{"@type":"EntryPoint","urlTemplate":"https:\/\/www.tirolergoldschmied.it\/de\/?s={search_term_string}"},"query-input":"required name=search_term_string"}],"inLanguage":"de"}]}},"_links":{"self":[{"href":"https:\/\/www.tirolergoldschmied.it\/de\/wp-json\/wp\/v2\/pages\/92377"}],"collection":[{"href":"https:\/\/www.tirolergoldschmied.it\/de\/wp-json\/wp\/v2\/pages"}],"about":[{"href":"https:\/\/www.tirolergoldschmied.it\/de\/wp-json\/wp\/v2\/types\/page"}],"author":[{"embeddable":true,"href":"https:\/\/www.tirolergoldschmied.it\/de\/wp-json\/wp\/v2\/users\/1"}],"replies":[{"embeddable":true,"href":"https:\/\/www.tirolergoldschmied.it\/de\/wp-json\/wp\/v2\/comments?post=92377"}],"version-history":[{"count":20,"href":"https:\/\/www.tirolergoldschmied.it\/de\/wp-json\/wp\/v2\/pages\/92377\/revisions"}],"predecessor-version":[{"id":100817,"href":"https:\/\/www.tirolergoldschmied.it\/de\/wp-json\/wp\/v2\/pages\/92377\/revisions\/100817"}],"wp:attachment":[{"href":"https:\/\/www.tirolergoldschmied.it\/de\/wp-json\/wp\/v2\/media?parent=92377"}],"curies":[{"name":"wp","href":"https:\/\/api.w.org\/{rel}","templated":true}]}}