{"id":92386,"date":"2023-06-21T16:24:45","date_gmt":"2023-06-21T14:24:45","guid":{"rendered":"https:\/\/www.tirolergoldschmied.it\/?page_id=92386"},"modified":"2025-04-11T09:46:52","modified_gmt":"2025-04-11T07:46:52","slug":"armbandlaenge-ermitteln","status":"publish","type":"page","link":"https:\/\/www.tirolergoldschmied.it\/de\/armbandlaenge-ermitteln\/","title":{"rendered":"Armbandl\u00e4nge ermitteln"},"content":{"rendered":"<p><img loading=\"lazy\" decoding=\"async\" class=\"alignright wp-image-92387 size-wf_square_500_500\" src=\"https:\/\/static.tirolergoldschmied.it\/tirolergoldschmied2016_staging\/2023\/05\/92387\/c\/fit-in\/500x373\/filters:no_upscale()\/filters:strip_exif()\/armbandlaenge.jpg\" alt=\"\" width=\"500\" height=\"373\" data-headline=\"armbandlaenge\" srcset=\"https:\/\/static.tirolergoldschmied.it\/39543ca551be492a\/2023\/05\/92387\/c\/fit-in\/300x224\/filters:no_upscale()\/filters:strip_exif()\/armbandlaenge.jpg 300w, https:\/\/static.tirolergoldschmied.it\/39543ca551be492a\/2023\/05\/92387\/c\/fit-in\/107x80\/filters:no_upscale()\/filters:strip_exif()\/armbandlaenge.jpg 107w, https:\/\/static.tirolergoldschmied.it\/39543ca551be492a\/2023\/05\/92387\/c\/fit-in\/350x261\/filters:no_upscale()\/filters:strip_exif()\/armbandlaenge.jpg 350w, https:\/\/static.tirolergoldschmied.it\/39543ca551be492a\/2023\/05\/92387\/c\/fit-in\/400x298\/filters:no_upscale()\/filters:strip_exif()\/armbandlaenge.jpg 400w, https:\/\/static.tirolergoldschmied.it\/39543ca551be492a\/2023\/05\/92387\/c\/fit-in\/80x60\/filters:no_upscale()\/filters:strip_exif()\/armbandlaenge.jpg 80w, https:\/\/static.tirolergoldschmied.it\/39543ca551be492a\/2023\/05\/92387\/c\/fit-in\/245x183\/filters:no_upscale()\/filters:strip_exif()\/armbandlaenge.jpg 245w, https:\/\/static.tirolergoldschmied.it\/39543ca551be492a\/2023\/05\/92387\/c\/fit-in\/100x75\/filters:no_upscale()\/filters:strip_exif()\/armbandlaenge.jpg 100w, https:\/\/static.tirolergoldschmied.it\/tirolergoldschmied2016_staging\/2023\/05\/92387\/c\/fit-in\/500x373\/filters:no_upscale()\/filters:strip_exif()\/armbandlaenge.jpg 500w\" sizes=\"(max-width: 500px) 100vw, 500px\" \/>Die eigene Armbandl\u00e4nge k\u00f6nnen Sie sehr leicht bestimmen, indem Sie Ihr Handgelenk mit einem Ma\u00dfband abmessen. Legen Sie das Ma\u00dfband einmal um Ihr Handgelenk an der Stelle, an der Sie den Armschmuck oder die Uhr sp\u00e4ter tragen m\u00f6chten und messen Sie Ihren Handgelenkumfang. Falls Sie kein Ma\u00dfband zur Verf\u00fcgung haben, k\u00f6nnen Sie auch ein St\u00fcck Schleife um Ihr Handgelenk legen, die \u00dcberlappungsstelle markieren und die L\u00e4nge dann mit einem Lineal abmessen. Beachten Sie dabei, dass das Armband, der Armreif oder die Uhr nicht zu eng, aber auch nicht zu locker sitzt, damit Sie Ihren Armschmuck oder Ihre Uhr nicht verlieren oder unangenehme Druckstellen am Handgelenk auftreten.<br \/>\nIn der Regel sollte zwischen dem Ma\u00dfband und Handgelenk noch der kleine Finger Platz haben, dann gehen Sie auf Nummer sicher, die richtige L\u00e4nge gemessen zu haben.<\/p>\n<p><a href=\"https:\/\/thesizer.change2.it\/index.html\" target=\"_blank\" rel=\"noopener\">Sie k\u00f6nnen die Armbandl\u00e4nge auch digital ermitteln.<\/a><\/p>\n<p>&nbsp;<\/p>\n<p><strong>Ma\u00dfeinheiten Armbandl\u00e4ngen der Firmen Fope, Pesavento, Marco Bicego, Meister sowie unserer hauseigenen Marke LA PREZIOSA<br \/>\n<\/strong><\/p>\n<p>Nachstehend listen wir die entsprechenden cm-Ma\u00dfe f\u00fcr die Ma\u00dfeinheiten S \/ M \/ L \/ XL auf. Bitte beachten Sie, dass dies nur Zirka-Angaben sind und Sie individuell entscheiden m\u00fcssen, welcher Umfang f\u00fcr Sie am besten passt:<\/p>\n<div class=\"tgs-responsive-table\">\n<div class=\"tgs-responsive-table__tr\">\n<div class=\"tgs-responsive-table__td\">FOPE:<\/div>\n<div class=\"tgs-responsive-table__td\"><\/div>\n<div class=\"tgs-responsive-table__td\">S = 16-17 cm<\/div>\n<div class=\"tgs-responsive-table__td\">M = 17,5-19 cm<\/div>\n<div class=\"tgs-responsive-table__td\">L = 19,5-21 cm<\/div>\n<div class=\"tgs-responsive-table__td\">XL = 21,5-23 cm<\/div>\n<\/div>\n<div class=\"tgs-responsive-table__tr\">\n<div class=\"tgs-responsive-table__td\">PESAVENTO:<\/div>\n<div class=\"tgs-responsive-table__td\"><\/div>\n<div class=\"tgs-responsive-table__td\">S = 17 cm<\/div>\n<div class=\"tgs-responsive-table__td\">M = 18,5 cm<\/div>\n<div class=\"tgs-responsive-table__td\">L = 21 cm<\/div>\n<div class=\"tgs-responsive-table__td\">XL = 23 cm<\/div>\n<\/div>\n<div class=\"tgs-responsive-table__tr\">\n<div class=\"tgs-responsive-table__td\">MARCO BICEGO:<\/div>\n<div class=\"tgs-responsive-table__td\"><\/div>\n<div class=\"tgs-responsive-table__td\">S = 15,7 cm<\/div>\n<div class=\"tgs-responsive-table__td\">M = 16,5 cm<\/div>\n<div class=\"tgs-responsive-table__td\">L = 17,4 cm<\/div>\n<div class=\"tgs-responsive-table__td\">XL = 18,3 cm<\/div>\n<div class=\"tgs-responsive-table__td\"><\/div>\n<\/div>\n<div class=\"tgs-responsive-table__tr\">\n<div class=\"tgs-responsive-table__td\">LA PREZIOSA:<\/div>\n<div class=\"tgs-responsive-table__td\">XS = 15 cm<\/div>\n<div class=\"tgs-responsive-table__td\">S = 17 cm<\/div>\n<div class=\"tgs-responsive-table__td\">M = 18,5 cm<\/div>\n<div class=\"tgs-responsive-table__td\">L = 21 cm<\/div>\n<div class=\"tgs-responsive-table__td\">XL = 23 cm<\/div>\n<\/div>\n<div class=\"tgs-responsive-table__tr\">\n<div class=\"tgs-responsive-table__td\">MEISTER:<\/div>\n<div class=\"tgs-responsive-table__td\"><\/div>\n<div class=\"tgs-responsive-table__td\">S = 40 cm<\/div>\n<div class=\"tgs-responsive-table__td\">M = 42 cm<\/div>\n<div class=\"tgs-responsive-table__td\">L = 44 cm<\/div>\n<div class=\"tgs-responsive-table__td\">XL = 46 cm<\/div>\n<\/div>\n<\/div>\n<p>&nbsp;<\/p>\n<p><strong>Uhrenarmband<\/strong><\/p>\n<p>Die Anpassung des Uhrenarmbandes mit Metallgliedern erfolgt je nach Ihren individuellen Vorlieben. Gliederarmb\u00e4nder k\u00f6nnen in einem begrenzten Umfang durch das Entfernen von Gliedern auf Ihre spezifischen Ma\u00dfe angepasst werden. Abh\u00e4ngig von der Art und Dicke der Glieder k\u00f6nnen wir das Uhrenarmband ann\u00e4hernd Ihren W\u00fcnschen entsprechend gestalten. Bitte teilen Sie uns bei der Bestellung die exakte Gr\u00f6\u00dfe Ihres Handgelenks mit, wie Sie sie gemessen haben. Wir werden das Armband so pr\u00e4zise wie m\u00f6glich auf die gew\u00fcnschte Gr\u00f6\u00dfe k\u00fcrzen. Die \u00fcbersch\u00fcssigen Glieder werden der Uhr beigef\u00fcgt. Bei weiteren Fragen stehen wir Ihnen gerne zur Verf\u00fcgung. Kontaktieren Sie uns einfach per E-Mail unter <a href=\"mailto:shop@tirolergoldschmied.it\">shop@tirolergoldschmied.it<\/a>.<\/p>\n<p>&nbsp;<\/p>\n<div class=\"tirolergoldschmied2023_product_jewelry_shortcode\"><a class=\"tirolergoldschmied2023_product_jewelry_shortcode__item\" href=\"https:\/\/www.tirolergoldschmied.it\/de\/product_jewelry\/armband\/\"><picture><source type=\"image\/webp\" srcset=\"https:\/\/static.tirolergoldschmied.it\/39543ca551be492a\/2023\/05\/90025\/c\/filters:format(webp)\/250x250\/filters:no_upscale()\/filters:strip_exif()\/armband.jpg 250w, https:\/\/static.tirolergoldschmied.it\/39543ca551be492a\/2023\/05\/90025\/c\/filters:format(webp)\/50x50\/filters:no_upscale()\/filters:strip_exif()\/armband.jpg 50w, https:\/\/static.tirolergoldschmied.it\/39543ca551be492a\/2023\/05\/90025\/c\/filters:format(webp)\/100x100\/filters:no_upscale()\/filters:strip_exif()\/armband.jpg 100w, https:\/\/static.tirolergoldschmied.it\/39543ca551be492a\/2023\/05\/90025\/c\/filters:format(webp)\/430x430\/filters:no_upscale()\/filters:strip_exif()\/armband.jpg 430w\"><source srcset=\"https:\/\/static.tirolergoldschmied.it\/39543ca551be492a\/2023\/05\/90025\/c\/250x250\/filters:no_upscale()\/filters:strip_exif()\/armband.jpg 250w, https:\/\/static.tirolergoldschmied.it\/39543ca551be492a\/2023\/05\/90025\/c\/50x50\/filters:no_upscale()\/filters:strip_exif()\/armband.jpg 50w, https:\/\/static.tirolergoldschmied.it\/39543ca551be492a\/2023\/05\/90025\/c\/100x100\/filters:no_upscale()\/filters:strip_exif()\/armband.jpg 100w, https:\/\/static.tirolergoldschmied.it\/39543ca551be492a\/2023\/05\/90025\/c\/430x430\/filters:no_upscale()\/filters:strip_exif()\/armband.jpg 430w\"><img loading=\"lazy\" decoding=\"async\" width=\"430\" height=\"430\" src=\"https:\/\/static.tirolergoldschmied.it\/39543ca551be492a\/2023\/05\/90025\/c\/430x430\/filters:no_upscale()\/filters:strip_exif()\/armband.jpg\" class=\"woocommerce-products-header__term-image\" alt=\"\" srcset=\"https:\/\/static.tirolergoldschmied.it\/39543ca551be492a\/2023\/05\/90025\/c\/250x250\/filters:no_upscale()\/filters:strip_exif()\/armband.jpg 250w, https:\/\/static.tirolergoldschmied.it\/39543ca551be492a\/2023\/05\/90025\/c\/50x50\/filters:no_upscale()\/filters:strip_exif()\/armband.jpg 50w, https:\/\/static.tirolergoldschmied.it\/39543ca551be492a\/2023\/05\/90025\/c\/100x100\/filters:no_upscale()\/filters:strip_exif()\/armband.jpg 100w, https:\/\/static.tirolergoldschmied.it\/39543ca551be492a\/2023\/05\/90025\/c\/430x430\/filters:no_upscale()\/filters:strip_exif()\/armband.jpg 430w\" sizes=\"(max-width: 430px) 100vw, 430px\" data-copyright=\"\" data-headline=\"armband\" data-description=\"\" \/><\/picture><span class=\"tirolergoldschmied2023_product_jewelry_shortcode__title\">Armband<\/span><\/a><a class=\"tirolergoldschmied2023_product_jewelry_shortcode__item\" href=\"https:\/\/www.tirolergoldschmied.it\/de\/product_jewelry\/armreif\/\"><picture><source type=\"image\/webp\" srcset=\"https:\/\/static.tirolergoldschmied.it\/39543ca551be492a\/2023\/05\/90031\/c\/filters:format(webp)\/250x250\/filters:no_upscale()\/filters:strip_exif()\/armreif.jpg 250w, https:\/\/static.tirolergoldschmied.it\/39543ca551be492a\/2023\/05\/90031\/c\/filters:format(webp)\/50x50\/filters:no_upscale()\/filters:strip_exif()\/armreif.jpg 50w, https:\/\/static.tirolergoldschmied.it\/39543ca551be492a\/2023\/05\/90031\/c\/filters:format(webp)\/100x100\/filters:no_upscale()\/filters:strip_exif()\/armreif.jpg 100w, https:\/\/static.tirolergoldschmied.it\/39543ca551be492a\/2023\/05\/90031\/c\/filters:format(webp)\/430x430\/filters:no_upscale()\/filters:strip_exif()\/armreif.jpg 430w\"><source srcset=\"https:\/\/static.tirolergoldschmied.it\/39543ca551be492a\/2023\/05\/90031\/c\/250x250\/filters:no_upscale()\/filters:strip_exif()\/armreif.jpg 250w, https:\/\/static.tirolergoldschmied.it\/39543ca551be492a\/2023\/05\/90031\/c\/50x50\/filters:no_upscale()\/filters:strip_exif()\/armreif.jpg 50w, https:\/\/static.tirolergoldschmied.it\/39543ca551be492a\/2023\/05\/90031\/c\/100x100\/filters:no_upscale()\/filters:strip_exif()\/armreif.jpg 100w, https:\/\/static.tirolergoldschmied.it\/39543ca551be492a\/2023\/05\/90031\/c\/430x430\/filters:no_upscale()\/filters:strip_exif()\/armreif.jpg 430w\"><img loading=\"lazy\" decoding=\"async\" width=\"430\" height=\"430\" src=\"https:\/\/static.tirolergoldschmied.it\/39543ca551be492a\/2023\/05\/90031\/c\/430x430\/filters:no_upscale()\/filters:strip_exif()\/armreif.jpg\" class=\"woocommerce-products-header__term-image\" alt=\"\" srcset=\"https:\/\/static.tirolergoldschmied.it\/39543ca551be492a\/2023\/05\/90031\/c\/250x250\/filters:no_upscale()\/filters:strip_exif()\/armreif.jpg 250w, https:\/\/static.tirolergoldschmied.it\/39543ca551be492a\/2023\/05\/90031\/c\/50x50\/filters:no_upscale()\/filters:strip_exif()\/armreif.jpg 50w, https:\/\/static.tirolergoldschmied.it\/39543ca551be492a\/2023\/05\/90031\/c\/100x100\/filters:no_upscale()\/filters:strip_exif()\/armreif.jpg 100w, https:\/\/static.tirolergoldschmied.it\/39543ca551be492a\/2023\/05\/90031\/c\/430x430\/filters:no_upscale()\/filters:strip_exif()\/armreif.jpg 430w\" sizes=\"(max-width: 430px) 100vw, 430px\" data-copyright=\"\" data-headline=\"armreif\" data-description=\"\" \/><\/picture><span class=\"tirolergoldschmied2023_product_jewelry_shortcode__title\">Armreif<\/span><\/a><a class=\"tirolergoldschmied2023_product_jewelry_shortcode__item\" href=\"https:\/\/www.tirolergoldschmied.it\/de\/product_jewelry\/leder-seidenarmband\/\"><picture><source type=\"image\/webp\" srcset=\"https:\/\/static.tirolergoldschmied.it\/39543ca551be492a\/2023\/05\/90043\/c\/filters:format(webp)\/250x250\/filters:no_upscale()\/filters:strip_exif()\/leder_seidenarmband.jpg 250w, https:\/\/static.tirolergoldschmied.it\/39543ca551be492a\/2023\/05\/90043\/c\/filters:format(webp)\/50x50\/filters:no_upscale()\/filters:strip_exif()\/leder_seidenarmband.jpg 50w, https:\/\/static.tirolergoldschmied.it\/39543ca551be492a\/2023\/05\/90043\/c\/filters:format(webp)\/100x100\/filters:no_upscale()\/filters:strip_exif()\/leder_seidenarmband.jpg 100w, https:\/\/static.tirolergoldschmied.it\/39543ca551be492a\/2023\/05\/90043\/c\/filters:format(webp)\/430x430\/filters:no_upscale()\/filters:strip_exif()\/leder_seidenarmband.jpg 430w\"><source srcset=\"https:\/\/static.tirolergoldschmied.it\/39543ca551be492a\/2023\/05\/90043\/c\/250x250\/filters:no_upscale()\/filters:strip_exif()\/leder_seidenarmband.jpg 250w, https:\/\/static.tirolergoldschmied.it\/39543ca551be492a\/2023\/05\/90043\/c\/50x50\/filters:no_upscale()\/filters:strip_exif()\/leder_seidenarmband.jpg 50w, https:\/\/static.tirolergoldschmied.it\/39543ca551be492a\/2023\/05\/90043\/c\/100x100\/filters:no_upscale()\/filters:strip_exif()\/leder_seidenarmband.jpg 100w, https:\/\/static.tirolergoldschmied.it\/39543ca551be492a\/2023\/05\/90043\/c\/430x430\/filters:no_upscale()\/filters:strip_exif()\/leder_seidenarmband.jpg 430w\"><img loading=\"lazy\" decoding=\"async\" width=\"430\" height=\"430\" src=\"https:\/\/static.tirolergoldschmied.it\/39543ca551be492a\/2023\/05\/90043\/c\/430x430\/filters:no_upscale()\/filters:strip_exif()\/leder_seidenarmband.jpg\" class=\"woocommerce-products-header__term-image\" alt=\"\" srcset=\"https:\/\/static.tirolergoldschmied.it\/39543ca551be492a\/2023\/05\/90043\/c\/250x250\/filters:no_upscale()\/filters:strip_exif()\/leder_seidenarmband.jpg 250w, https:\/\/static.tirolergoldschmied.it\/39543ca551be492a\/2023\/05\/90043\/c\/50x50\/filters:no_upscale()\/filters:strip_exif()\/leder_seidenarmband.jpg 50w, https:\/\/static.tirolergoldschmied.it\/39543ca551be492a\/2023\/05\/90043\/c\/100x100\/filters:no_upscale()\/filters:strip_exif()\/leder_seidenarmband.jpg 100w, https:\/\/static.tirolergoldschmied.it\/39543ca551be492a\/2023\/05\/90043\/c\/430x430\/filters:no_upscale()\/filters:strip_exif()\/leder_seidenarmband.jpg 430w\" sizes=\"(max-width: 430px) 100vw, 430px\" data-copyright=\"\" data-headline=\"leder_seidenarmband\" data-description=\"\" \/><\/picture><span class=\"tirolergoldschmied2023_product_jewelry_shortcode__title\">Leder-\/Seidenarmband<\/span><\/a><a class=\"tirolergoldschmied2023_product_jewelry_shortcode__item\" href=\"https:\/\/www.tirolergoldschmied.it\/de\/product_jewelry\/charms\/\"><picture><source type=\"image\/webp\" srcset=\"https:\/\/static.tirolergoldschmied.it\/39543ca551be492a\/2023\/05\/90038\/c\/filters:format(webp)\/250x250\/filters:no_upscale()\/filters:strip_exif()\/charms.jpg 250w, https:\/\/static.tirolergoldschmied.it\/39543ca551be492a\/2023\/05\/90038\/c\/filters:format(webp)\/50x50\/filters:no_upscale()\/filters:strip_exif()\/charms.jpg 50w, https:\/\/static.tirolergoldschmied.it\/39543ca551be492a\/2023\/05\/90038\/c\/filters:format(webp)\/100x100\/filters:no_upscale()\/filters:strip_exif()\/charms.jpg 100w, https:\/\/static.tirolergoldschmied.it\/39543ca551be492a\/2023\/05\/90038\/c\/filters:format(webp)\/430x430\/filters:no_upscale()\/filters:strip_exif()\/charms.jpg 430w\"><source srcset=\"https:\/\/static.tirolergoldschmied.it\/39543ca551be492a\/2023\/05\/90038\/c\/250x250\/filters:no_upscale()\/filters:strip_exif()\/charms.jpg 250w, https:\/\/static.tirolergoldschmied.it\/39543ca551be492a\/2023\/05\/90038\/c\/50x50\/filters:no_upscale()\/filters:strip_exif()\/charms.jpg 50w, https:\/\/static.tirolergoldschmied.it\/39543ca551be492a\/2023\/05\/90038\/c\/100x100\/filters:no_upscale()\/filters:strip_exif()\/charms.jpg 100w, https:\/\/static.tirolergoldschmied.it\/39543ca551be492a\/2023\/05\/90038\/c\/430x430\/filters:no_upscale()\/filters:strip_exif()\/charms.jpg 430w\"><img loading=\"lazy\" decoding=\"async\" width=\"430\" height=\"430\" src=\"https:\/\/static.tirolergoldschmied.it\/39543ca551be492a\/2023\/05\/90038\/c\/430x430\/filters:no_upscale()\/filters:strip_exif()\/charms.jpg\" class=\"woocommerce-products-header__term-image\" alt=\"\" srcset=\"https:\/\/static.tirolergoldschmied.it\/39543ca551be492a\/2023\/05\/90038\/c\/250x250\/filters:no_upscale()\/filters:strip_exif()\/charms.jpg 250w, https:\/\/static.tirolergoldschmied.it\/39543ca551be492a\/2023\/05\/90038\/c\/50x50\/filters:no_upscale()\/filters:strip_exif()\/charms.jpg 50w, https:\/\/static.tirolergoldschmied.it\/39543ca551be492a\/2023\/05\/90038\/c\/100x100\/filters:no_upscale()\/filters:strip_exif()\/charms.jpg 100w, https:\/\/static.tirolergoldschmied.it\/39543ca551be492a\/2023\/05\/90038\/c\/430x430\/filters:no_upscale()\/filters:strip_exif()\/charms.jpg 430w\" sizes=\"(max-width: 430px) 100vw, 430px\" data-copyright=\"\" data-headline=\"charms\" data-description=\"\" \/><\/picture><span class=\"tirolergoldschmied2023_product_jewelry_shortcode__title\">Charms<\/span><\/a><\/div>\n<div class=\"berocket_ww_container\">\r\n    <div class=\"berocket_ww_empty\">\r\n        <p>Die Dreambox ist leer.<\/p>\r\n    <\/div>\r\n<\/div>\r\n<script>\r\njQuery('.berocket_ww_container').each( function( i, o ) {\r\n    if ( jQuery(o).height() + 20 < jQuery(o).find('.berocket_ww_ul_container').height() && jQuery(o).find('.berocket_ww_show_all').length ) {\r\n        jQuery(o).find('.berocket_ww_show_all').show();\r\n    } else if( ! jQuery(o).find('.berocket_ww_show_all').length ) {\r\n        var $scroll_block = jQuery(o).find('.berocket_ww_list');\r\n        $scroll_block.css( {maxHeight: 'initial'} );\r\n    }\r\n});\r\n<\/script>\r\n","protected":false},"excerpt":{"rendered":"<p>Die eigene Armbandl\u00e4nge k\u00f6nnen Sie sehr leicht bestimmen, indem Sie Ihr Handgelenk mit einem Ma\u00dfband abmessen. Legen Sie das Ma\u00dfband &#8230;<\/p>\n","protected":false},"author":1,"featured_media":0,"parent":0,"menu_order":0,"comment_status":"closed","ping_status":"closed","template":"","meta":{"_acf_changed":false,"footnotes":""},"acf":[],"yoast_head":"<!-- This site is optimized with the Yoast SEO plugin v22.5 - https:\/\/yoast.com\/wordpress\/plugins\/seo\/ -->\n<title>Armbandl\u00e4nge ermitteln - Tiroler Goldschmied<\/title>\n<meta name=\"robots\" content=\"index, follow, max-snippet:-1, max-image-preview:large, max-video-preview:-1\" \/>\n<link rel=\"canonical\" href=\"https:\/\/www.tirolergoldschmied.it\/de\/armbandlaenge-ermitteln\/\" \/>\n<meta property=\"og:locale\" content=\"de_DE\" \/>\n<meta property=\"og:type\" content=\"article\" \/>\n<meta property=\"og:title\" content=\"Armbandl\u00e4nge ermitteln - Tiroler Goldschmied\" \/>\n<meta property=\"og:description\" content=\"Die eigene Armbandl\u00e4nge k\u00f6nnen Sie sehr leicht bestimmen, indem Sie Ihr Handgelenk mit einem Ma\u00dfband abmessen. Legen Sie das Ma\u00dfband ...\" \/>\n<meta property=\"og:url\" content=\"https:\/\/www.tirolergoldschmied.it\/de\/armbandlaenge-ermitteln\/\" \/>\n<meta property=\"og:site_name\" content=\"Tiroler Goldschmied\" \/>\n<meta property=\"article:modified_time\" content=\"2025-04-11T07:46:52+00:00\" \/>\n<meta property=\"og:image\" content=\"https:\/\/static.tirolergoldschmied.it\/tirolergoldschmied2016_staging\/2023\/05\/92387\/c\/fit-in\/500x373\/filters:no_upscale()\/filters:strip_exif()\/armbandlaenge.jpg\" \/>\n<meta name=\"twitter:card\" content=\"summary_large_image\" \/>\n<meta name=\"twitter:label1\" content=\"Gesch\u00e4tzte Lesezeit\" \/>\n\t<meta name=\"twitter:data1\" content=\"3\u00a0Minuten\" \/>\n<script type=\"application\/ld+json\" class=\"yoast-schema-graph\">{\"@context\":\"https:\/\/schema.org\",\"@graph\":[{\"@type\":\"WebPage\",\"@id\":\"https:\/\/www.tirolergoldschmied.it\/de\/armbandlaenge-ermitteln\/\",\"url\":\"https:\/\/www.tirolergoldschmied.it\/de\/armbandlaenge-ermitteln\/\",\"name\":\"Armbandl\u00e4nge ermitteln - Tiroler Goldschmied\",\"isPartOf\":{\"@id\":\"https:\/\/www.tirolergoldschmied.it\/de\/#website\"},\"primaryImageOfPage\":{\"@id\":\"https:\/\/www.tirolergoldschmied.it\/de\/armbandlaenge-ermitteln\/#primaryimage\"},\"image\":{\"@id\":\"https:\/\/www.tirolergoldschmied.it\/de\/armbandlaenge-ermitteln\/#primaryimage\"},\"thumbnailUrl\":\"https:\/\/static.tirolergoldschmied.it\/tirolergoldschmied2016_staging\/2023\/05\/92387\/c\/fit-in\/500x373\/filters:no_upscale()\/filters:strip_exif()\/armbandlaenge.jpg\",\"datePublished\":\"2023-06-21T14:24:45+00:00\",\"dateModified\":\"2025-04-11T07:46:52+00:00\",\"breadcrumb\":{\"@id\":\"https:\/\/www.tirolergoldschmied.it\/de\/armbandlaenge-ermitteln\/#breadcrumb\"},\"inLanguage\":\"de\",\"potentialAction\":[{\"@type\":\"ReadAction\",\"target\":[\"https:\/\/www.tirolergoldschmied.it\/de\/armbandlaenge-ermitteln\/\"]}]},{\"@type\":\"ImageObject\",\"inLanguage\":\"de\",\"@id\":\"https:\/\/www.tirolergoldschmied.it\/de\/armbandlaenge-ermitteln\/#primaryimage\",\"url\":\"https:\/\/static.tirolergoldschmied.it\/tirolergoldschmied2016_staging\/2023\/05\/92387\/c\/fit-in\/500x373\/filters:no_upscale()\/filters:strip_exif()\/armbandlaenge.jpg\",\"contentUrl\":\"https:\/\/static.tirolergoldschmied.it\/tirolergoldschmied2016_staging\/2023\/05\/92387\/c\/fit-in\/500x373\/filters:no_upscale()\/filters:strip_exif()\/armbandlaenge.jpg\"},{\"@type\":\"BreadcrumbList\",\"@id\":\"https:\/\/www.tirolergoldschmied.it\/de\/armbandlaenge-ermitteln\/#breadcrumb\",\"itemListElement\":[{\"@type\":\"ListItem\",\"position\":1,\"name\":\"Startseite\",\"item\":\"https:\/\/www.tirolergoldschmied.it\/de\/\"},{\"@type\":\"ListItem\",\"position\":2,\"name\":\"Armbandl\u00e4nge ermitteln\"}]},{\"@type\":\"WebSite\",\"@id\":\"https:\/\/www.tirolergoldschmied.it\/de\/#website\",\"url\":\"https:\/\/www.tirolergoldschmied.it\/de\/\",\"name\":\"Tiroler Goldschmied\",\"description\":\"\",\"potentialAction\":[{\"@type\":\"SearchAction\",\"target\":{\"@type\":\"EntryPoint\",\"urlTemplate\":\"https:\/\/www.tirolergoldschmied.it\/de\/?s={search_term_string}\"},\"query-input\":\"required name=search_term_string\"}],\"inLanguage\":\"de\"}]}<\/script>\n<!-- \/ Yoast SEO plugin. -->","yoast_head_json":{"title":"Armbandl\u00e4nge ermitteln - Tiroler Goldschmied","robots":{"index":"index","follow":"follow","max-snippet":"max-snippet:-1","max-image-preview":"max-image-preview:large","max-video-preview":"max-video-preview:-1"},"canonical":"https:\/\/www.tirolergoldschmied.it\/de\/armbandlaenge-ermitteln\/","og_locale":"de_DE","og_type":"article","og_title":"Armbandl\u00e4nge ermitteln - Tiroler Goldschmied","og_description":"Die eigene Armbandl\u00e4nge k\u00f6nnen Sie sehr leicht bestimmen, indem Sie Ihr Handgelenk mit einem Ma\u00dfband abmessen. Legen Sie das Ma\u00dfband ...","og_url":"https:\/\/www.tirolergoldschmied.it\/de\/armbandlaenge-ermitteln\/","og_site_name":"Tiroler Goldschmied","article_modified_time":"2025-04-11T07:46:52+00:00","og_image":[{"url":"https:\/\/static.tirolergoldschmied.it\/tirolergoldschmied2016_staging\/2023\/05\/92387\/c\/fit-in\/500x373\/filters:no_upscale()\/filters:strip_exif()\/armbandlaenge.jpg"}],"twitter_card":"summary_large_image","twitter_misc":{"Gesch\u00e4tzte Lesezeit":"3\u00a0Minuten"},"schema":{"@context":"https:\/\/schema.org","@graph":[{"@type":"WebPage","@id":"https:\/\/www.tirolergoldschmied.it\/de\/armbandlaenge-ermitteln\/","url":"https:\/\/www.tirolergoldschmied.it\/de\/armbandlaenge-ermitteln\/","name":"Armbandl\u00e4nge ermitteln - Tiroler Goldschmied","isPartOf":{"@id":"https:\/\/www.tirolergoldschmied.it\/de\/#website"},"primaryImageOfPage":{"@id":"https:\/\/www.tirolergoldschmied.it\/de\/armbandlaenge-ermitteln\/#primaryimage"},"image":{"@id":"https:\/\/www.tirolergoldschmied.it\/de\/armbandlaenge-ermitteln\/#primaryimage"},"thumbnailUrl":"https:\/\/static.tirolergoldschmied.it\/tirolergoldschmied2016_staging\/2023\/05\/92387\/c\/fit-in\/500x373\/filters:no_upscale()\/filters:strip_exif()\/armbandlaenge.jpg","datePublished":"2023-06-21T14:24:45+00:00","dateModified":"2025-04-11T07:46:52+00:00","breadcrumb":{"@id":"https:\/\/www.tirolergoldschmied.it\/de\/armbandlaenge-ermitteln\/#breadcrumb"},"inLanguage":"de","potentialAction":[{"@type":"ReadAction","target":["https:\/\/www.tirolergoldschmied.it\/de\/armbandlaenge-ermitteln\/"]}]},{"@type":"ImageObject","inLanguage":"de","@id":"https:\/\/www.tirolergoldschmied.it\/de\/armbandlaenge-ermitteln\/#primaryimage","url":"https:\/\/static.tirolergoldschmied.it\/tirolergoldschmied2016_staging\/2023\/05\/92387\/c\/fit-in\/500x373\/filters:no_upscale()\/filters:strip_exif()\/armbandlaenge.jpg","contentUrl":"https:\/\/static.tirolergoldschmied.it\/tirolergoldschmied2016_staging\/2023\/05\/92387\/c\/fit-in\/500x373\/filters:no_upscale()\/filters:strip_exif()\/armbandlaenge.jpg"},{"@type":"BreadcrumbList","@id":"https:\/\/www.tirolergoldschmied.it\/de\/armbandlaenge-ermitteln\/#breadcrumb","itemListElement":[{"@type":"ListItem","position":1,"name":"Startseite","item":"https:\/\/www.tirolergoldschmied.it\/de\/"},{"@type":"ListItem","position":2,"name":"Armbandl\u00e4nge ermitteln"}]},{"@type":"WebSite","@id":"https:\/\/www.tirolergoldschmied.it\/de\/#website","url":"https:\/\/www.tirolergoldschmied.it\/de\/","name":"Tiroler Goldschmied","description":"","potentialAction":[{"@type":"SearchAction","target":{"@type":"EntryPoint","urlTemplate":"https:\/\/www.tirolergoldschmied.it\/de\/?s={search_term_string}"},"query-input":"required name=search_term_string"}],"inLanguage":"de"}]}},"_links":{"self":[{"href":"https:\/\/www.tirolergoldschmied.it\/de\/wp-json\/wp\/v2\/pages\/92386"}],"collection":[{"href":"https:\/\/www.tirolergoldschmied.it\/de\/wp-json\/wp\/v2\/pages"}],"about":[{"href":"https:\/\/www.tirolergoldschmied.it\/de\/wp-json\/wp\/v2\/types\/page"}],"author":[{"embeddable":true,"href":"https:\/\/www.tirolergoldschmied.it\/de\/wp-json\/wp\/v2\/users\/1"}],"replies":[{"embeddable":true,"href":"https:\/\/www.tirolergoldschmied.it\/de\/wp-json\/wp\/v2\/comments?post=92386"}],"version-history":[{"count":43,"href":"https:\/\/www.tirolergoldschmied.it\/de\/wp-json\/wp\/v2\/pages\/92386\/revisions"}],"predecessor-version":[{"id":122670,"href":"https:\/\/www.tirolergoldschmied.it\/de\/wp-json\/wp\/v2\/pages\/92386\/revisions\/122670"}],"wp:attachment":[{"href":"https:\/\/www.tirolergoldschmied.it\/de\/wp-json\/wp\/v2\/media?parent=92386"}],"curies":[{"name":"wp","href":"https:\/\/api.w.org\/{rel}","templated":true}]}}