{"id":92401,"date":"2023-06-21T16:32:55","date_gmt":"2023-06-21T14:32:55","guid":{"rendered":"https:\/\/www.tirolergoldschmied.it\/?page_id=92401"},"modified":"2023-09-25T18:12:35","modified_gmt":"2023-09-25T16:12:35","slug":"koralle","status":"publish","type":"page","link":"https:\/\/www.tirolergoldschmied.it\/de\/koralle\/","title":{"rendered":"Koralle"},"content":{"rendered":"<div class=\"col-sm-12 visible-sm col-xs-12 visible-xs visible-md visible-lg\">\n<div class=\" w-100\">\n<p><a href=\"https:\/\/static.tirolergoldschmied.it\/tirolergoldschmied2016_staging\/2023\/08\/94886\/c\/fit-in\/0x0\/filters:no_upscale()\/filters:strip_exif()\/koralle.jpg\"><img loading=\"lazy\" decoding=\"async\" class=\"alignright wp-image-94886 size-wf_square_500_500\" src=\"https:\/\/static.tirolergoldschmied.it\/tirolergoldschmied2016_staging\/2023\/08\/94886\/c\/fit-in\/500x373\/filters:no_upscale()\/filters:strip_exif()\/koralle.jpg\" alt=\"\" width=\"500\" height=\"373\" data-headline=\"koralle\" srcset=\"https:\/\/static.tirolergoldschmied.it\/39543ca551be492a\/2023\/08\/94886\/c\/fit-in\/300x224\/filters:no_upscale()\/filters:strip_exif()\/koralle.jpg 300w, https:\/\/static.tirolergoldschmied.it\/39543ca551be492a\/2023\/08\/94886\/c\/fit-in\/107x80\/filters:no_upscale()\/filters:strip_exif()\/koralle.jpg 107w, https:\/\/static.tirolergoldschmied.it\/39543ca551be492a\/2023\/08\/94886\/c\/fit-in\/350x261\/filters:no_upscale()\/filters:strip_exif()\/koralle.jpg 350w, https:\/\/static.tirolergoldschmied.it\/39543ca551be492a\/2023\/08\/94886\/c\/fit-in\/400x298\/filters:no_upscale()\/filters:strip_exif()\/koralle.jpg 400w, https:\/\/static.tirolergoldschmied.it\/39543ca551be492a\/2023\/08\/94886\/c\/fit-in\/80x60\/filters:no_upscale()\/filters:strip_exif()\/koralle.jpg 80w, https:\/\/static.tirolergoldschmied.it\/39543ca551be492a\/2023\/08\/94886\/c\/fit-in\/245x183\/filters:no_upscale()\/filters:strip_exif()\/koralle.jpg 245w, https:\/\/static.tirolergoldschmied.it\/39543ca551be492a\/2023\/08\/94886\/c\/fit-in\/100x75\/filters:no_upscale()\/filters:strip_exif()\/koralle.jpg 100w, https:\/\/static.tirolergoldschmied.it\/tirolergoldschmied2016_staging\/2023\/08\/94886\/c\/fit-in\/500x373\/filters:no_upscale()\/filters:strip_exif()\/koralle.jpg 500w\" sizes=\"auto, (max-width: 500px) 100vw, 500px\" \/><\/a>Korallen entstehen ausschlie\u00dflich auf dem Meeresgrund. Kolonien von kleinsten Polypen bauen aus Kalksubstanzen ast\u00e4hnliche Gebilde, welche zwischen 5 und 30 cm gro\u00df werden k\u00f6nnen und nur 2 bis 8 mm pro Jahr wachsen.<br \/>\nUnter den vielen verschiedenen Korallenarten lassen sich nur einige wenige f\u00fcr die Schmuckherstellung verwenden. Zu diesen geh\u00f6rt die rote Edelkoralle, welche bereits nachwei\u00dflich in vorgeschichtlicher Zeit als Schmuckstein verwendet wurde und seitdem bezaubert.<\/p>\n<p>Die Koralle schenkt uns dieses unbeschreiblich warme Gef\u00fchl mediterraner Lebensfreude. Sie leuchtet in all ihren verschiedenen rot-T\u00f6nen, die uns unwillk\u00fcrlich an den letzten Sonnenuntergang am Meer erinnern l\u00e4sst, vom zarten Rosa der Engelshaut Koralle, dem satten Mittelrot der Sardegna, bis hin zum intensiven Dunkelrot der Moro.<\/p>\n<p>&nbsp;<\/p>\n<\/div>\n<\/div>\n<p class=\"clear\"><strong>Farbbezeichnungen bei Koralle<\/strong><\/p>\n<div class=\"col-sm-12 visible-sm col-xs-12 visible-xs visible-md visible-lg\">\n<div class=\" w-100\">\n<p><a href=\"https:\/\/static.tirolergoldschmied.it\/39543ca551be492a\/2023\/06\/92402\/c\/fit-in\/0x0\/filters:no_upscale()\/filters:strip_exif()\/korallen.png\"><img loading=\"lazy\" decoding=\"async\" class=\"alignnone wp-image-92402 size-wf_square_1200_1200\" src=\"https:\/\/static.tirolergoldschmied.it\/39543ca551be492a\/2023\/06\/92402\/c\/fit-in\/1200x136\/filters:no_upscale()\/filters:strip_exif()\/korallen.png\" alt=\"\" width=\"1200\" height=\"136\" data-headline=\"korallen\" srcset=\"https:\/\/static.tirolergoldschmied.it\/39543ca551be492a\/2023\/06\/92402\/c\/fit-in\/768x87\/filters:no_upscale()\/filters:strip_exif()\/korallen.png 768w, https:\/\/static.tirolergoldschmied.it\/39543ca551be492a\/2023\/06\/92402\/c\/fit-in\/330x37\/filters:no_upscale()\/filters:strip_exif()\/korallen.png 330w, https:\/\/static.tirolergoldschmied.it\/39543ca551be492a\/2023\/06\/92402\/c\/fit-in\/190x22\/filters:no_upscale()\/filters:strip_exif()\/korallen.png 190w, https:\/\/static.tirolergoldschmied.it\/39543ca551be492a\/2023\/06\/92402\/c\/fit-in\/245x28\/filters:no_upscale()\/filters:strip_exif()\/korallen.png 245w, https:\/\/static.tirolergoldschmied.it\/39543ca551be492a\/2023\/06\/92402\/c\/fit-in\/600x68\/filters:no_upscale()\/filters:strip_exif()\/korallen.png 600w, https:\/\/static.tirolergoldschmied.it\/39543ca551be492a\/2023\/06\/92402\/c\/fit-in\/100x11\/filters:no_upscale()\/filters:strip_exif()\/korallen.png 100w, https:\/\/static.tirolergoldschmied.it\/39543ca551be492a\/2023\/06\/92402\/c\/fit-in\/1200x136\/filters:no_upscale()\/filters:strip_exif()\/korallen.png 1200w\" sizes=\"auto, (max-width: 1200px) 100vw, 1200px\" \/><\/a><\/p>\n<p>Nicht von ungef\u00e4hr besagt eine alte Legende, dass genau in diesem Moment, wo die Abendsonne den Horizont des Meeres ber\u00fchrt, eine Koralle geboren wird. Die Edelkoralle, Corallium rubrum, ist lichtscheu und lebt in einer Tiefe von 2 bis 280 Metern, ausschlie\u00dflich im Schatten, in H\u00f6hlen und unter \u00dcberh\u00e4ngen und ern\u00e4hrt sich von Plankton. Ihre Herkunft ist das westliche und zentrale Mittelmeer, der angrenzende \u00f6stliche Atlantik, Taiwan und Japan. Das Zentrum und Haupthandelsplatz der Korallenschmuckherstellung ist seit \u00fcber 200 Jahren Torre del Greco, s\u00fcdlich von Neapel. Hier werden immer noch \u00fcber \u00be der auf der ganzen Welt geernteten Korallen verarbeitet und nach der besten Qualit\u00e4t getaucht.<\/p>\n<p>&nbsp;<\/p>\n<p><strong>Merkmale der Koralle<\/strong><br \/>\n&#8211; Edelkorallen sind nicht por\u00f6s.<br \/>\n&#8211; Im Rohzustand sind sie matt, poliert hingegen glasgl\u00e4nzend.<br \/>\n&#8211; Schlechte Qualit\u00e4ten, wie zum Beispiel die Schaumkoralle ist aus deutlich por\u00f6sem Wurzelmaterial hergestellt.<br \/>\n&#8211; Korallen sind empfindlich gegen\u00fcber Hitze, S\u00e4uren und hei\u00dfen B\u00e4dern.<br \/>\n&#8211; Die Farbe kann durchs Tragen verblassen. Wischen Sie deshalb Ihre Koralle nach dem Tragen mit einem weichen Tuch ab und lagern Sie sie in einer Schmuckschatulle. So haben Sie lange Freude mit Ihrem Korallenschmuck.<\/p>\n<p>Erw\u00e4rmt sich das Wasser zu stark, oder ver\u00e4ndert sich der Salzgehalt des Wassers, beginnen Algen Giftstoffe zu produzieren, und werden daraufhin von den Korallen abgesto\u00dfen und sterben ab. Der wei\u00dfe Kalkmantel bleibt bestehen, und es kommt zur Korallenbleiche. Seit mehreren Jahrzehnten versucht man der Zerst\u00f6rung der Korallenriffe entgegenzusteuern.<br \/>\nDer Korallenabbau durch Taucher ist f\u00fcr die Artenvielfalt viel besser geeignet und wird streng kontrolliert. Deshalb empfehlen wir das Kaufen von Korallen ausschlie\u00dflich in seri\u00f6sen Gesch\u00e4ften, welche Wert auf Zertifizierungen und Herkunftsbescheinigungen legen und dadurch die Sch\u00f6nheit und Seltenheit der Koralle wertsch\u00e4tzen.<\/p>\n<\/div>\n<\/div>\n<div class=\"berocket_ww_container\">\r\n    <div class=\"berocket_ww_empty\">\r\n        <p>Die Dreambox ist leer.<\/p>\r\n    <\/div>\r\n<\/div>\r\n<script>\r\njQuery('.berocket_ww_container').each( function( i, o ) {\r\n    if ( jQuery(o).height() + 20 < jQuery(o).find('.berocket_ww_ul_container').height() && jQuery(o).find('.berocket_ww_show_all').length ) {\r\n        jQuery(o).find('.berocket_ww_show_all').show();\r\n    } else if( ! jQuery(o).find('.berocket_ww_show_all').length ) {\r\n        var $scroll_block = jQuery(o).find('.berocket_ww_list');\r\n        $scroll_block.css( {maxHeight: 'initial'} );\r\n    }\r\n});\r\n<\/script>\r\n","protected":false},"excerpt":{"rendered":"<p>Korallen entstehen ausschlie\u00dflich auf dem Meeresgrund. Kolonien von kleinsten Polypen bauen aus Kalksubstanzen ast\u00e4hnliche Gebilde, welche zwischen 5 und 30 &#8230;<\/p>\n","protected":false},"author":1,"featured_media":0,"parent":0,"menu_order":0,"comment_status":"closed","ping_status":"closed","template":"","meta":{"_acf_changed":false,"footnotes":""},"class_list":["post-92401","page","type-page","status-publish","hentry"],"acf":[],"yoast_head":"<!-- This site is optimized with the Yoast SEO plugin v27.4 - https:\/\/yoast.com\/product\/yoast-seo-wordpress\/ -->\n<title>Koralle - Tiroler Goldschmied<\/title>\n<meta name=\"robots\" content=\"index, follow, max-snippet:-1, max-image-preview:large, max-video-preview:-1\" \/>\n<link rel=\"canonical\" href=\"https:\/\/www.tirolergoldschmied.it\/de\/koralle\/\" \/>\n<meta property=\"og:locale\" content=\"de_DE\" \/>\n<meta property=\"og:type\" content=\"article\" \/>\n<meta property=\"og:title\" content=\"Koralle - Tiroler Goldschmied\" \/>\n<meta property=\"og:description\" content=\"Korallen entstehen ausschlie\u00dflich auf dem Meeresgrund. Kolonien von kleinsten Polypen bauen aus Kalksubstanzen ast\u00e4hnliche Gebilde, welche zwischen 5 und 30 ...\" \/>\n<meta property=\"og:url\" content=\"https:\/\/www.tirolergoldschmied.it\/de\/koralle\/\" \/>\n<meta property=\"og:site_name\" content=\"Tiroler Goldschmied\" \/>\n<meta property=\"article:modified_time\" content=\"2023-09-25T16:12:35+00:00\" \/>\n<meta property=\"og:image\" content=\"https:\/\/static.tirolergoldschmied.it\/tirolergoldschmied2016_staging\/2023\/08\/94886\/c\/fit-in\/500x373\/filters:no_upscale()\/filters:strip_exif()\/koralle.jpg\" \/>\n<meta name=\"twitter:card\" content=\"summary_large_image\" \/>\n<meta name=\"twitter:label1\" content=\"Gesch\u00e4tzte Lesezeit\" \/>\n\t<meta name=\"twitter:data1\" content=\"3\u00a0Minuten\" \/>\n<script type=\"application\/ld+json\" class=\"yoast-schema-graph\">{\"@context\":\"https:\\\/\\\/schema.org\",\"@graph\":[{\"@type\":\"WebPage\",\"@id\":\"https:\\\/\\\/www.tirolergoldschmied.it\\\/de\\\/koralle\\\/\",\"url\":\"https:\\\/\\\/www.tirolergoldschmied.it\\\/de\\\/koralle\\\/\",\"name\":\"Koralle - Tiroler Goldschmied\",\"isPartOf\":{\"@id\":\"https:\\\/\\\/www.tirolergoldschmied.it\\\/de\\\/#website\"},\"primaryImageOfPage\":{\"@id\":\"https:\\\/\\\/www.tirolergoldschmied.it\\\/de\\\/koralle\\\/#primaryimage\"},\"image\":{\"@id\":\"https:\\\/\\\/www.tirolergoldschmied.it\\\/de\\\/koralle\\\/#primaryimage\"},\"thumbnailUrl\":\"https:\\\/\\\/static.tirolergoldschmied.it\\\/tirolergoldschmied2016_staging\\\/2023\\\/08\\\/94886\\\/c\\\/fit-in\\\/500x373\\\/filters:no_upscale()\\\/filters:strip_exif()\\\/koralle.jpg\",\"datePublished\":\"2023-06-21T14:32:55+00:00\",\"dateModified\":\"2023-09-25T16:12:35+00:00\",\"breadcrumb\":{\"@id\":\"https:\\\/\\\/www.tirolergoldschmied.it\\\/de\\\/koralle\\\/#breadcrumb\"},\"inLanguage\":\"de\",\"potentialAction\":[{\"@type\":\"ReadAction\",\"target\":[\"https:\\\/\\\/www.tirolergoldschmied.it\\\/de\\\/koralle\\\/\"]}]},{\"@type\":\"ImageObject\",\"inLanguage\":\"de\",\"@id\":\"https:\\\/\\\/www.tirolergoldschmied.it\\\/de\\\/koralle\\\/#primaryimage\",\"url\":\"https:\\\/\\\/static.tirolergoldschmied.it\\\/tirolergoldschmied2016_staging\\\/2023\\\/08\\\/94886\\\/c\\\/fit-in\\\/500x373\\\/filters:no_upscale()\\\/filters:strip_exif()\\\/koralle.jpg\",\"contentUrl\":\"https:\\\/\\\/static.tirolergoldschmied.it\\\/tirolergoldschmied2016_staging\\\/2023\\\/08\\\/94886\\\/c\\\/fit-in\\\/500x373\\\/filters:no_upscale()\\\/filters:strip_exif()\\\/koralle.jpg\"},{\"@type\":\"BreadcrumbList\",\"@id\":\"https:\\\/\\\/www.tirolergoldschmied.it\\\/de\\\/koralle\\\/#breadcrumb\",\"itemListElement\":[{\"@type\":\"ListItem\",\"position\":1,\"name\":\"Startseite\",\"item\":\"https:\\\/\\\/www.tirolergoldschmied.it\\\/de\\\/\"},{\"@type\":\"ListItem\",\"position\":2,\"name\":\"Koralle\"}]},{\"@type\":\"WebSite\",\"@id\":\"https:\\\/\\\/www.tirolergoldschmied.it\\\/de\\\/#website\",\"url\":\"https:\\\/\\\/www.tirolergoldschmied.it\\\/de\\\/\",\"name\":\"Tiroler Goldschmied\",\"description\":\"\",\"potentialAction\":[{\"@type\":\"SearchAction\",\"target\":{\"@type\":\"EntryPoint\",\"urlTemplate\":\"https:\\\/\\\/www.tirolergoldschmied.it\\\/de\\\/?s={search_term_string}\"},\"query-input\":{\"@type\":\"PropertyValueSpecification\",\"valueRequired\":true,\"valueName\":\"search_term_string\"}}],\"inLanguage\":\"de\"}]}<\/script>\n<!-- \/ Yoast SEO plugin. -->","yoast_head_json":{"title":"Koralle - Tiroler Goldschmied","robots":{"index":"index","follow":"follow","max-snippet":"max-snippet:-1","max-image-preview":"max-image-preview:large","max-video-preview":"max-video-preview:-1"},"canonical":"https:\/\/www.tirolergoldschmied.it\/de\/koralle\/","og_locale":"de_DE","og_type":"article","og_title":"Koralle - Tiroler Goldschmied","og_description":"Korallen entstehen ausschlie\u00dflich auf dem Meeresgrund. Kolonien von kleinsten Polypen bauen aus Kalksubstanzen ast\u00e4hnliche Gebilde, welche zwischen 5 und 30 ...","og_url":"https:\/\/www.tirolergoldschmied.it\/de\/koralle\/","og_site_name":"Tiroler Goldschmied","article_modified_time":"2023-09-25T16:12:35+00:00","og_image":[{"url":"https:\/\/static.tirolergoldschmied.it\/tirolergoldschmied2016_staging\/2023\/08\/94886\/c\/fit-in\/500x373\/filters:no_upscale()\/filters:strip_exif()\/koralle.jpg","type":"","width":"","height":""}],"twitter_card":"summary_large_image","twitter_misc":{"Gesch\u00e4tzte Lesezeit":"3\u00a0Minuten"},"schema":{"@context":"https:\/\/schema.org","@graph":[{"@type":"WebPage","@id":"https:\/\/www.tirolergoldschmied.it\/de\/koralle\/","url":"https:\/\/www.tirolergoldschmied.it\/de\/koralle\/","name":"Koralle - Tiroler Goldschmied","isPartOf":{"@id":"https:\/\/www.tirolergoldschmied.it\/de\/#website"},"primaryImageOfPage":{"@id":"https:\/\/www.tirolergoldschmied.it\/de\/koralle\/#primaryimage"},"image":{"@id":"https:\/\/www.tirolergoldschmied.it\/de\/koralle\/#primaryimage"},"thumbnailUrl":"https:\/\/static.tirolergoldschmied.it\/tirolergoldschmied2016_staging\/2023\/08\/94886\/c\/fit-in\/500x373\/filters:no_upscale()\/filters:strip_exif()\/koralle.jpg","datePublished":"2023-06-21T14:32:55+00:00","dateModified":"2023-09-25T16:12:35+00:00","breadcrumb":{"@id":"https:\/\/www.tirolergoldschmied.it\/de\/koralle\/#breadcrumb"},"inLanguage":"de","potentialAction":[{"@type":"ReadAction","target":["https:\/\/www.tirolergoldschmied.it\/de\/koralle\/"]}]},{"@type":"ImageObject","inLanguage":"de","@id":"https:\/\/www.tirolergoldschmied.it\/de\/koralle\/#primaryimage","url":"https:\/\/static.tirolergoldschmied.it\/tirolergoldschmied2016_staging\/2023\/08\/94886\/c\/fit-in\/500x373\/filters:no_upscale()\/filters:strip_exif()\/koralle.jpg","contentUrl":"https:\/\/static.tirolergoldschmied.it\/tirolergoldschmied2016_staging\/2023\/08\/94886\/c\/fit-in\/500x373\/filters:no_upscale()\/filters:strip_exif()\/koralle.jpg"},{"@type":"BreadcrumbList","@id":"https:\/\/www.tirolergoldschmied.it\/de\/koralle\/#breadcrumb","itemListElement":[{"@type":"ListItem","position":1,"name":"Startseite","item":"https:\/\/www.tirolergoldschmied.it\/de\/"},{"@type":"ListItem","position":2,"name":"Koralle"}]},{"@type":"WebSite","@id":"https:\/\/www.tirolergoldschmied.it\/de\/#website","url":"https:\/\/www.tirolergoldschmied.it\/de\/","name":"Tiroler Goldschmied","description":"","potentialAction":[{"@type":"SearchAction","target":{"@type":"EntryPoint","urlTemplate":"https:\/\/www.tirolergoldschmied.it\/de\/?s={search_term_string}"},"query-input":{"@type":"PropertyValueSpecification","valueRequired":true,"valueName":"search_term_string"}}],"inLanguage":"de"}]}},"_links":{"self":[{"href":"https:\/\/www.tirolergoldschmied.it\/de\/wp-json\/wp\/v2\/pages\/92401","targetHints":{"allow":["GET"]}}],"collection":[{"href":"https:\/\/www.tirolergoldschmied.it\/de\/wp-json\/wp\/v2\/pages"}],"about":[{"href":"https:\/\/www.tirolergoldschmied.it\/de\/wp-json\/wp\/v2\/types\/page"}],"author":[{"embeddable":true,"href":"https:\/\/www.tirolergoldschmied.it\/de\/wp-json\/wp\/v2\/users\/1"}],"replies":[{"embeddable":true,"href":"https:\/\/www.tirolergoldschmied.it\/de\/wp-json\/wp\/v2\/comments?post=92401"}],"version-history":[{"count":9,"href":"https:\/\/www.tirolergoldschmied.it\/de\/wp-json\/wp\/v2\/pages\/92401\/revisions"}],"predecessor-version":[{"id":97649,"href":"https:\/\/www.tirolergoldschmied.it\/de\/wp-json\/wp\/v2\/pages\/92401\/revisions\/97649"}],"wp:attachment":[{"href":"https:\/\/www.tirolergoldschmied.it\/de\/wp-json\/wp\/v2\/media?parent=92401"}],"curies":[{"name":"wp","href":"https:\/\/api.w.org\/{rel}","templated":true}]}}