{"id":92409,"date":"2023-06-21T16:48:20","date_gmt":"2023-06-21T14:48:20","guid":{"rendered":"https:\/\/www.tirolergoldschmied.it\/?page_id=92409"},"modified":"2023-09-28T11:17:12","modified_gmt":"2023-09-28T09:17:12","slug":"zertifikat","status":"publish","type":"page","link":"https:\/\/www.tirolergoldschmied.it\/de\/zertifikat\/","title":{"rendered":"Zertifikat"},"content":{"rendered":"<p><a href=\"https:\/\/static.tirolergoldschmied.it\/39543ca551be492a\/2023\/06\/92410\/c\/fit-in\/0x0\/filters:no_upscale()\/filters:strip_exif()\/zertifikat.jpg\"><img loading=\"lazy\" decoding=\"async\" class=\"size-wf_square_500_500 wp-image-92410 alignright\" src=\"https:\/\/static.tirolergoldschmied.it\/39543ca551be492a\/2023\/06\/92410\/c\/fit-in\/500x373\/filters:no_upscale()\/filters:strip_exif()\/zertifikat.jpg\" alt=\"\" width=\"500\" height=\"373\" data-headline=\"zertifikat\" srcset=\"https:\/\/static.tirolergoldschmied.it\/39543ca551be492a\/2023\/06\/92410\/c\/fit-in\/300x224\/filters:no_upscale()\/filters:strip_exif()\/zertifikat.jpg 300w, https:\/\/static.tirolergoldschmied.it\/39543ca551be492a\/2023\/06\/92410\/c\/fit-in\/107x80\/filters:no_upscale()\/filters:strip_exif()\/zertifikat.jpg 107w, https:\/\/static.tirolergoldschmied.it\/39543ca551be492a\/2023\/06\/92410\/c\/fit-in\/350x261\/filters:no_upscale()\/filters:strip_exif()\/zertifikat.jpg 350w, https:\/\/static.tirolergoldschmied.it\/39543ca551be492a\/2023\/06\/92410\/c\/fit-in\/400x298\/filters:no_upscale()\/filters:strip_exif()\/zertifikat.jpg 400w, https:\/\/static.tirolergoldschmied.it\/39543ca551be492a\/2023\/06\/92410\/c\/fit-in\/80x60\/filters:no_upscale()\/filters:strip_exif()\/zertifikat.jpg 80w, https:\/\/static.tirolergoldschmied.it\/39543ca551be492a\/2023\/06\/92410\/c\/fit-in\/245x183\/filters:no_upscale()\/filters:strip_exif()\/zertifikat.jpg 245w, https:\/\/static.tirolergoldschmied.it\/39543ca551be492a\/2023\/06\/92410\/c\/fit-in\/100x75\/filters:no_upscale()\/filters:strip_exif()\/zertifikat.jpg 100w, https:\/\/static.tirolergoldschmied.it\/39543ca551be492a\/2023\/06\/92410\/c\/fit-in\/500x373\/filters:no_upscale()\/filters:strip_exif()\/zertifikat.jpg 500w\" sizes=\"(max-width: 500px) 100vw, 500px\" \/><\/a>Auf dem Zertifikat stehen alle wichtigen Daten zu Ihrem Schmuckst\u00fcck:<br \/>\nModell, Artikelnummer, Legierung, Besatz, Carat, Qualit\u00e4t, Preis, Kaufdatum und Beratung vom Schmuckst\u00fcck.<\/p>\n<p>Das Schmuckst\u00fcck sollte immer getrennt vom Zertifikat aufbewahrt werden, da es im Falle eines Diebstahls als Besitznachweis f\u00fcr Versicherungen dienen kann. Au\u00dferdem gilt das Zertifikat auch als Garantieschein.<\/p>\n<div class=\"berocket_ww_container\">\r\n    <div class=\"berocket_ww_empty\">\r\n        <p>Die Dreambox ist leer.<\/p>\r\n    <\/div>\r\n<\/div>\r\n<script>\r\njQuery('.berocket_ww_container').each( function( i, o ) {\r\n    if ( jQuery(o).height() + 20 < jQuery(o).find('.berocket_ww_ul_container').height() && jQuery(o).find('.berocket_ww_show_all').length ) {\r\n        jQuery(o).find('.berocket_ww_show_all').show();\r\n    } else if( ! jQuery(o).find('.berocket_ww_show_all').length ) {\r\n        var $scroll_block = jQuery(o).find('.berocket_ww_list');\r\n        $scroll_block.css( {maxHeight: 'initial'} );\r\n    }\r\n});\r\n<\/script>\r\n","protected":false},"excerpt":{"rendered":"<p>Auf dem Zertifikat stehen alle wichtigen Daten zu Ihrem Schmuckst\u00fcck: Modell, Artikelnummer, Legierung, Besatz, Carat, Qualit\u00e4t, Preis, Kaufdatum und Beratung &#8230;<\/p>\n","protected":false},"author":1,"featured_media":0,"parent":0,"menu_order":0,"comment_status":"closed","ping_status":"closed","template":"","meta":{"_acf_changed":false,"footnotes":""},"acf":[],"yoast_head":"<!-- This site is optimized with the Yoast SEO plugin v22.5 - https:\/\/yoast.com\/wordpress\/plugins\/seo\/ -->\n<title>Zertifikat - Tiroler Goldschmied<\/title>\n<meta name=\"robots\" content=\"index, follow, max-snippet:-1, max-image-preview:large, max-video-preview:-1\" \/>\n<link rel=\"canonical\" href=\"https:\/\/www.tirolergoldschmied.it\/de\/zertifikat\/\" \/>\n<meta property=\"og:locale\" content=\"de_DE\" \/>\n<meta property=\"og:type\" content=\"article\" \/>\n<meta property=\"og:title\" content=\"Zertifikat - Tiroler Goldschmied\" \/>\n<meta property=\"og:description\" content=\"Auf dem Zertifikat stehen alle wichtigen Daten zu Ihrem Schmuckst\u00fcck: Modell, Artikelnummer, Legierung, Besatz, Carat, Qualit\u00e4t, Preis, Kaufdatum und Beratung ...\" \/>\n<meta property=\"og:url\" content=\"https:\/\/www.tirolergoldschmied.it\/de\/zertifikat\/\" \/>\n<meta property=\"og:site_name\" content=\"Tiroler Goldschmied\" \/>\n<meta property=\"article:modified_time\" content=\"2023-09-28T09:17:12+00:00\" \/>\n<meta property=\"og:image\" content=\"https:\/\/static.tirolergoldschmied.it\/39543ca551be492a\/2023\/06\/92410\/c\/fit-in\/500x373\/filters:no_upscale()\/filters:strip_exif()\/zertifikat.jpg\" \/>\n<meta name=\"twitter:card\" content=\"summary_large_image\" \/>\n<meta name=\"twitter:label1\" content=\"Gesch\u00e4tzte Lesezeit\" \/>\n\t<meta name=\"twitter:data1\" content=\"1\u00a0Minute\" \/>\n<script type=\"application\/ld+json\" class=\"yoast-schema-graph\">{\"@context\":\"https:\/\/schema.org\",\"@graph\":[{\"@type\":\"WebPage\",\"@id\":\"https:\/\/www.tirolergoldschmied.it\/de\/zertifikat\/\",\"url\":\"https:\/\/www.tirolergoldschmied.it\/de\/zertifikat\/\",\"name\":\"Zertifikat - Tiroler Goldschmied\",\"isPartOf\":{\"@id\":\"https:\/\/www.tirolergoldschmied.it\/de\/#website\"},\"primaryImageOfPage\":{\"@id\":\"https:\/\/www.tirolergoldschmied.it\/de\/zertifikat\/#primaryimage\"},\"image\":{\"@id\":\"https:\/\/www.tirolergoldschmied.it\/de\/zertifikat\/#primaryimage\"},\"thumbnailUrl\":\"https:\/\/static.tirolergoldschmied.it\/39543ca551be492a\/2023\/06\/92410\/c\/fit-in\/500x373\/filters:no_upscale()\/filters:strip_exif()\/zertifikat.jpg\",\"datePublished\":\"2023-06-21T14:48:20+00:00\",\"dateModified\":\"2023-09-28T09:17:12+00:00\",\"breadcrumb\":{\"@id\":\"https:\/\/www.tirolergoldschmied.it\/de\/zertifikat\/#breadcrumb\"},\"inLanguage\":\"de\",\"potentialAction\":[{\"@type\":\"ReadAction\",\"target\":[\"https:\/\/www.tirolergoldschmied.it\/de\/zertifikat\/\"]}]},{\"@type\":\"ImageObject\",\"inLanguage\":\"de\",\"@id\":\"https:\/\/www.tirolergoldschmied.it\/de\/zertifikat\/#primaryimage\",\"url\":\"https:\/\/static.tirolergoldschmied.it\/39543ca551be492a\/2023\/06\/92410\/c\/fit-in\/500x373\/filters:no_upscale()\/filters:strip_exif()\/zertifikat.jpg\",\"contentUrl\":\"https:\/\/static.tirolergoldschmied.it\/39543ca551be492a\/2023\/06\/92410\/c\/fit-in\/500x373\/filters:no_upscale()\/filters:strip_exif()\/zertifikat.jpg\"},{\"@type\":\"BreadcrumbList\",\"@id\":\"https:\/\/www.tirolergoldschmied.it\/de\/zertifikat\/#breadcrumb\",\"itemListElement\":[{\"@type\":\"ListItem\",\"position\":1,\"name\":\"Startseite\",\"item\":\"https:\/\/www.tirolergoldschmied.it\/de\/\"},{\"@type\":\"ListItem\",\"position\":2,\"name\":\"Zertifikat\"}]},{\"@type\":\"WebSite\",\"@id\":\"https:\/\/www.tirolergoldschmied.it\/de\/#website\",\"url\":\"https:\/\/www.tirolergoldschmied.it\/de\/\",\"name\":\"Tiroler Goldschmied\",\"description\":\"\",\"potentialAction\":[{\"@type\":\"SearchAction\",\"target\":{\"@type\":\"EntryPoint\",\"urlTemplate\":\"https:\/\/www.tirolergoldschmied.it\/de\/?s={search_term_string}\"},\"query-input\":\"required name=search_term_string\"}],\"inLanguage\":\"de\"}]}<\/script>\n<!-- \/ Yoast SEO plugin. -->","yoast_head_json":{"title":"Zertifikat - Tiroler Goldschmied","robots":{"index":"index","follow":"follow","max-snippet":"max-snippet:-1","max-image-preview":"max-image-preview:large","max-video-preview":"max-video-preview:-1"},"canonical":"https:\/\/www.tirolergoldschmied.it\/de\/zertifikat\/","og_locale":"de_DE","og_type":"article","og_title":"Zertifikat - Tiroler Goldschmied","og_description":"Auf dem Zertifikat stehen alle wichtigen Daten zu Ihrem Schmuckst\u00fcck: Modell, Artikelnummer, Legierung, Besatz, Carat, Qualit\u00e4t, Preis, Kaufdatum und Beratung ...","og_url":"https:\/\/www.tirolergoldschmied.it\/de\/zertifikat\/","og_site_name":"Tiroler Goldschmied","article_modified_time":"2023-09-28T09:17:12+00:00","og_image":[{"url":"https:\/\/static.tirolergoldschmied.it\/39543ca551be492a\/2023\/06\/92410\/c\/fit-in\/500x373\/filters:no_upscale()\/filters:strip_exif()\/zertifikat.jpg"}],"twitter_card":"summary_large_image","twitter_misc":{"Gesch\u00e4tzte Lesezeit":"1\u00a0Minute"},"schema":{"@context":"https:\/\/schema.org","@graph":[{"@type":"WebPage","@id":"https:\/\/www.tirolergoldschmied.it\/de\/zertifikat\/","url":"https:\/\/www.tirolergoldschmied.it\/de\/zertifikat\/","name":"Zertifikat - Tiroler Goldschmied","isPartOf":{"@id":"https:\/\/www.tirolergoldschmied.it\/de\/#website"},"primaryImageOfPage":{"@id":"https:\/\/www.tirolergoldschmied.it\/de\/zertifikat\/#primaryimage"},"image":{"@id":"https:\/\/www.tirolergoldschmied.it\/de\/zertifikat\/#primaryimage"},"thumbnailUrl":"https:\/\/static.tirolergoldschmied.it\/39543ca551be492a\/2023\/06\/92410\/c\/fit-in\/500x373\/filters:no_upscale()\/filters:strip_exif()\/zertifikat.jpg","datePublished":"2023-06-21T14:48:20+00:00","dateModified":"2023-09-28T09:17:12+00:00","breadcrumb":{"@id":"https:\/\/www.tirolergoldschmied.it\/de\/zertifikat\/#breadcrumb"},"inLanguage":"de","potentialAction":[{"@type":"ReadAction","target":["https:\/\/www.tirolergoldschmied.it\/de\/zertifikat\/"]}]},{"@type":"ImageObject","inLanguage":"de","@id":"https:\/\/www.tirolergoldschmied.it\/de\/zertifikat\/#primaryimage","url":"https:\/\/static.tirolergoldschmied.it\/39543ca551be492a\/2023\/06\/92410\/c\/fit-in\/500x373\/filters:no_upscale()\/filters:strip_exif()\/zertifikat.jpg","contentUrl":"https:\/\/static.tirolergoldschmied.it\/39543ca551be492a\/2023\/06\/92410\/c\/fit-in\/500x373\/filters:no_upscale()\/filters:strip_exif()\/zertifikat.jpg"},{"@type":"BreadcrumbList","@id":"https:\/\/www.tirolergoldschmied.it\/de\/zertifikat\/#breadcrumb","itemListElement":[{"@type":"ListItem","position":1,"name":"Startseite","item":"https:\/\/www.tirolergoldschmied.it\/de\/"},{"@type":"ListItem","position":2,"name":"Zertifikat"}]},{"@type":"WebSite","@id":"https:\/\/www.tirolergoldschmied.it\/de\/#website","url":"https:\/\/www.tirolergoldschmied.it\/de\/","name":"Tiroler Goldschmied","description":"","potentialAction":[{"@type":"SearchAction","target":{"@type":"EntryPoint","urlTemplate":"https:\/\/www.tirolergoldschmied.it\/de\/?s={search_term_string}"},"query-input":"required name=search_term_string"}],"inLanguage":"de"}]}},"_links":{"self":[{"href":"https:\/\/www.tirolergoldschmied.it\/de\/wp-json\/wp\/v2\/pages\/92409"}],"collection":[{"href":"https:\/\/www.tirolergoldschmied.it\/de\/wp-json\/wp\/v2\/pages"}],"about":[{"href":"https:\/\/www.tirolergoldschmied.it\/de\/wp-json\/wp\/v2\/types\/page"}],"author":[{"embeddable":true,"href":"https:\/\/www.tirolergoldschmied.it\/de\/wp-json\/wp\/v2\/users\/1"}],"replies":[{"embeddable":true,"href":"https:\/\/www.tirolergoldschmied.it\/de\/wp-json\/wp\/v2\/comments?post=92409"}],"version-history":[{"count":3,"href":"https:\/\/www.tirolergoldschmied.it\/de\/wp-json\/wp\/v2\/pages\/92409\/revisions"}],"predecessor-version":[{"id":97176,"href":"https:\/\/www.tirolergoldschmied.it\/de\/wp-json\/wp\/v2\/pages\/92409\/revisions\/97176"}],"wp:attachment":[{"href":"https:\/\/www.tirolergoldschmied.it\/de\/wp-json\/wp\/v2\/media?parent=92409"}],"curies":[{"name":"wp","href":"https:\/\/api.w.org\/{rel}","templated":true}]}}