{"id":92414,"date":"2023-06-21T16:50:16","date_gmt":"2023-06-21T14:50:16","guid":{"rendered":"https:\/\/www.tirolergoldschmied.it\/?page_id=92414"},"modified":"2023-09-18T12:25:17","modified_gmt":"2023-09-18T10:25:17","slug":"gravur","status":"publish","type":"page","link":"https:\/\/www.tirolergoldschmied.it\/de\/gravur\/","title":{"rendered":"Gravur"},"content":{"rendered":"<p><strong><a href=\"https:\/\/static.tirolergoldschmied.it\/tirolergoldschmied2016_staging\/2023\/08\/94909\/c\/fit-in\/0x0\/filters:no_upscale()\/filters:strip_exif()\/gravur.jpg\"><img loading=\"lazy\" decoding=\"async\" class=\"size-wf_square_500_500 wp-image-94909 alignright\" src=\"https:\/\/static.tirolergoldschmied.it\/tirolergoldschmied2016_staging\/2023\/08\/94909\/c\/fit-in\/500x373\/filters:no_upscale()\/filters:strip_exif()\/gravur.jpg\" alt=\"\" width=\"500\" height=\"373\" data-headline=\"gravur\" srcset=\"https:\/\/static.tirolergoldschmied.it\/39543ca551be492a\/2023\/08\/94909\/c\/fit-in\/300x224\/filters:no_upscale()\/filters:strip_exif()\/gravur.jpg 300w, https:\/\/static.tirolergoldschmied.it\/39543ca551be492a\/2023\/08\/94909\/c\/fit-in\/107x80\/filters:no_upscale()\/filters:strip_exif()\/gravur.jpg 107w, https:\/\/static.tirolergoldschmied.it\/39543ca551be492a\/2023\/08\/94909\/c\/fit-in\/350x261\/filters:no_upscale()\/filters:strip_exif()\/gravur.jpg 350w, https:\/\/static.tirolergoldschmied.it\/39543ca551be492a\/2023\/08\/94909\/c\/fit-in\/400x298\/filters:no_upscale()\/filters:strip_exif()\/gravur.jpg 400w, https:\/\/static.tirolergoldschmied.it\/39543ca551be492a\/2023\/08\/94909\/c\/fit-in\/80x60\/filters:no_upscale()\/filters:strip_exif()\/gravur.jpg 80w, https:\/\/static.tirolergoldschmied.it\/39543ca551be492a\/2023\/08\/94909\/c\/fit-in\/245x183\/filters:no_upscale()\/filters:strip_exif()\/gravur.jpg 245w, https:\/\/static.tirolergoldschmied.it\/39543ca551be492a\/2023\/08\/94909\/c\/fit-in\/100x75\/filters:no_upscale()\/filters:strip_exif()\/gravur.jpg 100w, https:\/\/static.tirolergoldschmied.it\/tirolergoldschmied2016_staging\/2023\/08\/94909\/c\/fit-in\/500x373\/filters:no_upscale()\/filters:strip_exif()\/gravur.jpg 500w\" sizes=\"auto, (max-width: 500px) 100vw, 500px\" \/><\/a>Die Welt der Symbole<br \/>\n<\/strong>Alle gew\u00fcnschten Gravuren werden in unserem hauseigenen Atelier in S\u00fcdtirol mittels Laser eingraviert. Auf Wunsch k\u00f6nnen wir auch besondere Symbole, kleine Liebesbotschaften, Spr\u00fcche, Zeichnungen, Fingerabdr\u00fccke, Handabdr\u00fccke, Fu\u00dfabdr\u00fccke oder die pers\u00f6nliche Handschrift eingravieren. Schicken Sie uns hierf\u00fcr eine Anfrage an: <strong><a href=\"mailto:shop@tirolergoldschmied.it\">shop@tirolergoldschmied.it<\/a><\/strong><\/p>\n<p>Sollten Sie einen bereits gravierten Ring umtauschen oder zur\u00fcckgeben wollen, so wird lediglich ein Kostenaufwand von 35 \u20ac verrechnet. Alle anderen personalisierten Schmuckst\u00fccke sind von der R\u00fcckgabe und Umtausch ausgeschlossen, allerdings kann man die Ketten- und Armbandl\u00e4nge kostenlos k\u00fcrzen lassen.<\/p>\n<p><strong><br \/>\nRinggravur<\/strong><br \/>\nF\u00fcr die Ringgravur k\u00f6nnen max. 25 Zeichen verwendet werden. Au\u00dferdem stehen 3 Symbole zur Auswahl: Herz, Eheringe, Unendlichkeitssymbol. Es kann eine Serifenschrift gew\u00e4hlt werden, aber auch eine serifenlose Schrift oder Schreibschrift stehen zur Verf\u00fcgung.<\/p>\n<div><a href=\"https:\/\/static.tirolergoldschmied.it\/tirolergoldschmied2016_staging\/2023\/08\/94918\/c\/fit-in\/0x0\/filters:no_upscale()\/filters:strip_exif()\/ringgravur.jpg\"><img loading=\"lazy\" decoding=\"async\" class=\"alignnone size-medium wp-image-94918\" src=\"https:\/\/static.tirolergoldschmied.it\/tirolergoldschmied2016_staging\/2023\/08\/94918\/c\/fit-in\/300x43\/filters:no_upscale()\/filters:strip_exif()\/ringgravur.jpg\" alt=\"\" width=\"300\" height=\"43\" data-headline=\"ringgravur\" srcset=\"https:\/\/static.tirolergoldschmied.it\/39543ca551be492a\/2023\/08\/94918\/c\/fit-in\/245x35\/filters:no_upscale()\/filters:strip_exif()\/ringgravur.jpg 245w, https:\/\/static.tirolergoldschmied.it\/39543ca551be492a\/2023\/08\/94918\/c\/fit-in\/100x14\/filters:no_upscale()\/filters:strip_exif()\/ringgravur.jpg 100w, https:\/\/static.tirolergoldschmied.it\/tirolergoldschmied2016_staging\/2023\/08\/94918\/c\/fit-in\/300x43\/filters:no_upscale()\/filters:strip_exif()\/ringgravur.jpg 300w\" sizes=\"auto, (max-width: 300px) 100vw, 300px\" \/><\/a><\/div>\n<p><strong><br \/>\nGravur f\u00fcr Anh\u00e4nger und Armb\u00e4nder mit Amulettes<\/strong><br \/>\nF\u00fcr die Gravur der Anh\u00e4nger und Amulette k\u00f6nnen max. 10 Zeichen verwendet werden. Au\u00dferdem stehen 9 Symbole zur Auswahl: Herz, Doppelherz, Unendlichkeitssymbol, Eheringe, Blume, Engel, Stern, Gl\u00fccksklee, Blume des Lebens. Es kann eine Serifenschrift gew\u00e4hlt werden, aber auch eine serifenlose Schrift oder Schreibschrift stehen zur Verf\u00fcgung.<\/p>\n<div>\n<p><a href=\"https:\/\/static.tirolergoldschmied.it\/tirolergoldschmied2016_staging\/2023\/05\/92421\/c\/fit-in\/0x0\/filters:no_upscale()\/filters:strip_exif()\/gravur-1.jpg\"><img loading=\"lazy\" decoding=\"async\" class=\"alignnone size-wf_square_750_750 wp-image-92421\" src=\"https:\/\/static.tirolergoldschmied.it\/tirolergoldschmied2016_staging\/2023\/05\/92421\/c\/fit-in\/750x58\/filters:no_upscale()\/filters:strip_exif()\/gravur-1.jpg\" alt=\"\" width=\"640\" height=\"49\" data-headline=\"gravur-1\" srcset=\"https:\/\/static.tirolergoldschmied.it\/39543ca551be492a\/2023\/05\/92421\/c\/fit-in\/245x19\/filters:no_upscale()\/filters:strip_exif()\/gravur-1.jpg 245w, https:\/\/static.tirolergoldschmied.it\/39543ca551be492a\/2023\/05\/92421\/c\/fit-in\/600x46\/filters:no_upscale()\/filters:strip_exif()\/gravur-1.jpg 600w, https:\/\/static.tirolergoldschmied.it\/39543ca551be492a\/2023\/05\/92421\/c\/fit-in\/100x8\/filters:no_upscale()\/filters:strip_exif()\/gravur-1.jpg 100w, https:\/\/static.tirolergoldschmied.it\/tirolergoldschmied2016_staging\/2023\/05\/92421\/c\/fit-in\/750x58\/filters:no_upscale()\/filters:strip_exif()\/gravur-1.jpg 750w\" sizes=\"auto, (max-width: 640px) 100vw, 640px\" \/><\/a><\/p>\n<p><strong><br \/>\nPersonalisierte Gravur oder andere Symbole<\/strong><br \/>\nDie personalisierte Gravur ist individuelles Zeichen inniger Verbundenheit. Originalgetreu k\u00f6nnen pers\u00f6nliche Handschrift, kleine Kunstwerke wie ein Finger-, Hand- oder Fu\u00dfabdruck \u00fcbertragen und graviert werden.<\/p>\n<\/div>\n<div class=\"engraving\">\n<div class=\"engraving-extra\">\n<div class=\"box\"><\/div>\n<div><a href=\"https:\/\/static.tirolergoldschmied.it\/tirolergoldschmied2016_staging\/2023\/06\/92424\/c\/fit-in\/0x0\/filters:no_upscale()\/filters:strip_exif()\/pers_gravur.png\"><img loading=\"lazy\" decoding=\"async\" class=\"alignnone wp-image-92424\" src=\"https:\/\/static.tirolergoldschmied.it\/tirolergoldschmied2016_staging\/2023\/06\/92424\/c\/fit-in\/300x59\/filters:no_upscale()\/filters:strip_exif()\/pers_gravur.png\" alt=\"\" width=\"250\" height=\"49\" data-headline=\"pers_gravur\" srcset=\"https:\/\/static.tirolergoldschmied.it\/39543ca551be492a\/2023\/06\/92424\/c\/fit-in\/245x48\/filters:no_upscale()\/filters:strip_exif()\/pers_gravur.png 245w, https:\/\/static.tirolergoldschmied.it\/39543ca551be492a\/2023\/06\/92424\/c\/fit-in\/100x20\/filters:no_upscale()\/filters:strip_exif()\/pers_gravur.png 100w, https:\/\/static.tirolergoldschmied.it\/tirolergoldschmied2016_staging\/2023\/06\/92424\/c\/fit-in\/300x59\/filters:no_upscale()\/filters:strip_exif()\/pers_gravur.png 300w\" sizes=\"auto, (max-width: 250px) 100vw, 250px\" \/><\/a><\/div>\n<\/div>\n<\/div>\n<p>Schauen Sie sich dazu unsere Videos an, wie man den <a href=\"https:\/\/www.tirolergoldschmied.it\/de\/wie-mache-ich-einen-fingerabdruck\/\"><strong>perfekten Fingerabdruck<\/strong><\/a>, <strong><a href=\"https:\/\/www.tirolergoldschmied.it\/de\/wie-mache-ich-einen-hand-oder-fussabdruck\/\">Hand- oder Fu\u00dfabdruck<\/a><\/strong> f\u00fcr die Lasergravur selbst von Zuhause aus macht!<\/p>\n<div class=\"berocket_ww_container\">\r\n    <div class=\"berocket_ww_empty\">\r\n        <p>Die Dreambox ist leer.<\/p>\r\n    <\/div>\r\n<\/div>\r\n<script>\r\njQuery('.berocket_ww_container').each( function( i, o ) {\r\n    if ( jQuery(o).height() + 20 < jQuery(o).find('.berocket_ww_ul_container').height() && jQuery(o).find('.berocket_ww_show_all').length ) {\r\n        jQuery(o).find('.berocket_ww_show_all').show();\r\n    } else if( ! jQuery(o).find('.berocket_ww_show_all').length ) {\r\n        var $scroll_block = jQuery(o).find('.berocket_ww_list');\r\n        $scroll_block.css( {maxHeight: 'initial'} );\r\n    }\r\n});\r\n<\/script>\r\n","protected":false},"excerpt":{"rendered":"<p>Die Welt der Symbole Alle gew\u00fcnschten Gravuren werden in unserem hauseigenen Atelier in S\u00fcdtirol mittels Laser eingraviert. Auf Wunsch k\u00f6nnen &#8230;<\/p>\n","protected":false},"author":1,"featured_media":0,"parent":0,"menu_order":0,"comment_status":"closed","ping_status":"closed","template":"","meta":{"_acf_changed":false,"footnotes":""},"class_list":["post-92414","page","type-page","status-publish","hentry"],"acf":[],"yoast_head":"<!-- This site is optimized with the Yoast SEO plugin v27.4 - https:\/\/yoast.com\/product\/yoast-seo-wordpress\/ -->\n<title>Gravur - Tiroler Goldschmied<\/title>\n<meta name=\"robots\" content=\"index, follow, max-snippet:-1, max-image-preview:large, max-video-preview:-1\" \/>\n<link rel=\"canonical\" href=\"https:\/\/www.tirolergoldschmied.it\/de\/gravur\/\" \/>\n<meta property=\"og:locale\" content=\"de_DE\" \/>\n<meta property=\"og:type\" content=\"article\" \/>\n<meta property=\"og:title\" content=\"Gravur - Tiroler Goldschmied\" \/>\n<meta property=\"og:description\" content=\"Die Welt der Symbole Alle gew\u00fcnschten Gravuren werden in unserem hauseigenen Atelier in S\u00fcdtirol mittels Laser eingraviert. Auf Wunsch k\u00f6nnen ...\" \/>\n<meta property=\"og:url\" content=\"https:\/\/www.tirolergoldschmied.it\/de\/gravur\/\" \/>\n<meta property=\"og:site_name\" content=\"Tiroler Goldschmied\" \/>\n<meta property=\"article:modified_time\" content=\"2023-09-18T10:25:17+00:00\" \/>\n<meta property=\"og:image\" content=\"https:\/\/static.tirolergoldschmied.it\/tirolergoldschmied2016_staging\/2023\/08\/94909\/c\/fit-in\/500x373\/filters:no_upscale()\/filters:strip_exif()\/gravur.jpg\" \/>\n<meta name=\"twitter:card\" content=\"summary_large_image\" \/>\n<meta name=\"twitter:label1\" content=\"Gesch\u00e4tzte Lesezeit\" \/>\n\t<meta name=\"twitter:data1\" content=\"3\u00a0Minuten\" \/>\n<script type=\"application\/ld+json\" class=\"yoast-schema-graph\">{\"@context\":\"https:\\\/\\\/schema.org\",\"@graph\":[{\"@type\":\"WebPage\",\"@id\":\"https:\\\/\\\/www.tirolergoldschmied.it\\\/de\\\/gravur\\\/\",\"url\":\"https:\\\/\\\/www.tirolergoldschmied.it\\\/de\\\/gravur\\\/\",\"name\":\"Gravur - Tiroler Goldschmied\",\"isPartOf\":{\"@id\":\"https:\\\/\\\/www.tirolergoldschmied.it\\\/de\\\/#website\"},\"primaryImageOfPage\":{\"@id\":\"https:\\\/\\\/www.tirolergoldschmied.it\\\/de\\\/gravur\\\/#primaryimage\"},\"image\":{\"@id\":\"https:\\\/\\\/www.tirolergoldschmied.it\\\/de\\\/gravur\\\/#primaryimage\"},\"thumbnailUrl\":\"https:\\\/\\\/static.tirolergoldschmied.it\\\/tirolergoldschmied2016_staging\\\/2023\\\/08\\\/94909\\\/c\\\/fit-in\\\/500x373\\\/filters:no_upscale()\\\/filters:strip_exif()\\\/gravur.jpg\",\"datePublished\":\"2023-06-21T14:50:16+00:00\",\"dateModified\":\"2023-09-18T10:25:17+00:00\",\"breadcrumb\":{\"@id\":\"https:\\\/\\\/www.tirolergoldschmied.it\\\/de\\\/gravur\\\/#breadcrumb\"},\"inLanguage\":\"de\",\"potentialAction\":[{\"@type\":\"ReadAction\",\"target\":[\"https:\\\/\\\/www.tirolergoldschmied.it\\\/de\\\/gravur\\\/\"]}]},{\"@type\":\"ImageObject\",\"inLanguage\":\"de\",\"@id\":\"https:\\\/\\\/www.tirolergoldschmied.it\\\/de\\\/gravur\\\/#primaryimage\",\"url\":\"https:\\\/\\\/static.tirolergoldschmied.it\\\/tirolergoldschmied2016_staging\\\/2023\\\/08\\\/94909\\\/c\\\/fit-in\\\/500x373\\\/filters:no_upscale()\\\/filters:strip_exif()\\\/gravur.jpg\",\"contentUrl\":\"https:\\\/\\\/static.tirolergoldschmied.it\\\/tirolergoldschmied2016_staging\\\/2023\\\/08\\\/94909\\\/c\\\/fit-in\\\/500x373\\\/filters:no_upscale()\\\/filters:strip_exif()\\\/gravur.jpg\"},{\"@type\":\"BreadcrumbList\",\"@id\":\"https:\\\/\\\/www.tirolergoldschmied.it\\\/de\\\/gravur\\\/#breadcrumb\",\"itemListElement\":[{\"@type\":\"ListItem\",\"position\":1,\"name\":\"Startseite\",\"item\":\"https:\\\/\\\/www.tirolergoldschmied.it\\\/de\\\/\"},{\"@type\":\"ListItem\",\"position\":2,\"name\":\"Gravur\"}]},{\"@type\":\"WebSite\",\"@id\":\"https:\\\/\\\/www.tirolergoldschmied.it\\\/de\\\/#website\",\"url\":\"https:\\\/\\\/www.tirolergoldschmied.it\\\/de\\\/\",\"name\":\"Tiroler Goldschmied\",\"description\":\"\",\"potentialAction\":[{\"@type\":\"SearchAction\",\"target\":{\"@type\":\"EntryPoint\",\"urlTemplate\":\"https:\\\/\\\/www.tirolergoldschmied.it\\\/de\\\/?s={search_term_string}\"},\"query-input\":{\"@type\":\"PropertyValueSpecification\",\"valueRequired\":true,\"valueName\":\"search_term_string\"}}],\"inLanguage\":\"de\"}]}<\/script>\n<!-- \/ Yoast SEO plugin. -->","yoast_head_json":{"title":"Gravur - Tiroler Goldschmied","robots":{"index":"index","follow":"follow","max-snippet":"max-snippet:-1","max-image-preview":"max-image-preview:large","max-video-preview":"max-video-preview:-1"},"canonical":"https:\/\/www.tirolergoldschmied.it\/de\/gravur\/","og_locale":"de_DE","og_type":"article","og_title":"Gravur - Tiroler Goldschmied","og_description":"Die Welt der Symbole Alle gew\u00fcnschten Gravuren werden in unserem hauseigenen Atelier in S\u00fcdtirol mittels Laser eingraviert. Auf Wunsch k\u00f6nnen ...","og_url":"https:\/\/www.tirolergoldschmied.it\/de\/gravur\/","og_site_name":"Tiroler Goldschmied","article_modified_time":"2023-09-18T10:25:17+00:00","og_image":[{"url":"https:\/\/static.tirolergoldschmied.it\/tirolergoldschmied2016_staging\/2023\/08\/94909\/c\/fit-in\/500x373\/filters:no_upscale()\/filters:strip_exif()\/gravur.jpg","type":"","width":"","height":""}],"twitter_card":"summary_large_image","twitter_misc":{"Gesch\u00e4tzte Lesezeit":"3\u00a0Minuten"},"schema":{"@context":"https:\/\/schema.org","@graph":[{"@type":"WebPage","@id":"https:\/\/www.tirolergoldschmied.it\/de\/gravur\/","url":"https:\/\/www.tirolergoldschmied.it\/de\/gravur\/","name":"Gravur - Tiroler Goldschmied","isPartOf":{"@id":"https:\/\/www.tirolergoldschmied.it\/de\/#website"},"primaryImageOfPage":{"@id":"https:\/\/www.tirolergoldschmied.it\/de\/gravur\/#primaryimage"},"image":{"@id":"https:\/\/www.tirolergoldschmied.it\/de\/gravur\/#primaryimage"},"thumbnailUrl":"https:\/\/static.tirolergoldschmied.it\/tirolergoldschmied2016_staging\/2023\/08\/94909\/c\/fit-in\/500x373\/filters:no_upscale()\/filters:strip_exif()\/gravur.jpg","datePublished":"2023-06-21T14:50:16+00:00","dateModified":"2023-09-18T10:25:17+00:00","breadcrumb":{"@id":"https:\/\/www.tirolergoldschmied.it\/de\/gravur\/#breadcrumb"},"inLanguage":"de","potentialAction":[{"@type":"ReadAction","target":["https:\/\/www.tirolergoldschmied.it\/de\/gravur\/"]}]},{"@type":"ImageObject","inLanguage":"de","@id":"https:\/\/www.tirolergoldschmied.it\/de\/gravur\/#primaryimage","url":"https:\/\/static.tirolergoldschmied.it\/tirolergoldschmied2016_staging\/2023\/08\/94909\/c\/fit-in\/500x373\/filters:no_upscale()\/filters:strip_exif()\/gravur.jpg","contentUrl":"https:\/\/static.tirolergoldschmied.it\/tirolergoldschmied2016_staging\/2023\/08\/94909\/c\/fit-in\/500x373\/filters:no_upscale()\/filters:strip_exif()\/gravur.jpg"},{"@type":"BreadcrumbList","@id":"https:\/\/www.tirolergoldschmied.it\/de\/gravur\/#breadcrumb","itemListElement":[{"@type":"ListItem","position":1,"name":"Startseite","item":"https:\/\/www.tirolergoldschmied.it\/de\/"},{"@type":"ListItem","position":2,"name":"Gravur"}]},{"@type":"WebSite","@id":"https:\/\/www.tirolergoldschmied.it\/de\/#website","url":"https:\/\/www.tirolergoldschmied.it\/de\/","name":"Tiroler Goldschmied","description":"","potentialAction":[{"@type":"SearchAction","target":{"@type":"EntryPoint","urlTemplate":"https:\/\/www.tirolergoldschmied.it\/de\/?s={search_term_string}"},"query-input":{"@type":"PropertyValueSpecification","valueRequired":true,"valueName":"search_term_string"}}],"inLanguage":"de"}]}},"_links":{"self":[{"href":"https:\/\/www.tirolergoldschmied.it\/de\/wp-json\/wp\/v2\/pages\/92414","targetHints":{"allow":["GET"]}}],"collection":[{"href":"https:\/\/www.tirolergoldschmied.it\/de\/wp-json\/wp\/v2\/pages"}],"about":[{"href":"https:\/\/www.tirolergoldschmied.it\/de\/wp-json\/wp\/v2\/types\/page"}],"author":[{"embeddable":true,"href":"https:\/\/www.tirolergoldschmied.it\/de\/wp-json\/wp\/v2\/users\/1"}],"replies":[{"embeddable":true,"href":"https:\/\/www.tirolergoldschmied.it\/de\/wp-json\/wp\/v2\/comments?post=92414"}],"version-history":[{"count":12,"href":"https:\/\/www.tirolergoldschmied.it\/de\/wp-json\/wp\/v2\/pages\/92414\/revisions"}],"predecessor-version":[{"id":97179,"href":"https:\/\/www.tirolergoldschmied.it\/de\/wp-json\/wp\/v2\/pages\/92414\/revisions\/97179"}],"wp:attachment":[{"href":"https:\/\/www.tirolergoldschmied.it\/de\/wp-json\/wp\/v2\/media?parent=92414"}],"curies":[{"name":"wp","href":"https:\/\/api.w.org\/{rel}","templated":true}]}}