{"id":92428,"date":"2023-06-21T16:57:36","date_gmt":"2023-06-21T14:57:36","guid":{"rendered":"https:\/\/www.tirolergoldschmied.it\/?page_id=92428"},"modified":"2023-08-24T14:32:53","modified_gmt":"2023-08-24T12:32:53","slug":"wie-mache-ich-einen-fingerabdruck","status":"publish","type":"page","link":"https:\/\/www.tirolergoldschmied.it\/de\/wie-mache-ich-einen-fingerabdruck\/","title":{"rendered":"Wie mache ich einen Fingerabdruck?"},"content":{"rendered":"<p><iframe loading=\"lazy\" title=\"Fingerabdruck\" width=\"640\" height=\"360\" src=\"https:\/\/www.youtube.com\/embed\/Lpu-7ZhbiSc?feature=oembed\" frameborder=\"0\" allow=\"accelerometer; autoplay; clipboard-write; encrypted-media; gyroscope; picture-in-picture; web-share\" referrerpolicy=\"strict-origin-when-cross-origin\" allowfullscreen><\/iframe><\/p>\n<p>Wir zeigen Euch wie man den perfekten Fingerabdruck f\u00fcr eine Lasergravur selbst von Zuhause aus macht.<\/p>\n<p><strong>1. Schritt:<\/strong> Verwenden Sie ein wei\u00dfes Blatt Papier und nehmen Sie einen Bleistift mit einer sehr weichen Mine (ideal B2) zur Hand. Malen Sie mit dem Bleistift ein 3-4 cm gro\u00dfes Feld\/Fl\u00e4che, sodass Sie dann Ihren Zeigefinger richtig daran rubbeln k\u00f6nnen. Die Fl\u00e4che des Zeigefingers sollte dann sch\u00f6n mit Minenstaub bedeckt sein.<\/p>\n<p><strong>2. Schritt:<\/strong> Nehmen Sie einen durchsichtigen Tesafilm\/Klebesteifen und legen diesen fl\u00e4chig auf Ihren Zeigefinger mit Mienenstaub. Nehmen Sie den Klebesteifen sorgf\u00e4ltig ab und kleben diesen auf ein wei\u00dfes Blatt Papier. Am Klebestreifen sollten Sie nun deutlich die Struktur Ihres Fingerabdruckes erkennen k\u00f6nnen. Bitte nehmen Sie mehrere Abdr\u00fccke, damit wir den besten Fingerprint verwenden k\u00f6nnen.<\/p>\n<p><strong>3. Schritt:<\/strong> Scannen Sie die Fingerabdr\u00fccke mit 600 dpi ein und senden Sie sie per E-Mail an <a href=\"mailto:shop@tirolergoldschmied.it\">shop@tirolergoldschmied.it<\/a>. Oder schicken Sie sie auf traditionellem Wege per Post an Tiroler Goldschmied GmbH, Schlossweg 3, 39019 Dorf Tirol, Italien.<\/p>\n<p>Jedes Schmuckst\u00fcck wird zum Unikat. Ideal f\u00fcr Geburt, Taufe, Erstkommunion, Firmung, Abitur oder als Liebesbeweis.<\/p>\n<p>Sollten Sie noch Fragen haben, k\u00f6nnen Sie uns gerne eine E-Mail an <a href=\"mailto:shop@tirolergoldschmied.it\">shop@tirolergoldschmied.it<\/a> schicken.<\/p>\n<div class=\"berocket_ww_container\">\r\n    <div class=\"berocket_ww_empty\">\r\n        <p>Die Dreambox ist leer.<\/p>\r\n    <\/div>\r\n<\/div>\r\n<script>\r\njQuery('.berocket_ww_container').each( function( i, o ) {\r\n    if ( jQuery(o).height() + 20 < jQuery(o).find('.berocket_ww_ul_container').height() && jQuery(o).find('.berocket_ww_show_all').length ) {\r\n        jQuery(o).find('.berocket_ww_show_all').show();\r\n    } else if( ! jQuery(o).find('.berocket_ww_show_all').length ) {\r\n        var $scroll_block = jQuery(o).find('.berocket_ww_list');\r\n        $scroll_block.css( {maxHeight: 'initial'} );\r\n    }\r\n});\r\n<\/script>\r\n","protected":false},"excerpt":{"rendered":"<p>Wir zeigen Euch wie man den perfekten Fingerabdruck f\u00fcr eine Lasergravur selbst von Zuhause aus macht. 1. Schritt: Verwenden Sie &#8230;<\/p>\n","protected":false},"author":1,"featured_media":0,"parent":0,"menu_order":0,"comment_status":"closed","ping_status":"closed","template":"","meta":{"_acf_changed":false,"footnotes":""},"class_list":["post-92428","page","type-page","status-publish","hentry"],"acf":[],"yoast_head":"<!-- This site is optimized with the Yoast SEO plugin v27.4 - https:\/\/yoast.com\/product\/yoast-seo-wordpress\/ -->\n<title>Wie mache ich einen Fingerabdruck? - Tiroler Goldschmied<\/title>\n<meta name=\"robots\" content=\"index, follow, max-snippet:-1, max-image-preview:large, max-video-preview:-1\" \/>\n<link rel=\"canonical\" href=\"https:\/\/www.tirolergoldschmied.it\/de\/wie-mache-ich-einen-fingerabdruck\/\" \/>\n<meta property=\"og:locale\" content=\"de_DE\" \/>\n<meta property=\"og:type\" content=\"article\" \/>\n<meta property=\"og:title\" content=\"Wie mache ich einen Fingerabdruck? - Tiroler Goldschmied\" \/>\n<meta property=\"og:description\" content=\"Wir zeigen Euch wie man den perfekten Fingerabdruck f\u00fcr eine Lasergravur selbst von Zuhause aus macht. 1. Schritt: Verwenden Sie ...\" \/>\n<meta property=\"og:url\" content=\"https:\/\/www.tirolergoldschmied.it\/de\/wie-mache-ich-einen-fingerabdruck\/\" \/>\n<meta property=\"og:site_name\" content=\"Tiroler Goldschmied\" \/>\n<meta property=\"article:modified_time\" content=\"2023-08-24T12:32:53+00:00\" \/>\n<meta name=\"twitter:card\" content=\"summary_large_image\" \/>\n<meta name=\"twitter:label1\" content=\"Gesch\u00e4tzte Lesezeit\" \/>\n\t<meta name=\"twitter:data1\" content=\"2\u00a0Minuten\" \/>\n<script type=\"application\/ld+json\" class=\"yoast-schema-graph\">{\"@context\":\"https:\\\/\\\/schema.org\",\"@graph\":[{\"@type\":\"WebPage\",\"@id\":\"https:\\\/\\\/www.tirolergoldschmied.it\\\/de\\\/wie-mache-ich-einen-fingerabdruck\\\/\",\"url\":\"https:\\\/\\\/www.tirolergoldschmied.it\\\/de\\\/wie-mache-ich-einen-fingerabdruck\\\/\",\"name\":\"Wie mache ich einen Fingerabdruck? - Tiroler Goldschmied\",\"isPartOf\":{\"@id\":\"https:\\\/\\\/www.tirolergoldschmied.it\\\/de\\\/#website\"},\"datePublished\":\"2023-06-21T14:57:36+00:00\",\"dateModified\":\"2023-08-24T12:32:53+00:00\",\"breadcrumb\":{\"@id\":\"https:\\\/\\\/www.tirolergoldschmied.it\\\/de\\\/wie-mache-ich-einen-fingerabdruck\\\/#breadcrumb\"},\"inLanguage\":\"de\",\"potentialAction\":[{\"@type\":\"ReadAction\",\"target\":[\"https:\\\/\\\/www.tirolergoldschmied.it\\\/de\\\/wie-mache-ich-einen-fingerabdruck\\\/\"]}]},{\"@type\":\"BreadcrumbList\",\"@id\":\"https:\\\/\\\/www.tirolergoldschmied.it\\\/de\\\/wie-mache-ich-einen-fingerabdruck\\\/#breadcrumb\",\"itemListElement\":[{\"@type\":\"ListItem\",\"position\":1,\"name\":\"Startseite\",\"item\":\"https:\\\/\\\/www.tirolergoldschmied.it\\\/de\\\/\"},{\"@type\":\"ListItem\",\"position\":2,\"name\":\"Wie mache ich einen Fingerabdruck?\"}]},{\"@type\":\"WebSite\",\"@id\":\"https:\\\/\\\/www.tirolergoldschmied.it\\\/de\\\/#website\",\"url\":\"https:\\\/\\\/www.tirolergoldschmied.it\\\/de\\\/\",\"name\":\"Tiroler Goldschmied\",\"description\":\"\",\"potentialAction\":[{\"@type\":\"SearchAction\",\"target\":{\"@type\":\"EntryPoint\",\"urlTemplate\":\"https:\\\/\\\/www.tirolergoldschmied.it\\\/de\\\/?s={search_term_string}\"},\"query-input\":{\"@type\":\"PropertyValueSpecification\",\"valueRequired\":true,\"valueName\":\"search_term_string\"}}],\"inLanguage\":\"de\"}]}<\/script>\n<!-- \/ Yoast SEO plugin. -->","yoast_head_json":{"title":"Wie mache ich einen Fingerabdruck? - Tiroler Goldschmied","robots":{"index":"index","follow":"follow","max-snippet":"max-snippet:-1","max-image-preview":"max-image-preview:large","max-video-preview":"max-video-preview:-1"},"canonical":"https:\/\/www.tirolergoldschmied.it\/de\/wie-mache-ich-einen-fingerabdruck\/","og_locale":"de_DE","og_type":"article","og_title":"Wie mache ich einen Fingerabdruck? - Tiroler Goldschmied","og_description":"Wir zeigen Euch wie man den perfekten Fingerabdruck f\u00fcr eine Lasergravur selbst von Zuhause aus macht. 1. Schritt: Verwenden Sie ...","og_url":"https:\/\/www.tirolergoldschmied.it\/de\/wie-mache-ich-einen-fingerabdruck\/","og_site_name":"Tiroler Goldschmied","article_modified_time":"2023-08-24T12:32:53+00:00","twitter_card":"summary_large_image","twitter_misc":{"Gesch\u00e4tzte Lesezeit":"2\u00a0Minuten"},"schema":{"@context":"https:\/\/schema.org","@graph":[{"@type":"WebPage","@id":"https:\/\/www.tirolergoldschmied.it\/de\/wie-mache-ich-einen-fingerabdruck\/","url":"https:\/\/www.tirolergoldschmied.it\/de\/wie-mache-ich-einen-fingerabdruck\/","name":"Wie mache ich einen Fingerabdruck? - Tiroler Goldschmied","isPartOf":{"@id":"https:\/\/www.tirolergoldschmied.it\/de\/#website"},"datePublished":"2023-06-21T14:57:36+00:00","dateModified":"2023-08-24T12:32:53+00:00","breadcrumb":{"@id":"https:\/\/www.tirolergoldschmied.it\/de\/wie-mache-ich-einen-fingerabdruck\/#breadcrumb"},"inLanguage":"de","potentialAction":[{"@type":"ReadAction","target":["https:\/\/www.tirolergoldschmied.it\/de\/wie-mache-ich-einen-fingerabdruck\/"]}]},{"@type":"BreadcrumbList","@id":"https:\/\/www.tirolergoldschmied.it\/de\/wie-mache-ich-einen-fingerabdruck\/#breadcrumb","itemListElement":[{"@type":"ListItem","position":1,"name":"Startseite","item":"https:\/\/www.tirolergoldschmied.it\/de\/"},{"@type":"ListItem","position":2,"name":"Wie mache ich einen Fingerabdruck?"}]},{"@type":"WebSite","@id":"https:\/\/www.tirolergoldschmied.it\/de\/#website","url":"https:\/\/www.tirolergoldschmied.it\/de\/","name":"Tiroler Goldschmied","description":"","potentialAction":[{"@type":"SearchAction","target":{"@type":"EntryPoint","urlTemplate":"https:\/\/www.tirolergoldschmied.it\/de\/?s={search_term_string}"},"query-input":{"@type":"PropertyValueSpecification","valueRequired":true,"valueName":"search_term_string"}}],"inLanguage":"de"}]}},"_links":{"self":[{"href":"https:\/\/www.tirolergoldschmied.it\/de\/wp-json\/wp\/v2\/pages\/92428","targetHints":{"allow":["GET"]}}],"collection":[{"href":"https:\/\/www.tirolergoldschmied.it\/de\/wp-json\/wp\/v2\/pages"}],"about":[{"href":"https:\/\/www.tirolergoldschmied.it\/de\/wp-json\/wp\/v2\/types\/page"}],"author":[{"embeddable":true,"href":"https:\/\/www.tirolergoldschmied.it\/de\/wp-json\/wp\/v2\/users\/1"}],"replies":[{"embeddable":true,"href":"https:\/\/www.tirolergoldschmied.it\/de\/wp-json\/wp\/v2\/comments?post=92428"}],"version-history":[{"count":8,"href":"https:\/\/www.tirolergoldschmied.it\/de\/wp-json\/wp\/v2\/pages\/92428\/revisions"}],"predecessor-version":[{"id":94954,"href":"https:\/\/www.tirolergoldschmied.it\/de\/wp-json\/wp\/v2\/pages\/92428\/revisions\/94954"}],"wp:attachment":[{"href":"https:\/\/www.tirolergoldschmied.it\/de\/wp-json\/wp\/v2\/media?parent=92428"}],"curies":[{"name":"wp","href":"https:\/\/api.w.org\/{rel}","templated":true}]}}