{"id":92430,"date":"2023-06-21T17:00:49","date_gmt":"2023-06-21T15:00:49","guid":{"rendered":"https:\/\/www.tirolergoldschmied.it\/?page_id=92430"},"modified":"2023-10-11T16:34:17","modified_gmt":"2023-10-11T14:34:17","slug":"wie-mache-ich-einen-hand-oder-fussabdruck","status":"publish","type":"page","link":"https:\/\/www.tirolergoldschmied.it\/de\/wie-mache-ich-einen-hand-oder-fussabdruck\/","title":{"rendered":"Wie mache ich einen Hand- oder Fu\u00dfabdruck?"},"content":{"rendered":"<p><iframe loading=\"lazy\" title=\"Handabdruck\" width=\"640\" height=\"360\" src=\"https:\/\/www.youtube.com\/embed\/Jbhg-aUpfvE?start=5&#038;feature=oembed\" frameborder=\"0\" allow=\"accelerometer; autoplay; clipboard-write; encrypted-media; gyroscope; picture-in-picture; web-share\" referrerpolicy=\"strict-origin-when-cross-origin\" allowfullscreen><\/iframe><\/p>\n<p>&nbsp;<\/p>\n<p>Wir zeigen Euch wie man den perfekten Hand- oder Fu\u00dfabdruck f\u00fcr eine Lasergravur selbst von Zuhause aus macht.<\/p>\n<p>1. Schritt: Sie brauchen eine wei\u00dfes Blatt Papier, einen Pinsel, hand-footfarbe, evtl. einen Schwamm und ein kleines Becherlein oder Tellerchen.<\/p>\n<p>2. Schritt: Geben Sie etwas Farbe ins Tellerchen und bemalen Sie mit der hand-footfarbe die ganze Hand bzw. den ganzen Fu\u00df.<\/p>\n<p>3. Schritt: Dr\u00fccken Sie die Hand oder Fu\u00df mit der hand-footfarbe fest auf das wei\u00dfe Blatt Papier, damit ein sch\u00f6ner Hand- bzw. Fu\u00dfabdruck entsteht.<\/p>\n<p>4. Schritt: Scannen Sie den besten Abdruck mit 600 dpi ein und senden Sie ihn per E-Mail an <a href=\"mailto:shop@tirolergoldschmied.it\">shop@tirolergoldschmied.it<\/a>. Oder schicken Sie ihn auf traditionellem Wege per Post an Tiroler Goldschmied GmbH, Schlossweg 3, 39019 Dorf Tirol, Italien.<\/p>\n<p>Jedes Schmuckst\u00fcck wird zum Unikat. Ideal f\u00fcr Geburt, Taufe, Erstkommunion, Firmung, Abitur oder als Liebesbeweis.<\/p>\n<p>Sollten Sie noch Fragen haben, k\u00f6nnen Sie uns gerne eine E-Mail an <a href=\"mailto:shop@tirolergoldschmied.it\">shop@tirolergoldschmied.it<\/a> schicken.<\/p>\n<div class=\"berocket_ww_container\">\r\n    <div class=\"berocket_ww_empty\">\r\n        <p>Die Dreambox ist leer.<\/p>\r\n    <\/div>\r\n<\/div>\r\n<script>\r\njQuery('.berocket_ww_container').each( function( i, o ) {\r\n    if ( jQuery(o).height() + 20 < jQuery(o).find('.berocket_ww_ul_container').height() && jQuery(o).find('.berocket_ww_show_all').length ) {\r\n        jQuery(o).find('.berocket_ww_show_all').show();\r\n    } else if( ! jQuery(o).find('.berocket_ww_show_all').length ) {\r\n        var $scroll_block = jQuery(o).find('.berocket_ww_list');\r\n        $scroll_block.css( {maxHeight: 'initial'} );\r\n    }\r\n});\r\n<\/script>\r\n","protected":false},"excerpt":{"rendered":"<p>&nbsp; Wir zeigen Euch wie man den perfekten Hand- oder Fu\u00dfabdruck f\u00fcr eine Lasergravur selbst von Zuhause aus macht. 1. &#8230;<\/p>\n","protected":false},"author":1,"featured_media":0,"parent":0,"menu_order":0,"comment_status":"closed","ping_status":"closed","template":"","meta":{"_acf_changed":false,"footnotes":""},"class_list":["post-92430","page","type-page","status-publish","hentry"],"acf":[],"yoast_head":"<!-- This site is optimized with the Yoast SEO plugin v27.4 - https:\/\/yoast.com\/product\/yoast-seo-wordpress\/ -->\n<title>Wie mache ich einen Hand- oder Fu\u00dfabdruck? - Tiroler Goldschmied<\/title>\n<meta name=\"robots\" content=\"index, follow, max-snippet:-1, max-image-preview:large, max-video-preview:-1\" \/>\n<link rel=\"canonical\" href=\"https:\/\/www.tirolergoldschmied.it\/de\/wie-mache-ich-einen-hand-oder-fussabdruck\/\" \/>\n<meta property=\"og:locale\" content=\"de_DE\" \/>\n<meta property=\"og:type\" content=\"article\" \/>\n<meta property=\"og:title\" content=\"Wie mache ich einen Hand- oder Fu\u00dfabdruck? - Tiroler Goldschmied\" \/>\n<meta property=\"og:description\" content=\"&nbsp; Wir zeigen Euch wie man den perfekten Hand- oder Fu\u00dfabdruck f\u00fcr eine Lasergravur selbst von Zuhause aus macht. 1. ...\" \/>\n<meta property=\"og:url\" content=\"https:\/\/www.tirolergoldschmied.it\/de\/wie-mache-ich-einen-hand-oder-fussabdruck\/\" \/>\n<meta property=\"og:site_name\" content=\"Tiroler Goldschmied\" \/>\n<meta property=\"article:modified_time\" content=\"2023-10-11T14:34:17+00:00\" \/>\n<meta name=\"twitter:card\" content=\"summary_large_image\" \/>\n<meta name=\"twitter:label1\" content=\"Gesch\u00e4tzte Lesezeit\" \/>\n\t<meta name=\"twitter:data1\" content=\"1\u00a0Minute\" \/>\n<script type=\"application\/ld+json\" class=\"yoast-schema-graph\">{\"@context\":\"https:\\\/\\\/schema.org\",\"@graph\":[{\"@type\":\"WebPage\",\"@id\":\"https:\\\/\\\/www.tirolergoldschmied.it\\\/de\\\/wie-mache-ich-einen-hand-oder-fussabdruck\\\/\",\"url\":\"https:\\\/\\\/www.tirolergoldschmied.it\\\/de\\\/wie-mache-ich-einen-hand-oder-fussabdruck\\\/\",\"name\":\"Wie mache ich einen Hand- oder Fu\u00dfabdruck? - Tiroler Goldschmied\",\"isPartOf\":{\"@id\":\"https:\\\/\\\/www.tirolergoldschmied.it\\\/de\\\/#website\"},\"datePublished\":\"2023-06-21T15:00:49+00:00\",\"dateModified\":\"2023-10-11T14:34:17+00:00\",\"breadcrumb\":{\"@id\":\"https:\\\/\\\/www.tirolergoldschmied.it\\\/de\\\/wie-mache-ich-einen-hand-oder-fussabdruck\\\/#breadcrumb\"},\"inLanguage\":\"de\",\"potentialAction\":[{\"@type\":\"ReadAction\",\"target\":[\"https:\\\/\\\/www.tirolergoldschmied.it\\\/de\\\/wie-mache-ich-einen-hand-oder-fussabdruck\\\/\"]}]},{\"@type\":\"BreadcrumbList\",\"@id\":\"https:\\\/\\\/www.tirolergoldschmied.it\\\/de\\\/wie-mache-ich-einen-hand-oder-fussabdruck\\\/#breadcrumb\",\"itemListElement\":[{\"@type\":\"ListItem\",\"position\":1,\"name\":\"Startseite\",\"item\":\"https:\\\/\\\/www.tirolergoldschmied.it\\\/de\\\/\"},{\"@type\":\"ListItem\",\"position\":2,\"name\":\"Wie mache ich einen Hand- oder Fu\u00dfabdruck?\"}]},{\"@type\":\"WebSite\",\"@id\":\"https:\\\/\\\/www.tirolergoldschmied.it\\\/de\\\/#website\",\"url\":\"https:\\\/\\\/www.tirolergoldschmied.it\\\/de\\\/\",\"name\":\"Tiroler Goldschmied\",\"description\":\"\",\"potentialAction\":[{\"@type\":\"SearchAction\",\"target\":{\"@type\":\"EntryPoint\",\"urlTemplate\":\"https:\\\/\\\/www.tirolergoldschmied.it\\\/de\\\/?s={search_term_string}\"},\"query-input\":{\"@type\":\"PropertyValueSpecification\",\"valueRequired\":true,\"valueName\":\"search_term_string\"}}],\"inLanguage\":\"de\"}]}<\/script>\n<!-- \/ Yoast SEO plugin. -->","yoast_head_json":{"title":"Wie mache ich einen Hand- oder Fu\u00dfabdruck? - Tiroler Goldschmied","robots":{"index":"index","follow":"follow","max-snippet":"max-snippet:-1","max-image-preview":"max-image-preview:large","max-video-preview":"max-video-preview:-1"},"canonical":"https:\/\/www.tirolergoldschmied.it\/de\/wie-mache-ich-einen-hand-oder-fussabdruck\/","og_locale":"de_DE","og_type":"article","og_title":"Wie mache ich einen Hand- oder Fu\u00dfabdruck? - Tiroler Goldschmied","og_description":"&nbsp; Wir zeigen Euch wie man den perfekten Hand- oder Fu\u00dfabdruck f\u00fcr eine Lasergravur selbst von Zuhause aus macht. 1. ...","og_url":"https:\/\/www.tirolergoldschmied.it\/de\/wie-mache-ich-einen-hand-oder-fussabdruck\/","og_site_name":"Tiroler Goldschmied","article_modified_time":"2023-10-11T14:34:17+00:00","twitter_card":"summary_large_image","twitter_misc":{"Gesch\u00e4tzte Lesezeit":"1\u00a0Minute"},"schema":{"@context":"https:\/\/schema.org","@graph":[{"@type":"WebPage","@id":"https:\/\/www.tirolergoldschmied.it\/de\/wie-mache-ich-einen-hand-oder-fussabdruck\/","url":"https:\/\/www.tirolergoldschmied.it\/de\/wie-mache-ich-einen-hand-oder-fussabdruck\/","name":"Wie mache ich einen Hand- oder Fu\u00dfabdruck? - Tiroler Goldschmied","isPartOf":{"@id":"https:\/\/www.tirolergoldschmied.it\/de\/#website"},"datePublished":"2023-06-21T15:00:49+00:00","dateModified":"2023-10-11T14:34:17+00:00","breadcrumb":{"@id":"https:\/\/www.tirolergoldschmied.it\/de\/wie-mache-ich-einen-hand-oder-fussabdruck\/#breadcrumb"},"inLanguage":"de","potentialAction":[{"@type":"ReadAction","target":["https:\/\/www.tirolergoldschmied.it\/de\/wie-mache-ich-einen-hand-oder-fussabdruck\/"]}]},{"@type":"BreadcrumbList","@id":"https:\/\/www.tirolergoldschmied.it\/de\/wie-mache-ich-einen-hand-oder-fussabdruck\/#breadcrumb","itemListElement":[{"@type":"ListItem","position":1,"name":"Startseite","item":"https:\/\/www.tirolergoldschmied.it\/de\/"},{"@type":"ListItem","position":2,"name":"Wie mache ich einen Hand- oder Fu\u00dfabdruck?"}]},{"@type":"WebSite","@id":"https:\/\/www.tirolergoldschmied.it\/de\/#website","url":"https:\/\/www.tirolergoldschmied.it\/de\/","name":"Tiroler Goldschmied","description":"","potentialAction":[{"@type":"SearchAction","target":{"@type":"EntryPoint","urlTemplate":"https:\/\/www.tirolergoldschmied.it\/de\/?s={search_term_string}"},"query-input":{"@type":"PropertyValueSpecification","valueRequired":true,"valueName":"search_term_string"}}],"inLanguage":"de"}]}},"_links":{"self":[{"href":"https:\/\/www.tirolergoldschmied.it\/de\/wp-json\/wp\/v2\/pages\/92430","targetHints":{"allow":["GET"]}}],"collection":[{"href":"https:\/\/www.tirolergoldschmied.it\/de\/wp-json\/wp\/v2\/pages"}],"about":[{"href":"https:\/\/www.tirolergoldschmied.it\/de\/wp-json\/wp\/v2\/types\/page"}],"author":[{"embeddable":true,"href":"https:\/\/www.tirolergoldschmied.it\/de\/wp-json\/wp\/v2\/users\/1"}],"replies":[{"embeddable":true,"href":"https:\/\/www.tirolergoldschmied.it\/de\/wp-json\/wp\/v2\/comments?post=92430"}],"version-history":[{"count":6,"href":"https:\/\/www.tirolergoldschmied.it\/de\/wp-json\/wp\/v2\/pages\/92430\/revisions"}],"predecessor-version":[{"id":99732,"href":"https:\/\/www.tirolergoldschmied.it\/de\/wp-json\/wp\/v2\/pages\/92430\/revisions\/99732"}],"wp:attachment":[{"href":"https:\/\/www.tirolergoldschmied.it\/de\/wp-json\/wp\/v2\/media?parent=92430"}],"curies":[{"name":"wp","href":"https:\/\/api.w.org\/{rel}","templated":true}]}}