{"id":101802,"date":"2023-11-21T10:17:51","date_gmt":"2023-11-21T09:17:51","guid":{"rendered":"http:\/\/www.tirolergoldschmied.it\/shop\/keine-marke\/uhren-centrix-diamonds\/"},"modified":"2025-09-19T16:35:02","modified_gmt":"2025-09-19T14:35:02","slug":"rado-centrix-uhren-r30024732","status":"publish","type":"product","link":"https:\/\/www.tirolergoldschmied.it\/de\/shop\/rado\/rado-centrix-uhren-r30024732\/","title":{"rendered":"Uhr Centrix Diamonds"},"content":{"rendered":"<div class=\"berocket_ww_container\">\r\n    <div class=\"berocket_ww_empty\">\r\n        <p>Die Dreambox ist leer.<\/p>\r\n    <\/div>\r\n<\/div>\r\n<script>\r\njQuery('.berocket_ww_container').each( function( i, o ) {\r\n    if ( jQuery(o).height() + 20 < jQuery(o).find('.berocket_ww_ul_container').height() && jQuery(o).find('.berocket_ww_show_all').length ) {\r\n        jQuery(o).find('.berocket_ww_show_all').show();\r\n    } else if( ! jQuery(o).find('.berocket_ww_show_all').length ) {\r\n        var $scroll_block = jQuery(o).find('.berocket_ww_list');\r\n        $scroll_block.css( {maxHeight: 'initial'} );\r\n    }\r\n});\r\n<\/script>\r\n","protected":false},"excerpt":{"rendered":"<p>PVD beschichteter Edelstahl, \u00d8 30,5mm, H\u00f6he 8,9mm, Saphirglas mit beidseitiger Antireflektionsbeschichtung, Wasserdichtigkeit 5bar (50m), Ziffernblatt:, braun, Datumsanzeige, 12 Diamanten 0,038ct G\/si1 Brillantschliff, Uhrwerk:, Quarz, Swiss made, Armband:, Hightech-Ceramik, Edelstahl, Faltschlie\u00dfe<\/p>\n","protected":false},"featured_media":101805,"comment_status":"closed","ping_status":"closed","template":"","meta":{"_acf_changed":false},"product_brand":[1467],"product_cat":[202],"product_tag":[],"product_occasion":[262,286,235,187,184],"product_material":[190],"product_material_color":[1498],"product_model":[196],"product_alloy":[610],"product_jewelry":[1482],"product_size":[],"product_length":[],"product_collection":[1470],"product_metal_color":[1333],"class_list":{"0":"post-101802","1":"product","2":"type-product","3":"status-publish","4":"has-post-thumbnail","6":"product_brand-rado","7":"product_cat-diamantschmuck","8":"product_occasion-abitur_sponsion","9":"product_occasion-firmung","10":"product_occasion-freundschaft","11":"product_occasion-muttertag","12":"product_occasion-valentinstag","13":"product_material-diamant","14":"product_material_color-1498","15":"product_model-damen","16":"product_alloy-edelstahl","17":"product_jewelry-uhren","18":"product_collection-centrix","19":"product_metal_color-platiniert-rosegold","21":"first","22":"outofstock","23":"taxable","24":"shipping-taxable","25":"purchasable","26":"product-type-simple"},"acf":[],"yoast_head":"<!-- This site is optimized with the Yoast SEO plugin v27.4 - https:\/\/yoast.com\/product\/yoast-seo-wordpress\/ -->\n<title>Rado - Centrix Diamonds - Uhr - platiniert Ros\u00e9gold<\/title>\n<meta name=\"description\" content=\"PVD beschichteter Edelstahl, \u00d8 30,5mm, H\u00f6he 8,9mm, Saphirglas mit beidseitiger Antireflektionsbeschichtung, Wasserdichtigkeit 5bar (50m), Ziffernblatt:, braun, Datumsanzeige, 12 Diamanten 0,038ct G\/si1 Brillantschliff, Uhrwerk:, Quarz, Swiss made, Armband:, Hightech-Ceramik, Edelstahl, Faltschlie\u00dfe\" \/>\n<meta name=\"robots\" content=\"index, follow, max-snippet:-1, max-image-preview:large, max-video-preview:-1\" \/>\n<link rel=\"canonical\" href=\"https:\/\/www.tirolergoldschmied.it\/de\/shop\/rado\/rado-centrix-uhren-r30024732\/\" \/>\n<meta property=\"og:locale\" content=\"de_DE\" \/>\n<meta property=\"og:type\" content=\"article\" \/>\n<meta property=\"og:title\" content=\"Rado - Centrix Diamonds - Uhr - platiniert Ros\u00e9gold\" \/>\n<meta property=\"og:description\" content=\"PVD beschichteter Edelstahl, \u00d8 30,5mm, H\u00f6he 8,9mm, Saphirglas mit beidseitiger Antireflektionsbeschichtung, Wasserdichtigkeit 5bar (50m), Ziffernblatt:, braun, Datumsanzeige, 12 Diamanten 0,038ct G\/si1 Brillantschliff, Uhrwerk:, Quarz, Swiss made, Armband:, Hightech-Ceramik, Edelstahl, Faltschlie\u00dfe\" \/>\n<meta property=\"og:url\" content=\"https:\/\/www.tirolergoldschmied.it\/de\/shop\/rado\/rado-centrix-uhren-r30024732\/\" \/>\n<meta property=\"og:site_name\" content=\"Tiroler Goldschmied\" \/>\n<meta property=\"article:modified_time\" content=\"2025-09-19T14:35:02+00:00\" \/>\n<meta property=\"og:image\" content=\"https:\/\/static.tirolergoldschmied.it\/39543ca551be492a\/2023\/11\/101805\/c\/fit-in\/0x0\/filters:no_upscale()\/filters:strip_exif()\/r30024732.jpg\" \/>\n\t<meta property=\"og:image:width\" content=\"640\" \/>\n\t<meta property=\"og:image:height\" content=\"640\" \/>\n\t<meta property=\"og:image:type\" content=\"image\/jpeg\" \/>\n<meta name=\"twitter:card\" content=\"summary_large_image\" \/>\n<script type=\"application\/ld+json\" class=\"yoast-schema-graph\">{\"@context\":\"https:\\\/\\\/schema.org\",\"@graph\":[{\"@type\":\"WebPage\",\"@id\":\"https:\\\/\\\/www.tirolergoldschmied.it\\\/de\\\/shop\\\/rado\\\/rado-centrix-uhren-r30024732\\\/\",\"url\":\"https:\\\/\\\/www.tirolergoldschmied.it\\\/de\\\/shop\\\/rado\\\/rado-centrix-uhren-r30024732\\\/\",\"name\":\"Rado - Centrix Diamonds - Uhr - platiniert Ros\u00e9gold\",\"isPartOf\":{\"@id\":\"https:\\\/\\\/www.tirolergoldschmied.it\\\/de\\\/#website\"},\"primaryImageOfPage\":{\"@id\":\"https:\\\/\\\/www.tirolergoldschmied.it\\\/de\\\/shop\\\/rado\\\/rado-centrix-uhren-r30024732\\\/#primaryimage\"},\"image\":{\"@id\":\"https:\\\/\\\/www.tirolergoldschmied.it\\\/de\\\/shop\\\/rado\\\/rado-centrix-uhren-r30024732\\\/#primaryimage\"},\"thumbnailUrl\":\"https:\\\/\\\/static.tirolergoldschmied.it\\\/39543ca551be492a\\\/2023\\\/11\\\/101805\\\/c\\\/fit-in\\\/0x0\\\/filters:no_upscale()\\\/filters:strip_exif()\\\/r30024732.jpg\",\"datePublished\":\"2023-11-21T09:17:51+00:00\",\"dateModified\":\"2025-09-19T14:35:02+00:00\",\"description\":\"PVD beschichteter Edelstahl, \u00d8 30,5mm, H\u00f6he 8,9mm, Saphirglas mit beidseitiger Antireflektionsbeschichtung, Wasserdichtigkeit 5bar (50m), Ziffernblatt:, braun, Datumsanzeige, 12 Diamanten 0,038ct G\\\/si1 Brillantschliff, Uhrwerk:, Quarz, Swiss made, Armband:, Hightech-Ceramik, Edelstahl, Faltschlie\u00dfe\",\"breadcrumb\":{\"@id\":\"https:\\\/\\\/www.tirolergoldschmied.it\\\/de\\\/shop\\\/rado\\\/rado-centrix-uhren-r30024732\\\/#breadcrumb\"},\"inLanguage\":\"de\",\"potentialAction\":[{\"@type\":\"ReadAction\",\"target\":[\"https:\\\/\\\/www.tirolergoldschmied.it\\\/de\\\/shop\\\/rado\\\/rado-centrix-uhren-r30024732\\\/\"]}]},{\"@type\":\"ImageObject\",\"inLanguage\":\"de\",\"@id\":\"https:\\\/\\\/www.tirolergoldschmied.it\\\/de\\\/shop\\\/rado\\\/rado-centrix-uhren-r30024732\\\/#primaryimage\",\"url\":\"https:\\\/\\\/static.tirolergoldschmied.it\\\/39543ca551be492a\\\/2023\\\/11\\\/101805\\\/c\\\/fit-in\\\/0x0\\\/filters:no_upscale()\\\/filters:strip_exif()\\\/r30024732.jpg\",\"contentUrl\":\"https:\\\/\\\/static.tirolergoldschmied.it\\\/39543ca551be492a\\\/2023\\\/11\\\/101805\\\/c\\\/fit-in\\\/0x0\\\/filters:no_upscale()\\\/filters:strip_exif()\\\/r30024732.jpg\",\"width\":1000,\"height\":1000},{\"@type\":\"BreadcrumbList\",\"@id\":\"https:\\\/\\\/www.tirolergoldschmied.it\\\/de\\\/shop\\\/rado\\\/rado-centrix-uhren-r30024732\\\/#breadcrumb\",\"itemListElement\":[{\"@type\":\"ListItem\",\"position\":1,\"name\":\"Startseite\",\"item\":\"https:\\\/\\\/www.tirolergoldschmied.it\\\/de\\\/\"},{\"@type\":\"ListItem\",\"position\":2,\"name\":\"Shop\",\"item\":\"https:\\\/\\\/www.tirolergoldschmied.it\\\/de\\\/shop\\\/\"},{\"@type\":\"ListItem\",\"position\":3,\"name\":\"Uhr Centrix Diamonds\"}]},{\"@type\":\"WebSite\",\"@id\":\"https:\\\/\\\/www.tirolergoldschmied.it\\\/de\\\/#website\",\"url\":\"https:\\\/\\\/www.tirolergoldschmied.it\\\/de\\\/\",\"name\":\"Tiroler Goldschmied\",\"description\":\"\",\"potentialAction\":[{\"@type\":\"SearchAction\",\"target\":{\"@type\":\"EntryPoint\",\"urlTemplate\":\"https:\\\/\\\/www.tirolergoldschmied.it\\\/de\\\/?s={search_term_string}\"},\"query-input\":{\"@type\":\"PropertyValueSpecification\",\"valueRequired\":true,\"valueName\":\"search_term_string\"}}],\"inLanguage\":\"de\"}]}<\/script>\n<!-- \/ Yoast SEO plugin. -->","yoast_head_json":{"title":"Rado - Centrix Diamonds - Uhr - platiniert Ros\u00e9gold","description":"PVD beschichteter Edelstahl, \u00d8 30,5mm, H\u00f6he 8,9mm, Saphirglas mit beidseitiger Antireflektionsbeschichtung, Wasserdichtigkeit 5bar (50m), Ziffernblatt:, braun, Datumsanzeige, 12 Diamanten 0,038ct G\/si1 Brillantschliff, Uhrwerk:, Quarz, Swiss made, Armband:, Hightech-Ceramik, Edelstahl, Faltschlie\u00dfe","robots":{"index":"index","follow":"follow","max-snippet":"max-snippet:-1","max-image-preview":"max-image-preview:large","max-video-preview":"max-video-preview:-1"},"canonical":"https:\/\/www.tirolergoldschmied.it\/de\/shop\/rado\/rado-centrix-uhren-r30024732\/","og_locale":"de_DE","og_type":"article","og_title":"Rado - Centrix Diamonds - Uhr - platiniert Ros\u00e9gold","og_description":"PVD beschichteter Edelstahl, \u00d8 30,5mm, H\u00f6he 8,9mm, Saphirglas mit beidseitiger Antireflektionsbeschichtung, Wasserdichtigkeit 5bar (50m), Ziffernblatt:, braun, Datumsanzeige, 12 Diamanten 0,038ct G\/si1 Brillantschliff, Uhrwerk:, Quarz, Swiss made, Armband:, Hightech-Ceramik, Edelstahl, Faltschlie\u00dfe","og_url":"https:\/\/www.tirolergoldschmied.it\/de\/shop\/rado\/rado-centrix-uhren-r30024732\/","og_site_name":"Tiroler Goldschmied","article_modified_time":"2025-09-19T14:35:02+00:00","og_image":[{"url":"https:\/\/static.tirolergoldschmied.it\/39543ca551be492a\/2023\/11\/101805\/c\/fit-in\/0x0\/filters:no_upscale()\/filters:strip_exif()\/r30024732.jpg","width":640,"height":640,"type":"image\/jpeg"}],"twitter_card":"summary_large_image","schema":{"@context":"https:\/\/schema.org","@graph":[{"@type":"WebPage","@id":"https:\/\/www.tirolergoldschmied.it\/de\/shop\/rado\/rado-centrix-uhren-r30024732\/","url":"https:\/\/www.tirolergoldschmied.it\/de\/shop\/rado\/rado-centrix-uhren-r30024732\/","name":"Rado - Centrix Diamonds - Uhr - platiniert Ros\u00e9gold","isPartOf":{"@id":"https:\/\/www.tirolergoldschmied.it\/de\/#website"},"primaryImageOfPage":{"@id":"https:\/\/www.tirolergoldschmied.it\/de\/shop\/rado\/rado-centrix-uhren-r30024732\/#primaryimage"},"image":{"@id":"https:\/\/www.tirolergoldschmied.it\/de\/shop\/rado\/rado-centrix-uhren-r30024732\/#primaryimage"},"thumbnailUrl":"https:\/\/static.tirolergoldschmied.it\/39543ca551be492a\/2023\/11\/101805\/c\/fit-in\/0x0\/filters:no_upscale()\/filters:strip_exif()\/r30024732.jpg","datePublished":"2023-11-21T09:17:51+00:00","dateModified":"2025-09-19T14:35:02+00:00","description":"PVD beschichteter Edelstahl, \u00d8 30,5mm, H\u00f6he 8,9mm, Saphirglas mit beidseitiger Antireflektionsbeschichtung, Wasserdichtigkeit 5bar (50m), Ziffernblatt:, braun, Datumsanzeige, 12 Diamanten 0,038ct G\/si1 Brillantschliff, Uhrwerk:, Quarz, Swiss made, Armband:, Hightech-Ceramik, Edelstahl, Faltschlie\u00dfe","breadcrumb":{"@id":"https:\/\/www.tirolergoldschmied.it\/de\/shop\/rado\/rado-centrix-uhren-r30024732\/#breadcrumb"},"inLanguage":"de","potentialAction":[{"@type":"ReadAction","target":["https:\/\/www.tirolergoldschmied.it\/de\/shop\/rado\/rado-centrix-uhren-r30024732\/"]}]},{"@type":"ImageObject","inLanguage":"de","@id":"https:\/\/www.tirolergoldschmied.it\/de\/shop\/rado\/rado-centrix-uhren-r30024732\/#primaryimage","url":"https:\/\/static.tirolergoldschmied.it\/39543ca551be492a\/2023\/11\/101805\/c\/fit-in\/0x0\/filters:no_upscale()\/filters:strip_exif()\/r30024732.jpg","contentUrl":"https:\/\/static.tirolergoldschmied.it\/39543ca551be492a\/2023\/11\/101805\/c\/fit-in\/0x0\/filters:no_upscale()\/filters:strip_exif()\/r30024732.jpg","width":1000,"height":1000},{"@type":"BreadcrumbList","@id":"https:\/\/www.tirolergoldschmied.it\/de\/shop\/rado\/rado-centrix-uhren-r30024732\/#breadcrumb","itemListElement":[{"@type":"ListItem","position":1,"name":"Startseite","item":"https:\/\/www.tirolergoldschmied.it\/de\/"},{"@type":"ListItem","position":2,"name":"Shop","item":"https:\/\/www.tirolergoldschmied.it\/de\/shop\/"},{"@type":"ListItem","position":3,"name":"Uhr Centrix Diamonds"}]},{"@type":"WebSite","@id":"https:\/\/www.tirolergoldschmied.it\/de\/#website","url":"https:\/\/www.tirolergoldschmied.it\/de\/","name":"Tiroler Goldschmied","description":"","potentialAction":[{"@type":"SearchAction","target":{"@type":"EntryPoint","urlTemplate":"https:\/\/www.tirolergoldschmied.it\/de\/?s={search_term_string}"},"query-input":{"@type":"PropertyValueSpecification","valueRequired":true,"valueName":"search_term_string"}}],"inLanguage":"de"}]}},"_links":{"self":[{"href":"https:\/\/www.tirolergoldschmied.it\/de\/wp-json\/wp\/v2\/product\/101802","targetHints":{"allow":["GET"]}}],"collection":[{"href":"https:\/\/www.tirolergoldschmied.it\/de\/wp-json\/wp\/v2\/product"}],"about":[{"href":"https:\/\/www.tirolergoldschmied.it\/de\/wp-json\/wp\/v2\/types\/product"}],"replies":[{"embeddable":true,"href":"https:\/\/www.tirolergoldschmied.it\/de\/wp-json\/wp\/v2\/comments?post=101802"}],"wp:featuredmedia":[{"embeddable":true,"href":"https:\/\/www.tirolergoldschmied.it\/de\/wp-json\/wp\/v2\/media\/101805"}],"wp:attachment":[{"href":"https:\/\/www.tirolergoldschmied.it\/de\/wp-json\/wp\/v2\/media?parent=101802"}],"wp:term":[{"taxonomy":"product_brand","embeddable":true,"href":"https:\/\/www.tirolergoldschmied.it\/de\/wp-json\/wp\/v2\/product_brand?post=101802"},{"taxonomy":"product_cat","embeddable":true,"href":"https:\/\/www.tirolergoldschmied.it\/de\/wp-json\/wp\/v2\/product_cat?post=101802"},{"taxonomy":"product_tag","embeddable":true,"href":"https:\/\/www.tirolergoldschmied.it\/de\/wp-json\/wp\/v2\/product_tag?post=101802"},{"taxonomy":"product_occasion","embeddable":true,"href":"https:\/\/www.tirolergoldschmied.it\/de\/wp-json\/wp\/v2\/product_occasion?post=101802"},{"taxonomy":"product_material","embeddable":true,"href":"https:\/\/www.tirolergoldschmied.it\/de\/wp-json\/wp\/v2\/product_material?post=101802"},{"taxonomy":"product_material_color","embeddable":true,"href":"https:\/\/www.tirolergoldschmied.it\/de\/wp-json\/wp\/v2\/product_material_color?post=101802"},{"taxonomy":"product_model","embeddable":true,"href":"https:\/\/www.tirolergoldschmied.it\/de\/wp-json\/wp\/v2\/product_model?post=101802"},{"taxonomy":"product_alloy","embeddable":true,"href":"https:\/\/www.tirolergoldschmied.it\/de\/wp-json\/wp\/v2\/product_alloy?post=101802"},{"taxonomy":"product_jewelry","embeddable":true,"href":"https:\/\/www.tirolergoldschmied.it\/de\/wp-json\/wp\/v2\/product_jewelry?post=101802"},{"taxonomy":"product_size","embeddable":true,"href":"https:\/\/www.tirolergoldschmied.it\/de\/wp-json\/wp\/v2\/product_size?post=101802"},{"taxonomy":"product_length","embeddable":true,"href":"https:\/\/www.tirolergoldschmied.it\/de\/wp-json\/wp\/v2\/product_length?post=101802"},{"taxonomy":"product_collection","embeddable":true,"href":"https:\/\/www.tirolergoldschmied.it\/de\/wp-json\/wp\/v2\/product_collection?post=101802"},{"taxonomy":"product_metal_color","embeddable":true,"href":"https:\/\/www.tirolergoldschmied.it\/de\/wp-json\/wp\/v2\/product_metal_color?post=101802"}],"curies":[{"name":"wp","href":"https:\/\/api.w.org\/{rel}","templated":true}]}}