{"id":102597,"date":"2023-11-28T17:06:35","date_gmt":"2023-11-28T16:06:35","guid":{"rendered":"http:\/\/www.tirolergoldschmied.it\/shop\/keine-marke\/uhr-captain-cook-automatic\/"},"modified":"2025-11-19T11:21:18","modified_gmt":"2025-11-19T10:21:18","slug":"rado-captain-cook-uhren-r32505318","status":"publish","type":"product","link":"https:\/\/www.tirolergoldschmied.it\/de\/shop\/rado\/rado-captain-cook-uhren-r32505318\/","title":{"rendered":"Uhr Captain Cook Automatic"},"content":{"rendered":"<div class=\"berocket_ww_container\">\r\n    <div class=\"berocket_ww_empty\">\r\n        <p>Die Dreambox ist leer.<\/p>\r\n    <\/div>\r\n<\/div>\r\n<script>\r\njQuery('.berocket_ww_container').each( function( i, o ) {\r\n    if ( jQuery(o).height() + 20 < jQuery(o).find('.berocket_ww_ul_container').height() && jQuery(o).find('.berocket_ww_show_all').length ) {\r\n        jQuery(o).find('.berocket_ww_show_all').show();\r\n    } else if( ! jQuery(o).find('.berocket_ww_show_all').length ) {\r\n        var $scroll_block = jQuery(o).find('.berocket_ww_list');\r\n        $scroll_block.css( {maxHeight: 'initial'} );\r\n    }\r\n});\r\n<\/script>\r\n","protected":false},"excerpt":{"rendered":"<p>Hightech-Keramik, Edelstahl, \u00d8 42mm, H\u00f6he 12,1mm, Saphirglas mit beidseitiger Antireflektionsbeschichtung, Wasserdichtigkeit 20bar (200m), Ziffernblatt:, gr\u00fcn, Datumsanzeige, Leuchtindizes, Leuchtzeiger, Uhrwerk:, Automatik, 80 Stunden Gangreserve, Verschraubbare Krone, Swiss made, Armband:, Edelstahl, Faltschlie\u00dfe, ink. Ledertasche mit zus\u00e4tzlichen B\u00e4ndern<\/p>\n","protected":false},"featured_media":102600,"comment_status":"closed","ping_status":"closed","template":"","meta":{"_acf_changed":false},"product_cat":[160],"product_tag":[],"product_brand":[1467],"product_occasion":[235,184,358],"product_material":[],"product_material_color":[1654],"product_model":[361],"product_alloy":[610],"product_jewelry":[1482],"product_size":[],"product_length":[],"product_collection":[1473],"product_metal_color":[1288],"acf":[],"yoast_head":"<!-- This site is optimized with the Yoast SEO plugin v22.5 - https:\/\/yoast.com\/wordpress\/plugins\/seo\/ -->\n<title>Rado - Captain Cook Automatic - Uhr -<\/title>\n<meta name=\"description\" content=\"Hightech-Keramik, Edelstahl, \u00d8 42mm, H\u00f6he 12,1mm, Saphirglas mit beidseitiger Antireflektionsbeschichtung, Wasserdichtigkeit 20bar (200m), Ziffernblatt:, gr\u00fcn, Datumsanzeige, Leuchtindizes, Leuchtzeiger, Uhrwerk:, Automatik, 80 Stunden Gangreserve, Verschraubbare Krone, Swiss made, Armband:, Edelstahl, Faltschlie\u00dfe, ink. Ledertasche mit zus\u00e4tzlichen B\u00e4ndern\" \/>\n<meta name=\"robots\" content=\"index, follow, max-snippet:-1, max-image-preview:large, max-video-preview:-1\" \/>\n<link rel=\"canonical\" href=\"https:\/\/www.tirolergoldschmied.it\/de\/shop\/rado\/rado-captain-cook-uhren-r32505318\/\" \/>\n<meta property=\"og:locale\" content=\"de_DE\" \/>\n<meta property=\"og:type\" content=\"article\" \/>\n<meta property=\"og:title\" content=\"Rado - Captain Cook Automatic - Uhr -\" \/>\n<meta property=\"og:description\" content=\"Hightech-Keramik, Edelstahl, \u00d8 42mm, H\u00f6he 12,1mm, Saphirglas mit beidseitiger Antireflektionsbeschichtung, Wasserdichtigkeit 20bar (200m), Ziffernblatt:, gr\u00fcn, Datumsanzeige, Leuchtindizes, Leuchtzeiger, Uhrwerk:, Automatik, 80 Stunden Gangreserve, Verschraubbare Krone, Swiss made, Armband:, Edelstahl, Faltschlie\u00dfe, ink. Ledertasche mit zus\u00e4tzlichen B\u00e4ndern\" \/>\n<meta property=\"og:url\" content=\"https:\/\/www.tirolergoldschmied.it\/de\/shop\/rado\/rado-captain-cook-uhren-r32505318\/\" \/>\n<meta property=\"og:site_name\" content=\"Tiroler Goldschmied\" \/>\n<meta property=\"article:modified_time\" content=\"2025-11-19T10:21:18+00:00\" \/>\n<meta property=\"og:image\" content=\"https:\/\/static.tirolergoldschmied.it\/39543ca551be492a\/2023\/11\/102600\/c\/fit-in\/0x0\/filters:no_upscale()\/filters:strip_exif()\/r32505318.jpg\" \/>\n\t<meta property=\"og:image:width\" content=\"640\" \/>\n\t<meta property=\"og:image:height\" content=\"640\" \/>\n\t<meta property=\"og:image:type\" content=\"image\/jpeg\" \/>\n<meta name=\"twitter:card\" content=\"summary_large_image\" \/>\n<script type=\"application\/ld+json\" class=\"yoast-schema-graph\">{\"@context\":\"https:\/\/schema.org\",\"@graph\":[{\"@type\":\"WebPage\",\"@id\":\"https:\/\/www.tirolergoldschmied.it\/de\/shop\/rado\/rado-captain-cook-uhren-r32505318\/\",\"url\":\"https:\/\/www.tirolergoldschmied.it\/de\/shop\/rado\/rado-captain-cook-uhren-r32505318\/\",\"name\":\"Rado - Captain Cook Automatic - Uhr -\",\"isPartOf\":{\"@id\":\"https:\/\/www.tirolergoldschmied.it\/de\/#website\"},\"primaryImageOfPage\":{\"@id\":\"https:\/\/www.tirolergoldschmied.it\/de\/shop\/rado\/rado-captain-cook-uhren-r32505318\/#primaryimage\"},\"image\":{\"@id\":\"https:\/\/www.tirolergoldschmied.it\/de\/shop\/rado\/rado-captain-cook-uhren-r32505318\/#primaryimage\"},\"thumbnailUrl\":\"https:\/\/static.tirolergoldschmied.it\/39543ca551be492a\/2023\/11\/102600\/c\/fit-in\/0x0\/filters:no_upscale()\/filters:strip_exif()\/r32505318.jpg\",\"datePublished\":\"2023-11-28T16:06:35+00:00\",\"dateModified\":\"2025-11-19T10:21:18+00:00\",\"description\":\"Hightech-Keramik, Edelstahl, \u00d8 42mm, H\u00f6he 12,1mm, Saphirglas mit beidseitiger Antireflektionsbeschichtung, Wasserdichtigkeit 20bar (200m), Ziffernblatt:, gr\u00fcn, Datumsanzeige, Leuchtindizes, Leuchtzeiger, Uhrwerk:, Automatik, 80 Stunden Gangreserve, Verschraubbare Krone, Swiss made, Armband:, Edelstahl, Faltschlie\u00dfe, ink. Ledertasche mit zus\u00e4tzlichen B\u00e4ndern\",\"breadcrumb\":{\"@id\":\"https:\/\/www.tirolergoldschmied.it\/de\/shop\/rado\/rado-captain-cook-uhren-r32505318\/#breadcrumb\"},\"inLanguage\":\"de\",\"potentialAction\":[{\"@type\":\"ReadAction\",\"target\":[\"https:\/\/www.tirolergoldschmied.it\/de\/shop\/rado\/rado-captain-cook-uhren-r32505318\/\"]}]},{\"@type\":\"ImageObject\",\"inLanguage\":\"de\",\"@id\":\"https:\/\/www.tirolergoldschmied.it\/de\/shop\/rado\/rado-captain-cook-uhren-r32505318\/#primaryimage\",\"url\":\"https:\/\/static.tirolergoldschmied.it\/39543ca551be492a\/2023\/11\/102600\/c\/fit-in\/0x0\/filters:no_upscale()\/filters:strip_exif()\/r32505318.jpg\",\"contentUrl\":\"https:\/\/static.tirolergoldschmied.it\/39543ca551be492a\/2023\/11\/102600\/c\/fit-in\/0x0\/filters:no_upscale()\/filters:strip_exif()\/r32505318.jpg\",\"width\":1000,\"height\":1000},{\"@type\":\"BreadcrumbList\",\"@id\":\"https:\/\/www.tirolergoldschmied.it\/de\/shop\/rado\/rado-captain-cook-uhren-r32505318\/#breadcrumb\",\"itemListElement\":[{\"@type\":\"ListItem\",\"position\":1,\"name\":\"Startseite\",\"item\":\"https:\/\/www.tirolergoldschmied.it\/de\/\"},{\"@type\":\"ListItem\",\"position\":2,\"name\":\"Shop\",\"item\":\"https:\/\/www.tirolergoldschmied.it\/de\/shop\/\"},{\"@type\":\"ListItem\",\"position\":3,\"name\":\"Uhr Captain Cook Automatic\"}]},{\"@type\":\"WebSite\",\"@id\":\"https:\/\/www.tirolergoldschmied.it\/de\/#website\",\"url\":\"https:\/\/www.tirolergoldschmied.it\/de\/\",\"name\":\"Tiroler Goldschmied\",\"description\":\"\",\"potentialAction\":[{\"@type\":\"SearchAction\",\"target\":{\"@type\":\"EntryPoint\",\"urlTemplate\":\"https:\/\/www.tirolergoldschmied.it\/de\/?s={search_term_string}\"},\"query-input\":\"required name=search_term_string\"}],\"inLanguage\":\"de\"}]}<\/script>\n<!-- \/ Yoast SEO plugin. -->","yoast_head_json":{"title":"Rado - Captain Cook Automatic - Uhr -","description":"Hightech-Keramik, Edelstahl, \u00d8 42mm, H\u00f6he 12,1mm, Saphirglas mit beidseitiger Antireflektionsbeschichtung, Wasserdichtigkeit 20bar (200m), Ziffernblatt:, gr\u00fcn, Datumsanzeige, Leuchtindizes, Leuchtzeiger, Uhrwerk:, Automatik, 80 Stunden Gangreserve, Verschraubbare Krone, Swiss made, Armband:, Edelstahl, Faltschlie\u00dfe, ink. Ledertasche mit zus\u00e4tzlichen B\u00e4ndern","robots":{"index":"index","follow":"follow","max-snippet":"max-snippet:-1","max-image-preview":"max-image-preview:large","max-video-preview":"max-video-preview:-1"},"canonical":"https:\/\/www.tirolergoldschmied.it\/de\/shop\/rado\/rado-captain-cook-uhren-r32505318\/","og_locale":"de_DE","og_type":"article","og_title":"Rado - Captain Cook Automatic - Uhr -","og_description":"Hightech-Keramik, Edelstahl, \u00d8 42mm, H\u00f6he 12,1mm, Saphirglas mit beidseitiger Antireflektionsbeschichtung, Wasserdichtigkeit 20bar (200m), Ziffernblatt:, gr\u00fcn, Datumsanzeige, Leuchtindizes, Leuchtzeiger, Uhrwerk:, Automatik, 80 Stunden Gangreserve, Verschraubbare Krone, Swiss made, Armband:, Edelstahl, Faltschlie\u00dfe, ink. Ledertasche mit zus\u00e4tzlichen B\u00e4ndern","og_url":"https:\/\/www.tirolergoldschmied.it\/de\/shop\/rado\/rado-captain-cook-uhren-r32505318\/","og_site_name":"Tiroler Goldschmied","article_modified_time":"2025-11-19T10:21:18+00:00","og_image":[{"url":"https:\/\/static.tirolergoldschmied.it\/39543ca551be492a\/2023\/11\/102600\/c\/fit-in\/0x0\/filters:no_upscale()\/filters:strip_exif()\/r32505318.jpg","width":640,"height":640,"type":"image\/jpeg"}],"twitter_card":"summary_large_image","schema":{"@context":"https:\/\/schema.org","@graph":[{"@type":"WebPage","@id":"https:\/\/www.tirolergoldschmied.it\/de\/shop\/rado\/rado-captain-cook-uhren-r32505318\/","url":"https:\/\/www.tirolergoldschmied.it\/de\/shop\/rado\/rado-captain-cook-uhren-r32505318\/","name":"Rado - Captain Cook Automatic - Uhr -","isPartOf":{"@id":"https:\/\/www.tirolergoldschmied.it\/de\/#website"},"primaryImageOfPage":{"@id":"https:\/\/www.tirolergoldschmied.it\/de\/shop\/rado\/rado-captain-cook-uhren-r32505318\/#primaryimage"},"image":{"@id":"https:\/\/www.tirolergoldschmied.it\/de\/shop\/rado\/rado-captain-cook-uhren-r32505318\/#primaryimage"},"thumbnailUrl":"https:\/\/static.tirolergoldschmied.it\/39543ca551be492a\/2023\/11\/102600\/c\/fit-in\/0x0\/filters:no_upscale()\/filters:strip_exif()\/r32505318.jpg","datePublished":"2023-11-28T16:06:35+00:00","dateModified":"2025-11-19T10:21:18+00:00","description":"Hightech-Keramik, Edelstahl, \u00d8 42mm, H\u00f6he 12,1mm, Saphirglas mit beidseitiger Antireflektionsbeschichtung, Wasserdichtigkeit 20bar (200m), Ziffernblatt:, gr\u00fcn, Datumsanzeige, Leuchtindizes, Leuchtzeiger, Uhrwerk:, Automatik, 80 Stunden Gangreserve, Verschraubbare Krone, Swiss made, Armband:, Edelstahl, Faltschlie\u00dfe, ink. Ledertasche mit zus\u00e4tzlichen B\u00e4ndern","breadcrumb":{"@id":"https:\/\/www.tirolergoldschmied.it\/de\/shop\/rado\/rado-captain-cook-uhren-r32505318\/#breadcrumb"},"inLanguage":"de","potentialAction":[{"@type":"ReadAction","target":["https:\/\/www.tirolergoldschmied.it\/de\/shop\/rado\/rado-captain-cook-uhren-r32505318\/"]}]},{"@type":"ImageObject","inLanguage":"de","@id":"https:\/\/www.tirolergoldschmied.it\/de\/shop\/rado\/rado-captain-cook-uhren-r32505318\/#primaryimage","url":"https:\/\/static.tirolergoldschmied.it\/39543ca551be492a\/2023\/11\/102600\/c\/fit-in\/0x0\/filters:no_upscale()\/filters:strip_exif()\/r32505318.jpg","contentUrl":"https:\/\/static.tirolergoldschmied.it\/39543ca551be492a\/2023\/11\/102600\/c\/fit-in\/0x0\/filters:no_upscale()\/filters:strip_exif()\/r32505318.jpg","width":1000,"height":1000},{"@type":"BreadcrumbList","@id":"https:\/\/www.tirolergoldschmied.it\/de\/shop\/rado\/rado-captain-cook-uhren-r32505318\/#breadcrumb","itemListElement":[{"@type":"ListItem","position":1,"name":"Startseite","item":"https:\/\/www.tirolergoldschmied.it\/de\/"},{"@type":"ListItem","position":2,"name":"Shop","item":"https:\/\/www.tirolergoldschmied.it\/de\/shop\/"},{"@type":"ListItem","position":3,"name":"Uhr Captain Cook Automatic"}]},{"@type":"WebSite","@id":"https:\/\/www.tirolergoldschmied.it\/de\/#website","url":"https:\/\/www.tirolergoldschmied.it\/de\/","name":"Tiroler Goldschmied","description":"","potentialAction":[{"@type":"SearchAction","target":{"@type":"EntryPoint","urlTemplate":"https:\/\/www.tirolergoldschmied.it\/de\/?s={search_term_string}"},"query-input":"required name=search_term_string"}],"inLanguage":"de"}]}},"_links":{"self":[{"href":"https:\/\/www.tirolergoldschmied.it\/de\/wp-json\/wp\/v2\/product\/102597"}],"collection":[{"href":"https:\/\/www.tirolergoldschmied.it\/de\/wp-json\/wp\/v2\/product"}],"about":[{"href":"https:\/\/www.tirolergoldschmied.it\/de\/wp-json\/wp\/v2\/types\/product"}],"replies":[{"embeddable":true,"href":"https:\/\/www.tirolergoldschmied.it\/de\/wp-json\/wp\/v2\/comments?post=102597"}],"wp:featuredmedia":[{"embeddable":true,"href":"https:\/\/www.tirolergoldschmied.it\/de\/wp-json\/wp\/v2\/media\/102600"}],"wp:attachment":[{"href":"https:\/\/www.tirolergoldschmied.it\/de\/wp-json\/wp\/v2\/media?parent=102597"}],"wp:term":[{"taxonomy":"product_cat","embeddable":true,"href":"https:\/\/www.tirolergoldschmied.it\/de\/wp-json\/wp\/v2\/product_cat?post=102597"},{"taxonomy":"product_tag","embeddable":true,"href":"https:\/\/www.tirolergoldschmied.it\/de\/wp-json\/wp\/v2\/product_tag?post=102597"},{"taxonomy":"product_brand","embeddable":true,"href":"https:\/\/www.tirolergoldschmied.it\/de\/wp-json\/wp\/v2\/product_brand?post=102597"},{"taxonomy":"product_occasion","embeddable":true,"href":"https:\/\/www.tirolergoldschmied.it\/de\/wp-json\/wp\/v2\/product_occasion?post=102597"},{"taxonomy":"product_material","embeddable":true,"href":"https:\/\/www.tirolergoldschmied.it\/de\/wp-json\/wp\/v2\/product_material?post=102597"},{"taxonomy":"product_material_color","embeddable":true,"href":"https:\/\/www.tirolergoldschmied.it\/de\/wp-json\/wp\/v2\/product_material_color?post=102597"},{"taxonomy":"product_model","embeddable":true,"href":"https:\/\/www.tirolergoldschmied.it\/de\/wp-json\/wp\/v2\/product_model?post=102597"},{"taxonomy":"product_alloy","embeddable":true,"href":"https:\/\/www.tirolergoldschmied.it\/de\/wp-json\/wp\/v2\/product_alloy?post=102597"},{"taxonomy":"product_jewelry","embeddable":true,"href":"https:\/\/www.tirolergoldschmied.it\/de\/wp-json\/wp\/v2\/product_jewelry?post=102597"},{"taxonomy":"product_size","embeddable":true,"href":"https:\/\/www.tirolergoldschmied.it\/de\/wp-json\/wp\/v2\/product_size?post=102597"},{"taxonomy":"product_length","embeddable":true,"href":"https:\/\/www.tirolergoldschmied.it\/de\/wp-json\/wp\/v2\/product_length?post=102597"},{"taxonomy":"product_collection","embeddable":true,"href":"https:\/\/www.tirolergoldschmied.it\/de\/wp-json\/wp\/v2\/product_collection?post=102597"},{"taxonomy":"product_metal_color","embeddable":true,"href":"https:\/\/www.tirolergoldschmied.it\/de\/wp-json\/wp\/v2\/product_metal_color?post=102597"}],"curies":[{"name":"wp","href":"https:\/\/api.w.org\/{rel}","templated":true}]}}