{"id":108959,"date":"2024-03-21T18:47:01","date_gmt":"2024-03-21T17:47:01","guid":{"rendered":"http:\/\/www.tirolergoldschmied.it\/shop\/keine-marke\/armschmuck-polvere-di-sogni\/"},"modified":"2025-09-18T22:30:41","modified_gmt":"2025-09-18T20:30:41","slug":"pesavento-polvere-di-sogni-wplvb1725","status":"publish","type":"product","link":"https:\/\/www.tirolergoldschmied.it\/de\/shop\/pesavento\/pesavento-polvere-di-sogni-wplvb1725\/","title":{"rendered":"Armschmuck Polvere di Sogni"},"content":{"rendered":"<div class=\"berocket_ww_container\">\r\n    <div class=\"berocket_ww_empty\">\r\n        <p>Die Dreambox ist leer.<\/p>\r\n    <\/div>\r\n<\/div>\r\n<script>\r\njQuery('.berocket_ww_container').each( function( i, o ) {\r\n    if ( jQuery(o).height() + 20 < jQuery(o).find('.berocket_ww_ul_container').height() && jQuery(o).find('.berocket_ww_show_all').length ) {\r\n        jQuery(o).find('.berocket_ww_show_all').show();\r\n    } else if( ! jQuery(o).find('.berocket_ww_show_all').length ) {\r\n        var $scroll_block = jQuery(o).find('.berocket_ww_list');\r\n        $scroll_block.css( {maxHeight: 'initial'} );\r\n    }\r\n});\r\n<\/script>\r\n","protected":false},"excerpt":{"rendered":"<p>Silber 925 platiniert Ros\u00e9gold gl\u00e4nzend, polvere di sogni schwarz<\/p>\n","protected":false},"featured_media":108962,"comment_status":"closed","ping_status":"closed","template":"","meta":{"_acf_changed":false},"product_brand":[908],"product_cat":[448],"product_tag":[301],"product_occasion":[262,235,187,184],"product_material":[],"product_material_color":[1255],"product_model":[196],"product_alloy":[451],"product_jewelry":[310,307],"product_size":[313],"product_length":[],"product_collection":[946],"product_metal_color":[1333],"class_list":{"0":"post-108959","1":"product","2":"type-product","3":"status-publish","4":"has-post-thumbnail","6":"product_brand-pesavento","7":"product_cat-silberschmuck","8":"product_tag-neuheit","9":"pa_size-m","10":"product_occasion-abitur_sponsion","11":"product_occasion-freundschaft","12":"product_occasion-muttertag","13":"product_occasion-valentinstag","14":"product_material_color-schwarz","15":"product_model-damen","16":"product_alloy-silber-925","17":"product_jewelry-armreif","18":"product_jewelry-armschmuck","19":"product_size-m","20":"product_collection-polvere-di-sogni","21":"product_metal_color-platiniert-rosegold","23":"first","24":"instock","25":"taxable","26":"shipping-taxable","27":"purchasable","28":"product-type-variable"},"acf":[],"yoast_head":"<!-- This site is optimized with the Yoast SEO plugin v27.1.1 - https:\/\/yoast.com\/product\/yoast-seo-wordpress\/ -->\n<title>Pesavento - Polvere di Sogni - Armschmuck - platiniert Ros\u00e9gold<\/title>\n<meta name=\"description\" content=\"Silber 925 platiniert Ros\u00e9gold gl\u00e4nzend, polvere di sogni schwarz\" \/>\n<meta name=\"robots\" content=\"index, follow, max-snippet:-1, max-image-preview:large, max-video-preview:-1\" \/>\n<link rel=\"canonical\" href=\"https:\/\/www.tirolergoldschmied.it\/de\/shop\/pesavento\/pesavento-polvere-di-sogni-wplvb1725\/\" \/>\n<meta property=\"og:locale\" content=\"de_DE\" \/>\n<meta property=\"og:type\" content=\"article\" \/>\n<meta property=\"og:title\" content=\"Pesavento - Polvere di Sogni - Armschmuck - platiniert Ros\u00e9gold\" \/>\n<meta property=\"og:description\" content=\"Silber 925 platiniert Ros\u00e9gold gl\u00e4nzend, polvere di sogni schwarz\" \/>\n<meta property=\"og:url\" content=\"https:\/\/www.tirolergoldschmied.it\/de\/shop\/pesavento\/pesavento-polvere-di-sogni-wplvb1725\/\" \/>\n<meta property=\"og:site_name\" content=\"Tiroler Goldschmied\" \/>\n<meta property=\"article:modified_time\" content=\"2025-09-18T20:30:41+00:00\" \/>\n<meta property=\"og:image\" content=\"https:\/\/static.tirolergoldschmied.it\/39543ca551be492a\/2024\/03\/108962\/c\/fit-in\/0x0\/filters:no_upscale()\/filters:strip_exif()\/wplvb1725.jpg\" \/>\n\t<meta property=\"og:image:width\" content=\"1000\" \/>\n\t<meta property=\"og:image:height\" content=\"1000\" \/>\n\t<meta property=\"og:image:type\" content=\"image\/jpeg\" \/>\n<meta name=\"twitter:card\" content=\"summary_large_image\" \/>\n<script type=\"application\/ld+json\" class=\"yoast-schema-graph\">{\"@context\":\"https:\/\/schema.org\",\"@graph\":[{\"@type\":\"WebPage\",\"@id\":\"https:\/\/www.tirolergoldschmied.it\/de\/shop\/pesavento\/pesavento-polvere-di-sogni-wplvb1725\/\",\"url\":\"https:\/\/www.tirolergoldschmied.it\/de\/shop\/pesavento\/pesavento-polvere-di-sogni-wplvb1725\/\",\"name\":\"Pesavento - Polvere di Sogni - Armschmuck - platiniert Ros\u00e9gold\",\"isPartOf\":{\"@id\":\"https:\/\/www.tirolergoldschmied.it\/de\/#website\"},\"primaryImageOfPage\":{\"@id\":\"https:\/\/www.tirolergoldschmied.it\/de\/shop\/pesavento\/pesavento-polvere-di-sogni-wplvb1725\/#primaryimage\"},\"image\":{\"@id\":\"https:\/\/www.tirolergoldschmied.it\/de\/shop\/pesavento\/pesavento-polvere-di-sogni-wplvb1725\/#primaryimage\"},\"thumbnailUrl\":\"https:\/\/static.tirolergoldschmied.it\/39543ca551be492a\/2024\/03\/108962\/c\/fit-in\/0x0\/filters:no_upscale()\/filters:strip_exif()\/wplvb1725.jpg\",\"datePublished\":\"2024-03-21T17:47:01+00:00\",\"dateModified\":\"2025-09-18T20:30:41+00:00\",\"description\":\"Silber 925 platiniert Ros\u00e9gold gl\u00e4nzend, polvere di sogni schwarz\",\"breadcrumb\":{\"@id\":\"https:\/\/www.tirolergoldschmied.it\/de\/shop\/pesavento\/pesavento-polvere-di-sogni-wplvb1725\/#breadcrumb\"},\"inLanguage\":\"de\",\"potentialAction\":[{\"@type\":\"ReadAction\",\"target\":[\"https:\/\/www.tirolergoldschmied.it\/de\/shop\/pesavento\/pesavento-polvere-di-sogni-wplvb1725\/\"]}]},{\"@type\":\"ImageObject\",\"inLanguage\":\"de\",\"@id\":\"https:\/\/www.tirolergoldschmied.it\/de\/shop\/pesavento\/pesavento-polvere-di-sogni-wplvb1725\/#primaryimage\",\"url\":\"https:\/\/static.tirolergoldschmied.it\/39543ca551be492a\/2024\/03\/108962\/c\/fit-in\/0x0\/filters:no_upscale()\/filters:strip_exif()\/wplvb1725.jpg\",\"contentUrl\":\"https:\/\/static.tirolergoldschmied.it\/39543ca551be492a\/2024\/03\/108962\/c\/fit-in\/0x0\/filters:no_upscale()\/filters:strip_exif()\/wplvb1725.jpg\",\"width\":1000,\"height\":1000},{\"@type\":\"BreadcrumbList\",\"@id\":\"https:\/\/www.tirolergoldschmied.it\/de\/shop\/pesavento\/pesavento-polvere-di-sogni-wplvb1725\/#breadcrumb\",\"itemListElement\":[{\"@type\":\"ListItem\",\"position\":1,\"name\":\"Startseite\",\"item\":\"https:\/\/www.tirolergoldschmied.it\/de\/\"},{\"@type\":\"ListItem\",\"position\":2,\"name\":\"Shop\",\"item\":\"https:\/\/www.tirolergoldschmied.it\/de\/shop\/\"},{\"@type\":\"ListItem\",\"position\":3,\"name\":\"Armschmuck Polvere di Sogni\"}]},{\"@type\":\"WebSite\",\"@id\":\"https:\/\/www.tirolergoldschmied.it\/de\/#website\",\"url\":\"https:\/\/www.tirolergoldschmied.it\/de\/\",\"name\":\"Tiroler Goldschmied\",\"description\":\"\",\"potentialAction\":[{\"@type\":\"SearchAction\",\"target\":{\"@type\":\"EntryPoint\",\"urlTemplate\":\"https:\/\/www.tirolergoldschmied.it\/de\/?s={search_term_string}\"},\"query-input\":{\"@type\":\"PropertyValueSpecification\",\"valueRequired\":true,\"valueName\":\"search_term_string\"}}],\"inLanguage\":\"de\"}]}<\/script>\n<!-- \/ Yoast SEO plugin. -->","yoast_head_json":{"title":"Pesavento - Polvere di Sogni - Armschmuck - platiniert Ros\u00e9gold","description":"Silber 925 platiniert Ros\u00e9gold gl\u00e4nzend, polvere di sogni schwarz","robots":{"index":"index","follow":"follow","max-snippet":"max-snippet:-1","max-image-preview":"max-image-preview:large","max-video-preview":"max-video-preview:-1"},"canonical":"https:\/\/www.tirolergoldschmied.it\/de\/shop\/pesavento\/pesavento-polvere-di-sogni-wplvb1725\/","og_locale":"de_DE","og_type":"article","og_title":"Pesavento - Polvere di Sogni - Armschmuck - platiniert Ros\u00e9gold","og_description":"Silber 925 platiniert Ros\u00e9gold gl\u00e4nzend, polvere di sogni schwarz","og_url":"https:\/\/www.tirolergoldschmied.it\/de\/shop\/pesavento\/pesavento-polvere-di-sogni-wplvb1725\/","og_site_name":"Tiroler Goldschmied","article_modified_time":"2025-09-18T20:30:41+00:00","og_image":[{"width":1000,"height":1000,"url":"https:\/\/static.tirolergoldschmied.it\/39543ca551be492a\/2024\/03\/108962\/c\/fit-in\/0x0\/filters:no_upscale()\/filters:strip_exif()\/wplvb1725.jpg","type":"image\/jpeg"}],"twitter_card":"summary_large_image","schema":{"@context":"https:\/\/schema.org","@graph":[{"@type":"WebPage","@id":"https:\/\/www.tirolergoldschmied.it\/de\/shop\/pesavento\/pesavento-polvere-di-sogni-wplvb1725\/","url":"https:\/\/www.tirolergoldschmied.it\/de\/shop\/pesavento\/pesavento-polvere-di-sogni-wplvb1725\/","name":"Pesavento - Polvere di Sogni - Armschmuck - platiniert Ros\u00e9gold","isPartOf":{"@id":"https:\/\/www.tirolergoldschmied.it\/de\/#website"},"primaryImageOfPage":{"@id":"https:\/\/www.tirolergoldschmied.it\/de\/shop\/pesavento\/pesavento-polvere-di-sogni-wplvb1725\/#primaryimage"},"image":{"@id":"https:\/\/www.tirolergoldschmied.it\/de\/shop\/pesavento\/pesavento-polvere-di-sogni-wplvb1725\/#primaryimage"},"thumbnailUrl":"https:\/\/static.tirolergoldschmied.it\/39543ca551be492a\/2024\/03\/108962\/c\/fit-in\/0x0\/filters:no_upscale()\/filters:strip_exif()\/wplvb1725.jpg","datePublished":"2024-03-21T17:47:01+00:00","dateModified":"2025-09-18T20:30:41+00:00","description":"Silber 925 platiniert Ros\u00e9gold gl\u00e4nzend, polvere di sogni schwarz","breadcrumb":{"@id":"https:\/\/www.tirolergoldschmied.it\/de\/shop\/pesavento\/pesavento-polvere-di-sogni-wplvb1725\/#breadcrumb"},"inLanguage":"de","potentialAction":[{"@type":"ReadAction","target":["https:\/\/www.tirolergoldschmied.it\/de\/shop\/pesavento\/pesavento-polvere-di-sogni-wplvb1725\/"]}]},{"@type":"ImageObject","inLanguage":"de","@id":"https:\/\/www.tirolergoldschmied.it\/de\/shop\/pesavento\/pesavento-polvere-di-sogni-wplvb1725\/#primaryimage","url":"https:\/\/static.tirolergoldschmied.it\/39543ca551be492a\/2024\/03\/108962\/c\/fit-in\/0x0\/filters:no_upscale()\/filters:strip_exif()\/wplvb1725.jpg","contentUrl":"https:\/\/static.tirolergoldschmied.it\/39543ca551be492a\/2024\/03\/108962\/c\/fit-in\/0x0\/filters:no_upscale()\/filters:strip_exif()\/wplvb1725.jpg","width":1000,"height":1000},{"@type":"BreadcrumbList","@id":"https:\/\/www.tirolergoldschmied.it\/de\/shop\/pesavento\/pesavento-polvere-di-sogni-wplvb1725\/#breadcrumb","itemListElement":[{"@type":"ListItem","position":1,"name":"Startseite","item":"https:\/\/www.tirolergoldschmied.it\/de\/"},{"@type":"ListItem","position":2,"name":"Shop","item":"https:\/\/www.tirolergoldschmied.it\/de\/shop\/"},{"@type":"ListItem","position":3,"name":"Armschmuck Polvere di Sogni"}]},{"@type":"WebSite","@id":"https:\/\/www.tirolergoldschmied.it\/de\/#website","url":"https:\/\/www.tirolergoldschmied.it\/de\/","name":"Tiroler Goldschmied","description":"","potentialAction":[{"@type":"SearchAction","target":{"@type":"EntryPoint","urlTemplate":"https:\/\/www.tirolergoldschmied.it\/de\/?s={search_term_string}"},"query-input":{"@type":"PropertyValueSpecification","valueRequired":true,"valueName":"search_term_string"}}],"inLanguage":"de"}]}},"_links":{"self":[{"href":"https:\/\/www.tirolergoldschmied.it\/de\/wp-json\/wp\/v2\/product\/108959","targetHints":{"allow":["GET"]}}],"collection":[{"href":"https:\/\/www.tirolergoldschmied.it\/de\/wp-json\/wp\/v2\/product"}],"about":[{"href":"https:\/\/www.tirolergoldschmied.it\/de\/wp-json\/wp\/v2\/types\/product"}],"replies":[{"embeddable":true,"href":"https:\/\/www.tirolergoldschmied.it\/de\/wp-json\/wp\/v2\/comments?post=108959"}],"wp:featuredmedia":[{"embeddable":true,"href":"https:\/\/www.tirolergoldschmied.it\/de\/wp-json\/wp\/v2\/media\/108962"}],"wp:attachment":[{"href":"https:\/\/www.tirolergoldschmied.it\/de\/wp-json\/wp\/v2\/media?parent=108959"}],"wp:term":[{"taxonomy":"product_brand","embeddable":true,"href":"https:\/\/www.tirolergoldschmied.it\/de\/wp-json\/wp\/v2\/product_brand?post=108959"},{"taxonomy":"product_cat","embeddable":true,"href":"https:\/\/www.tirolergoldschmied.it\/de\/wp-json\/wp\/v2\/product_cat?post=108959"},{"taxonomy":"product_tag","embeddable":true,"href":"https:\/\/www.tirolergoldschmied.it\/de\/wp-json\/wp\/v2\/product_tag?post=108959"},{"taxonomy":"product_occasion","embeddable":true,"href":"https:\/\/www.tirolergoldschmied.it\/de\/wp-json\/wp\/v2\/product_occasion?post=108959"},{"taxonomy":"product_material","embeddable":true,"href":"https:\/\/www.tirolergoldschmied.it\/de\/wp-json\/wp\/v2\/product_material?post=108959"},{"taxonomy":"product_material_color","embeddable":true,"href":"https:\/\/www.tirolergoldschmied.it\/de\/wp-json\/wp\/v2\/product_material_color?post=108959"},{"taxonomy":"product_model","embeddable":true,"href":"https:\/\/www.tirolergoldschmied.it\/de\/wp-json\/wp\/v2\/product_model?post=108959"},{"taxonomy":"product_alloy","embeddable":true,"href":"https:\/\/www.tirolergoldschmied.it\/de\/wp-json\/wp\/v2\/product_alloy?post=108959"},{"taxonomy":"product_jewelry","embeddable":true,"href":"https:\/\/www.tirolergoldschmied.it\/de\/wp-json\/wp\/v2\/product_jewelry?post=108959"},{"taxonomy":"product_size","embeddable":true,"href":"https:\/\/www.tirolergoldschmied.it\/de\/wp-json\/wp\/v2\/product_size?post=108959"},{"taxonomy":"product_length","embeddable":true,"href":"https:\/\/www.tirolergoldschmied.it\/de\/wp-json\/wp\/v2\/product_length?post=108959"},{"taxonomy":"product_collection","embeddable":true,"href":"https:\/\/www.tirolergoldschmied.it\/de\/wp-json\/wp\/v2\/product_collection?post=108959"},{"taxonomy":"product_metal_color","embeddable":true,"href":"https:\/\/www.tirolergoldschmied.it\/de\/wp-json\/wp\/v2\/product_metal_color?post=108959"}],"curies":[{"name":"wp","href":"https:\/\/api.w.org\/{rel}","templated":true}]}}