{"id":114741,"date":"2024-07-11T17:01:27","date_gmt":"2024-07-11T15:01:27","guid":{"rendered":"http:\/\/www.tirolergoldschmied.it\/shop\/keine-marke\/ring\/"},"modified":"2025-09-17T22:20:51","modified_gmt":"2025-09-17T20:20:51","slug":"diamond-group-1cq95r8","status":"publish","type":"product","link":"https:\/\/www.tirolergoldschmied.it\/de\/shop\/diamond-group\/diamond-group-1cq95r8\/","title":{"rendered":"Ring"},"content":{"rendered":"<div class=\"berocket_ww_container\">\r\n    <div class=\"berocket_ww_empty\">\r\n        <p>Die Dreambox ist leer.<\/p>\r\n    <\/div>\r\n<\/div>\r\n<script>\r\njQuery('.berocket_ww_container').each( function( i, o ) {\r\n    if ( jQuery(o).height() + 20 < jQuery(o).find('.berocket_ww_ul_container').height() && jQuery(o).find('.berocket_ww_show_all').length ) {\r\n        jQuery(o).find('.berocket_ww_show_all').show();\r\n    } else if( ! jQuery(o).find('.berocket_ww_show_all').length ) {\r\n        var $scroll_block = jQuery(o).find('.berocket_ww_list');\r\n        $scroll_block.css( {maxHeight: 'initial'} );\r\n    }\r\n});\r\n<\/script>\r\n","protected":false},"excerpt":{"rendered":"<p>750er 18 kt Ros\u00e9gold gl\u00e4nzend, 14 Diamanten 0,09ct G\/si1 Brillantschliff, 1 London Blue Topas 2,50ct, Durchmesser 7,4mm<\/p>\n","protected":false},"featured_media":114744,"comment_status":"closed","ping_status":"closed","template":"","meta":{"_acf_changed":false},"product_brand":[833],"product_cat":[202,229,199],"product_tag":[301],"product_occasion":[262,235,181,187,184],"product_material":[190],"product_material_color":[],"product_model":[196],"product_alloy":[205],"product_jewelry":[217,214,211],"product_size":[],"product_length":[],"product_collection":[],"product_metal_color":[1264],"class_list":{"0":"post-114741","1":"product","2":"type-product","3":"status-publish","4":"has-post-thumbnail","6":"product_brand-diamond-group","7":"product_cat-diamantschmuck","8":"product_cat-edelsteinschmuck","9":"product_cat-goldschmuck","10":"product_tag-neuheit","11":"pa_size-1719","12":"pa_size-1722","13":"pa_size-1725","14":"pa_size-1728","15":"pa_size-1731","16":"pa_size-1734","17":"pa_size-1737","18":"pa_size-1740","19":"pa_size-1743","20":"pa_size-1746","21":"pa_size-1749","22":"pa_size-1752","23":"pa_size-1117","24":"pa_size-1120","25":"pa_size-556","26":"pa_size-559","27":"pa_size-334","28":"pa_size-337","29":"pa_size-316","30":"pa_size-277","31":"pa_size-283","32":"pa_size-163","33":"pa_size-166","34":"pa_size-169","35":"pa_size-172","36":"pa_size-175","37":"pa_size-280","38":"pa_size-322","39":"pa_size-325","40":"pa_size-565","41":"pa_size-568","42":"pa_size-571","43":"pa_size-1755","44":"pa_size-1758","45":"pa_size-1374","46":"pa_size-1377","47":"pa_size-1380","48":"pa_size-1761","49":"pa_size-1764","50":"pa_size-1767","51":"pa_size-1770","52":"product_occasion-abitur_sponsion","53":"product_occasion-freundschaft","54":"product_occasion-geburt","55":"product_occasion-muttertag","56":"product_occasion-valentinstag","57":"product_material-diamant","58":"product_model-damen","59":"product_alloy-750er-18-kt","60":"product_jewelry-diamantringe","61":"product_jewelry-goldringe","62":"product_jewelry-ringe","63":"product_metal_color-rosegold","65":"first","66":"outofstock","67":"taxable","68":"shipping-taxable","69":"purchasable","70":"product-type-variable"},"acf":[],"yoast_head":"<!-- This site is optimized with the Yoast SEO plugin v27.4 - https:\/\/yoast.com\/product\/yoast-seo-wordpress\/ -->\n<title>Diamond Group - - Ring - Ros\u00e9gold<\/title>\n<meta name=\"description\" content=\"750er 18 kt Ros\u00e9gold gl\u00e4nzend, 14 Diamanten 0,09ct G\/si1 Brillantschliff, 1 London Blue Topas 2,50ct, Durchmesser 7,4mm\" \/>\n<meta name=\"robots\" content=\"index, follow, max-snippet:-1, max-image-preview:large, max-video-preview:-1\" \/>\n<link rel=\"canonical\" href=\"https:\/\/www.tirolergoldschmied.it\/de\/shop\/diamond-group\/diamond-group-1cq95r8\/\" \/>\n<meta property=\"og:locale\" content=\"de_DE\" \/>\n<meta property=\"og:type\" content=\"article\" \/>\n<meta property=\"og:title\" content=\"Diamond Group - - Ring - Ros\u00e9gold\" \/>\n<meta property=\"og:description\" content=\"750er 18 kt Ros\u00e9gold gl\u00e4nzend, 14 Diamanten 0,09ct G\/si1 Brillantschliff, 1 London Blue Topas 2,50ct, Durchmesser 7,4mm\" \/>\n<meta property=\"og:url\" content=\"https:\/\/www.tirolergoldschmied.it\/de\/shop\/diamond-group\/diamond-group-1cq95r8\/\" \/>\n<meta property=\"og:site_name\" content=\"Tiroler Goldschmied\" \/>\n<meta property=\"article:modified_time\" content=\"2025-09-17T20:20:51+00:00\" \/>\n<meta property=\"og:image\" content=\"https:\/\/static.tirolergoldschmied.it\/39543ca551be492a\/2024\/07\/114744\/c\/fit-in\/0x0\/filters:no_upscale()\/filters:strip_exif()\/1cq95r8.jpg\" \/>\n\t<meta property=\"og:image:width\" content=\"1000\" \/>\n\t<meta property=\"og:image:height\" content=\"1000\" \/>\n\t<meta property=\"og:image:type\" content=\"image\/jpeg\" \/>\n<meta name=\"twitter:card\" content=\"summary_large_image\" \/>\n<script type=\"application\/ld+json\" class=\"yoast-schema-graph\">{\"@context\":\"https:\\\/\\\/schema.org\",\"@graph\":[{\"@type\":\"WebPage\",\"@id\":\"https:\\\/\\\/www.tirolergoldschmied.it\\\/de\\\/shop\\\/diamond-group\\\/diamond-group-1cq95r8\\\/\",\"url\":\"https:\\\/\\\/www.tirolergoldschmied.it\\\/de\\\/shop\\\/diamond-group\\\/diamond-group-1cq95r8\\\/\",\"name\":\"Diamond Group - - Ring - Ros\u00e9gold\",\"isPartOf\":{\"@id\":\"https:\\\/\\\/www.tirolergoldschmied.it\\\/de\\\/#website\"},\"primaryImageOfPage\":{\"@id\":\"https:\\\/\\\/www.tirolergoldschmied.it\\\/de\\\/shop\\\/diamond-group\\\/diamond-group-1cq95r8\\\/#primaryimage\"},\"image\":{\"@id\":\"https:\\\/\\\/www.tirolergoldschmied.it\\\/de\\\/shop\\\/diamond-group\\\/diamond-group-1cq95r8\\\/#primaryimage\"},\"thumbnailUrl\":\"https:\\\/\\\/static.tirolergoldschmied.it\\\/39543ca551be492a\\\/2024\\\/07\\\/114744\\\/c\\\/fit-in\\\/0x0\\\/filters:no_upscale()\\\/filters:strip_exif()\\\/1cq95r8.jpg\",\"datePublished\":\"2024-07-11T15:01:27+00:00\",\"dateModified\":\"2025-09-17T20:20:51+00:00\",\"description\":\"750er 18 kt Ros\u00e9gold gl\u00e4nzend, 14 Diamanten 0,09ct G\\\/si1 Brillantschliff, 1 London Blue Topas 2,50ct, Durchmesser 7,4mm\",\"breadcrumb\":{\"@id\":\"https:\\\/\\\/www.tirolergoldschmied.it\\\/de\\\/shop\\\/diamond-group\\\/diamond-group-1cq95r8\\\/#breadcrumb\"},\"inLanguage\":\"de\",\"potentialAction\":[{\"@type\":\"ReadAction\",\"target\":[\"https:\\\/\\\/www.tirolergoldschmied.it\\\/de\\\/shop\\\/diamond-group\\\/diamond-group-1cq95r8\\\/\"]}]},{\"@type\":\"ImageObject\",\"inLanguage\":\"de\",\"@id\":\"https:\\\/\\\/www.tirolergoldschmied.it\\\/de\\\/shop\\\/diamond-group\\\/diamond-group-1cq95r8\\\/#primaryimage\",\"url\":\"https:\\\/\\\/static.tirolergoldschmied.it\\\/39543ca551be492a\\\/2024\\\/07\\\/114744\\\/c\\\/fit-in\\\/0x0\\\/filters:no_upscale()\\\/filters:strip_exif()\\\/1cq95r8.jpg\",\"contentUrl\":\"https:\\\/\\\/static.tirolergoldschmied.it\\\/39543ca551be492a\\\/2024\\\/07\\\/114744\\\/c\\\/fit-in\\\/0x0\\\/filters:no_upscale()\\\/filters:strip_exif()\\\/1cq95r8.jpg\",\"width\":1000,\"height\":1000},{\"@type\":\"BreadcrumbList\",\"@id\":\"https:\\\/\\\/www.tirolergoldschmied.it\\\/de\\\/shop\\\/diamond-group\\\/diamond-group-1cq95r8\\\/#breadcrumb\",\"itemListElement\":[{\"@type\":\"ListItem\",\"position\":1,\"name\":\"Startseite\",\"item\":\"https:\\\/\\\/www.tirolergoldschmied.it\\\/de\\\/\"},{\"@type\":\"ListItem\",\"position\":2,\"name\":\"Shop\",\"item\":\"https:\\\/\\\/www.tirolergoldschmied.it\\\/de\\\/shop\\\/\"},{\"@type\":\"ListItem\",\"position\":3,\"name\":\"Ring\"}]},{\"@type\":\"WebSite\",\"@id\":\"https:\\\/\\\/www.tirolergoldschmied.it\\\/de\\\/#website\",\"url\":\"https:\\\/\\\/www.tirolergoldschmied.it\\\/de\\\/\",\"name\":\"Tiroler Goldschmied\",\"description\":\"\",\"potentialAction\":[{\"@type\":\"SearchAction\",\"target\":{\"@type\":\"EntryPoint\",\"urlTemplate\":\"https:\\\/\\\/www.tirolergoldschmied.it\\\/de\\\/?s={search_term_string}\"},\"query-input\":{\"@type\":\"PropertyValueSpecification\",\"valueRequired\":true,\"valueName\":\"search_term_string\"}}],\"inLanguage\":\"de\"}]}<\/script>\n<!-- \/ Yoast SEO plugin. -->","yoast_head_json":{"title":"Diamond Group - - Ring - Ros\u00e9gold","description":"750er 18 kt Ros\u00e9gold gl\u00e4nzend, 14 Diamanten 0,09ct G\/si1 Brillantschliff, 1 London Blue Topas 2,50ct, Durchmesser 7,4mm","robots":{"index":"index","follow":"follow","max-snippet":"max-snippet:-1","max-image-preview":"max-image-preview:large","max-video-preview":"max-video-preview:-1"},"canonical":"https:\/\/www.tirolergoldschmied.it\/de\/shop\/diamond-group\/diamond-group-1cq95r8\/","og_locale":"de_DE","og_type":"article","og_title":"Diamond Group - - Ring - Ros\u00e9gold","og_description":"750er 18 kt Ros\u00e9gold gl\u00e4nzend, 14 Diamanten 0,09ct G\/si1 Brillantschliff, 1 London Blue Topas 2,50ct, Durchmesser 7,4mm","og_url":"https:\/\/www.tirolergoldschmied.it\/de\/shop\/diamond-group\/diamond-group-1cq95r8\/","og_site_name":"Tiroler Goldschmied","article_modified_time":"2025-09-17T20:20:51+00:00","og_image":[{"width":1000,"height":1000,"url":"https:\/\/static.tirolergoldschmied.it\/39543ca551be492a\/2024\/07\/114744\/c\/fit-in\/0x0\/filters:no_upscale()\/filters:strip_exif()\/1cq95r8.jpg","type":"image\/jpeg"}],"twitter_card":"summary_large_image","schema":{"@context":"https:\/\/schema.org","@graph":[{"@type":"WebPage","@id":"https:\/\/www.tirolergoldschmied.it\/de\/shop\/diamond-group\/diamond-group-1cq95r8\/","url":"https:\/\/www.tirolergoldschmied.it\/de\/shop\/diamond-group\/diamond-group-1cq95r8\/","name":"Diamond Group - - Ring - Ros\u00e9gold","isPartOf":{"@id":"https:\/\/www.tirolergoldschmied.it\/de\/#website"},"primaryImageOfPage":{"@id":"https:\/\/www.tirolergoldschmied.it\/de\/shop\/diamond-group\/diamond-group-1cq95r8\/#primaryimage"},"image":{"@id":"https:\/\/www.tirolergoldschmied.it\/de\/shop\/diamond-group\/diamond-group-1cq95r8\/#primaryimage"},"thumbnailUrl":"https:\/\/static.tirolergoldschmied.it\/39543ca551be492a\/2024\/07\/114744\/c\/fit-in\/0x0\/filters:no_upscale()\/filters:strip_exif()\/1cq95r8.jpg","datePublished":"2024-07-11T15:01:27+00:00","dateModified":"2025-09-17T20:20:51+00:00","description":"750er 18 kt Ros\u00e9gold gl\u00e4nzend, 14 Diamanten 0,09ct G\/si1 Brillantschliff, 1 London Blue Topas 2,50ct, Durchmesser 7,4mm","breadcrumb":{"@id":"https:\/\/www.tirolergoldschmied.it\/de\/shop\/diamond-group\/diamond-group-1cq95r8\/#breadcrumb"},"inLanguage":"de","potentialAction":[{"@type":"ReadAction","target":["https:\/\/www.tirolergoldschmied.it\/de\/shop\/diamond-group\/diamond-group-1cq95r8\/"]}]},{"@type":"ImageObject","inLanguage":"de","@id":"https:\/\/www.tirolergoldschmied.it\/de\/shop\/diamond-group\/diamond-group-1cq95r8\/#primaryimage","url":"https:\/\/static.tirolergoldschmied.it\/39543ca551be492a\/2024\/07\/114744\/c\/fit-in\/0x0\/filters:no_upscale()\/filters:strip_exif()\/1cq95r8.jpg","contentUrl":"https:\/\/static.tirolergoldschmied.it\/39543ca551be492a\/2024\/07\/114744\/c\/fit-in\/0x0\/filters:no_upscale()\/filters:strip_exif()\/1cq95r8.jpg","width":1000,"height":1000},{"@type":"BreadcrumbList","@id":"https:\/\/www.tirolergoldschmied.it\/de\/shop\/diamond-group\/diamond-group-1cq95r8\/#breadcrumb","itemListElement":[{"@type":"ListItem","position":1,"name":"Startseite","item":"https:\/\/www.tirolergoldschmied.it\/de\/"},{"@type":"ListItem","position":2,"name":"Shop","item":"https:\/\/www.tirolergoldschmied.it\/de\/shop\/"},{"@type":"ListItem","position":3,"name":"Ring"}]},{"@type":"WebSite","@id":"https:\/\/www.tirolergoldschmied.it\/de\/#website","url":"https:\/\/www.tirolergoldschmied.it\/de\/","name":"Tiroler Goldschmied","description":"","potentialAction":[{"@type":"SearchAction","target":{"@type":"EntryPoint","urlTemplate":"https:\/\/www.tirolergoldschmied.it\/de\/?s={search_term_string}"},"query-input":{"@type":"PropertyValueSpecification","valueRequired":true,"valueName":"search_term_string"}}],"inLanguage":"de"}]}},"_links":{"self":[{"href":"https:\/\/www.tirolergoldschmied.it\/de\/wp-json\/wp\/v2\/product\/114741","targetHints":{"allow":["GET"]}}],"collection":[{"href":"https:\/\/www.tirolergoldschmied.it\/de\/wp-json\/wp\/v2\/product"}],"about":[{"href":"https:\/\/www.tirolergoldschmied.it\/de\/wp-json\/wp\/v2\/types\/product"}],"replies":[{"embeddable":true,"href":"https:\/\/www.tirolergoldschmied.it\/de\/wp-json\/wp\/v2\/comments?post=114741"}],"wp:featuredmedia":[{"embeddable":true,"href":"https:\/\/www.tirolergoldschmied.it\/de\/wp-json\/wp\/v2\/media\/114744"}],"wp:attachment":[{"href":"https:\/\/www.tirolergoldschmied.it\/de\/wp-json\/wp\/v2\/media?parent=114741"}],"wp:term":[{"taxonomy":"product_brand","embeddable":true,"href":"https:\/\/www.tirolergoldschmied.it\/de\/wp-json\/wp\/v2\/product_brand?post=114741"},{"taxonomy":"product_cat","embeddable":true,"href":"https:\/\/www.tirolergoldschmied.it\/de\/wp-json\/wp\/v2\/product_cat?post=114741"},{"taxonomy":"product_tag","embeddable":true,"href":"https:\/\/www.tirolergoldschmied.it\/de\/wp-json\/wp\/v2\/product_tag?post=114741"},{"taxonomy":"product_occasion","embeddable":true,"href":"https:\/\/www.tirolergoldschmied.it\/de\/wp-json\/wp\/v2\/product_occasion?post=114741"},{"taxonomy":"product_material","embeddable":true,"href":"https:\/\/www.tirolergoldschmied.it\/de\/wp-json\/wp\/v2\/product_material?post=114741"},{"taxonomy":"product_material_color","embeddable":true,"href":"https:\/\/www.tirolergoldschmied.it\/de\/wp-json\/wp\/v2\/product_material_color?post=114741"},{"taxonomy":"product_model","embeddable":true,"href":"https:\/\/www.tirolergoldschmied.it\/de\/wp-json\/wp\/v2\/product_model?post=114741"},{"taxonomy":"product_alloy","embeddable":true,"href":"https:\/\/www.tirolergoldschmied.it\/de\/wp-json\/wp\/v2\/product_alloy?post=114741"},{"taxonomy":"product_jewelry","embeddable":true,"href":"https:\/\/www.tirolergoldschmied.it\/de\/wp-json\/wp\/v2\/product_jewelry?post=114741"},{"taxonomy":"product_size","embeddable":true,"href":"https:\/\/www.tirolergoldschmied.it\/de\/wp-json\/wp\/v2\/product_size?post=114741"},{"taxonomy":"product_length","embeddable":true,"href":"https:\/\/www.tirolergoldschmied.it\/de\/wp-json\/wp\/v2\/product_length?post=114741"},{"taxonomy":"product_collection","embeddable":true,"href":"https:\/\/www.tirolergoldschmied.it\/de\/wp-json\/wp\/v2\/product_collection?post=114741"},{"taxonomy":"product_metal_color","embeddable":true,"href":"https:\/\/www.tirolergoldschmied.it\/de\/wp-json\/wp\/v2\/product_metal_color?post=114741"}],"curies":[{"name":"wp","href":"https:\/\/api.w.org\/{rel}","templated":true}]}}