{"id":71878,"date":"2023-05-04T02:21:25","date_gmt":"2023-05-04T00:21:25","guid":{"rendered":"https:\/\/www.tirolergoldschmied.it\/produkt\/ring-bouton-large-10\/"},"modified":"2026-02-03T18:06:04","modified_gmt":"2026-02-03T17:06:04","slug":"tamara-comolli-bouton-r-bou-l-moor-rg","status":"publish","type":"product","link":"https:\/\/www.tirolergoldschmied.it\/de\/shop\/tamara-comolli\/tamara-comolli-bouton-r-bou-l-moor-rg\/","title":{"rendered":"Ring Bouton large"},"content":{"rendered":"<div class=\"berocket_ww_container\">\r\n    <div class=\"berocket_ww_empty\">\r\n        <p>Die Dreambox ist leer.<\/p>\r\n    <\/div>\r\n<\/div>\r\n<script>\r\njQuery('.berocket_ww_container').each( function( i, o ) {\r\n    if ( jQuery(o).height() + 20 < jQuery(o).find('.berocket_ww_ul_container').height() && jQuery(o).find('.berocket_ww_show_all').length ) {\r\n        jQuery(o).find('.berocket_ww_show_all').show();\r\n    } else if( ! jQuery(o).find('.berocket_ww_show_all').length ) {\r\n        var $scroll_block = jQuery(o).find('.berocket_ww_list');\r\n        $scroll_block.css( {maxHeight: 'initial'} );\r\n    }\r\n});\r\n<\/script>\r\n","protected":false},"excerpt":{"rendered":"<p>750er 18 kt Ros\u00e9gold gl\u00e4nzend, 1 Mondstein Orange Cabouchon 4,4ct<\/p>\n","protected":false},"featured_media":71881,"comment_status":"closed","ping_status":"closed","template":"","meta":{"_acf_changed":false},"product_cat":[250,229,199],"product_tag":[],"product_brand":[616],"product_occasion":[262,235,181,187,184],"product_material":[226],"product_material_color":[],"product_model":[196],"product_alloy":[205],"product_jewelry":[214,211],"product_size":[],"product_length":[],"product_collection":[677],"product_metal_color":[1264],"acf":[],"yoast_head":"<!-- This site is optimized with the Yoast SEO plugin v22.5 - https:\/\/yoast.com\/wordpress\/plugins\/seo\/ -->\n<title>Tamara Comolli - Bouton large - Ring - Ros\u00e9gold<\/title>\n<meta name=\"description\" content=\"750er 18 kt Ros\u00e9gold gl\u00e4nzend, 1 Mondstein Orange Cabouchon 4,4ct\" \/>\n<meta name=\"robots\" content=\"index, follow, max-snippet:-1, max-image-preview:large, max-video-preview:-1\" \/>\n<link rel=\"canonical\" href=\"https:\/\/www.tirolergoldschmied.it\/de\/shop\/tamara-comolli\/tamara-comolli-bouton-r-bou-l-moor-rg\/\" \/>\n<meta property=\"og:locale\" content=\"de_DE\" \/>\n<meta property=\"og:type\" content=\"article\" \/>\n<meta property=\"og:title\" content=\"Tamara Comolli - Bouton large - Ring - Ros\u00e9gold\" \/>\n<meta property=\"og:description\" content=\"750er 18 kt Ros\u00e9gold gl\u00e4nzend, 1 Mondstein Orange Cabouchon 4,4ct\" \/>\n<meta property=\"og:url\" content=\"https:\/\/www.tirolergoldschmied.it\/de\/shop\/tamara-comolli\/tamara-comolli-bouton-r-bou-l-moor-rg\/\" \/>\n<meta property=\"og:site_name\" content=\"Tiroler Goldschmied\" \/>\n<meta property=\"article:modified_time\" content=\"2026-02-03T17:06:04+00:00\" \/>\n<meta property=\"og:image\" content=\"https:\/\/static.tirolergoldschmied.it\/39543ca551be492a\/2023\/05\/71881\/c\/fit-in\/0x0\/filters:no_upscale()\/filters:strip_exif()\/r-bou-l-moor-rg.jpg\" \/>\n\t<meta property=\"og:image:width\" content=\"1800\" \/>\n\t<meta property=\"og:image:height\" content=\"1800\" \/>\n\t<meta property=\"og:image:type\" content=\"image\/jpeg\" \/>\n<meta name=\"twitter:card\" content=\"summary_large_image\" \/>\n<script type=\"application\/ld+json\" class=\"yoast-schema-graph\">{\"@context\":\"https:\/\/schema.org\",\"@graph\":[{\"@type\":\"WebPage\",\"@id\":\"https:\/\/www.tirolergoldschmied.it\/de\/shop\/tamara-comolli\/tamara-comolli-bouton-r-bou-l-moor-rg\/\",\"url\":\"https:\/\/www.tirolergoldschmied.it\/de\/shop\/tamara-comolli\/tamara-comolli-bouton-r-bou-l-moor-rg\/\",\"name\":\"Tamara Comolli - Bouton large - Ring - Ros\u00e9gold\",\"isPartOf\":{\"@id\":\"https:\/\/www.tirolergoldschmied.it\/de\/#website\"},\"primaryImageOfPage\":{\"@id\":\"https:\/\/www.tirolergoldschmied.it\/de\/shop\/tamara-comolli\/tamara-comolli-bouton-r-bou-l-moor-rg\/#primaryimage\"},\"image\":{\"@id\":\"https:\/\/www.tirolergoldschmied.it\/de\/shop\/tamara-comolli\/tamara-comolli-bouton-r-bou-l-moor-rg\/#primaryimage\"},\"thumbnailUrl\":\"https:\/\/static.tirolergoldschmied.it\/39543ca551be492a\/2023\/05\/71881\/c\/fit-in\/0x0\/filters:no_upscale()\/filters:strip_exif()\/r-bou-l-moor-rg.jpg\",\"datePublished\":\"2023-05-04T00:21:25+00:00\",\"dateModified\":\"2026-02-03T17:06:04+00:00\",\"description\":\"750er 18 kt Ros\u00e9gold gl\u00e4nzend, 1 Mondstein Orange Cabouchon 4,4ct\",\"breadcrumb\":{\"@id\":\"https:\/\/www.tirolergoldschmied.it\/de\/shop\/tamara-comolli\/tamara-comolli-bouton-r-bou-l-moor-rg\/#breadcrumb\"},\"inLanguage\":\"de\",\"potentialAction\":[{\"@type\":\"ReadAction\",\"target\":[\"https:\/\/www.tirolergoldschmied.it\/de\/shop\/tamara-comolli\/tamara-comolli-bouton-r-bou-l-moor-rg\/\"]}]},{\"@type\":\"ImageObject\",\"inLanguage\":\"de\",\"@id\":\"https:\/\/www.tirolergoldschmied.it\/de\/shop\/tamara-comolli\/tamara-comolli-bouton-r-bou-l-moor-rg\/#primaryimage\",\"url\":\"https:\/\/static.tirolergoldschmied.it\/39543ca551be492a\/2023\/05\/71881\/c\/fit-in\/0x0\/filters:no_upscale()\/filters:strip_exif()\/r-bou-l-moor-rg.jpg\",\"contentUrl\":\"https:\/\/static.tirolergoldschmied.it\/39543ca551be492a\/2023\/05\/71881\/c\/fit-in\/0x0\/filters:no_upscale()\/filters:strip_exif()\/r-bou-l-moor-rg.jpg\",\"width\":1800,\"height\":1800},{\"@type\":\"BreadcrumbList\",\"@id\":\"https:\/\/www.tirolergoldschmied.it\/de\/shop\/tamara-comolli\/tamara-comolli-bouton-r-bou-l-moor-rg\/#breadcrumb\",\"itemListElement\":[{\"@type\":\"ListItem\",\"position\":1,\"name\":\"Startseite\",\"item\":\"https:\/\/www.tirolergoldschmied.it\/de\/\"},{\"@type\":\"ListItem\",\"position\":2,\"name\":\"Shop\",\"item\":\"https:\/\/www.tirolergoldschmied.it\/de\/shop\/\"},{\"@type\":\"ListItem\",\"position\":3,\"name\":\"Ring Bouton large\"}]},{\"@type\":\"WebSite\",\"@id\":\"https:\/\/www.tirolergoldschmied.it\/de\/#website\",\"url\":\"https:\/\/www.tirolergoldschmied.it\/de\/\",\"name\":\"Tiroler Goldschmied\",\"description\":\"\",\"potentialAction\":[{\"@type\":\"SearchAction\",\"target\":{\"@type\":\"EntryPoint\",\"urlTemplate\":\"https:\/\/www.tirolergoldschmied.it\/de\/?s={search_term_string}\"},\"query-input\":\"required name=search_term_string\"}],\"inLanguage\":\"de\"}]}<\/script>\n<!-- \/ Yoast SEO plugin. -->","yoast_head_json":{"title":"Tamara Comolli - Bouton large - Ring - Ros\u00e9gold","description":"750er 18 kt Ros\u00e9gold gl\u00e4nzend, 1 Mondstein Orange Cabouchon 4,4ct","robots":{"index":"index","follow":"follow","max-snippet":"max-snippet:-1","max-image-preview":"max-image-preview:large","max-video-preview":"max-video-preview:-1"},"canonical":"https:\/\/www.tirolergoldschmied.it\/de\/shop\/tamara-comolli\/tamara-comolli-bouton-r-bou-l-moor-rg\/","og_locale":"de_DE","og_type":"article","og_title":"Tamara Comolli - Bouton large - Ring - Ros\u00e9gold","og_description":"750er 18 kt Ros\u00e9gold gl\u00e4nzend, 1 Mondstein Orange Cabouchon 4,4ct","og_url":"https:\/\/www.tirolergoldschmied.it\/de\/shop\/tamara-comolli\/tamara-comolli-bouton-r-bou-l-moor-rg\/","og_site_name":"Tiroler Goldschmied","article_modified_time":"2026-02-03T17:06:04+00:00","og_image":[{"width":1800,"height":1800,"url":"https:\/\/static.tirolergoldschmied.it\/39543ca551be492a\/2023\/05\/71881\/c\/fit-in\/0x0\/filters:no_upscale()\/filters:strip_exif()\/r-bou-l-moor-rg.jpg","type":"image\/jpeg"}],"twitter_card":"summary_large_image","schema":{"@context":"https:\/\/schema.org","@graph":[{"@type":"WebPage","@id":"https:\/\/www.tirolergoldschmied.it\/de\/shop\/tamara-comolli\/tamara-comolli-bouton-r-bou-l-moor-rg\/","url":"https:\/\/www.tirolergoldschmied.it\/de\/shop\/tamara-comolli\/tamara-comolli-bouton-r-bou-l-moor-rg\/","name":"Tamara Comolli - Bouton large - Ring - Ros\u00e9gold","isPartOf":{"@id":"https:\/\/www.tirolergoldschmied.it\/de\/#website"},"primaryImageOfPage":{"@id":"https:\/\/www.tirolergoldschmied.it\/de\/shop\/tamara-comolli\/tamara-comolli-bouton-r-bou-l-moor-rg\/#primaryimage"},"image":{"@id":"https:\/\/www.tirolergoldschmied.it\/de\/shop\/tamara-comolli\/tamara-comolli-bouton-r-bou-l-moor-rg\/#primaryimage"},"thumbnailUrl":"https:\/\/static.tirolergoldschmied.it\/39543ca551be492a\/2023\/05\/71881\/c\/fit-in\/0x0\/filters:no_upscale()\/filters:strip_exif()\/r-bou-l-moor-rg.jpg","datePublished":"2023-05-04T00:21:25+00:00","dateModified":"2026-02-03T17:06:04+00:00","description":"750er 18 kt Ros\u00e9gold gl\u00e4nzend, 1 Mondstein Orange Cabouchon 4,4ct","breadcrumb":{"@id":"https:\/\/www.tirolergoldschmied.it\/de\/shop\/tamara-comolli\/tamara-comolli-bouton-r-bou-l-moor-rg\/#breadcrumb"},"inLanguage":"de","potentialAction":[{"@type":"ReadAction","target":["https:\/\/www.tirolergoldschmied.it\/de\/shop\/tamara-comolli\/tamara-comolli-bouton-r-bou-l-moor-rg\/"]}]},{"@type":"ImageObject","inLanguage":"de","@id":"https:\/\/www.tirolergoldschmied.it\/de\/shop\/tamara-comolli\/tamara-comolli-bouton-r-bou-l-moor-rg\/#primaryimage","url":"https:\/\/static.tirolergoldschmied.it\/39543ca551be492a\/2023\/05\/71881\/c\/fit-in\/0x0\/filters:no_upscale()\/filters:strip_exif()\/r-bou-l-moor-rg.jpg","contentUrl":"https:\/\/static.tirolergoldschmied.it\/39543ca551be492a\/2023\/05\/71881\/c\/fit-in\/0x0\/filters:no_upscale()\/filters:strip_exif()\/r-bou-l-moor-rg.jpg","width":1800,"height":1800},{"@type":"BreadcrumbList","@id":"https:\/\/www.tirolergoldschmied.it\/de\/shop\/tamara-comolli\/tamara-comolli-bouton-r-bou-l-moor-rg\/#breadcrumb","itemListElement":[{"@type":"ListItem","position":1,"name":"Startseite","item":"https:\/\/www.tirolergoldschmied.it\/de\/"},{"@type":"ListItem","position":2,"name":"Shop","item":"https:\/\/www.tirolergoldschmied.it\/de\/shop\/"},{"@type":"ListItem","position":3,"name":"Ring Bouton large"}]},{"@type":"WebSite","@id":"https:\/\/www.tirolergoldschmied.it\/de\/#website","url":"https:\/\/www.tirolergoldschmied.it\/de\/","name":"Tiroler Goldschmied","description":"","potentialAction":[{"@type":"SearchAction","target":{"@type":"EntryPoint","urlTemplate":"https:\/\/www.tirolergoldschmied.it\/de\/?s={search_term_string}"},"query-input":"required name=search_term_string"}],"inLanguage":"de"}]}},"_links":{"self":[{"href":"https:\/\/www.tirolergoldschmied.it\/de\/wp-json\/wp\/v2\/product\/71878"}],"collection":[{"href":"https:\/\/www.tirolergoldschmied.it\/de\/wp-json\/wp\/v2\/product"}],"about":[{"href":"https:\/\/www.tirolergoldschmied.it\/de\/wp-json\/wp\/v2\/types\/product"}],"replies":[{"embeddable":true,"href":"https:\/\/www.tirolergoldschmied.it\/de\/wp-json\/wp\/v2\/comments?post=71878"}],"wp:featuredmedia":[{"embeddable":true,"href":"https:\/\/www.tirolergoldschmied.it\/de\/wp-json\/wp\/v2\/media\/71881"}],"wp:attachment":[{"href":"https:\/\/www.tirolergoldschmied.it\/de\/wp-json\/wp\/v2\/media?parent=71878"}],"wp:term":[{"taxonomy":"product_cat","embeddable":true,"href":"https:\/\/www.tirolergoldschmied.it\/de\/wp-json\/wp\/v2\/product_cat?post=71878"},{"taxonomy":"product_tag","embeddable":true,"href":"https:\/\/www.tirolergoldschmied.it\/de\/wp-json\/wp\/v2\/product_tag?post=71878"},{"taxonomy":"product_brand","embeddable":true,"href":"https:\/\/www.tirolergoldschmied.it\/de\/wp-json\/wp\/v2\/product_brand?post=71878"},{"taxonomy":"product_occasion","embeddable":true,"href":"https:\/\/www.tirolergoldschmied.it\/de\/wp-json\/wp\/v2\/product_occasion?post=71878"},{"taxonomy":"product_material","embeddable":true,"href":"https:\/\/www.tirolergoldschmied.it\/de\/wp-json\/wp\/v2\/product_material?post=71878"},{"taxonomy":"product_material_color","embeddable":true,"href":"https:\/\/www.tirolergoldschmied.it\/de\/wp-json\/wp\/v2\/product_material_color?post=71878"},{"taxonomy":"product_model","embeddable":true,"href":"https:\/\/www.tirolergoldschmied.it\/de\/wp-json\/wp\/v2\/product_model?post=71878"},{"taxonomy":"product_alloy","embeddable":true,"href":"https:\/\/www.tirolergoldschmied.it\/de\/wp-json\/wp\/v2\/product_alloy?post=71878"},{"taxonomy":"product_jewelry","embeddable":true,"href":"https:\/\/www.tirolergoldschmied.it\/de\/wp-json\/wp\/v2\/product_jewelry?post=71878"},{"taxonomy":"product_size","embeddable":true,"href":"https:\/\/www.tirolergoldschmied.it\/de\/wp-json\/wp\/v2\/product_size?post=71878"},{"taxonomy":"product_length","embeddable":true,"href":"https:\/\/www.tirolergoldschmied.it\/de\/wp-json\/wp\/v2\/product_length?post=71878"},{"taxonomy":"product_collection","embeddable":true,"href":"https:\/\/www.tirolergoldschmied.it\/de\/wp-json\/wp\/v2\/product_collection?post=71878"},{"taxonomy":"product_metal_color","embeddable":true,"href":"https:\/\/www.tirolergoldschmied.it\/de\/wp-json\/wp\/v2\/product_metal_color?post=71878"}],"curies":[{"name":"wp","href":"https:\/\/api.w.org\/{rel}","templated":true}]}}