{"id":76078,"date":"2023-05-04T05:34:10","date_gmt":"2023-05-04T03:34:10","guid":{"rendered":"https:\/\/www.tirolergoldschmied.it\/produkt\/halsschmuck-80\/"},"modified":"2026-02-24T13:40:50","modified_gmt":"2026-02-24T12:40:50","slug":"diamond-group-4e007w8","status":"publish","type":"product","link":"https:\/\/www.tirolergoldschmied.it\/de\/shop\/diamond-group\/diamond-group-4e007w8\/","title":{"rendered":"Halsschmuck"},"content":{"rendered":"<div class=\"berocket_ww_container\">\r\n    <div class=\"berocket_ww_empty\">\r\n        <p>Die Dreambox ist leer.<\/p>\r\n    <\/div>\r\n<\/div>\r\n<script>\r\njQuery('.berocket_ww_container').each( function( i, o ) {\r\n    if ( jQuery(o).height() + 20 < jQuery(o).find('.berocket_ww_ul_container').height() && jQuery(o).find('.berocket_ww_show_all').length ) {\r\n        jQuery(o).find('.berocket_ww_show_all').show();\r\n    } else if( ! jQuery(o).find('.berocket_ww_show_all').length ) {\r\n        var $scroll_block = jQuery(o).find('.berocket_ww_list');\r\n        $scroll_block.css( {maxHeight: 'initial'} );\r\n    }\r\n});\r\n<\/script>\r\n","protected":false},"excerpt":{"rendered":"<p>750er 18 kt Wei\u00dfgold gl\u00e4nzend, 110 Diamanten 0,48ct G\/vs1 Brillantschliff, L\u00e4nge 42cm<\/p>\n","protected":false},"featured_media":76081,"comment_status":"closed","ping_status":"closed","template":"","meta":{"_acf_changed":false},"product_brand":[833],"product_cat":[232,202,199,247],"product_tag":[],"product_occasion":[262,286,235,223,187,184],"product_material":[190],"product_material_color":[],"product_model":[196],"product_alloy":[205],"product_jewelry":[421,256,292],"product_size":[],"product_length":[484],"product_collection":[],"product_metal_color":[1258],"class_list":{"0":"post-76078","1":"product","2":"type-product","3":"status-publish","4":"has-post-thumbnail","6":"product_brand-diamond-group","7":"product_cat-brautschmuck","8":"product_cat-diamantschmuck","9":"product_cat-goldschmuck","10":"product_cat-trauschmuck","11":"pa_size-mittel","12":"product_occasion-abitur_sponsion","13":"product_occasion-firmung","14":"product_occasion-freundschaft","15":"product_occasion-hochzeit","16":"product_occasion-muttertag","17":"product_occasion-valentinstag","18":"product_material-diamant","19":"product_model-damen","20":"product_alloy-750er-18-kt","21":"product_jewelry-feine-ketten","22":"product_jewelry-halsschmuck","23":"product_jewelry-ketten","24":"product_length-mittel","25":"product_metal_color-weissgold","27":"first","28":"instock","29":"taxable","30":"shipping-taxable","31":"purchasable","32":"product-type-variable"},"acf":[],"yoast_head":"<!-- This site is optimized with the Yoast SEO plugin v27.1.1 - https:\/\/yoast.com\/product\/yoast-seo-wordpress\/ -->\n<title>Diamond Group - - Halsschmuck - Wei\u00dfgold<\/title>\n<meta name=\"description\" content=\"750er 18 kt Wei\u00dfgold gl\u00e4nzend, 110 Diamanten 0,48ct G\/vs1 Brillantschliff, L\u00e4nge 42cm\" \/>\n<meta name=\"robots\" content=\"index, follow, max-snippet:-1, max-image-preview:large, max-video-preview:-1\" \/>\n<link rel=\"canonical\" href=\"https:\/\/www.tirolergoldschmied.it\/de\/shop\/diamond-group\/diamond-group-4e007w8\/\" \/>\n<meta property=\"og:locale\" content=\"de_DE\" \/>\n<meta property=\"og:type\" content=\"article\" \/>\n<meta property=\"og:title\" content=\"Diamond Group - - Halsschmuck - Wei\u00dfgold\" \/>\n<meta property=\"og:description\" content=\"750er 18 kt Wei\u00dfgold gl\u00e4nzend, 110 Diamanten 0,48ct G\/vs1 Brillantschliff, L\u00e4nge 42cm\" \/>\n<meta property=\"og:url\" content=\"https:\/\/www.tirolergoldschmied.it\/de\/shop\/diamond-group\/diamond-group-4e007w8\/\" \/>\n<meta property=\"og:site_name\" content=\"Tiroler Goldschmied\" \/>\n<meta property=\"article:modified_time\" content=\"2026-02-24T12:40:50+00:00\" \/>\n<meta property=\"og:image\" content=\"https:\/\/static.tirolergoldschmied.it\/39543ca551be492a\/2023\/05\/76081\/c\/fit-in\/0x0\/filters:no_upscale()\/filters:strip_exif()\/4e007w8.jpg\" \/>\n\t<meta property=\"og:image:width\" content=\"1000\" \/>\n\t<meta property=\"og:image:height\" content=\"1000\" \/>\n\t<meta property=\"og:image:type\" content=\"image\/jpeg\" \/>\n<meta name=\"twitter:card\" content=\"summary_large_image\" \/>\n<script type=\"application\/ld+json\" class=\"yoast-schema-graph\">{\"@context\":\"https:\/\/schema.org\",\"@graph\":[{\"@type\":\"WebPage\",\"@id\":\"https:\/\/www.tirolergoldschmied.it\/de\/shop\/diamond-group\/diamond-group-4e007w8\/\",\"url\":\"https:\/\/www.tirolergoldschmied.it\/de\/shop\/diamond-group\/diamond-group-4e007w8\/\",\"name\":\"Diamond Group - - Halsschmuck - Wei\u00dfgold\",\"isPartOf\":{\"@id\":\"https:\/\/www.tirolergoldschmied.it\/de\/#website\"},\"primaryImageOfPage\":{\"@id\":\"https:\/\/www.tirolergoldschmied.it\/de\/shop\/diamond-group\/diamond-group-4e007w8\/#primaryimage\"},\"image\":{\"@id\":\"https:\/\/www.tirolergoldschmied.it\/de\/shop\/diamond-group\/diamond-group-4e007w8\/#primaryimage\"},\"thumbnailUrl\":\"https:\/\/static.tirolergoldschmied.it\/39543ca551be492a\/2023\/05\/76081\/c\/fit-in\/0x0\/filters:no_upscale()\/filters:strip_exif()\/4e007w8.jpg\",\"datePublished\":\"2023-05-04T03:34:10+00:00\",\"dateModified\":\"2026-02-24T12:40:50+00:00\",\"description\":\"750er 18 kt Wei\u00dfgold gl\u00e4nzend, 110 Diamanten 0,48ct G\/vs1 Brillantschliff, L\u00e4nge 42cm\",\"breadcrumb\":{\"@id\":\"https:\/\/www.tirolergoldschmied.it\/de\/shop\/diamond-group\/diamond-group-4e007w8\/#breadcrumb\"},\"inLanguage\":\"de\",\"potentialAction\":[{\"@type\":\"ReadAction\",\"target\":[\"https:\/\/www.tirolergoldschmied.it\/de\/shop\/diamond-group\/diamond-group-4e007w8\/\"]}]},{\"@type\":\"ImageObject\",\"inLanguage\":\"de\",\"@id\":\"https:\/\/www.tirolergoldschmied.it\/de\/shop\/diamond-group\/diamond-group-4e007w8\/#primaryimage\",\"url\":\"https:\/\/static.tirolergoldschmied.it\/39543ca551be492a\/2023\/05\/76081\/c\/fit-in\/0x0\/filters:no_upscale()\/filters:strip_exif()\/4e007w8.jpg\",\"contentUrl\":\"https:\/\/static.tirolergoldschmied.it\/39543ca551be492a\/2023\/05\/76081\/c\/fit-in\/0x0\/filters:no_upscale()\/filters:strip_exif()\/4e007w8.jpg\",\"width\":1000,\"height\":1000},{\"@type\":\"BreadcrumbList\",\"@id\":\"https:\/\/www.tirolergoldschmied.it\/de\/shop\/diamond-group\/diamond-group-4e007w8\/#breadcrumb\",\"itemListElement\":[{\"@type\":\"ListItem\",\"position\":1,\"name\":\"Startseite\",\"item\":\"https:\/\/www.tirolergoldschmied.it\/de\/\"},{\"@type\":\"ListItem\",\"position\":2,\"name\":\"Shop\",\"item\":\"https:\/\/www.tirolergoldschmied.it\/de\/shop\/\"},{\"@type\":\"ListItem\",\"position\":3,\"name\":\"Halsschmuck\"}]},{\"@type\":\"WebSite\",\"@id\":\"https:\/\/www.tirolergoldschmied.it\/de\/#website\",\"url\":\"https:\/\/www.tirolergoldschmied.it\/de\/\",\"name\":\"Tiroler Goldschmied\",\"description\":\"\",\"potentialAction\":[{\"@type\":\"SearchAction\",\"target\":{\"@type\":\"EntryPoint\",\"urlTemplate\":\"https:\/\/www.tirolergoldschmied.it\/de\/?s={search_term_string}\"},\"query-input\":{\"@type\":\"PropertyValueSpecification\",\"valueRequired\":true,\"valueName\":\"search_term_string\"}}],\"inLanguage\":\"de\"}]}<\/script>\n<!-- \/ Yoast SEO plugin. -->","yoast_head_json":{"title":"Diamond Group - - Halsschmuck - Wei\u00dfgold","description":"750er 18 kt Wei\u00dfgold gl\u00e4nzend, 110 Diamanten 0,48ct G\/vs1 Brillantschliff, L\u00e4nge 42cm","robots":{"index":"index","follow":"follow","max-snippet":"max-snippet:-1","max-image-preview":"max-image-preview:large","max-video-preview":"max-video-preview:-1"},"canonical":"https:\/\/www.tirolergoldschmied.it\/de\/shop\/diamond-group\/diamond-group-4e007w8\/","og_locale":"de_DE","og_type":"article","og_title":"Diamond Group - - Halsschmuck - Wei\u00dfgold","og_description":"750er 18 kt Wei\u00dfgold gl\u00e4nzend, 110 Diamanten 0,48ct G\/vs1 Brillantschliff, L\u00e4nge 42cm","og_url":"https:\/\/www.tirolergoldschmied.it\/de\/shop\/diamond-group\/diamond-group-4e007w8\/","og_site_name":"Tiroler Goldschmied","article_modified_time":"2026-02-24T12:40:50+00:00","og_image":[{"width":1000,"height":1000,"url":"https:\/\/static.tirolergoldschmied.it\/39543ca551be492a\/2023\/05\/76081\/c\/fit-in\/0x0\/filters:no_upscale()\/filters:strip_exif()\/4e007w8.jpg","type":"image\/jpeg"}],"twitter_card":"summary_large_image","schema":{"@context":"https:\/\/schema.org","@graph":[{"@type":"WebPage","@id":"https:\/\/www.tirolergoldschmied.it\/de\/shop\/diamond-group\/diamond-group-4e007w8\/","url":"https:\/\/www.tirolergoldschmied.it\/de\/shop\/diamond-group\/diamond-group-4e007w8\/","name":"Diamond Group - - Halsschmuck - Wei\u00dfgold","isPartOf":{"@id":"https:\/\/www.tirolergoldschmied.it\/de\/#website"},"primaryImageOfPage":{"@id":"https:\/\/www.tirolergoldschmied.it\/de\/shop\/diamond-group\/diamond-group-4e007w8\/#primaryimage"},"image":{"@id":"https:\/\/www.tirolergoldschmied.it\/de\/shop\/diamond-group\/diamond-group-4e007w8\/#primaryimage"},"thumbnailUrl":"https:\/\/static.tirolergoldschmied.it\/39543ca551be492a\/2023\/05\/76081\/c\/fit-in\/0x0\/filters:no_upscale()\/filters:strip_exif()\/4e007w8.jpg","datePublished":"2023-05-04T03:34:10+00:00","dateModified":"2026-02-24T12:40:50+00:00","description":"750er 18 kt Wei\u00dfgold gl\u00e4nzend, 110 Diamanten 0,48ct G\/vs1 Brillantschliff, L\u00e4nge 42cm","breadcrumb":{"@id":"https:\/\/www.tirolergoldschmied.it\/de\/shop\/diamond-group\/diamond-group-4e007w8\/#breadcrumb"},"inLanguage":"de","potentialAction":[{"@type":"ReadAction","target":["https:\/\/www.tirolergoldschmied.it\/de\/shop\/diamond-group\/diamond-group-4e007w8\/"]}]},{"@type":"ImageObject","inLanguage":"de","@id":"https:\/\/www.tirolergoldschmied.it\/de\/shop\/diamond-group\/diamond-group-4e007w8\/#primaryimage","url":"https:\/\/static.tirolergoldschmied.it\/39543ca551be492a\/2023\/05\/76081\/c\/fit-in\/0x0\/filters:no_upscale()\/filters:strip_exif()\/4e007w8.jpg","contentUrl":"https:\/\/static.tirolergoldschmied.it\/39543ca551be492a\/2023\/05\/76081\/c\/fit-in\/0x0\/filters:no_upscale()\/filters:strip_exif()\/4e007w8.jpg","width":1000,"height":1000},{"@type":"BreadcrumbList","@id":"https:\/\/www.tirolergoldschmied.it\/de\/shop\/diamond-group\/diamond-group-4e007w8\/#breadcrumb","itemListElement":[{"@type":"ListItem","position":1,"name":"Startseite","item":"https:\/\/www.tirolergoldschmied.it\/de\/"},{"@type":"ListItem","position":2,"name":"Shop","item":"https:\/\/www.tirolergoldschmied.it\/de\/shop\/"},{"@type":"ListItem","position":3,"name":"Halsschmuck"}]},{"@type":"WebSite","@id":"https:\/\/www.tirolergoldschmied.it\/de\/#website","url":"https:\/\/www.tirolergoldschmied.it\/de\/","name":"Tiroler Goldschmied","description":"","potentialAction":[{"@type":"SearchAction","target":{"@type":"EntryPoint","urlTemplate":"https:\/\/www.tirolergoldschmied.it\/de\/?s={search_term_string}"},"query-input":{"@type":"PropertyValueSpecification","valueRequired":true,"valueName":"search_term_string"}}],"inLanguage":"de"}]}},"_links":{"self":[{"href":"https:\/\/www.tirolergoldschmied.it\/de\/wp-json\/wp\/v2\/product\/76078","targetHints":{"allow":["GET"]}}],"collection":[{"href":"https:\/\/www.tirolergoldschmied.it\/de\/wp-json\/wp\/v2\/product"}],"about":[{"href":"https:\/\/www.tirolergoldschmied.it\/de\/wp-json\/wp\/v2\/types\/product"}],"replies":[{"embeddable":true,"href":"https:\/\/www.tirolergoldschmied.it\/de\/wp-json\/wp\/v2\/comments?post=76078"}],"wp:featuredmedia":[{"embeddable":true,"href":"https:\/\/www.tirolergoldschmied.it\/de\/wp-json\/wp\/v2\/media\/76081"}],"wp:attachment":[{"href":"https:\/\/www.tirolergoldschmied.it\/de\/wp-json\/wp\/v2\/media?parent=76078"}],"wp:term":[{"taxonomy":"product_brand","embeddable":true,"href":"https:\/\/www.tirolergoldschmied.it\/de\/wp-json\/wp\/v2\/product_brand?post=76078"},{"taxonomy":"product_cat","embeddable":true,"href":"https:\/\/www.tirolergoldschmied.it\/de\/wp-json\/wp\/v2\/product_cat?post=76078"},{"taxonomy":"product_tag","embeddable":true,"href":"https:\/\/www.tirolergoldschmied.it\/de\/wp-json\/wp\/v2\/product_tag?post=76078"},{"taxonomy":"product_occasion","embeddable":true,"href":"https:\/\/www.tirolergoldschmied.it\/de\/wp-json\/wp\/v2\/product_occasion?post=76078"},{"taxonomy":"product_material","embeddable":true,"href":"https:\/\/www.tirolergoldschmied.it\/de\/wp-json\/wp\/v2\/product_material?post=76078"},{"taxonomy":"product_material_color","embeddable":true,"href":"https:\/\/www.tirolergoldschmied.it\/de\/wp-json\/wp\/v2\/product_material_color?post=76078"},{"taxonomy":"product_model","embeddable":true,"href":"https:\/\/www.tirolergoldschmied.it\/de\/wp-json\/wp\/v2\/product_model?post=76078"},{"taxonomy":"product_alloy","embeddable":true,"href":"https:\/\/www.tirolergoldschmied.it\/de\/wp-json\/wp\/v2\/product_alloy?post=76078"},{"taxonomy":"product_jewelry","embeddable":true,"href":"https:\/\/www.tirolergoldschmied.it\/de\/wp-json\/wp\/v2\/product_jewelry?post=76078"},{"taxonomy":"product_size","embeddable":true,"href":"https:\/\/www.tirolergoldschmied.it\/de\/wp-json\/wp\/v2\/product_size?post=76078"},{"taxonomy":"product_length","embeddable":true,"href":"https:\/\/www.tirolergoldschmied.it\/de\/wp-json\/wp\/v2\/product_length?post=76078"},{"taxonomy":"product_collection","embeddable":true,"href":"https:\/\/www.tirolergoldschmied.it\/de\/wp-json\/wp\/v2\/product_collection?post=76078"},{"taxonomy":"product_metal_color","embeddable":true,"href":"https:\/\/www.tirolergoldschmied.it\/de\/wp-json\/wp\/v2\/product_metal_color?post=76078"}],"curies":[{"name":"wp","href":"https:\/\/api.w.org\/{rel}","templated":true}]}}