{"id":84178,"date":"2023-05-04T11:44:53","date_gmt":"2023-05-04T09:44:53","guid":{"rendered":"https:\/\/www.tirolergoldschmied.it\/produkt\/ohrringe-polvere-di-sogni-89\/"},"modified":"2025-09-19T04:09:28","modified_gmt":"2025-09-19T02:09:28","slug":"pesavento-polvere-di-sogni-wplvo611","status":"publish","type":"product","link":"https:\/\/www.tirolergoldschmied.it\/de\/shop\/pesavento\/pesavento-polvere-di-sogni-wplvo611\/","title":{"rendered":"Ohrringe Polvere di Sogni"},"content":{"rendered":"<div class=\"berocket_ww_container\">\r\n    <div class=\"berocket_ww_empty\">\r\n        <p>Die Dreambox ist leer.<\/p>\r\n    <\/div>\r\n<\/div>\r\n<script>\r\njQuery('.berocket_ww_container').each( function( i, o ) {\r\n    if ( jQuery(o).height() + 20 < jQuery(o).find('.berocket_ww_ul_container').height() && jQuery(o).find('.berocket_ww_show_all').length ) {\r\n        jQuery(o).find('.berocket_ww_show_all').show();\r\n    } else if( ! jQuery(o).find('.berocket_ww_show_all').length ) {\r\n        var $scroll_block = jQuery(o).find('.berocket_ww_list');\r\n        $scroll_block.css( {maxHeight: 'initial'} );\r\n    }\r\n});\r\n<\/script>\r\n","protected":false},"excerpt":{"rendered":"<p>Silber 925 platiniert Ros\u00e9gold gl\u00e4nzend, polvere di sogni Antilope, H\u00f6he 6mm L\u00e4nge 6mm<\/p>\n","protected":false},"featured_media":84181,"comment_status":"closed","ping_status":"closed","template":"","meta":{"_acf_changed":false},"product_cat":[448],"product_tag":[],"product_brand":[908],"product_occasion":[262,235,187,184],"product_material":[],"product_material_color":[1267],"product_model":[196],"product_alloy":[451],"product_jewelry":[268,331],"product_size":[],"product_length":[],"product_collection":[946],"product_metal_color":[1333],"acf":[],"yoast_head":"<!-- This site is optimized with the Yoast SEO plugin v22.5 - https:\/\/yoast.com\/wordpress\/plugins\/seo\/ -->\n<title>Pesavento - Polvere di Sogni - Ohrringe - platiniert Ros\u00e9gold<\/title>\n<meta name=\"description\" content=\"Silber 925 platiniert Ros\u00e9gold gl\u00e4nzend, polvere di sogni Antilope, H\u00f6he 6mm L\u00e4nge 6mm\" \/>\n<meta name=\"robots\" content=\"index, follow, max-snippet:-1, max-image-preview:large, max-video-preview:-1\" \/>\n<link rel=\"canonical\" href=\"https:\/\/www.tirolergoldschmied.it\/de\/shop\/pesavento\/pesavento-polvere-di-sogni-wplvo611\/\" \/>\n<meta property=\"og:locale\" content=\"de_DE\" \/>\n<meta property=\"og:type\" content=\"article\" \/>\n<meta property=\"og:title\" content=\"Pesavento - Polvere di Sogni - Ohrringe - platiniert Ros\u00e9gold\" \/>\n<meta property=\"og:description\" content=\"Silber 925 platiniert Ros\u00e9gold gl\u00e4nzend, polvere di sogni Antilope, H\u00f6he 6mm L\u00e4nge 6mm\" \/>\n<meta property=\"og:url\" content=\"https:\/\/www.tirolergoldschmied.it\/de\/shop\/pesavento\/pesavento-polvere-di-sogni-wplvo611\/\" \/>\n<meta property=\"og:site_name\" content=\"Tiroler Goldschmied\" \/>\n<meta property=\"article:modified_time\" content=\"2025-09-19T02:09:28+00:00\" \/>\n<meta property=\"og:image\" content=\"https:\/\/static.tirolergoldschmied.it\/39543ca551be492a\/2023\/05\/84181\/c\/fit-in\/0x0\/filters:no_upscale()\/filters:strip_exif()\/wplvo611.jpg\" \/>\n\t<meta property=\"og:image:width\" content=\"600\" \/>\n\t<meta property=\"og:image:height\" content=\"600\" \/>\n\t<meta property=\"og:image:type\" content=\"image\/jpeg\" \/>\n<meta name=\"twitter:card\" content=\"summary_large_image\" \/>\n<script type=\"application\/ld+json\" class=\"yoast-schema-graph\">{\"@context\":\"https:\/\/schema.org\",\"@graph\":[{\"@type\":\"WebPage\",\"@id\":\"https:\/\/www.tirolergoldschmied.it\/de\/shop\/pesavento\/pesavento-polvere-di-sogni-wplvo611\/\",\"url\":\"https:\/\/www.tirolergoldschmied.it\/de\/shop\/pesavento\/pesavento-polvere-di-sogni-wplvo611\/\",\"name\":\"Pesavento - Polvere di Sogni - Ohrringe - platiniert Ros\u00e9gold\",\"isPartOf\":{\"@id\":\"https:\/\/www.tirolergoldschmied.it\/de\/#website\"},\"primaryImageOfPage\":{\"@id\":\"https:\/\/www.tirolergoldschmied.it\/de\/shop\/pesavento\/pesavento-polvere-di-sogni-wplvo611\/#primaryimage\"},\"image\":{\"@id\":\"https:\/\/www.tirolergoldschmied.it\/de\/shop\/pesavento\/pesavento-polvere-di-sogni-wplvo611\/#primaryimage\"},\"thumbnailUrl\":\"https:\/\/static.tirolergoldschmied.it\/39543ca551be492a\/2023\/05\/84181\/c\/fit-in\/0x0\/filters:no_upscale()\/filters:strip_exif()\/wplvo611.jpg\",\"datePublished\":\"2023-05-04T09:44:53+00:00\",\"dateModified\":\"2025-09-19T02:09:28+00:00\",\"description\":\"Silber 925 platiniert Ros\u00e9gold gl\u00e4nzend, polvere di sogni Antilope, H\u00f6he 6mm L\u00e4nge 6mm\",\"breadcrumb\":{\"@id\":\"https:\/\/www.tirolergoldschmied.it\/de\/shop\/pesavento\/pesavento-polvere-di-sogni-wplvo611\/#breadcrumb\"},\"inLanguage\":\"de\",\"potentialAction\":[{\"@type\":\"ReadAction\",\"target\":[\"https:\/\/www.tirolergoldschmied.it\/de\/shop\/pesavento\/pesavento-polvere-di-sogni-wplvo611\/\"]}]},{\"@type\":\"ImageObject\",\"inLanguage\":\"de\",\"@id\":\"https:\/\/www.tirolergoldschmied.it\/de\/shop\/pesavento\/pesavento-polvere-di-sogni-wplvo611\/#primaryimage\",\"url\":\"https:\/\/static.tirolergoldschmied.it\/39543ca551be492a\/2023\/05\/84181\/c\/fit-in\/0x0\/filters:no_upscale()\/filters:strip_exif()\/wplvo611.jpg\",\"contentUrl\":\"https:\/\/static.tirolergoldschmied.it\/39543ca551be492a\/2023\/05\/84181\/c\/fit-in\/0x0\/filters:no_upscale()\/filters:strip_exif()\/wplvo611.jpg\",\"width\":600,\"height\":600},{\"@type\":\"BreadcrumbList\",\"@id\":\"https:\/\/www.tirolergoldschmied.it\/de\/shop\/pesavento\/pesavento-polvere-di-sogni-wplvo611\/#breadcrumb\",\"itemListElement\":[{\"@type\":\"ListItem\",\"position\":1,\"name\":\"Startseite\",\"item\":\"https:\/\/www.tirolergoldschmied.it\/de\/\"},{\"@type\":\"ListItem\",\"position\":2,\"name\":\"Shop\",\"item\":\"https:\/\/www.tirolergoldschmied.it\/de\/shop\/\"},{\"@type\":\"ListItem\",\"position\":3,\"name\":\"Ohrringe Polvere di Sogni\"}]},{\"@type\":\"WebSite\",\"@id\":\"https:\/\/www.tirolergoldschmied.it\/de\/#website\",\"url\":\"https:\/\/www.tirolergoldschmied.it\/de\/\",\"name\":\"Tiroler Goldschmied\",\"description\":\"\",\"potentialAction\":[{\"@type\":\"SearchAction\",\"target\":{\"@type\":\"EntryPoint\",\"urlTemplate\":\"https:\/\/www.tirolergoldschmied.it\/de\/?s={search_term_string}\"},\"query-input\":\"required name=search_term_string\"}],\"inLanguage\":\"de\"}]}<\/script>\n<!-- \/ Yoast SEO plugin. -->","yoast_head_json":{"title":"Pesavento - Polvere di Sogni - Ohrringe - platiniert Ros\u00e9gold","description":"Silber 925 platiniert Ros\u00e9gold gl\u00e4nzend, polvere di sogni Antilope, H\u00f6he 6mm L\u00e4nge 6mm","robots":{"index":"index","follow":"follow","max-snippet":"max-snippet:-1","max-image-preview":"max-image-preview:large","max-video-preview":"max-video-preview:-1"},"canonical":"https:\/\/www.tirolergoldschmied.it\/de\/shop\/pesavento\/pesavento-polvere-di-sogni-wplvo611\/","og_locale":"de_DE","og_type":"article","og_title":"Pesavento - Polvere di Sogni - Ohrringe - platiniert Ros\u00e9gold","og_description":"Silber 925 platiniert Ros\u00e9gold gl\u00e4nzend, polvere di sogni Antilope, H\u00f6he 6mm L\u00e4nge 6mm","og_url":"https:\/\/www.tirolergoldschmied.it\/de\/shop\/pesavento\/pesavento-polvere-di-sogni-wplvo611\/","og_site_name":"Tiroler Goldschmied","article_modified_time":"2025-09-19T02:09:28+00:00","og_image":[{"width":600,"height":600,"url":"https:\/\/static.tirolergoldschmied.it\/39543ca551be492a\/2023\/05\/84181\/c\/fit-in\/0x0\/filters:no_upscale()\/filters:strip_exif()\/wplvo611.jpg","type":"image\/jpeg"}],"twitter_card":"summary_large_image","schema":{"@context":"https:\/\/schema.org","@graph":[{"@type":"WebPage","@id":"https:\/\/www.tirolergoldschmied.it\/de\/shop\/pesavento\/pesavento-polvere-di-sogni-wplvo611\/","url":"https:\/\/www.tirolergoldschmied.it\/de\/shop\/pesavento\/pesavento-polvere-di-sogni-wplvo611\/","name":"Pesavento - Polvere di Sogni - Ohrringe - platiniert Ros\u00e9gold","isPartOf":{"@id":"https:\/\/www.tirolergoldschmied.it\/de\/#website"},"primaryImageOfPage":{"@id":"https:\/\/www.tirolergoldschmied.it\/de\/shop\/pesavento\/pesavento-polvere-di-sogni-wplvo611\/#primaryimage"},"image":{"@id":"https:\/\/www.tirolergoldschmied.it\/de\/shop\/pesavento\/pesavento-polvere-di-sogni-wplvo611\/#primaryimage"},"thumbnailUrl":"https:\/\/static.tirolergoldschmied.it\/39543ca551be492a\/2023\/05\/84181\/c\/fit-in\/0x0\/filters:no_upscale()\/filters:strip_exif()\/wplvo611.jpg","datePublished":"2023-05-04T09:44:53+00:00","dateModified":"2025-09-19T02:09:28+00:00","description":"Silber 925 platiniert Ros\u00e9gold gl\u00e4nzend, polvere di sogni Antilope, H\u00f6he 6mm L\u00e4nge 6mm","breadcrumb":{"@id":"https:\/\/www.tirolergoldschmied.it\/de\/shop\/pesavento\/pesavento-polvere-di-sogni-wplvo611\/#breadcrumb"},"inLanguage":"de","potentialAction":[{"@type":"ReadAction","target":["https:\/\/www.tirolergoldschmied.it\/de\/shop\/pesavento\/pesavento-polvere-di-sogni-wplvo611\/"]}]},{"@type":"ImageObject","inLanguage":"de","@id":"https:\/\/www.tirolergoldschmied.it\/de\/shop\/pesavento\/pesavento-polvere-di-sogni-wplvo611\/#primaryimage","url":"https:\/\/static.tirolergoldschmied.it\/39543ca551be492a\/2023\/05\/84181\/c\/fit-in\/0x0\/filters:no_upscale()\/filters:strip_exif()\/wplvo611.jpg","contentUrl":"https:\/\/static.tirolergoldschmied.it\/39543ca551be492a\/2023\/05\/84181\/c\/fit-in\/0x0\/filters:no_upscale()\/filters:strip_exif()\/wplvo611.jpg","width":600,"height":600},{"@type":"BreadcrumbList","@id":"https:\/\/www.tirolergoldschmied.it\/de\/shop\/pesavento\/pesavento-polvere-di-sogni-wplvo611\/#breadcrumb","itemListElement":[{"@type":"ListItem","position":1,"name":"Startseite","item":"https:\/\/www.tirolergoldschmied.it\/de\/"},{"@type":"ListItem","position":2,"name":"Shop","item":"https:\/\/www.tirolergoldschmied.it\/de\/shop\/"},{"@type":"ListItem","position":3,"name":"Ohrringe Polvere di Sogni"}]},{"@type":"WebSite","@id":"https:\/\/www.tirolergoldschmied.it\/de\/#website","url":"https:\/\/www.tirolergoldschmied.it\/de\/","name":"Tiroler Goldschmied","description":"","potentialAction":[{"@type":"SearchAction","target":{"@type":"EntryPoint","urlTemplate":"https:\/\/www.tirolergoldschmied.it\/de\/?s={search_term_string}"},"query-input":"required name=search_term_string"}],"inLanguage":"de"}]}},"_links":{"self":[{"href":"https:\/\/www.tirolergoldschmied.it\/de\/wp-json\/wp\/v2\/product\/84178"}],"collection":[{"href":"https:\/\/www.tirolergoldschmied.it\/de\/wp-json\/wp\/v2\/product"}],"about":[{"href":"https:\/\/www.tirolergoldschmied.it\/de\/wp-json\/wp\/v2\/types\/product"}],"replies":[{"embeddable":true,"href":"https:\/\/www.tirolergoldschmied.it\/de\/wp-json\/wp\/v2\/comments?post=84178"}],"wp:featuredmedia":[{"embeddable":true,"href":"https:\/\/www.tirolergoldschmied.it\/de\/wp-json\/wp\/v2\/media\/84181"}],"wp:attachment":[{"href":"https:\/\/www.tirolergoldschmied.it\/de\/wp-json\/wp\/v2\/media?parent=84178"}],"wp:term":[{"taxonomy":"product_cat","embeddable":true,"href":"https:\/\/www.tirolergoldschmied.it\/de\/wp-json\/wp\/v2\/product_cat?post=84178"},{"taxonomy":"product_tag","embeddable":true,"href":"https:\/\/www.tirolergoldschmied.it\/de\/wp-json\/wp\/v2\/product_tag?post=84178"},{"taxonomy":"product_brand","embeddable":true,"href":"https:\/\/www.tirolergoldschmied.it\/de\/wp-json\/wp\/v2\/product_brand?post=84178"},{"taxonomy":"product_occasion","embeddable":true,"href":"https:\/\/www.tirolergoldschmied.it\/de\/wp-json\/wp\/v2\/product_occasion?post=84178"},{"taxonomy":"product_material","embeddable":true,"href":"https:\/\/www.tirolergoldschmied.it\/de\/wp-json\/wp\/v2\/product_material?post=84178"},{"taxonomy":"product_material_color","embeddable":true,"href":"https:\/\/www.tirolergoldschmied.it\/de\/wp-json\/wp\/v2\/product_material_color?post=84178"},{"taxonomy":"product_model","embeddable":true,"href":"https:\/\/www.tirolergoldschmied.it\/de\/wp-json\/wp\/v2\/product_model?post=84178"},{"taxonomy":"product_alloy","embeddable":true,"href":"https:\/\/www.tirolergoldschmied.it\/de\/wp-json\/wp\/v2\/product_alloy?post=84178"},{"taxonomy":"product_jewelry","embeddable":true,"href":"https:\/\/www.tirolergoldschmied.it\/de\/wp-json\/wp\/v2\/product_jewelry?post=84178"},{"taxonomy":"product_size","embeddable":true,"href":"https:\/\/www.tirolergoldschmied.it\/de\/wp-json\/wp\/v2\/product_size?post=84178"},{"taxonomy":"product_length","embeddable":true,"href":"https:\/\/www.tirolergoldschmied.it\/de\/wp-json\/wp\/v2\/product_length?post=84178"},{"taxonomy":"product_collection","embeddable":true,"href":"https:\/\/www.tirolergoldschmied.it\/de\/wp-json\/wp\/v2\/product_collection?post=84178"},{"taxonomy":"product_metal_color","embeddable":true,"href":"https:\/\/www.tirolergoldschmied.it\/de\/wp-json\/wp\/v2\/product_metal_color?post=84178"}],"curies":[{"name":"wp","href":"https:\/\/api.w.org\/{rel}","templated":true}]}}