{"id":85465,"date":"2023-05-04T13:29:06","date_gmt":"2023-05-04T11:29:06","guid":{"rendered":"https:\/\/www.tirolergoldschmied.it\/produkt\/ring-lotus-medium-2\/"},"modified":"2025-09-19T11:36:08","modified_gmt":"2025-09-19T09:36:08","slug":"ole-lynggaard-copenhagen-lotus-a2711-503","status":"publish","type":"product","link":"https:\/\/www.tirolergoldschmied.it\/de\/shop\/ole-lynggaard-copenhagen\/ole-lynggaard-copenhagen-lotus-a2711-503\/","title":{"rendered":"Ring Lotus medium"},"content":{"rendered":"<div class=\"berocket_ww_container\">\r\n    <div class=\"berocket_ww_empty\">\r\n        <p>Die Dreambox ist leer.<\/p>\r\n    <\/div>\r\n<\/div>\r\n<script>\r\njQuery('.berocket_ww_container').each( function( i, o ) {\r\n    if ( jQuery(o).height() + 20 < jQuery(o).find('.berocket_ww_ul_container').height() && jQuery(o).find('.berocket_ww_show_all').length ) {\r\n        jQuery(o).find('.berocket_ww_show_all').show();\r\n    } else if( ! jQuery(o).find('.berocket_ww_show_all').length ) {\r\n        var $scroll_block = jQuery(o).find('.berocket_ww_list');\r\n        $scroll_block.css( {maxHeight: 'initial'} );\r\n    }\r\n});\r\n<\/script>\r\n","protected":false},"excerpt":{"rendered":"<p>750er 18 kt Wei\u00dfgold gl\u00e4nzend, 76 Diamanten 0,40ct G\/vs1 Brillantschliff<\/p>\n","protected":false},"featured_media":85468,"comment_status":"closed","ping_status":"closed","template":"","meta":{"_acf_changed":false},"product_brand":[964],"product_cat":[232,202,199,472],"product_tag":[],"product_occasion":[262,235,181,223,187,184,466],"product_material":[190],"product_material_color":[],"product_model":[196],"product_alloy":[205],"product_jewelry":[217,214,211,475],"product_size":[],"product_length":[],"product_collection":[1009],"product_metal_color":[1258],"class_list":{"0":"post-85465","1":"product","2":"type-product","3":"status-publish","4":"has-post-thumbnail","6":"product_brand-ole-lynggaard-copenhagen","7":"product_cat-brautschmuck","8":"product_cat-diamantschmuck","9":"product_cat-goldschmuck","10":"product_cat-verlobungsringe","11":"pa_size-277","12":"pa_size-283","13":"pa_size-163","14":"pa_size-166","15":"pa_size-169","16":"product_occasion-abitur_sponsion","17":"product_occasion-freundschaft","18":"product_occasion-geburt","19":"product_occasion-hochzeit","20":"product_occasion-muttertag","21":"product_occasion-valentinstag","22":"product_occasion-verlobung","23":"product_material-diamant","24":"product_model-damen","25":"product_alloy-750er-18-kt","26":"product_jewelry-diamantringe","27":"product_jewelry-goldringe","28":"product_jewelry-ringe","29":"product_jewelry-verlobungsringe","30":"product_collection-lotus","31":"product_metal_color-weissgold","33":"first","34":"outofstock","35":"taxable","36":"shipping-taxable","37":"purchasable","38":"product-type-variable"},"acf":[],"yoast_head":"<!-- This site is optimized with the Yoast SEO plugin v27.4 - https:\/\/yoast.com\/product\/yoast-seo-wordpress\/ -->\n<title>Ole Lynggaard Copenhagen - Lotus medium - Ring - Wei\u00dfgold<\/title>\n<meta name=\"description\" content=\"750er 18 kt Wei\u00dfgold gl\u00e4nzend, 76 Diamanten 0,40ct G\/vs1 Brillantschliff\" \/>\n<meta name=\"robots\" content=\"index, follow, max-snippet:-1, max-image-preview:large, max-video-preview:-1\" \/>\n<link rel=\"canonical\" href=\"https:\/\/www.tirolergoldschmied.it\/de\/shop\/ole-lynggaard-copenhagen\/ole-lynggaard-copenhagen-lotus-a2711-503\/\" \/>\n<meta property=\"og:locale\" content=\"de_DE\" \/>\n<meta property=\"og:type\" content=\"article\" \/>\n<meta property=\"og:title\" content=\"Ole Lynggaard Copenhagen - Lotus medium - Ring - Wei\u00dfgold\" \/>\n<meta property=\"og:description\" content=\"750er 18 kt Wei\u00dfgold gl\u00e4nzend, 76 Diamanten 0,40ct G\/vs1 Brillantschliff\" \/>\n<meta property=\"og:url\" content=\"https:\/\/www.tirolergoldschmied.it\/de\/shop\/ole-lynggaard-copenhagen\/ole-lynggaard-copenhagen-lotus-a2711-503\/\" \/>\n<meta property=\"og:site_name\" content=\"Tiroler Goldschmied\" \/>\n<meta property=\"article:modified_time\" content=\"2025-09-19T09:36:08+00:00\" \/>\n<meta property=\"og:image\" content=\"https:\/\/static.tirolergoldschmied.it\/39543ca551be492a\/2023\/05\/85468\/c\/fit-in\/0x0\/filters:no_upscale()\/filters:strip_exif()\/a2711-503.jpg\" \/>\n\t<meta property=\"og:image:width\" content=\"1000\" \/>\n\t<meta property=\"og:image:height\" content=\"1000\" \/>\n\t<meta property=\"og:image:type\" content=\"image\/jpeg\" \/>\n<meta name=\"twitter:card\" content=\"summary_large_image\" \/>\n<script type=\"application\/ld+json\" class=\"yoast-schema-graph\">{\"@context\":\"https:\\\/\\\/schema.org\",\"@graph\":[{\"@type\":\"WebPage\",\"@id\":\"https:\\\/\\\/www.tirolergoldschmied.it\\\/de\\\/shop\\\/ole-lynggaard-copenhagen\\\/ole-lynggaard-copenhagen-lotus-a2711-503\\\/\",\"url\":\"https:\\\/\\\/www.tirolergoldschmied.it\\\/de\\\/shop\\\/ole-lynggaard-copenhagen\\\/ole-lynggaard-copenhagen-lotus-a2711-503\\\/\",\"name\":\"Ole Lynggaard Copenhagen - Lotus medium - Ring - Wei\u00dfgold\",\"isPartOf\":{\"@id\":\"https:\\\/\\\/www.tirolergoldschmied.it\\\/de\\\/#website\"},\"primaryImageOfPage\":{\"@id\":\"https:\\\/\\\/www.tirolergoldschmied.it\\\/de\\\/shop\\\/ole-lynggaard-copenhagen\\\/ole-lynggaard-copenhagen-lotus-a2711-503\\\/#primaryimage\"},\"image\":{\"@id\":\"https:\\\/\\\/www.tirolergoldschmied.it\\\/de\\\/shop\\\/ole-lynggaard-copenhagen\\\/ole-lynggaard-copenhagen-lotus-a2711-503\\\/#primaryimage\"},\"thumbnailUrl\":\"https:\\\/\\\/static.tirolergoldschmied.it\\\/39543ca551be492a\\\/2023\\\/05\\\/85468\\\/c\\\/fit-in\\\/0x0\\\/filters:no_upscale()\\\/filters:strip_exif()\\\/a2711-503.jpg\",\"datePublished\":\"2023-05-04T11:29:06+00:00\",\"dateModified\":\"2025-09-19T09:36:08+00:00\",\"description\":\"750er 18 kt Wei\u00dfgold gl\u00e4nzend, 76 Diamanten 0,40ct G\\\/vs1 Brillantschliff\",\"breadcrumb\":{\"@id\":\"https:\\\/\\\/www.tirolergoldschmied.it\\\/de\\\/shop\\\/ole-lynggaard-copenhagen\\\/ole-lynggaard-copenhagen-lotus-a2711-503\\\/#breadcrumb\"},\"inLanguage\":\"de\",\"potentialAction\":[{\"@type\":\"ReadAction\",\"target\":[\"https:\\\/\\\/www.tirolergoldschmied.it\\\/de\\\/shop\\\/ole-lynggaard-copenhagen\\\/ole-lynggaard-copenhagen-lotus-a2711-503\\\/\"]}]},{\"@type\":\"ImageObject\",\"inLanguage\":\"de\",\"@id\":\"https:\\\/\\\/www.tirolergoldschmied.it\\\/de\\\/shop\\\/ole-lynggaard-copenhagen\\\/ole-lynggaard-copenhagen-lotus-a2711-503\\\/#primaryimage\",\"url\":\"https:\\\/\\\/static.tirolergoldschmied.it\\\/39543ca551be492a\\\/2023\\\/05\\\/85468\\\/c\\\/fit-in\\\/0x0\\\/filters:no_upscale()\\\/filters:strip_exif()\\\/a2711-503.jpg\",\"contentUrl\":\"https:\\\/\\\/static.tirolergoldschmied.it\\\/39543ca551be492a\\\/2023\\\/05\\\/85468\\\/c\\\/fit-in\\\/0x0\\\/filters:no_upscale()\\\/filters:strip_exif()\\\/a2711-503.jpg\",\"width\":1000,\"height\":1000},{\"@type\":\"BreadcrumbList\",\"@id\":\"https:\\\/\\\/www.tirolergoldschmied.it\\\/de\\\/shop\\\/ole-lynggaard-copenhagen\\\/ole-lynggaard-copenhagen-lotus-a2711-503\\\/#breadcrumb\",\"itemListElement\":[{\"@type\":\"ListItem\",\"position\":1,\"name\":\"Startseite\",\"item\":\"https:\\\/\\\/www.tirolergoldschmied.it\\\/de\\\/\"},{\"@type\":\"ListItem\",\"position\":2,\"name\":\"Shop\",\"item\":\"https:\\\/\\\/www.tirolergoldschmied.it\\\/de\\\/shop\\\/\"},{\"@type\":\"ListItem\",\"position\":3,\"name\":\"Ring Lotus medium\"}]},{\"@type\":\"WebSite\",\"@id\":\"https:\\\/\\\/www.tirolergoldschmied.it\\\/de\\\/#website\",\"url\":\"https:\\\/\\\/www.tirolergoldschmied.it\\\/de\\\/\",\"name\":\"Tiroler Goldschmied\",\"description\":\"\",\"potentialAction\":[{\"@type\":\"SearchAction\",\"target\":{\"@type\":\"EntryPoint\",\"urlTemplate\":\"https:\\\/\\\/www.tirolergoldschmied.it\\\/de\\\/?s={search_term_string}\"},\"query-input\":{\"@type\":\"PropertyValueSpecification\",\"valueRequired\":true,\"valueName\":\"search_term_string\"}}],\"inLanguage\":\"de\"}]}<\/script>\n<!-- \/ Yoast SEO plugin. -->","yoast_head_json":{"title":"Ole Lynggaard Copenhagen - Lotus medium - Ring - Wei\u00dfgold","description":"750er 18 kt Wei\u00dfgold gl\u00e4nzend, 76 Diamanten 0,40ct G\/vs1 Brillantschliff","robots":{"index":"index","follow":"follow","max-snippet":"max-snippet:-1","max-image-preview":"max-image-preview:large","max-video-preview":"max-video-preview:-1"},"canonical":"https:\/\/www.tirolergoldschmied.it\/de\/shop\/ole-lynggaard-copenhagen\/ole-lynggaard-copenhagen-lotus-a2711-503\/","og_locale":"de_DE","og_type":"article","og_title":"Ole Lynggaard Copenhagen - Lotus medium - Ring - Wei\u00dfgold","og_description":"750er 18 kt Wei\u00dfgold gl\u00e4nzend, 76 Diamanten 0,40ct G\/vs1 Brillantschliff","og_url":"https:\/\/www.tirolergoldschmied.it\/de\/shop\/ole-lynggaard-copenhagen\/ole-lynggaard-copenhagen-lotus-a2711-503\/","og_site_name":"Tiroler Goldschmied","article_modified_time":"2025-09-19T09:36:08+00:00","og_image":[{"width":1000,"height":1000,"url":"https:\/\/static.tirolergoldschmied.it\/39543ca551be492a\/2023\/05\/85468\/c\/fit-in\/0x0\/filters:no_upscale()\/filters:strip_exif()\/a2711-503.jpg","type":"image\/jpeg"}],"twitter_card":"summary_large_image","schema":{"@context":"https:\/\/schema.org","@graph":[{"@type":"WebPage","@id":"https:\/\/www.tirolergoldschmied.it\/de\/shop\/ole-lynggaard-copenhagen\/ole-lynggaard-copenhagen-lotus-a2711-503\/","url":"https:\/\/www.tirolergoldschmied.it\/de\/shop\/ole-lynggaard-copenhagen\/ole-lynggaard-copenhagen-lotus-a2711-503\/","name":"Ole Lynggaard Copenhagen - Lotus medium - Ring - Wei\u00dfgold","isPartOf":{"@id":"https:\/\/www.tirolergoldschmied.it\/de\/#website"},"primaryImageOfPage":{"@id":"https:\/\/www.tirolergoldschmied.it\/de\/shop\/ole-lynggaard-copenhagen\/ole-lynggaard-copenhagen-lotus-a2711-503\/#primaryimage"},"image":{"@id":"https:\/\/www.tirolergoldschmied.it\/de\/shop\/ole-lynggaard-copenhagen\/ole-lynggaard-copenhagen-lotus-a2711-503\/#primaryimage"},"thumbnailUrl":"https:\/\/static.tirolergoldschmied.it\/39543ca551be492a\/2023\/05\/85468\/c\/fit-in\/0x0\/filters:no_upscale()\/filters:strip_exif()\/a2711-503.jpg","datePublished":"2023-05-04T11:29:06+00:00","dateModified":"2025-09-19T09:36:08+00:00","description":"750er 18 kt Wei\u00dfgold gl\u00e4nzend, 76 Diamanten 0,40ct G\/vs1 Brillantschliff","breadcrumb":{"@id":"https:\/\/www.tirolergoldschmied.it\/de\/shop\/ole-lynggaard-copenhagen\/ole-lynggaard-copenhagen-lotus-a2711-503\/#breadcrumb"},"inLanguage":"de","potentialAction":[{"@type":"ReadAction","target":["https:\/\/www.tirolergoldschmied.it\/de\/shop\/ole-lynggaard-copenhagen\/ole-lynggaard-copenhagen-lotus-a2711-503\/"]}]},{"@type":"ImageObject","inLanguage":"de","@id":"https:\/\/www.tirolergoldschmied.it\/de\/shop\/ole-lynggaard-copenhagen\/ole-lynggaard-copenhagen-lotus-a2711-503\/#primaryimage","url":"https:\/\/static.tirolergoldschmied.it\/39543ca551be492a\/2023\/05\/85468\/c\/fit-in\/0x0\/filters:no_upscale()\/filters:strip_exif()\/a2711-503.jpg","contentUrl":"https:\/\/static.tirolergoldschmied.it\/39543ca551be492a\/2023\/05\/85468\/c\/fit-in\/0x0\/filters:no_upscale()\/filters:strip_exif()\/a2711-503.jpg","width":1000,"height":1000},{"@type":"BreadcrumbList","@id":"https:\/\/www.tirolergoldschmied.it\/de\/shop\/ole-lynggaard-copenhagen\/ole-lynggaard-copenhagen-lotus-a2711-503\/#breadcrumb","itemListElement":[{"@type":"ListItem","position":1,"name":"Startseite","item":"https:\/\/www.tirolergoldschmied.it\/de\/"},{"@type":"ListItem","position":2,"name":"Shop","item":"https:\/\/www.tirolergoldschmied.it\/de\/shop\/"},{"@type":"ListItem","position":3,"name":"Ring Lotus medium"}]},{"@type":"WebSite","@id":"https:\/\/www.tirolergoldschmied.it\/de\/#website","url":"https:\/\/www.tirolergoldschmied.it\/de\/","name":"Tiroler Goldschmied","description":"","potentialAction":[{"@type":"SearchAction","target":{"@type":"EntryPoint","urlTemplate":"https:\/\/www.tirolergoldschmied.it\/de\/?s={search_term_string}"},"query-input":{"@type":"PropertyValueSpecification","valueRequired":true,"valueName":"search_term_string"}}],"inLanguage":"de"}]}},"_links":{"self":[{"href":"https:\/\/www.tirolergoldschmied.it\/de\/wp-json\/wp\/v2\/product\/85465","targetHints":{"allow":["GET"]}}],"collection":[{"href":"https:\/\/www.tirolergoldschmied.it\/de\/wp-json\/wp\/v2\/product"}],"about":[{"href":"https:\/\/www.tirolergoldschmied.it\/de\/wp-json\/wp\/v2\/types\/product"}],"replies":[{"embeddable":true,"href":"https:\/\/www.tirolergoldschmied.it\/de\/wp-json\/wp\/v2\/comments?post=85465"}],"wp:featuredmedia":[{"embeddable":true,"href":"https:\/\/www.tirolergoldschmied.it\/de\/wp-json\/wp\/v2\/media\/85468"}],"wp:attachment":[{"href":"https:\/\/www.tirolergoldschmied.it\/de\/wp-json\/wp\/v2\/media?parent=85465"}],"wp:term":[{"taxonomy":"product_brand","embeddable":true,"href":"https:\/\/www.tirolergoldschmied.it\/de\/wp-json\/wp\/v2\/product_brand?post=85465"},{"taxonomy":"product_cat","embeddable":true,"href":"https:\/\/www.tirolergoldschmied.it\/de\/wp-json\/wp\/v2\/product_cat?post=85465"},{"taxonomy":"product_tag","embeddable":true,"href":"https:\/\/www.tirolergoldschmied.it\/de\/wp-json\/wp\/v2\/product_tag?post=85465"},{"taxonomy":"product_occasion","embeddable":true,"href":"https:\/\/www.tirolergoldschmied.it\/de\/wp-json\/wp\/v2\/product_occasion?post=85465"},{"taxonomy":"product_material","embeddable":true,"href":"https:\/\/www.tirolergoldschmied.it\/de\/wp-json\/wp\/v2\/product_material?post=85465"},{"taxonomy":"product_material_color","embeddable":true,"href":"https:\/\/www.tirolergoldschmied.it\/de\/wp-json\/wp\/v2\/product_material_color?post=85465"},{"taxonomy":"product_model","embeddable":true,"href":"https:\/\/www.tirolergoldschmied.it\/de\/wp-json\/wp\/v2\/product_model?post=85465"},{"taxonomy":"product_alloy","embeddable":true,"href":"https:\/\/www.tirolergoldschmied.it\/de\/wp-json\/wp\/v2\/product_alloy?post=85465"},{"taxonomy":"product_jewelry","embeddable":true,"href":"https:\/\/www.tirolergoldschmied.it\/de\/wp-json\/wp\/v2\/product_jewelry?post=85465"},{"taxonomy":"product_size","embeddable":true,"href":"https:\/\/www.tirolergoldschmied.it\/de\/wp-json\/wp\/v2\/product_size?post=85465"},{"taxonomy":"product_length","embeddable":true,"href":"https:\/\/www.tirolergoldschmied.it\/de\/wp-json\/wp\/v2\/product_length?post=85465"},{"taxonomy":"product_collection","embeddable":true,"href":"https:\/\/www.tirolergoldschmied.it\/de\/wp-json\/wp\/v2\/product_collection?post=85465"},{"taxonomy":"product_metal_color","embeddable":true,"href":"https:\/\/www.tirolergoldschmied.it\/de\/wp-json\/wp\/v2\/product_metal_color?post=85465"}],"curies":[{"name":"wp","href":"https:\/\/api.w.org\/{rel}","templated":true}]}}