{"id":95395,"date":"2023-08-24T16:36:59","date_gmt":"2023-08-24T14:36:59","guid":{"rendered":"https:\/\/www.tirolergoldschmied.it\/atelier\/"},"modified":"2023-09-13T17:49:52","modified_gmt":"2023-09-13T15:49:52","slug":"atelier","status":"publish","type":"page","link":"https:\/\/www.tirolergoldschmied.it\/en\/atelier\/","title":{"rendered":"Studio"},"content":{"rendered":"<div class=\"berocket_ww_container\">\r\n    <div class=\"berocket_ww_empty\">\r\n        <p>The Dreambox is empty.<\/p>\r\n    <\/div>\r\n<\/div>\r\n<script>\r\njQuery('.berocket_ww_container').each( function( i, o ) {\r\n    if ( jQuery(o).height() + 20 < jQuery(o).find('.berocket_ww_ul_container').height() && jQuery(o).find('.berocket_ww_show_all').length ) {\r\n        jQuery(o).find('.berocket_ww_show_all').show();\r\n    } else if( ! jQuery(o).find('.berocket_ww_show_all').length ) {\r\n        var $scroll_block = jQuery(o).find('.berocket_ww_list');\r\n        $scroll_block.css( {maxHeight: 'initial'} );\r\n    }\r\n});\r\n<\/script>\r\n","protected":false},"excerpt":{"rendered":"<p>The Dreambox is empty.<\/p>\n","protected":false},"author":1,"featured_media":0,"parent":0,"menu_order":0,"comment_status":"closed","ping_status":"closed","template":"","meta":{"_acf_changed":false,"footnotes":""},"class_list":["post-95395","page","type-page","status-publish","hentry"],"acf":[],"yoast_head":"<!-- This site is optimized with the Yoast SEO plugin v27.4 - https:\/\/yoast.com\/product\/yoast-seo-wordpress\/ -->\n<title>Tiroler Goldschmied Ihr Juwelier in Meran Dorf Tirol Schenna Online Shop<\/title>\n<meta name=\"description\" content=\"Schmuck aus dem hauseigenen Schmuckatelier, Unikate, Designer-Schmuckst\u00fcck, Schmuckreparatur, Ringgr\u00f6\u00dfen\u00e4nderung, aufpolieren von Erbst\u00fcck und Uhrenbatterie Wechsel\" \/>\n<meta name=\"robots\" content=\"index, follow, max-snippet:-1, max-image-preview:large, max-video-preview:-1\" \/>\n<link rel=\"canonical\" href=\"https:\/\/www.tirolergoldschmied.it\/en\/atelier\/\" \/>\n<meta property=\"og:locale\" content=\"en_US\" \/>\n<meta property=\"og:type\" content=\"article\" \/>\n<meta property=\"og:title\" content=\"Tiroler Goldschmied Ihr Juwelier in Meran Dorf Tirol Schenna Online Shop\" \/>\n<meta property=\"og:description\" content=\"Schmuck aus dem hauseigenen Schmuckatelier, Unikate, Designer-Schmuckst\u00fcck, Schmuckreparatur, Ringgr\u00f6\u00dfen\u00e4nderung, aufpolieren von Erbst\u00fcck und Uhrenbatterie Wechsel\" \/>\n<meta property=\"og:url\" content=\"https:\/\/www.tirolergoldschmied.it\/en\/atelier\/\" \/>\n<meta property=\"og:site_name\" content=\"Tiroler Goldschmied\" \/>\n<meta property=\"article:modified_time\" content=\"2023-09-13T15:49:52+00:00\" \/>\n<meta name=\"twitter:card\" content=\"summary_large_image\" \/>\n<script type=\"application\/ld+json\" class=\"yoast-schema-graph\">{\"@context\":\"https:\\\/\\\/schema.org\",\"@graph\":[{\"@type\":\"WebPage\",\"@id\":\"https:\\\/\\\/www.tirolergoldschmied.it\\\/en\\\/atelier\\\/\",\"url\":\"https:\\\/\\\/www.tirolergoldschmied.it\\\/en\\\/atelier\\\/\",\"name\":\"Tiroler Goldschmied Ihr Juwelier in Meran Dorf Tirol Schenna Online Shop\",\"isPartOf\":{\"@id\":\"https:\\\/\\\/www.tirolergoldschmied.it\\\/en\\\/#website\"},\"datePublished\":\"2023-08-24T14:36:59+00:00\",\"dateModified\":\"2023-09-13T15:49:52+00:00\",\"description\":\"Schmuck aus dem hauseigenen Schmuckatelier, Unikate, Designer-Schmuckst\u00fcck, Schmuckreparatur, Ringgr\u00f6\u00dfen\u00e4nderung, aufpolieren von Erbst\u00fcck und Uhrenbatterie Wechsel\",\"breadcrumb\":{\"@id\":\"https:\\\/\\\/www.tirolergoldschmied.it\\\/en\\\/atelier\\\/#breadcrumb\"},\"inLanguage\":\"en-US\",\"potentialAction\":[{\"@type\":\"ReadAction\",\"target\":[\"https:\\\/\\\/www.tirolergoldschmied.it\\\/en\\\/atelier\\\/\"]}]},{\"@type\":\"BreadcrumbList\",\"@id\":\"https:\\\/\\\/www.tirolergoldschmied.it\\\/en\\\/atelier\\\/#breadcrumb\",\"itemListElement\":[{\"@type\":\"ListItem\",\"position\":1,\"name\":\"Startseite\",\"item\":\"https:\\\/\\\/www.tirolergoldschmied.it\\\/en\\\/\"},{\"@type\":\"ListItem\",\"position\":2,\"name\":\"Studio\"}]},{\"@type\":\"WebSite\",\"@id\":\"https:\\\/\\\/www.tirolergoldschmied.it\\\/en\\\/#website\",\"url\":\"https:\\\/\\\/www.tirolergoldschmied.it\\\/en\\\/\",\"name\":\"Tiroler Goldschmied\",\"description\":\"\",\"potentialAction\":[{\"@type\":\"SearchAction\",\"target\":{\"@type\":\"EntryPoint\",\"urlTemplate\":\"https:\\\/\\\/www.tirolergoldschmied.it\\\/en\\\/?s={search_term_string}\"},\"query-input\":{\"@type\":\"PropertyValueSpecification\",\"valueRequired\":true,\"valueName\":\"search_term_string\"}}],\"inLanguage\":\"en-US\"}]}<\/script>\n<!-- \/ Yoast SEO plugin. -->","yoast_head_json":{"title":"Tiroler Goldschmied Ihr Juwelier in Meran Dorf Tirol Schenna Online Shop","description":"Schmuck aus dem hauseigenen Schmuckatelier, Unikate, Designer-Schmuckst\u00fcck, Schmuckreparatur, Ringgr\u00f6\u00dfen\u00e4nderung, aufpolieren von Erbst\u00fcck und Uhrenbatterie Wechsel","robots":{"index":"index","follow":"follow","max-snippet":"max-snippet:-1","max-image-preview":"max-image-preview:large","max-video-preview":"max-video-preview:-1"},"canonical":"https:\/\/www.tirolergoldschmied.it\/en\/atelier\/","og_locale":"en_US","og_type":"article","og_title":"Tiroler Goldschmied Ihr Juwelier in Meran Dorf Tirol Schenna Online Shop","og_description":"Schmuck aus dem hauseigenen Schmuckatelier, Unikate, Designer-Schmuckst\u00fcck, Schmuckreparatur, Ringgr\u00f6\u00dfen\u00e4nderung, aufpolieren von Erbst\u00fcck und Uhrenbatterie Wechsel","og_url":"https:\/\/www.tirolergoldschmied.it\/en\/atelier\/","og_site_name":"Tiroler Goldschmied","article_modified_time":"2023-09-13T15:49:52+00:00","twitter_card":"summary_large_image","schema":{"@context":"https:\/\/schema.org","@graph":[{"@type":"WebPage","@id":"https:\/\/www.tirolergoldschmied.it\/en\/atelier\/","url":"https:\/\/www.tirolergoldschmied.it\/en\/atelier\/","name":"Tiroler Goldschmied Ihr Juwelier in Meran Dorf Tirol Schenna Online Shop","isPartOf":{"@id":"https:\/\/www.tirolergoldschmied.it\/en\/#website"},"datePublished":"2023-08-24T14:36:59+00:00","dateModified":"2023-09-13T15:49:52+00:00","description":"Schmuck aus dem hauseigenen Schmuckatelier, Unikate, Designer-Schmuckst\u00fcck, Schmuckreparatur, Ringgr\u00f6\u00dfen\u00e4nderung, aufpolieren von Erbst\u00fcck und Uhrenbatterie Wechsel","breadcrumb":{"@id":"https:\/\/www.tirolergoldschmied.it\/en\/atelier\/#breadcrumb"},"inLanguage":"en-US","potentialAction":[{"@type":"ReadAction","target":["https:\/\/www.tirolergoldschmied.it\/en\/atelier\/"]}]},{"@type":"BreadcrumbList","@id":"https:\/\/www.tirolergoldschmied.it\/en\/atelier\/#breadcrumb","itemListElement":[{"@type":"ListItem","position":1,"name":"Startseite","item":"https:\/\/www.tirolergoldschmied.it\/en\/"},{"@type":"ListItem","position":2,"name":"Studio"}]},{"@type":"WebSite","@id":"https:\/\/www.tirolergoldschmied.it\/en\/#website","url":"https:\/\/www.tirolergoldschmied.it\/en\/","name":"Tiroler Goldschmied","description":"","potentialAction":[{"@type":"SearchAction","target":{"@type":"EntryPoint","urlTemplate":"https:\/\/www.tirolergoldschmied.it\/en\/?s={search_term_string}"},"query-input":{"@type":"PropertyValueSpecification","valueRequired":true,"valueName":"search_term_string"}}],"inLanguage":"en-US"}]}},"_links":{"self":[{"href":"https:\/\/www.tirolergoldschmied.it\/en\/wp-json\/wp\/v2\/pages\/95395","targetHints":{"allow":["GET"]}}],"collection":[{"href":"https:\/\/www.tirolergoldschmied.it\/en\/wp-json\/wp\/v2\/pages"}],"about":[{"href":"https:\/\/www.tirolergoldschmied.it\/en\/wp-json\/wp\/v2\/types\/page"}],"author":[{"embeddable":true,"href":"https:\/\/www.tirolergoldschmied.it\/en\/wp-json\/wp\/v2\/users\/1"}],"replies":[{"embeddable":true,"href":"https:\/\/www.tirolergoldschmied.it\/en\/wp-json\/wp\/v2\/comments?post=95395"}],"version-history":[{"count":7,"href":"https:\/\/www.tirolergoldschmied.it\/en\/wp-json\/wp\/v2\/pages\/95395\/revisions"}],"predecessor-version":[{"id":97066,"href":"https:\/\/www.tirolergoldschmied.it\/en\/wp-json\/wp\/v2\/pages\/95395\/revisions\/97066"}],"wp:attachment":[{"href":"https:\/\/www.tirolergoldschmied.it\/en\/wp-json\/wp\/v2\/media?parent=95395"}],"curies":[{"name":"wp","href":"https:\/\/api.w.org\/{rel}","templated":true}]}}