{"id":95470,"date":"2023-06-21T16:11:50","date_gmt":"2023-06-21T14:11:50","guid":{"rendered":"https:\/\/www.tirolergoldschmied.it\/ringgroesse-aendern\/"},"modified":"2023-09-28T11:25:54","modified_gmt":"2023-09-28T09:25:54","slug":"change-ring-size","status":"publish","type":"page","link":"https:\/\/www.tirolergoldschmied.it\/en\/change-ring-size\/","title":{"rendered":"Change ring size"},"content":{"rendered":"<p><a href=\"https:\/\/static.tirolergoldschmied.it\/39543ca551be492a\/2023\/06\/92372\/c\/fit-in\/0x0\/filters:no_upscale()\/filters:strip_exif()\/ringgroesse_aendern.jpg\"><img loading=\"lazy\" decoding=\"async\" class=\"size-wf_square_500_500 wp-image-92372 alignright\" src=\"https:\/\/static.tirolergoldschmied.it\/39543ca551be492a\/2023\/06\/92372\/c\/fit-in\/500x373\/filters:no_upscale()\/filters:strip_exif()\/ringgroesse_aendern.jpg\" alt=\"\" width=\"500\" height=\"373\" data-headline=\"ringgroesse_aendern\" srcset=\"https:\/\/static.tirolergoldschmied.it\/39543ca551be492a\/2023\/06\/92372\/c\/fit-in\/300x224\/filters:no_upscale()\/filters:strip_exif()\/ringgroesse_aendern.jpg 300w, https:\/\/static.tirolergoldschmied.it\/39543ca551be492a\/2023\/06\/92372\/c\/fit-in\/107x80\/filters:no_upscale()\/filters:strip_exif()\/ringgroesse_aendern.jpg 107w, https:\/\/static.tirolergoldschmied.it\/39543ca551be492a\/2023\/06\/92372\/c\/fit-in\/350x261\/filters:no_upscale()\/filters:strip_exif()\/ringgroesse_aendern.jpg 350w, https:\/\/static.tirolergoldschmied.it\/39543ca551be492a\/2023\/06\/92372\/c\/fit-in\/400x298\/filters:no_upscale()\/filters:strip_exif()\/ringgroesse_aendern.jpg 400w, https:\/\/static.tirolergoldschmied.it\/39543ca551be492a\/2023\/06\/92372\/c\/fit-in\/80x60\/filters:no_upscale()\/filters:strip_exif()\/ringgroesse_aendern.jpg 80w, https:\/\/static.tirolergoldschmied.it\/39543ca551be492a\/2023\/06\/92372\/c\/fit-in\/245x183\/filters:no_upscale()\/filters:strip_exif()\/ringgroesse_aendern.jpg 245w, https:\/\/static.tirolergoldschmied.it\/39543ca551be492a\/2023\/06\/92372\/c\/fit-in\/100x75\/filters:no_upscale()\/filters:strip_exif()\/ringgroesse_aendern.jpg 100w, https:\/\/static.tirolergoldschmied.it\/39543ca551be492a\/2023\/06\/92372\/c\/fit-in\/500x373\/filters:no_upscale()\/filters:strip_exif()\/ringgroesse_aendern.jpg 500w\" sizes=\"auto, (max-width: 500px) 100vw, 500px\" \/><\/a>There are many reasons why the diameter of a finger and accordingly the ring size may change in the course of time. Usually, the ring size may be changed retrospectively, allowing you to continue to wear your ring with pleasure. Our wedding rings can be enlarged or reduced by +\/- 1 size, since they consist of a single workpiece. Fully beset memoire rings unfortunately cannot be reduced in size, since the brilliants and their setting may be damaged.<\/p>\n<p><strong>Do you want to change your ring size?<br \/>\n<\/strong>In case you want to change a ring size, please contact our return webpage or email us at <strong><a href=\"mailto:shop@tirolergoldschmied.it\">shop@tirolergoldschmied.it<\/a><\/strong> Please note that we will only change rings that have been purchased at our stores.<\/p>\n<div class=\"berocket_ww_container\">\r\n    <div class=\"berocket_ww_empty\">\r\n        <p>The Dreambox is empty.<\/p>\r\n    <\/div>\r\n<\/div>\r\n<script>\r\njQuery('.berocket_ww_container').each( function( i, o ) {\r\n    if ( jQuery(o).height() + 20 < jQuery(o).find('.berocket_ww_ul_container').height() && jQuery(o).find('.berocket_ww_show_all').length ) {\r\n        jQuery(o).find('.berocket_ww_show_all').show();\r\n    } else if( ! jQuery(o).find('.berocket_ww_show_all').length ) {\r\n        var $scroll_block = jQuery(o).find('.berocket_ww_list');\r\n        $scroll_block.css( {maxHeight: 'initial'} );\r\n    }\r\n});\r\n<\/script>\r\n","protected":false},"excerpt":{"rendered":"<p>There are many reasons why the diameter of a finger and accordingly the ring size may change in the course &#8230;<\/p>\n","protected":false},"author":1,"featured_media":0,"parent":0,"menu_order":0,"comment_status":"closed","ping_status":"closed","template":"","meta":{"_acf_changed":false,"footnotes":""},"class_list":["post-95470","page","type-page","status-publish","hentry"],"acf":[],"yoast_head":"<!-- This site is optimized with the Yoast SEO plugin v27.4 - https:\/\/yoast.com\/product\/yoast-seo-wordpress\/ -->\n<title>Change ring size - Tiroler Goldschmied<\/title>\n<meta name=\"description\" content=\"Die Ringgr\u00f6\u00dfe kann im Nachhinein in den meisten F\u00e4llen ohne Probleme ge\u00e4ndert werden, damit Sie Ihr Schmuckst\u00fcck wieder tragen k\u00f6nnen.\" \/>\n<meta name=\"robots\" content=\"index, follow, max-snippet:-1, max-image-preview:large, max-video-preview:-1\" \/>\n<link rel=\"canonical\" href=\"https:\/\/www.tirolergoldschmied.it\/en\/change-ring-size\/\" \/>\n<meta property=\"og:locale\" content=\"en_US\" \/>\n<meta property=\"og:type\" content=\"article\" \/>\n<meta property=\"og:title\" content=\"Change ring size - Tiroler Goldschmied\" \/>\n<meta property=\"og:description\" content=\"Die Ringgr\u00f6\u00dfe kann im Nachhinein in den meisten F\u00e4llen ohne Probleme ge\u00e4ndert werden, damit Sie Ihr Schmuckst\u00fcck wieder tragen k\u00f6nnen.\" \/>\n<meta property=\"og:url\" content=\"https:\/\/www.tirolergoldschmied.it\/en\/change-ring-size\/\" \/>\n<meta property=\"og:site_name\" content=\"Tiroler Goldschmied\" \/>\n<meta property=\"article:modified_time\" content=\"2023-09-28T09:25:54+00:00\" \/>\n<meta property=\"og:image\" content=\"https:\/\/static.tirolergoldschmied.it\/39543ca551be492a\/2023\/06\/92372\/c\/fit-in\/500x373\/filters:no_upscale()\/filters:strip_exif()\/ringgroesse_aendern.jpg\" \/>\n<meta name=\"twitter:card\" content=\"summary_large_image\" \/>\n<meta name=\"twitter:label1\" content=\"Est. reading time\" \/>\n\t<meta name=\"twitter:data1\" content=\"1 minute\" \/>\n<script type=\"application\/ld+json\" class=\"yoast-schema-graph\">{\"@context\":\"https:\\\/\\\/schema.org\",\"@graph\":[{\"@type\":\"WebPage\",\"@id\":\"https:\\\/\\\/www.tirolergoldschmied.it\\\/en\\\/change-ring-size\\\/\",\"url\":\"https:\\\/\\\/www.tirolergoldschmied.it\\\/en\\\/change-ring-size\\\/\",\"name\":\"Change ring size - Tiroler Goldschmied\",\"isPartOf\":{\"@id\":\"https:\\\/\\\/www.tirolergoldschmied.it\\\/en\\\/#website\"},\"primaryImageOfPage\":{\"@id\":\"https:\\\/\\\/www.tirolergoldschmied.it\\\/en\\\/change-ring-size\\\/#primaryimage\"},\"image\":{\"@id\":\"https:\\\/\\\/www.tirolergoldschmied.it\\\/en\\\/change-ring-size\\\/#primaryimage\"},\"thumbnailUrl\":\"https:\\\/\\\/static.tirolergoldschmied.it\\\/39543ca551be492a\\\/2023\\\/06\\\/92372\\\/c\\\/fit-in\\\/500x373\\\/filters:no_upscale()\\\/filters:strip_exif()\\\/ringgroesse_aendern.jpg\",\"datePublished\":\"2023-06-21T14:11:50+00:00\",\"dateModified\":\"2023-09-28T09:25:54+00:00\",\"description\":\"Die Ringgr\u00f6\u00dfe kann im Nachhinein in den meisten F\u00e4llen ohne Probleme ge\u00e4ndert werden, damit Sie Ihr Schmuckst\u00fcck wieder tragen k\u00f6nnen.\",\"breadcrumb\":{\"@id\":\"https:\\\/\\\/www.tirolergoldschmied.it\\\/en\\\/change-ring-size\\\/#breadcrumb\"},\"inLanguage\":\"en-US\",\"potentialAction\":[{\"@type\":\"ReadAction\",\"target\":[\"https:\\\/\\\/www.tirolergoldschmied.it\\\/en\\\/change-ring-size\\\/\"]}]},{\"@type\":\"ImageObject\",\"inLanguage\":\"en-US\",\"@id\":\"https:\\\/\\\/www.tirolergoldschmied.it\\\/en\\\/change-ring-size\\\/#primaryimage\",\"url\":\"https:\\\/\\\/static.tirolergoldschmied.it\\\/39543ca551be492a\\\/2023\\\/06\\\/92372\\\/c\\\/fit-in\\\/500x373\\\/filters:no_upscale()\\\/filters:strip_exif()\\\/ringgroesse_aendern.jpg\",\"contentUrl\":\"https:\\\/\\\/static.tirolergoldschmied.it\\\/39543ca551be492a\\\/2023\\\/06\\\/92372\\\/c\\\/fit-in\\\/500x373\\\/filters:no_upscale()\\\/filters:strip_exif()\\\/ringgroesse_aendern.jpg\"},{\"@type\":\"BreadcrumbList\",\"@id\":\"https:\\\/\\\/www.tirolergoldschmied.it\\\/en\\\/change-ring-size\\\/#breadcrumb\",\"itemListElement\":[{\"@type\":\"ListItem\",\"position\":1,\"name\":\"Startseite\",\"item\":\"https:\\\/\\\/www.tirolergoldschmied.it\\\/en\\\/\"},{\"@type\":\"ListItem\",\"position\":2,\"name\":\"Change ring size\"}]},{\"@type\":\"WebSite\",\"@id\":\"https:\\\/\\\/www.tirolergoldschmied.it\\\/en\\\/#website\",\"url\":\"https:\\\/\\\/www.tirolergoldschmied.it\\\/en\\\/\",\"name\":\"Tiroler Goldschmied\",\"description\":\"\",\"potentialAction\":[{\"@type\":\"SearchAction\",\"target\":{\"@type\":\"EntryPoint\",\"urlTemplate\":\"https:\\\/\\\/www.tirolergoldschmied.it\\\/en\\\/?s={search_term_string}\"},\"query-input\":{\"@type\":\"PropertyValueSpecification\",\"valueRequired\":true,\"valueName\":\"search_term_string\"}}],\"inLanguage\":\"en-US\"}]}<\/script>\n<!-- \/ Yoast SEO plugin. -->","yoast_head_json":{"title":"Change ring size - Tiroler Goldschmied","description":"Die Ringgr\u00f6\u00dfe kann im Nachhinein in den meisten F\u00e4llen ohne Probleme ge\u00e4ndert werden, damit Sie Ihr Schmuckst\u00fcck wieder tragen k\u00f6nnen.","robots":{"index":"index","follow":"follow","max-snippet":"max-snippet:-1","max-image-preview":"max-image-preview:large","max-video-preview":"max-video-preview:-1"},"canonical":"https:\/\/www.tirolergoldschmied.it\/en\/change-ring-size\/","og_locale":"en_US","og_type":"article","og_title":"Change ring size - Tiroler Goldschmied","og_description":"Die Ringgr\u00f6\u00dfe kann im Nachhinein in den meisten F\u00e4llen ohne Probleme ge\u00e4ndert werden, damit Sie Ihr Schmuckst\u00fcck wieder tragen k\u00f6nnen.","og_url":"https:\/\/www.tirolergoldschmied.it\/en\/change-ring-size\/","og_site_name":"Tiroler Goldschmied","article_modified_time":"2023-09-28T09:25:54+00:00","og_image":[{"url":"https:\/\/static.tirolergoldschmied.it\/39543ca551be492a\/2023\/06\/92372\/c\/fit-in\/500x373\/filters:no_upscale()\/filters:strip_exif()\/ringgroesse_aendern.jpg","type":"","width":"","height":""}],"twitter_card":"summary_large_image","twitter_misc":{"Est. reading time":"1 minute"},"schema":{"@context":"https:\/\/schema.org","@graph":[{"@type":"WebPage","@id":"https:\/\/www.tirolergoldschmied.it\/en\/change-ring-size\/","url":"https:\/\/www.tirolergoldschmied.it\/en\/change-ring-size\/","name":"Change ring size - Tiroler Goldschmied","isPartOf":{"@id":"https:\/\/www.tirolergoldschmied.it\/en\/#website"},"primaryImageOfPage":{"@id":"https:\/\/www.tirolergoldschmied.it\/en\/change-ring-size\/#primaryimage"},"image":{"@id":"https:\/\/www.tirolergoldschmied.it\/en\/change-ring-size\/#primaryimage"},"thumbnailUrl":"https:\/\/static.tirolergoldschmied.it\/39543ca551be492a\/2023\/06\/92372\/c\/fit-in\/500x373\/filters:no_upscale()\/filters:strip_exif()\/ringgroesse_aendern.jpg","datePublished":"2023-06-21T14:11:50+00:00","dateModified":"2023-09-28T09:25:54+00:00","description":"Die Ringgr\u00f6\u00dfe kann im Nachhinein in den meisten F\u00e4llen ohne Probleme ge\u00e4ndert werden, damit Sie Ihr Schmuckst\u00fcck wieder tragen k\u00f6nnen.","breadcrumb":{"@id":"https:\/\/www.tirolergoldschmied.it\/en\/change-ring-size\/#breadcrumb"},"inLanguage":"en-US","potentialAction":[{"@type":"ReadAction","target":["https:\/\/www.tirolergoldschmied.it\/en\/change-ring-size\/"]}]},{"@type":"ImageObject","inLanguage":"en-US","@id":"https:\/\/www.tirolergoldschmied.it\/en\/change-ring-size\/#primaryimage","url":"https:\/\/static.tirolergoldschmied.it\/39543ca551be492a\/2023\/06\/92372\/c\/fit-in\/500x373\/filters:no_upscale()\/filters:strip_exif()\/ringgroesse_aendern.jpg","contentUrl":"https:\/\/static.tirolergoldschmied.it\/39543ca551be492a\/2023\/06\/92372\/c\/fit-in\/500x373\/filters:no_upscale()\/filters:strip_exif()\/ringgroesse_aendern.jpg"},{"@type":"BreadcrumbList","@id":"https:\/\/www.tirolergoldschmied.it\/en\/change-ring-size\/#breadcrumb","itemListElement":[{"@type":"ListItem","position":1,"name":"Startseite","item":"https:\/\/www.tirolergoldschmied.it\/en\/"},{"@type":"ListItem","position":2,"name":"Change ring size"}]},{"@type":"WebSite","@id":"https:\/\/www.tirolergoldschmied.it\/en\/#website","url":"https:\/\/www.tirolergoldschmied.it\/en\/","name":"Tiroler Goldschmied","description":"","potentialAction":[{"@type":"SearchAction","target":{"@type":"EntryPoint","urlTemplate":"https:\/\/www.tirolergoldschmied.it\/en\/?s={search_term_string}"},"query-input":{"@type":"PropertyValueSpecification","valueRequired":true,"valueName":"search_term_string"}}],"inLanguage":"en-US"}]}},"_links":{"self":[{"href":"https:\/\/www.tirolergoldschmied.it\/en\/wp-json\/wp\/v2\/pages\/95470","targetHints":{"allow":["GET"]}}],"collection":[{"href":"https:\/\/www.tirolergoldschmied.it\/en\/wp-json\/wp\/v2\/pages"}],"about":[{"href":"https:\/\/www.tirolergoldschmied.it\/en\/wp-json\/wp\/v2\/types\/page"}],"author":[{"embeddable":true,"href":"https:\/\/www.tirolergoldschmied.it\/en\/wp-json\/wp\/v2\/users\/1"}],"replies":[{"embeddable":true,"href":"https:\/\/www.tirolergoldschmied.it\/en\/wp-json\/wp\/v2\/comments?post=95470"}],"version-history":[{"count":5,"href":"https:\/\/www.tirolergoldschmied.it\/en\/wp-json\/wp\/v2\/pages\/95470\/revisions"}],"predecessor-version":[{"id":97916,"href":"https:\/\/www.tirolergoldschmied.it\/en\/wp-json\/wp\/v2\/pages\/95470\/revisions\/97916"}],"wp:attachment":[{"href":"https:\/\/www.tirolergoldschmied.it\/en\/wp-json\/wp\/v2\/media?parent=95470"}],"curies":[{"name":"wp","href":"https:\/\/api.w.org\/{rel}","templated":true}]}}