{"id":13393,"date":"2017-04-28T07:18:06","date_gmt":"2017-04-28T07:18:06","guid":{"rendered":"https:\/\/www.tirolergoldschmied.it\/?page_id=13393\/"},"modified":"2026-02-16T15:29:39","modified_gmt":"2026-02-16T14:29:39","slug":"diritto-di-recesso-2","status":"publish","type":"page","link":"https:\/\/www.tirolergoldschmied.it\/it\/diritto-di-recesso-2\/","title":{"rendered":"Diritto di recesso"},"content":{"rendered":"<ol>\n<li style=\"text-align: left;\">L&#8217;Acquirente ha il diritto di recedere dal contratto stipulato, senza alcuna penalit\u00e0 e senza specificarne il motivo, entro il termine di 14 (quattordici) giorni, decorrente dal giorno del ricevimento del prodotto acquistato. L\u2019eventuale recesso \u00e8 da indirizzare a <strong>Tiroler Goldschmied S.r.l<\/strong>, con sede in Italia, 39019 Tirolo, Via Castello 3, part. IVA IT 00766010219, indirizzo e-mail: <a href=\"mailto:shop@tirolergoldschmied.it\">shop@tirolergoldschmied.it<\/a><\/li>\n<li style=\"text-align: left;\">L\u2019Acquirente decade dal diritto di recesso, se egli abbia portato il prodotto per finalit\u00e0 diverse dalla mera prova. In ogni caso, l\u2019Acquirente \u00e8 obbligato a restituire il prodotto nello stesso stato in cui lo ha ricevuto, senza danneggiamenti, con l\u2019imballo originale, con il certificato intatto e con il sigillo apposto ed intatto. <strong>Sono esclusi dal diritto di recesso previsto dalla legge i gioielli personalizzati, i gioielli realizzati su misura e gioielli ordinati appositamente per il cliente (ad es. misure speciali, colore desiderato per pietre prezioso e oro). <\/strong>Nel caso che il prodotto presenta una incisione, il Venditore potr\u00e0 valutare in piena discrezionalit\u00e0 se concedere o meno il diritto di recesso.<\/li>\n<li style=\"text-align: left;\">Nel caso in cui l\u2019Acquirente decida di avvalersi del diritto di recesso, deve informare il Venditore della sua decisione di recedere dal contratto, presentando una qualsiasi dichiarazione esplicita (ad esempio lettera inviata per posta, fax o posta elettronica). A tal fine l\u2019Acquirente pu\u00f2 utilizzare anche il modulo tipo di recesso di cui all\u2019allegato I parte B del D.Lgs. n. 21\/2014, ma non \u00e8 obbligatorio.<\/li>\n<li style=\"text-align: left;\">Per rispettare il termine di recesso \u00e8 sufficiente inviare la comunicazione relativa all\u2019esercizio del diritto di recesso prima della scadenza del periodo di recesso. L\u2019onere della prova relativa all\u2019esercizio del diritto di recesso, conformemente al presente articolo, incombe sull\u2019Acquirente.<\/li>\n<li style=\"text-align: left;\">La riconsegna del bene dovr\u00e0 avvenire senza indebito ritardo e comunque entro 14 (quattordici) giorni dalla data in cui l\u2019Acquirente ha comunicato al Venditore la sua decisione di recedere dal contratto. L\u2019Acquirente sar\u00e0 responsabile solo della diminuzione del valore dei beni risultante da una manipolazione del bene diversa da quella necessaria per stabilire la natura, le caratteristiche e il funzionamento dei beni.<\/li>\n<li style=\"text-align: left;\">Nel rispetto di questo articolo e in seguito all&#8217;esercizio del diritto di recesso da parte dell&#8217;acquirente, il venditore tratterr\u00e0 dal prezzo di acquisto della merce 20\u20ac come rimborso per le spese di spedizione per la restituzione.<\/li>\n<li style=\"text-align: left;\">All&#8217;acquirente che esercita il diritto di recesso \u2013 come previsto dalla vigente normativa \u2013 verr\u00e0 rimborsato il prezzo di acquisto, meno 20\u20ac per i costi della spedizione per la restituzione della merce. La restituzione deve essere effettuata tramite il servizio di corriere di Tiroler Goldschmied, altrimenti saranno addebitati costi aggiuntivi e la spedizione non sar\u00e0 assicurata. Dette somme verranno rifuse senza indebito ritardo e comunque entro 14 (quattordici) giorni, a partire dal giorno in cui il Venditore \u00e8 stato informato della decisione dell\u2019Acquirente di recedere dal contratto, utilizzando lo stesso mezzo di pagamento usato dall\u2019Acquirente per la transazione iniziale, salvo che l\u2019Acquirente non abbia espressamente convenuto altrimenti. Il Venditore pu\u00f2 tuttavia trattenere il rimborso finch\u00e8 non abbia ricevuto e controllato (nel pi\u00f9 breve tempo possibile) i prodotti.<\/li>\n<li style=\"text-align: left;\">Al ricevimento della comunicazione in cui l\u2019Acquirente rende noto al Venditore di esercitare il diritto di recesso, le Parti sono sollevate dai reciproci obblighi, fermo restando quanto previsto nel presente articolo.<\/li>\n<\/ol>\n<p>&nbsp;<\/p>\n<p style=\"text-align: center;\"><a href=\"https:\/\/static.tirolergoldschmied.it\/39543ca551be492a\/2026\/02\/diritto-di-recesso-1.pdf\">Modulo diritto di recesso<\/a><\/p>\n<div class=\"berocket_ww_container\">\r\n    <div class=\"berocket_ww_empty\">\r\n        <p>Il Dreambox \u00e8 vuoto.<\/p>\r\n    <\/div>\r\n<\/div>\r\n<script>\r\njQuery('.berocket_ww_container').each( function( i, o ) {\r\n    if ( jQuery(o).height() + 20 < jQuery(o).find('.berocket_ww_ul_container').height() && jQuery(o).find('.berocket_ww_show_all').length ) {\r\n        jQuery(o).find('.berocket_ww_show_all').show();\r\n    } else if( ! jQuery(o).find('.berocket_ww_show_all').length ) {\r\n        var $scroll_block = jQuery(o).find('.berocket_ww_list');\r\n        $scroll_block.css( {maxHeight: 'initial'} );\r\n    }\r\n});\r\n<\/script>\r\n","protected":false},"excerpt":{"rendered":"<p>L&#8217;Acquirente ha il diritto di recedere dal contratto stipulato, senza alcuna penalit\u00e0 e senza specificarne il motivo, entro il termine &#8230;<\/p>\n","protected":false},"author":1,"featured_media":0,"parent":0,"menu_order":0,"comment_status":"closed","ping_status":"closed","template":"","meta":{"_acf_changed":false,"footnotes":""},"acf":[],"yoast_head":"<!-- This site is optimized with the Yoast SEO plugin v22.5 - https:\/\/yoast.com\/wordpress\/plugins\/seo\/ -->\n<title>Diritto di recesso - Tiroler Goldschmied<\/title>\n<meta name=\"robots\" content=\"index, follow, max-snippet:-1, max-image-preview:large, max-video-preview:-1\" \/>\n<link rel=\"canonical\" href=\"https:\/\/www.tirolergoldschmied.it\/it\/diritto-di-recesso-2\/\" \/>\n<meta property=\"og:locale\" content=\"it_IT\" \/>\n<meta property=\"og:type\" content=\"article\" \/>\n<meta property=\"og:title\" content=\"Diritto di recesso - Tiroler Goldschmied\" \/>\n<meta property=\"og:description\" content=\"L&#8217;Acquirente ha il diritto di recedere dal contratto stipulato, senza alcuna penalit\u00e0 e senza specificarne il motivo, entro il termine ...\" \/>\n<meta property=\"og:url\" content=\"https:\/\/www.tirolergoldschmied.it\/it\/diritto-di-recesso-2\/\" \/>\n<meta property=\"og:site_name\" content=\"Tiroler Goldschmied\" \/>\n<meta property=\"article:modified_time\" content=\"2026-02-16T14:29:39+00:00\" \/>\n<meta name=\"twitter:card\" content=\"summary_large_image\" \/>\n<meta name=\"twitter:label1\" content=\"Est. reading time\" \/>\n\t<meta name=\"twitter:data1\" content=\"3 minuti\" \/>\n<script type=\"application\/ld+json\" class=\"yoast-schema-graph\">{\"@context\":\"https:\/\/schema.org\",\"@graph\":[{\"@type\":\"WebPage\",\"@id\":\"https:\/\/www.tirolergoldschmied.it\/it\/diritto-di-recesso-2\/\",\"url\":\"https:\/\/www.tirolergoldschmied.it\/it\/diritto-di-recesso-2\/\",\"name\":\"Diritto di recesso - Tiroler Goldschmied\",\"isPartOf\":{\"@id\":\"https:\/\/www.tirolergoldschmied.it\/it\/#website\"},\"datePublished\":\"2017-04-28T07:18:06+00:00\",\"dateModified\":\"2026-02-16T14:29:39+00:00\",\"breadcrumb\":{\"@id\":\"https:\/\/www.tirolergoldschmied.it\/it\/diritto-di-recesso-2\/#breadcrumb\"},\"inLanguage\":\"it-IT\",\"potentialAction\":[{\"@type\":\"ReadAction\",\"target\":[\"https:\/\/www.tirolergoldschmied.it\/it\/diritto-di-recesso-2\/\"]}]},{\"@type\":\"BreadcrumbList\",\"@id\":\"https:\/\/www.tirolergoldschmied.it\/it\/diritto-di-recesso-2\/#breadcrumb\",\"itemListElement\":[{\"@type\":\"ListItem\",\"position\":1,\"name\":\"Startseite\",\"item\":\"https:\/\/www.tirolergoldschmied.it\/it\/\"},{\"@type\":\"ListItem\",\"position\":2,\"name\":\"Diritto di recesso\"}]},{\"@type\":\"WebSite\",\"@id\":\"https:\/\/www.tirolergoldschmied.it\/it\/#website\",\"url\":\"https:\/\/www.tirolergoldschmied.it\/it\/\",\"name\":\"Tiroler Goldschmied\",\"description\":\"\",\"potentialAction\":[{\"@type\":\"SearchAction\",\"target\":{\"@type\":\"EntryPoint\",\"urlTemplate\":\"https:\/\/www.tirolergoldschmied.it\/it\/?s={search_term_string}\"},\"query-input\":\"required name=search_term_string\"}],\"inLanguage\":\"it-IT\"}]}<\/script>\n<!-- \/ Yoast SEO plugin. -->","yoast_head_json":{"title":"Diritto di recesso - Tiroler Goldschmied","robots":{"index":"index","follow":"follow","max-snippet":"max-snippet:-1","max-image-preview":"max-image-preview:large","max-video-preview":"max-video-preview:-1"},"canonical":"https:\/\/www.tirolergoldschmied.it\/it\/diritto-di-recesso-2\/","og_locale":"it_IT","og_type":"article","og_title":"Diritto di recesso - Tiroler Goldschmied","og_description":"L&#8217;Acquirente ha il diritto di recedere dal contratto stipulato, senza alcuna penalit\u00e0 e senza specificarne il motivo, entro il termine ...","og_url":"https:\/\/www.tirolergoldschmied.it\/it\/diritto-di-recesso-2\/","og_site_name":"Tiroler Goldschmied","article_modified_time":"2026-02-16T14:29:39+00:00","twitter_card":"summary_large_image","twitter_misc":{"Est. reading time":"3 minuti"},"schema":{"@context":"https:\/\/schema.org","@graph":[{"@type":"WebPage","@id":"https:\/\/www.tirolergoldschmied.it\/it\/diritto-di-recesso-2\/","url":"https:\/\/www.tirolergoldschmied.it\/it\/diritto-di-recesso-2\/","name":"Diritto di recesso - Tiroler Goldschmied","isPartOf":{"@id":"https:\/\/www.tirolergoldschmied.it\/it\/#website"},"datePublished":"2017-04-28T07:18:06+00:00","dateModified":"2026-02-16T14:29:39+00:00","breadcrumb":{"@id":"https:\/\/www.tirolergoldschmied.it\/it\/diritto-di-recesso-2\/#breadcrumb"},"inLanguage":"it-IT","potentialAction":[{"@type":"ReadAction","target":["https:\/\/www.tirolergoldschmied.it\/it\/diritto-di-recesso-2\/"]}]},{"@type":"BreadcrumbList","@id":"https:\/\/www.tirolergoldschmied.it\/it\/diritto-di-recesso-2\/#breadcrumb","itemListElement":[{"@type":"ListItem","position":1,"name":"Startseite","item":"https:\/\/www.tirolergoldschmied.it\/it\/"},{"@type":"ListItem","position":2,"name":"Diritto di recesso"}]},{"@type":"WebSite","@id":"https:\/\/www.tirolergoldschmied.it\/it\/#website","url":"https:\/\/www.tirolergoldschmied.it\/it\/","name":"Tiroler Goldschmied","description":"","potentialAction":[{"@type":"SearchAction","target":{"@type":"EntryPoint","urlTemplate":"https:\/\/www.tirolergoldschmied.it\/it\/?s={search_term_string}"},"query-input":"required name=search_term_string"}],"inLanguage":"it-IT"}]}},"_links":{"self":[{"href":"https:\/\/www.tirolergoldschmied.it\/it\/wp-json\/wp\/v2\/pages\/13393"}],"collection":[{"href":"https:\/\/www.tirolergoldschmied.it\/it\/wp-json\/wp\/v2\/pages"}],"about":[{"href":"https:\/\/www.tirolergoldschmied.it\/it\/wp-json\/wp\/v2\/types\/page"}],"author":[{"embeddable":true,"href":"https:\/\/www.tirolergoldschmied.it\/it\/wp-json\/wp\/v2\/users\/1"}],"replies":[{"embeddable":true,"href":"https:\/\/www.tirolergoldschmied.it\/it\/wp-json\/wp\/v2\/comments?post=13393"}],"version-history":[{"count":33,"href":"https:\/\/www.tirolergoldschmied.it\/it\/wp-json\/wp\/v2\/pages\/13393\/revisions"}],"predecessor-version":[{"id":132953,"href":"https:\/\/www.tirolergoldschmied.it\/it\/wp-json\/wp\/v2\/pages\/13393\/revisions\/132953"}],"wp:attachment":[{"href":"https:\/\/www.tirolergoldschmied.it\/it\/wp-json\/wp\/v2\/media?parent=13393"}],"curies":[{"name":"wp","href":"https:\/\/api.w.org\/{rel}","templated":true}]}}