{"id":6840,"date":"2016-07-28T14:56:32","date_gmt":"2016-07-28T14:56:32","guid":{"rendered":"https:\/\/www.tirolergoldschmied.it\/it\/bestaetigung\/"},"modified":"2016-09-27T07:15:02","modified_gmt":"2016-09-27T07:15:02","slug":"conferma","status":"publish","type":"page","link":"https:\/\/www.tirolergoldschmied.it\/it\/newsletter\/conferma\/","title":{"rendered":"Conferma Newsletter"},"content":{"rendered":"<p>D\u2019ora in poi non perder\u00e0 pi\u00f9 nessuna novit\u00e0 del mondo del design orafo!<br \/>\nColoro che ricevono la nostra Newsletter conosceranno per primi tutte le novit\u00e0 e le tendenze: intriganti gioielli e, naturalmente, anche preziosi consigli per pulire i gioielli.<br \/>\nSiamo lieti che abbia deciso di affidarvi a noi per conoscere il mondo del design orafo!<\/p>\n<div class=\"berocket_ww_container\">\r\n    <div class=\"berocket_ww_empty\">\r\n        <p>Il Dreambox \u00e8 vuoto.<\/p>\r\n    <\/div>\r\n<\/div>\r\n<script>\r\njQuery('.berocket_ww_container').each( function( i, o ) {\r\n    if ( jQuery(o).height() + 20 < jQuery(o).find('.berocket_ww_ul_container').height() && jQuery(o).find('.berocket_ww_show_all').length ) {\r\n        jQuery(o).find('.berocket_ww_show_all').show();\r\n    } else if( ! jQuery(o).find('.berocket_ww_show_all').length ) {\r\n        var $scroll_block = jQuery(o).find('.berocket_ww_list');\r\n        $scroll_block.css( {maxHeight: 'initial'} );\r\n    }\r\n});\r\n<\/script>\r\n","protected":false},"excerpt":{"rendered":"<p>D\u2019ora in poi non perder\u00e0 pi\u00f9 nessuna novit\u00e0 del mondo del design orafo! Coloro che ricevono la nostra Newsletter conosceranno &#8230;<\/p>\n","protected":false},"author":1,"featured_media":0,"parent":6841,"menu_order":0,"comment_status":"closed","ping_status":"closed","template":"","meta":{"_acf_changed":false,"footnotes":""},"acf":[],"yoast_head":"<!-- This site is optimized with the Yoast SEO plugin v22.5 - https:\/\/yoast.com\/wordpress\/plugins\/seo\/ -->\n<title>Conferma Newsletter - Tiroler Goldschmied<\/title>\n<meta name=\"robots\" content=\"index, follow, max-snippet:-1, max-image-preview:large, max-video-preview:-1\" \/>\n<link rel=\"canonical\" href=\"https:\/\/www.tirolergoldschmied.it\/it\/newsletter\/conferma\/\" \/>\n<meta property=\"og:locale\" content=\"it_IT\" \/>\n<meta property=\"og:type\" content=\"article\" \/>\n<meta property=\"og:title\" content=\"Conferma Newsletter - Tiroler Goldschmied\" \/>\n<meta property=\"og:description\" content=\"D\u2019ora in poi non perder\u00e0 pi\u00f9 nessuna novit\u00e0 del mondo del design orafo! Coloro che ricevono la nostra Newsletter conosceranno ...\" \/>\n<meta property=\"og:url\" content=\"https:\/\/www.tirolergoldschmied.it\/it\/newsletter\/conferma\/\" \/>\n<meta property=\"og:site_name\" content=\"Tiroler Goldschmied\" \/>\n<meta property=\"article:modified_time\" content=\"2016-09-27T07:15:02+00:00\" \/>\n<meta name=\"twitter:card\" content=\"summary_large_image\" \/>\n<script type=\"application\/ld+json\" class=\"yoast-schema-graph\">{\"@context\":\"https:\/\/schema.org\",\"@graph\":[{\"@type\":\"WebPage\",\"@id\":\"https:\/\/www.tirolergoldschmied.it\/it\/newsletter\/conferma\/\",\"url\":\"https:\/\/www.tirolergoldschmied.it\/it\/newsletter\/conferma\/\",\"name\":\"Conferma Newsletter - Tiroler Goldschmied\",\"isPartOf\":{\"@id\":\"https:\/\/www.tirolergoldschmied.it\/it\/#website\"},\"datePublished\":\"2016-07-28T14:56:32+00:00\",\"dateModified\":\"2016-09-27T07:15:02+00:00\",\"breadcrumb\":{\"@id\":\"https:\/\/www.tirolergoldschmied.it\/it\/newsletter\/conferma\/#breadcrumb\"},\"inLanguage\":\"it-IT\",\"potentialAction\":[{\"@type\":\"ReadAction\",\"target\":[\"https:\/\/www.tirolergoldschmied.it\/it\/newsletter\/conferma\/\"]}]},{\"@type\":\"BreadcrumbList\",\"@id\":\"https:\/\/www.tirolergoldschmied.it\/it\/newsletter\/conferma\/#breadcrumb\",\"itemListElement\":[{\"@type\":\"ListItem\",\"position\":1,\"name\":\"Startseite\",\"item\":\"https:\/\/www.tirolergoldschmied.it\/it\/\"},{\"@type\":\"ListItem\",\"position\":2,\"name\":\"Newsletter iscrizione\",\"item\":\"https:\/\/www.tirolergoldschmied.it\/it\/newsletter\/\"},{\"@type\":\"ListItem\",\"position\":3,\"name\":\"Conferma Newsletter\"}]},{\"@type\":\"WebSite\",\"@id\":\"https:\/\/www.tirolergoldschmied.it\/it\/#website\",\"url\":\"https:\/\/www.tirolergoldschmied.it\/it\/\",\"name\":\"Tiroler Goldschmied\",\"description\":\"\",\"potentialAction\":[{\"@type\":\"SearchAction\",\"target\":{\"@type\":\"EntryPoint\",\"urlTemplate\":\"https:\/\/www.tirolergoldschmied.it\/it\/?s={search_term_string}\"},\"query-input\":\"required name=search_term_string\"}],\"inLanguage\":\"it-IT\"}]}<\/script>\n<!-- \/ Yoast SEO plugin. -->","yoast_head_json":{"title":"Conferma Newsletter - Tiroler Goldschmied","robots":{"index":"index","follow":"follow","max-snippet":"max-snippet:-1","max-image-preview":"max-image-preview:large","max-video-preview":"max-video-preview:-1"},"canonical":"https:\/\/www.tirolergoldschmied.it\/it\/newsletter\/conferma\/","og_locale":"it_IT","og_type":"article","og_title":"Conferma Newsletter - Tiroler Goldschmied","og_description":"D\u2019ora in poi non perder\u00e0 pi\u00f9 nessuna novit\u00e0 del mondo del design orafo! Coloro che ricevono la nostra Newsletter conosceranno ...","og_url":"https:\/\/www.tirolergoldschmied.it\/it\/newsletter\/conferma\/","og_site_name":"Tiroler Goldschmied","article_modified_time":"2016-09-27T07:15:02+00:00","twitter_card":"summary_large_image","schema":{"@context":"https:\/\/schema.org","@graph":[{"@type":"WebPage","@id":"https:\/\/www.tirolergoldschmied.it\/it\/newsletter\/conferma\/","url":"https:\/\/www.tirolergoldschmied.it\/it\/newsletter\/conferma\/","name":"Conferma Newsletter - Tiroler Goldschmied","isPartOf":{"@id":"https:\/\/www.tirolergoldschmied.it\/it\/#website"},"datePublished":"2016-07-28T14:56:32+00:00","dateModified":"2016-09-27T07:15:02+00:00","breadcrumb":{"@id":"https:\/\/www.tirolergoldschmied.it\/it\/newsletter\/conferma\/#breadcrumb"},"inLanguage":"it-IT","potentialAction":[{"@type":"ReadAction","target":["https:\/\/www.tirolergoldschmied.it\/it\/newsletter\/conferma\/"]}]},{"@type":"BreadcrumbList","@id":"https:\/\/www.tirolergoldschmied.it\/it\/newsletter\/conferma\/#breadcrumb","itemListElement":[{"@type":"ListItem","position":1,"name":"Startseite","item":"https:\/\/www.tirolergoldschmied.it\/it\/"},{"@type":"ListItem","position":2,"name":"Newsletter iscrizione","item":"https:\/\/www.tirolergoldschmied.it\/it\/newsletter\/"},{"@type":"ListItem","position":3,"name":"Conferma Newsletter"}]},{"@type":"WebSite","@id":"https:\/\/www.tirolergoldschmied.it\/it\/#website","url":"https:\/\/www.tirolergoldschmied.it\/it\/","name":"Tiroler Goldschmied","description":"","potentialAction":[{"@type":"SearchAction","target":{"@type":"EntryPoint","urlTemplate":"https:\/\/www.tirolergoldschmied.it\/it\/?s={search_term_string}"},"query-input":"required name=search_term_string"}],"inLanguage":"it-IT"}]}},"_links":{"self":[{"href":"https:\/\/www.tirolergoldschmied.it\/it\/wp-json\/wp\/v2\/pages\/6840"}],"collection":[{"href":"https:\/\/www.tirolergoldschmied.it\/it\/wp-json\/wp\/v2\/pages"}],"about":[{"href":"https:\/\/www.tirolergoldschmied.it\/it\/wp-json\/wp\/v2\/types\/page"}],"author":[{"embeddable":true,"href":"https:\/\/www.tirolergoldschmied.it\/it\/wp-json\/wp\/v2\/users\/1"}],"replies":[{"embeddable":true,"href":"https:\/\/www.tirolergoldschmied.it\/it\/wp-json\/wp\/v2\/comments?post=6840"}],"version-history":[{"count":2,"href":"https:\/\/www.tirolergoldschmied.it\/it\/wp-json\/wp\/v2\/pages\/6840\/revisions"}],"predecessor-version":[{"id":7112,"href":"https:\/\/www.tirolergoldschmied.it\/it\/wp-json\/wp\/v2\/pages\/6840\/revisions\/7112"}],"up":[{"embeddable":true,"href":"https:\/\/www.tirolergoldschmied.it\/it\/wp-json\/wp\/v2\/pages\/6841"}],"wp:attachment":[{"href":"https:\/\/www.tirolergoldschmied.it\/it\/wp-json\/wp\/v2\/media?parent=6840"}],"curies":[{"name":"wp","href":"https:\/\/api.w.org\/{rel}","templated":true}]}}