{"id":6844,"date":"2016-07-13T19:54:37","date_gmt":"2016-07-13T19:54:37","guid":{"rendered":"https:\/\/www.tirolergoldschmied.it\/it\/team\/"},"modified":"2026-02-25T09:49:43","modified_gmt":"2026-02-25T08:49:43","slug":"staff","status":"publish","type":"page","link":"https:\/\/www.tirolergoldschmied.it\/it\/staff\/","title":{"rendered":"Staff"},"content":{"rendered":"<p><em>&#8220;Unirsi \u00e8 un inizio, rimanere insieme \u00e8 un progresso, lavorare insieme \u00e8 un successo!\u201c<br \/>\n(Henry Ford)<\/em><\/p>\n<p>Siamo sempre alla ricerca dell&#8217;equilibrio tra i nostri valori, le idee innovative e la nostra competenza professionale. Siamo una famiglia di orafi che grazie al design moderno e all&#8217;abilit\u00e0\u00a0 manuale pone nuovi accenti nel mondo dei gioielli in Alto Adige.<\/p>\n<p>Ci\u00f2 che nel 1969 ebbe inizio come un&#8217;azienda unipersonale, oggi \u00e8 un\u2019ottima impresa familiare composta da 25\u00a0persone con <a href=\"https:\/\/www.tirolergoldschmied.it\/it\/stores\/\"><strong>5 filiali<\/strong><\/a> e stimati partner che si occupano di design e di gioielli a livello internazionale.<\/p>\n<p>Ogni membro della famiglia possiede pregi e punti di forza oltre ad un adeguato spazio per esprimere la propria creativit\u00e0. Orafo, designer di gioielli, gemmologo europeo, o esperto di diamanti &#8211; ogni membro della famiglia possiede un&#8217;alta competenza specialistica. Oltre alla perfetta esecuzione artigianale dei nostri gioielli, poniamo un accento speciale sulla competente consulenza personale. Ci prendiamo il tempo necessario per esaudire ogni Vostro desiderio e per realizzare ogni Vostra idea. Venite a vedere Voi stessi!<\/p>\n<p>Visitate i nostri<strong> <a href=\"https:\/\/www.tirolergoldschmied.it\/it\/stores\/\">stores<\/a> <\/strong>a Tirolo, Scena, Merano e presso il Quellenhof Luxury Resort in Val Passiria in Alto Adige. <span lang=\"IT\">Il nostro personale caratterizzato da una notevole competenza vi consiglier\u00e0 personalmente sia via mail, che telefonicamente oppure attraverso la app di videoconferenze &#8220;Zoom&#8221;. Nel nostro <strong><a href=\"https:\/\/www.tirolergoldschmied.it\/it\/\">online shop<\/a><\/strong>, inoltre, avrete modo di dare uno sguardo al nostro assortimento di gioielli. <\/span>Registratevi ora al nostro <strong><a href=\"https:\/\/www.tirolergoldschmied.it\/it\/newsletter\/\">newsletter<\/a><\/strong> e ricevete un<strong> buono sconto del 10%<\/strong> valido per un solo acquisto online.<\/p>\n<p>Saremmo lieti della Vostra visita!<\/p>\n<div class=\"berocket_ww_container\">\r\n    <div class=\"berocket_ww_empty\">\r\n        <p>Die Dreambox ist leer.<\/p>\r\n    <\/div>\r\n<\/div>\r\n<script>\r\njQuery('.berocket_ww_container').each( function( i, o ) {\r\n    if ( jQuery(o).height() + 20 < jQuery(o).find('.berocket_ww_ul_container').height() && jQuery(o).find('.berocket_ww_show_all').length ) {\r\n        jQuery(o).find('.berocket_ww_show_all').show();\r\n    } else if( ! jQuery(o).find('.berocket_ww_show_all').length ) {\r\n        var $scroll_block = jQuery(o).find('.berocket_ww_list');\r\n        $scroll_block.css( {maxHeight: 'initial'} );\r\n    }\r\n});\r\n<\/script>\r\n","protected":false},"excerpt":{"rendered":"<p>&#8220;Unirsi \u00e8 un inizio, rimanere insieme \u00e8 un progresso, lavorare insieme \u00e8 un successo!\u201c (Henry Ford) Siamo sempre alla ricerca &#8230;<\/p>\n","protected":false},"author":1,"featured_media":0,"parent":0,"menu_order":0,"comment_status":"closed","ping_status":"closed","template":"","meta":{"_acf_changed":false,"footnotes":""},"class_list":["post-6844","page","type-page","status-publish","hentry"],"acf":[],"yoast_head":"<!-- This site is optimized with the Yoast SEO plugin v27.1.1 - https:\/\/yoast.com\/product\/yoast-seo-wordpress\/ -->\n<title>Staff - Tiroler Goldschmied Tirolo, Scena, Merano - Online Shop<\/title>\n<meta name=\"description\" content=\"Tiroler Goldschmied - Orafo, designer di gioielli, gemmologo europeo e esperto di diamanti. Tirolo, Scena, Merano - Online Shop\" \/>\n<meta name=\"robots\" content=\"index, follow, max-snippet:-1, max-image-preview:large, max-video-preview:-1\" \/>\n<link rel=\"canonical\" href=\"https:\/\/www.tirolergoldschmied.it\/it\/staff\/\" \/>\n<meta property=\"og:locale\" content=\"it_IT\" \/>\n<meta property=\"og:type\" content=\"article\" \/>\n<meta property=\"og:title\" content=\"Staff - Tiroler Goldschmied Tirolo, Scena, Merano - Online Shop\" \/>\n<meta property=\"og:description\" content=\"Tiroler Goldschmied - Orafo, designer di gioielli, gemmologo europeo e esperto di diamanti. Tirolo, Scena, Merano - Online Shop\" \/>\n<meta property=\"og:url\" content=\"https:\/\/www.tirolergoldschmied.it\/it\/staff\/\" \/>\n<meta property=\"og:site_name\" content=\"Tiroler Goldschmied\" \/>\n<meta property=\"article:modified_time\" content=\"2026-02-25T08:49:43+00:00\" \/>\n<meta name=\"twitter:card\" content=\"summary_large_image\" \/>\n<meta name=\"twitter:label1\" content=\"Est. reading time\" \/>\n\t<meta name=\"twitter:data1\" content=\"2 minuti\" \/>\n<script type=\"application\/ld+json\" class=\"yoast-schema-graph\">{\"@context\":\"https:\/\/schema.org\",\"@graph\":[{\"@type\":\"WebPage\",\"@id\":\"https:\/\/www.tirolergoldschmied.it\/it\/staff\/\",\"url\":\"https:\/\/www.tirolergoldschmied.it\/it\/staff\/\",\"name\":\"Staff - Tiroler Goldschmied Tirolo, Scena, Merano - Online Shop\",\"isPartOf\":{\"@id\":\"https:\/\/www.tirolergoldschmied.it\/it\/#website\"},\"datePublished\":\"2016-07-13T19:54:37+00:00\",\"dateModified\":\"2026-02-25T08:49:43+00:00\",\"description\":\"Tiroler Goldschmied - Orafo, designer di gioielli, gemmologo europeo e esperto di diamanti. Tirolo, Scena, Merano - Online Shop\",\"breadcrumb\":{\"@id\":\"https:\/\/www.tirolergoldschmied.it\/it\/staff\/#breadcrumb\"},\"inLanguage\":\"it-IT\",\"potentialAction\":[{\"@type\":\"ReadAction\",\"target\":[\"https:\/\/www.tirolergoldschmied.it\/it\/staff\/\"]}]},{\"@type\":\"BreadcrumbList\",\"@id\":\"https:\/\/www.tirolergoldschmied.it\/it\/staff\/#breadcrumb\",\"itemListElement\":[{\"@type\":\"ListItem\",\"position\":1,\"name\":\"Startseite\",\"item\":\"https:\/\/www.tirolergoldschmied.it\/it\/\"},{\"@type\":\"ListItem\",\"position\":2,\"name\":\"Staff\"}]},{\"@type\":\"WebSite\",\"@id\":\"https:\/\/www.tirolergoldschmied.it\/it\/#website\",\"url\":\"https:\/\/www.tirolergoldschmied.it\/it\/\",\"name\":\"Tiroler Goldschmied\",\"description\":\"\",\"potentialAction\":[{\"@type\":\"SearchAction\",\"target\":{\"@type\":\"EntryPoint\",\"urlTemplate\":\"https:\/\/www.tirolergoldschmied.it\/it\/?s={search_term_string}\"},\"query-input\":{\"@type\":\"PropertyValueSpecification\",\"valueRequired\":true,\"valueName\":\"search_term_string\"}}],\"inLanguage\":\"it-IT\"}]}<\/script>\n<!-- \/ Yoast SEO plugin. -->","yoast_head_json":{"title":"Staff - Tiroler Goldschmied Tirolo, Scena, Merano - Online Shop","description":"Tiroler Goldschmied - Orafo, designer di gioielli, gemmologo europeo e esperto di diamanti. Tirolo, Scena, Merano - Online Shop","robots":{"index":"index","follow":"follow","max-snippet":"max-snippet:-1","max-image-preview":"max-image-preview:large","max-video-preview":"max-video-preview:-1"},"canonical":"https:\/\/www.tirolergoldschmied.it\/it\/staff\/","og_locale":"it_IT","og_type":"article","og_title":"Staff - Tiroler Goldschmied Tirolo, Scena, Merano - Online Shop","og_description":"Tiroler Goldschmied - Orafo, designer di gioielli, gemmologo europeo e esperto di diamanti. Tirolo, Scena, Merano - Online Shop","og_url":"https:\/\/www.tirolergoldschmied.it\/it\/staff\/","og_site_name":"Tiroler Goldschmied","article_modified_time":"2026-02-25T08:49:43+00:00","twitter_card":"summary_large_image","twitter_misc":{"Est. reading time":"2 minuti"},"schema":{"@context":"https:\/\/schema.org","@graph":[{"@type":"WebPage","@id":"https:\/\/www.tirolergoldschmied.it\/it\/staff\/","url":"https:\/\/www.tirolergoldschmied.it\/it\/staff\/","name":"Staff - Tiroler Goldschmied Tirolo, Scena, Merano - Online Shop","isPartOf":{"@id":"https:\/\/www.tirolergoldschmied.it\/it\/#website"},"datePublished":"2016-07-13T19:54:37+00:00","dateModified":"2026-02-25T08:49:43+00:00","description":"Tiroler Goldschmied - Orafo, designer di gioielli, gemmologo europeo e esperto di diamanti. Tirolo, Scena, Merano - Online Shop","breadcrumb":{"@id":"https:\/\/www.tirolergoldschmied.it\/it\/staff\/#breadcrumb"},"inLanguage":"it-IT","potentialAction":[{"@type":"ReadAction","target":["https:\/\/www.tirolergoldschmied.it\/it\/staff\/"]}]},{"@type":"BreadcrumbList","@id":"https:\/\/www.tirolergoldschmied.it\/it\/staff\/#breadcrumb","itemListElement":[{"@type":"ListItem","position":1,"name":"Startseite","item":"https:\/\/www.tirolergoldschmied.it\/it\/"},{"@type":"ListItem","position":2,"name":"Staff"}]},{"@type":"WebSite","@id":"https:\/\/www.tirolergoldschmied.it\/it\/#website","url":"https:\/\/www.tirolergoldschmied.it\/it\/","name":"Tiroler Goldschmied","description":"","potentialAction":[{"@type":"SearchAction","target":{"@type":"EntryPoint","urlTemplate":"https:\/\/www.tirolergoldschmied.it\/it\/?s={search_term_string}"},"query-input":{"@type":"PropertyValueSpecification","valueRequired":true,"valueName":"search_term_string"}}],"inLanguage":"it-IT"}]}},"_links":{"self":[{"href":"https:\/\/www.tirolergoldschmied.it\/it\/wp-json\/wp\/v2\/pages\/6844","targetHints":{"allow":["GET"]}}],"collection":[{"href":"https:\/\/www.tirolergoldschmied.it\/it\/wp-json\/wp\/v2\/pages"}],"about":[{"href":"https:\/\/www.tirolergoldschmied.it\/it\/wp-json\/wp\/v2\/types\/page"}],"author":[{"embeddable":true,"href":"https:\/\/www.tirolergoldschmied.it\/it\/wp-json\/wp\/v2\/users\/1"}],"replies":[{"embeddable":true,"href":"https:\/\/www.tirolergoldschmied.it\/it\/wp-json\/wp\/v2\/comments?post=6844"}],"version-history":[{"count":101,"href":"https:\/\/www.tirolergoldschmied.it\/it\/wp-json\/wp\/v2\/pages\/6844\/revisions"}],"predecessor-version":[{"id":133191,"href":"https:\/\/www.tirolergoldschmied.it\/it\/wp-json\/wp\/v2\/pages\/6844\/revisions\/133191"}],"wp:attachment":[{"href":"https:\/\/www.tirolergoldschmied.it\/it\/wp-json\/wp\/v2\/media?parent=6844"}],"curies":[{"name":"wp","href":"https:\/\/api.w.org\/{rel}","templated":true}]}}