{"id":90843,"date":"2023-05-16T10:29:13","date_gmt":"2023-05-16T08:29:13","guid":{"rendered":"https:\/\/www.tirolergoldschmied.it\/?page_id=90843"},"modified":"2023-09-28T11:10:01","modified_gmt":"2023-09-28T09:10:01","slug":"metalli-nobili-e-leghe","status":"publish","type":"page","link":"https:\/\/www.tirolergoldschmied.it\/it\/metalli-nobili-e-leghe\/","title":{"rendered":"Metalli nobili e leghe"},"content":{"rendered":"<p><strong>I colori dell&#8217;oro<\/strong><\/p>\n<div style=\"display: flex; flex-wrap: wrap; justify-content: space-around; gap: 2rem;\">\n<div style=\"width: 450px; max-width: 100%;\">\n<p><img loading=\"lazy\" decoding=\"async\" class=\"size-thumbnail wp-image-90823 aligncenter\" src=\"https:\/\/static.tirolergoldschmied.it\/39543ca551be492a\/2023\/05\/90823\/c\/250x250\/filters:no_upscale()\/filters:strip_exif()\/legierung_gelbgold.jpg\" alt=\"\" width=\"250\" height=\"250\" data-headline=\"legierung_gelbgold\" srcset=\"https:\/\/static.tirolergoldschmied.it\/39543ca551be492a\/2023\/05\/90823\/c\/50x50\/filters:no_upscale()\/filters:strip_exif()\/legierung_gelbgold.jpg 50w, https:\/\/static.tirolergoldschmied.it\/39543ca551be492a\/2023\/05\/90823\/c\/100x100\/filters:no_upscale()\/filters:strip_exif()\/legierung_gelbgold.jpg 100w, https:\/\/static.tirolergoldschmied.it\/39543ca551be492a\/2023\/05\/90823\/c\/250x250\/filters:no_upscale()\/filters:strip_exif()\/legierung_gelbgold.jpg 250w\" sizes=\"auto, (max-width: 250px) 100vw, 250px\" \/><\/p>\n<p class=\"c\"><strong>Oro giallo \u2013 classico ed elegante<br \/>\n<\/strong>I gioielli in oro giallo sono quelli pi\u00f9 vicini al colore dell&#8217;oro puro. <b>La lega \u00e8 composta di oro, argento e rame<\/b> e la tonalit\u00e0 di colore \u00e8 influenzata dal loro rapporto di miscelazione. L&#8217;oro giallo \u00e8 quello pi\u00f9 classico e nobile ed \u00e8 il colore d&#8217;oro pi\u00f9 popolare al mondo. Dona particolarmente alle persone bionde.<\/p>\n<\/div>\n<div style=\"width: 450px; max-width: 100%;\">\n<p><img loading=\"lazy\" decoding=\"async\" class=\"size-thumbnail wp-image-90829 aligncenter\" src=\"https:\/\/static.tirolergoldschmied.it\/39543ca551be492a\/2023\/05\/90829\/c\/250x250\/filters:no_upscale()\/filters:strip_exif()\/legierung_weissgold.jpg\" alt=\"\" width=\"250\" height=\"250\" data-headline=\"legierung_wei\u00dfgold\" srcset=\"https:\/\/static.tirolergoldschmied.it\/39543ca551be492a\/2023\/05\/90829\/c\/50x50\/filters:no_upscale()\/filters:strip_exif()\/legierung_weissgold.jpg 50w, https:\/\/static.tirolergoldschmied.it\/39543ca551be492a\/2023\/05\/90829\/c\/100x100\/filters:no_upscale()\/filters:strip_exif()\/legierung_weissgold.jpg 100w, https:\/\/static.tirolergoldschmied.it\/39543ca551be492a\/2023\/05\/90829\/c\/250x250\/filters:no_upscale()\/filters:strip_exif()\/legierung_weissgold.jpg 250w\" sizes=\"auto, (max-width: 250px) 100vw, 250px\" \/><\/p>\n<p class=\"c\"><strong>Oro bianco \u2013 nobile e moderno<br \/>\n<\/strong>come metallo aggiuntivo, il che rende l&#8217;oro bianco leggermente pi\u00f9 caro rispetto a quelli rosso e giallo, essendo rame e argento pi\u00f9 economici rispetto al palladio. L&#8217;oro bianco si armonizza molto bene con i brillanti. Il fascino dei gioielli di diamanti nasce dal fatto che nessuna ombra si riflette nei diamanti che possono cos\u00ec brillare liberamente.<\/p>\n<\/div>\n<div style=\"width: 450px; max-width: 100%;\">\n<p><img loading=\"lazy\" decoding=\"async\" class=\"size-thumbnail wp-image-90826 aligncenter\" src=\"https:\/\/static.tirolergoldschmied.it\/39543ca551be492a\/2023\/05\/90826\/c\/250x250\/filters:no_upscale()\/filters:strip_exif()\/legierung_rotgold.jpg\" alt=\"\" width=\"250\" height=\"250\" data-headline=\"legierung_rotgold\" srcset=\"https:\/\/static.tirolergoldschmied.it\/39543ca551be492a\/2023\/05\/90826\/c\/50x50\/filters:no_upscale()\/filters:strip_exif()\/legierung_rotgold.jpg 50w, https:\/\/static.tirolergoldschmied.it\/39543ca551be492a\/2023\/05\/90826\/c\/100x100\/filters:no_upscale()\/filters:strip_exif()\/legierung_rotgold.jpg 100w, https:\/\/static.tirolergoldschmied.it\/39543ca551be492a\/2023\/05\/90826\/c\/250x250\/filters:no_upscale()\/filters:strip_exif()\/legierung_rotgold.jpg 250w\" sizes=\"auto, (max-width: 250px) 100vw, 250px\" \/><\/p>\n<p class=\"c\"><strong>Oro rosso \u2013 alla moda e facilmente adattabile<br \/>\n<\/strong>L&#8217;oro rosa o rosso \u00e8 una <b>lega di oro fino, rame e un po&#8217; d&#8217;argento.<\/b> Il colore rossiccio deriva dal contenuto relativamente alto di rame. L&#8217;ora rosa \u00e8 un metallo nobile di tendenza e sempre pi\u00f9 donne e uomini s&#8217;innamorano della sua morbida tonalit\u00e0 che si adatta a qualsiasi tipo di pelle.<\/p>\n<\/div>\n<\/div>\n<h3><\/h3>\n<p><strong>Le leghe d&#8217;oro<\/strong><\/p>\n<figure id=\"attachment_90853\" aria-describedby=\"caption-attachment-90853\" style=\"width: 250px\" class=\"wp-caption alignleft\"><img loading=\"lazy\" decoding=\"async\" class=\"wp-image-90853 size-thumbnail\" src=\"https:\/\/static.tirolergoldschmied.it\/39543ca551be492a\/2023\/05\/90853\/c\/250x250\/filters:no_upscale()\/filters:strip_exif()\/18_kt_it.jpg\" alt=\"\" width=\"250\" height=\"250\" data-headline=\"18_kt_it\" srcset=\"https:\/\/static.tirolergoldschmied.it\/39543ca551be492a\/2023\/05\/90853\/c\/50x50\/filters:no_upscale()\/filters:strip_exif()\/18_kt_it.jpg 50w, https:\/\/static.tirolergoldschmied.it\/39543ca551be492a\/2023\/05\/90853\/c\/100x100\/filters:no_upscale()\/filters:strip_exif()\/18_kt_it.jpg 100w, https:\/\/static.tirolergoldschmied.it\/39543ca551be492a\/2023\/05\/90853\/c\/250x250\/filters:no_upscale()\/filters:strip_exif()\/18_kt_it.jpg 250w\" sizes=\"auto, (max-width: 250px) 100vw, 250px\" \/><figcaption id=\"caption-attachment-90853\" class=\"wp-caption-text\">oro 18 carati (18k, 750\/-)<\/figcaption><\/figure>\n<figure id=\"attachment_90850\" aria-describedby=\"caption-attachment-90850\" style=\"width: 250px\" class=\"wp-caption alignleft\"><img loading=\"lazy\" decoding=\"async\" class=\"wp-image-90850 size-thumbnail\" src=\"https:\/\/static.tirolergoldschmied.it\/39543ca551be492a\/2023\/05\/90850\/c\/250x250\/filters:no_upscale()\/filters:strip_exif()\/14_kt_it.jpg\" alt=\"\" width=\"250\" height=\"250\" data-headline=\"14_kt_it\" srcset=\"https:\/\/static.tirolergoldschmied.it\/39543ca551be492a\/2023\/05\/90850\/c\/50x50\/filters:no_upscale()\/filters:strip_exif()\/14_kt_it.jpg 50w, https:\/\/static.tirolergoldschmied.it\/39543ca551be492a\/2023\/05\/90850\/c\/100x100\/filters:no_upscale()\/filters:strip_exif()\/14_kt_it.jpg 100w, https:\/\/static.tirolergoldschmied.it\/39543ca551be492a\/2023\/05\/90850\/c\/250x250\/filters:no_upscale()\/filters:strip_exif()\/14_kt_it.jpg 250w\" sizes=\"auto, (max-width: 250px) 100vw, 250px\" \/><figcaption id=\"caption-attachment-90850\" class=\"wp-caption-text\">oro 14 carati (14k, 585\/-)<\/figcaption><\/figure>\n<figure id=\"attachment_90847\" aria-describedby=\"caption-attachment-90847\" style=\"width: 250px\" class=\"wp-caption alignleft\"><img loading=\"lazy\" decoding=\"async\" class=\"wp-image-90847 size-thumbnail\" src=\"https:\/\/static.tirolergoldschmied.it\/39543ca551be492a\/2023\/05\/90847\/c\/250x250\/filters:no_upscale()\/filters:strip_exif()\/8_kt_it.jpg\" alt=\"\" width=\"250\" height=\"250\" data-headline=\"8_kt_it\" srcset=\"https:\/\/static.tirolergoldschmied.it\/39543ca551be492a\/2023\/05\/90847\/c\/50x50\/filters:no_upscale()\/filters:strip_exif()\/8_kt_it.jpg 50w, https:\/\/static.tirolergoldschmied.it\/39543ca551be492a\/2023\/05\/90847\/c\/100x100\/filters:no_upscale()\/filters:strip_exif()\/8_kt_it.jpg 100w, https:\/\/static.tirolergoldschmied.it\/39543ca551be492a\/2023\/05\/90847\/c\/250x250\/filters:no_upscale()\/filters:strip_exif()\/8_kt_it.jpg 250w\" sizes=\"auto, (max-width: 250px) 100vw, 250px\" \/><figcaption id=\"caption-attachment-90847\" class=\"wp-caption-text\">oro 8 carati (8k, 333\/-)<\/figcaption><\/figure>\n<p>&nbsp;<\/p>\n<h6><\/h6>\n<p>La lega d&#8217;oro rende i gioielli pi\u00f9 resistenti e durevoli. \u00c8 formata da oro, argento, rame e palladio, dal cui diverso rapporto di miscelazione nascono i vari colori. \u00c8 possibile influenzare il colore, dal ros\u00e9 al giallo dorato fino al bianco argenteo. Una bella tonalit\u00e0 dorata pu\u00f2 essere creata solo a partire da una lega di alta qualit\u00e0, contenente oltre il 70% di oro fino. Per questo motivo da noi trover\u00e0 principalmente la lega di alta qualit\u00e0 di oro <b>18k, 750\/-<\/b>, anche perch\u00e9 crediamo fermamente che tutti i gioielli dovrebbero sempre essere di alta qualit\u00e0.<\/p>\n<p>Le leghe con un contenuto puro di 14 K (ovvero intorno al 58% di oro puro) contengono quindi meno oro fino. 8k, 14k e 18k sono le leghe pi\u00f9 utilizzate per le realizzazioni di gioielli \u2013 anche se noi non offriamo preziosi con 8K, perch\u00e9 sono troppo scadenti. Anche con i gioielli d&#8217;argento utilizziamo una doratura a 18k.<\/p>\n<p><strong>Inoltre, <\/strong>chi \u00e8 allergico non deve preoccuparsi, poich\u00e9 nei nostri ori bianco, giallo e ros\u00e9 e nei nostri argenti<strong> non \u00e8 contenuto nickel.<\/strong><\/p>\n<p>&nbsp;<\/p>\n<p><strong>Argento Sterling (argento 925\/-)<\/strong><\/p>\n<p><img loading=\"lazy\" decoding=\"async\" class=\"size-thumbnail wp-image-90859 alignnone\" src=\"https:\/\/static.tirolergoldschmied.it\/39543ca551be492a\/2023\/05\/90859\/c\/250x250\/filters:no_upscale()\/filters:strip_exif()\/sterlingsilber_it.jpg\" alt=\"\" width=\"250\" height=\"250\" data-headline=\"sterlingsilber_it\" srcset=\"https:\/\/static.tirolergoldschmied.it\/39543ca551be492a\/2023\/05\/90859\/c\/50x50\/filters:no_upscale()\/filters:strip_exif()\/sterlingsilber_it.jpg 50w, https:\/\/static.tirolergoldschmied.it\/39543ca551be492a\/2023\/05\/90859\/c\/100x100\/filters:no_upscale()\/filters:strip_exif()\/sterlingsilber_it.jpg 100w, https:\/\/static.tirolergoldschmied.it\/39543ca551be492a\/2023\/05\/90859\/c\/250x250\/filters:no_upscale()\/filters:strip_exif()\/sterlingsilber_it.jpg 250w\" sizes=\"auto, (max-width: 250px) 100vw, 250px\" \/><\/p>\n<p>L&#8217;argento 925\/-, il cosiddetto <b>argento Sterling, \u00e8 formato dal 92,5% di puro argento e dal 7,5% di altri metalli,<\/b> soprattutto rame. Grazie a ci\u00f2 \u00e8 resistente ai graffi e pi\u00f9 resistente rispetto all&#8217;argento puro.\u00a0 Gioielli, monete e coppe possono essere realizzate in argento Sterling. Tuttavia potrebbe capitare che nel tempo ottenga una patina pi\u00f9 scura.<\/p>\n<p>&nbsp;<\/p>\n<p><strong>Platino 950\/-<\/strong><\/p>\n<p><img loading=\"lazy\" decoding=\"async\" class=\"size-thumbnail wp-image-90856 alignnone\" src=\"https:\/\/static.tirolergoldschmied.it\/39543ca551be492a\/2023\/05\/90856\/c\/250x250\/filters:no_upscale()\/filters:strip_exif()\/platin_it.jpg\" alt=\"\" width=\"250\" height=\"250\" data-headline=\"platin_it\" srcset=\"https:\/\/static.tirolergoldschmied.it\/39543ca551be492a\/2023\/05\/90856\/c\/50x50\/filters:no_upscale()\/filters:strip_exif()\/platin_it.jpg 50w, https:\/\/static.tirolergoldschmied.it\/39543ca551be492a\/2023\/05\/90856\/c\/100x100\/filters:no_upscale()\/filters:strip_exif()\/platin_it.jpg 100w, https:\/\/static.tirolergoldschmied.it\/39543ca551be492a\/2023\/05\/90856\/c\/250x250\/filters:no_upscale()\/filters:strip_exif()\/platin_it.jpg 250w\" sizes=\"auto, (max-width: 250px) 100vw, 250px\" \/><\/p>\n<p>Il platino \u00e8 pi\u00f9 raro dell&#8217;oro e per questo \u00e8 pi\u00f9 caro. \u00c8 particolarmente adatto ai gioielli, grazie al suo peso elevato, alla grande resistenza e alla particolare purezza. Funziona meglio di qualunque altro metallo prezioso. Il platino non \u00e8 duro, ma resistente. Grazie a una lega con il <b>95% di platino e il 5% di tungsteno<\/b>, si ottiene un chiaro aumento della durezza. Grazie al suo elevato peso specifico pesa pi\u00f9 dello stesso anello in oro. Per questo motivo il platino ha anche un costo chiaramente pi\u00f9 elevato.<\/p>\n<div class=\"berocket_ww_container\">\r\n    <div class=\"berocket_ww_empty\">\r\n        <p>Il Dreambox \u00e8 vuoto.<\/p>\r\n    <\/div>\r\n<\/div>\r\n<script>\r\njQuery('.berocket_ww_container').each( function( i, o ) {\r\n    if ( jQuery(o).height() + 20 < jQuery(o).find('.berocket_ww_ul_container').height() && jQuery(o).find('.berocket_ww_show_all').length ) {\r\n        jQuery(o).find('.berocket_ww_show_all').show();\r\n    } else if( ! jQuery(o).find('.berocket_ww_show_all').length ) {\r\n        var $scroll_block = jQuery(o).find('.berocket_ww_list');\r\n        $scroll_block.css( {maxHeight: 'initial'} );\r\n    }\r\n});\r\n<\/script>\r\n","protected":false},"excerpt":{"rendered":"<p>I colori dell&#8217;oro Oro giallo \u2013 classico ed elegante I gioielli in oro giallo sono quelli pi\u00f9 vicini al colore &#8230;<\/p>\n","protected":false},"author":1,"featured_media":0,"parent":0,"menu_order":0,"comment_status":"closed","ping_status":"closed","template":"","meta":{"_acf_changed":false,"footnotes":""},"class_list":["post-90843","page","type-page","status-publish","hentry"],"acf":[],"yoast_head":"<!-- This site is optimized with the Yoast SEO plugin v27.4 - https:\/\/yoast.com\/product\/yoast-seo-wordpress\/ -->\n<title>Metalli nobili e leghe - Tiroler Goldschmied<\/title>\n<meta name=\"robots\" content=\"index, follow, max-snippet:-1, max-image-preview:large, max-video-preview:-1\" \/>\n<link rel=\"canonical\" href=\"https:\/\/www.tirolergoldschmied.it\/it\/metalli-nobili-e-leghe\/\" \/>\n<meta property=\"og:locale\" content=\"it_IT\" \/>\n<meta property=\"og:type\" content=\"article\" \/>\n<meta property=\"og:title\" content=\"Metalli nobili e leghe - Tiroler Goldschmied\" \/>\n<meta property=\"og:description\" content=\"I colori dell&#8217;oro Oro giallo \u2013 classico ed elegante I gioielli in oro giallo sono quelli pi\u00f9 vicini al colore ...\" \/>\n<meta property=\"og:url\" content=\"https:\/\/www.tirolergoldschmied.it\/it\/metalli-nobili-e-leghe\/\" \/>\n<meta property=\"og:site_name\" content=\"Tiroler Goldschmied\" \/>\n<meta property=\"article:modified_time\" content=\"2023-09-28T09:10:01+00:00\" \/>\n<meta property=\"og:image\" content=\"https:\/\/static.tirolergoldschmied.it\/39543ca551be492a\/2023\/05\/90823\/c\/250x250\/filters:no_upscale()\/filters:strip_exif()\/legierung_gelbgold.jpg\" \/>\n<meta name=\"twitter:card\" content=\"summary_large_image\" \/>\n<meta name=\"twitter:label1\" content=\"Est. reading time\" \/>\n\t<meta name=\"twitter:data1\" content=\"5 minuti\" \/>\n<script type=\"application\/ld+json\" class=\"yoast-schema-graph\">{\"@context\":\"https:\\\/\\\/schema.org\",\"@graph\":[{\"@type\":\"WebPage\",\"@id\":\"https:\\\/\\\/www.tirolergoldschmied.it\\\/it\\\/metalli-nobili-e-leghe\\\/\",\"url\":\"https:\\\/\\\/www.tirolergoldschmied.it\\\/it\\\/metalli-nobili-e-leghe\\\/\",\"name\":\"Metalli nobili e leghe - Tiroler Goldschmied\",\"isPartOf\":{\"@id\":\"https:\\\/\\\/www.tirolergoldschmied.it\\\/it\\\/#website\"},\"primaryImageOfPage\":{\"@id\":\"https:\\\/\\\/www.tirolergoldschmied.it\\\/it\\\/metalli-nobili-e-leghe\\\/#primaryimage\"},\"image\":{\"@id\":\"https:\\\/\\\/www.tirolergoldschmied.it\\\/it\\\/metalli-nobili-e-leghe\\\/#primaryimage\"},\"thumbnailUrl\":\"https:\\\/\\\/static.tirolergoldschmied.it\\\/39543ca551be492a\\\/2023\\\/05\\\/90823\\\/c\\\/250x250\\\/filters:no_upscale()\\\/filters:strip_exif()\\\/legierung_gelbgold.jpg\",\"datePublished\":\"2023-05-16T08:29:13+00:00\",\"dateModified\":\"2023-09-28T09:10:01+00:00\",\"breadcrumb\":{\"@id\":\"https:\\\/\\\/www.tirolergoldschmied.it\\\/it\\\/metalli-nobili-e-leghe\\\/#breadcrumb\"},\"inLanguage\":\"it-IT\",\"potentialAction\":[{\"@type\":\"ReadAction\",\"target\":[\"https:\\\/\\\/www.tirolergoldschmied.it\\\/it\\\/metalli-nobili-e-leghe\\\/\"]}]},{\"@type\":\"ImageObject\",\"inLanguage\":\"it-IT\",\"@id\":\"https:\\\/\\\/www.tirolergoldschmied.it\\\/it\\\/metalli-nobili-e-leghe\\\/#primaryimage\",\"url\":\"https:\\\/\\\/static.tirolergoldschmied.it\\\/39543ca551be492a\\\/2023\\\/05\\\/90823\\\/c\\\/250x250\\\/filters:no_upscale()\\\/filters:strip_exif()\\\/legierung_gelbgold.jpg\",\"contentUrl\":\"https:\\\/\\\/static.tirolergoldschmied.it\\\/39543ca551be492a\\\/2023\\\/05\\\/90823\\\/c\\\/250x250\\\/filters:no_upscale()\\\/filters:strip_exif()\\\/legierung_gelbgold.jpg\"},{\"@type\":\"BreadcrumbList\",\"@id\":\"https:\\\/\\\/www.tirolergoldschmied.it\\\/it\\\/metalli-nobili-e-leghe\\\/#breadcrumb\",\"itemListElement\":[{\"@type\":\"ListItem\",\"position\":1,\"name\":\"Startseite\",\"item\":\"https:\\\/\\\/www.tirolergoldschmied.it\\\/it\\\/\"},{\"@type\":\"ListItem\",\"position\":2,\"name\":\"Metalli nobili e leghe\"}]},{\"@type\":\"WebSite\",\"@id\":\"https:\\\/\\\/www.tirolergoldschmied.it\\\/it\\\/#website\",\"url\":\"https:\\\/\\\/www.tirolergoldschmied.it\\\/it\\\/\",\"name\":\"Tiroler Goldschmied\",\"description\":\"\",\"potentialAction\":[{\"@type\":\"SearchAction\",\"target\":{\"@type\":\"EntryPoint\",\"urlTemplate\":\"https:\\\/\\\/www.tirolergoldschmied.it\\\/it\\\/?s={search_term_string}\"},\"query-input\":{\"@type\":\"PropertyValueSpecification\",\"valueRequired\":true,\"valueName\":\"search_term_string\"}}],\"inLanguage\":\"it-IT\"}]}<\/script>\n<!-- \/ Yoast SEO plugin. -->","yoast_head_json":{"title":"Metalli nobili e leghe - Tiroler Goldschmied","robots":{"index":"index","follow":"follow","max-snippet":"max-snippet:-1","max-image-preview":"max-image-preview:large","max-video-preview":"max-video-preview:-1"},"canonical":"https:\/\/www.tirolergoldschmied.it\/it\/metalli-nobili-e-leghe\/","og_locale":"it_IT","og_type":"article","og_title":"Metalli nobili e leghe - Tiroler Goldschmied","og_description":"I colori dell&#8217;oro Oro giallo \u2013 classico ed elegante I gioielli in oro giallo sono quelli pi\u00f9 vicini al colore ...","og_url":"https:\/\/www.tirolergoldschmied.it\/it\/metalli-nobili-e-leghe\/","og_site_name":"Tiroler Goldschmied","article_modified_time":"2023-09-28T09:10:01+00:00","og_image":[{"url":"https:\/\/static.tirolergoldschmied.it\/39543ca551be492a\/2023\/05\/90823\/c\/250x250\/filters:no_upscale()\/filters:strip_exif()\/legierung_gelbgold.jpg","type":"","width":"","height":""}],"twitter_card":"summary_large_image","twitter_misc":{"Est. reading time":"5 minuti"},"schema":{"@context":"https:\/\/schema.org","@graph":[{"@type":"WebPage","@id":"https:\/\/www.tirolergoldschmied.it\/it\/metalli-nobili-e-leghe\/","url":"https:\/\/www.tirolergoldschmied.it\/it\/metalli-nobili-e-leghe\/","name":"Metalli nobili e leghe - Tiroler Goldschmied","isPartOf":{"@id":"https:\/\/www.tirolergoldschmied.it\/it\/#website"},"primaryImageOfPage":{"@id":"https:\/\/www.tirolergoldschmied.it\/it\/metalli-nobili-e-leghe\/#primaryimage"},"image":{"@id":"https:\/\/www.tirolergoldschmied.it\/it\/metalli-nobili-e-leghe\/#primaryimage"},"thumbnailUrl":"https:\/\/static.tirolergoldschmied.it\/39543ca551be492a\/2023\/05\/90823\/c\/250x250\/filters:no_upscale()\/filters:strip_exif()\/legierung_gelbgold.jpg","datePublished":"2023-05-16T08:29:13+00:00","dateModified":"2023-09-28T09:10:01+00:00","breadcrumb":{"@id":"https:\/\/www.tirolergoldschmied.it\/it\/metalli-nobili-e-leghe\/#breadcrumb"},"inLanguage":"it-IT","potentialAction":[{"@type":"ReadAction","target":["https:\/\/www.tirolergoldschmied.it\/it\/metalli-nobili-e-leghe\/"]}]},{"@type":"ImageObject","inLanguage":"it-IT","@id":"https:\/\/www.tirolergoldschmied.it\/it\/metalli-nobili-e-leghe\/#primaryimage","url":"https:\/\/static.tirolergoldschmied.it\/39543ca551be492a\/2023\/05\/90823\/c\/250x250\/filters:no_upscale()\/filters:strip_exif()\/legierung_gelbgold.jpg","contentUrl":"https:\/\/static.tirolergoldschmied.it\/39543ca551be492a\/2023\/05\/90823\/c\/250x250\/filters:no_upscale()\/filters:strip_exif()\/legierung_gelbgold.jpg"},{"@type":"BreadcrumbList","@id":"https:\/\/www.tirolergoldschmied.it\/it\/metalli-nobili-e-leghe\/#breadcrumb","itemListElement":[{"@type":"ListItem","position":1,"name":"Startseite","item":"https:\/\/www.tirolergoldschmied.it\/it\/"},{"@type":"ListItem","position":2,"name":"Metalli nobili e leghe"}]},{"@type":"WebSite","@id":"https:\/\/www.tirolergoldschmied.it\/it\/#website","url":"https:\/\/www.tirolergoldschmied.it\/it\/","name":"Tiroler Goldschmied","description":"","potentialAction":[{"@type":"SearchAction","target":{"@type":"EntryPoint","urlTemplate":"https:\/\/www.tirolergoldschmied.it\/it\/?s={search_term_string}"},"query-input":{"@type":"PropertyValueSpecification","valueRequired":true,"valueName":"search_term_string"}}],"inLanguage":"it-IT"}]}},"_links":{"self":[{"href":"https:\/\/www.tirolergoldschmied.it\/it\/wp-json\/wp\/v2\/pages\/90843","targetHints":{"allow":["GET"]}}],"collection":[{"href":"https:\/\/www.tirolergoldschmied.it\/it\/wp-json\/wp\/v2\/pages"}],"about":[{"href":"https:\/\/www.tirolergoldschmied.it\/it\/wp-json\/wp\/v2\/types\/page"}],"author":[{"embeddable":true,"href":"https:\/\/www.tirolergoldschmied.it\/it\/wp-json\/wp\/v2\/users\/1"}],"replies":[{"embeddable":true,"href":"https:\/\/www.tirolergoldschmied.it\/it\/wp-json\/wp\/v2\/comments?post=90843"}],"version-history":[{"count":10,"href":"https:\/\/www.tirolergoldschmied.it\/it\/wp-json\/wp\/v2\/pages\/90843\/revisions"}],"predecessor-version":[{"id":97907,"href":"https:\/\/www.tirolergoldschmied.it\/it\/wp-json\/wp\/v2\/pages\/90843\/revisions\/97907"}],"wp:attachment":[{"href":"https:\/\/www.tirolergoldschmied.it\/it\/wp-json\/wp\/v2\/media?parent=90843"}],"curies":[{"name":"wp","href":"https:\/\/api.w.org\/{rel}","templated":true}]}}