{"id":95047,"date":"2023-06-21T16:32:55","date_gmt":"2023-06-21T14:32:55","guid":{"rendered":"https:\/\/www.tirolergoldschmied.it\/koralle\/"},"modified":"2023-10-11T16:12:11","modified_gmt":"2023-10-11T14:12:11","slug":"coralli","status":"publish","type":"page","link":"https:\/\/www.tirolergoldschmied.it\/it\/coralli\/","title":{"rendered":"Coralli"},"content":{"rendered":"<div class=\"col-sm-12 visible-sm col-xs-12 visible-xs visible-md visible-lg\">\n<div class=\" w-100\">\n<p><a href=\"https:\/\/static.tirolergoldschmied.it\/tirolergoldschmied2016_staging\/2023\/08\/94886\/c\/fit-in\/0x0\/filters:no_upscale()\/filters:strip_exif()\/koralle.jpg\"><img loading=\"lazy\" decoding=\"async\" class=\"alignright wp-image-94886 size-wf_square_500_500\" src=\"https:\/\/static.tirolergoldschmied.it\/tirolergoldschmied2016_staging\/2023\/08\/94886\/c\/fit-in\/500x373\/filters:no_upscale()\/filters:strip_exif()\/koralle.jpg\" alt=\"\" width=\"500\" height=\"373\" data-headline=\"koralle\" srcset=\"https:\/\/static.tirolergoldschmied.it\/39543ca551be492a\/2023\/08\/94886\/c\/fit-in\/300x224\/filters:no_upscale()\/filters:strip_exif()\/koralle.jpg 300w, https:\/\/static.tirolergoldschmied.it\/39543ca551be492a\/2023\/08\/94886\/c\/fit-in\/107x80\/filters:no_upscale()\/filters:strip_exif()\/koralle.jpg 107w, https:\/\/static.tirolergoldschmied.it\/39543ca551be492a\/2023\/08\/94886\/c\/fit-in\/350x261\/filters:no_upscale()\/filters:strip_exif()\/koralle.jpg 350w, https:\/\/static.tirolergoldschmied.it\/39543ca551be492a\/2023\/08\/94886\/c\/fit-in\/400x298\/filters:no_upscale()\/filters:strip_exif()\/koralle.jpg 400w, https:\/\/static.tirolergoldschmied.it\/39543ca551be492a\/2023\/08\/94886\/c\/fit-in\/80x60\/filters:no_upscale()\/filters:strip_exif()\/koralle.jpg 80w, https:\/\/static.tirolergoldschmied.it\/39543ca551be492a\/2023\/08\/94886\/c\/fit-in\/245x183\/filters:no_upscale()\/filters:strip_exif()\/koralle.jpg 245w, https:\/\/static.tirolergoldschmied.it\/39543ca551be492a\/2023\/08\/94886\/c\/fit-in\/100x75\/filters:no_upscale()\/filters:strip_exif()\/koralle.jpg 100w, https:\/\/static.tirolergoldschmied.it\/tirolergoldschmied2016_staging\/2023\/08\/94886\/c\/fit-in\/500x373\/filters:no_upscale()\/filters:strip_exif()\/koralle.jpg 500w\" sizes=\"auto, (max-width: 500px) 100vw, 500px\" \/><\/a>Uno sguardo sulle star dei mari. I coralli si sviluppano esclusivamente sul fondo del mare, dove colonie di minuscoli polipi costruiscono con il calcare strutture simili a rami che possono raggiungere dimensioni tra i 5 e i 30 cm, crescendo solamente da 2 a 8 mm all&#8217;anno.<\/p>\n<p>Tra le molte e diverse specie di corallo solo poche possono essere utilizzate per la produzione di gioielli. Queste includono il nobile corallo rosso, conosciuto e usato come gioiello gi\u00e0 in epoca preistorica e da allora sempre pi\u00f9 affascinante.<\/p>\n<p>Il corallo ci regala la calda sensazione della gioia di vivere mediterranea. Brilla nelle sue tante diverse sfumature di rosso, ricordandoci il nostro ultimo tramonto sul mare: dal rosa delicato del corallo Pelle d&#8217;angelo al saturo rosso medio di quello di Sardegna, fino all&#8217;intenso rosso scuro del Moro.<\/p>\n<p>&nbsp;<\/p>\n<\/div>\n<\/div>\n<p>&nbsp;<\/p>\n<p class=\"clear\"><strong>Classificazione dei colori del corallo<\/strong><\/p>\n<div class=\"col-sm-12 visible-sm col-xs-12 visible-xs visible-md visible-lg\">\n<div class=\" w-100\">\n<p><a href=\"https:\/\/static.tirolergoldschmied.it\/39543ca551be492a\/2023\/10\/99696\/c\/fit-in\/0x0\/filters:no_upscale()\/filters:strip_exif()\/coralli.jpg\"><img loading=\"lazy\" decoding=\"async\" class=\"alignnone wp-image-99696 size-wf_square_1200_1200\" src=\"https:\/\/static.tirolergoldschmied.it\/39543ca551be492a\/2023\/10\/99696\/c\/fit-in\/1200x136\/filters:no_upscale()\/filters:strip_exif()\/coralli.jpg\" alt=\"\" width=\"1200\" height=\"136\" data-headline=\"coralli\" srcset=\"https:\/\/static.tirolergoldschmied.it\/39543ca551be492a\/2023\/10\/99696\/c\/fit-in\/768x87\/filters:no_upscale()\/filters:strip_exif()\/coralli.jpg 768w, https:\/\/static.tirolergoldschmied.it\/39543ca551be492a\/2023\/10\/99696\/c\/fit-in\/330x37\/filters:no_upscale()\/filters:strip_exif()\/coralli.jpg 330w, https:\/\/static.tirolergoldschmied.it\/39543ca551be492a\/2023\/10\/99696\/c\/fit-in\/190x22\/filters:no_upscale()\/filters:strip_exif()\/coralli.jpg 190w, https:\/\/static.tirolergoldschmied.it\/39543ca551be492a\/2023\/10\/99696\/c\/fit-in\/245x28\/filters:no_upscale()\/filters:strip_exif()\/coralli.jpg 245w, https:\/\/static.tirolergoldschmied.it\/39543ca551be492a\/2023\/10\/99696\/c\/fit-in\/600x68\/filters:no_upscale()\/filters:strip_exif()\/coralli.jpg 600w, https:\/\/static.tirolergoldschmied.it\/39543ca551be492a\/2023\/10\/99696\/c\/fit-in\/100x11\/filters:no_upscale()\/filters:strip_exif()\/coralli.jpg 100w, https:\/\/static.tirolergoldschmied.it\/39543ca551be492a\/2023\/10\/99696\/c\/fit-in\/1200x136\/filters:no_upscale()\/filters:strip_exif()\/coralli.jpg 1200w\" sizes=\"auto, (max-width: 1200px) 100vw, 1200px\" \/><\/a><\/p>\n<p>Non a caso una vecchia leggenda racconta che un corallo nasce nel momento esatto in cui il sole, alla sera, tocca il mare sull&#8217;orizzonte. Il corallo nobile, Corallium rubrum, \u00e8 lucifugo e vive a una profondit\u00e0 da 2 a 280 metri, esclusivamente all&#8217;ombra, in cavit\u00e0 e sotto gli strapiombi, e si nutre di plancton. Le sue origini si trovano nel Mediterraneo occidentale e centrale, nell&#8217;Atlantico orientale, a Taiwan e in Giappone. Da 200 anni Torre del Greco (a sud di Napoli) \u00e8 il centro e la principale piazza commericiale della produzione di gioielli in corallo: pi\u00f9 di \u00be dei coralli raccolti in tutto il mondo sono ancora lavorati l\u00ec per raggiungere la massima qualit\u00e0.<\/p>\n<p>&nbsp;<\/p>\n<p><strong>Caratteristiche del corallo<\/strong><br \/>\n&#8211; I coralli puri non sono porosi.<br \/>\n&#8211; Allo stato grezzo sono opachi, lucidi pi\u00f9 che brillante come il vetro.<br \/>\n&#8211; Le qualit\u00e0 peggiori, come il corallo spugnoso, sono costituite da materiale altamente poroso.<br \/>\n&#8211; I coralli sono sensibili al calore, agli acidi e ai bagni caldi.<br \/>\n&#8211; Il colore potrebbe sbiadire con l&#8217;utilizzo. Pulite e asciugate quindi il vostro corallo dopo averlo indossato con un panno morbido e conservatelo in un portagioie. In tal modo il vostro gioiello in corallo vi accompagner\u00e0 per molto tempo.<\/p>\n<p>Se l&#8217;acqua si scalda troppo o se la salinit\u00e0 cambia, le alghe iniziano a produrre tossine: poi vengono respinte dal corallo e si estinguono. Il mantello calcareo bianco resiste e si giunge allo sbiancamento del corallo.<br \/>\nPer diversi decenni si \u00e8 tentato di contrastare la distruzione delle barriere coralline.<br \/>\nL&#8217;estrazione del corallo da parte di sub \u00e8 quella pi\u00f9 adatta per il rispetto della biodiversit\u00e0 ed \u00e8 strettamente controllata. Ecco perch\u00e9 raccomandiamo l&#8217;acquisto di coralli solo in negozi rinomati che danno importanza a certificazioni e certificati di origine e apprezzano la bellezza e la rarit\u00e0 del corallo.<\/p>\n<\/div>\n<\/div>\n<div class=\"berocket_ww_container\">\r\n    <div class=\"berocket_ww_empty\">\r\n        <p>Die Dreambox ist leer.<\/p>\r\n    <\/div>\r\n<\/div>\r\n<script>\r\njQuery('.berocket_ww_container').each( function( i, o ) {\r\n    if ( jQuery(o).height() + 20 < jQuery(o).find('.berocket_ww_ul_container').height() && jQuery(o).find('.berocket_ww_show_all').length ) {\r\n        jQuery(o).find('.berocket_ww_show_all').show();\r\n    } else if( ! jQuery(o).find('.berocket_ww_show_all').length ) {\r\n        var $scroll_block = jQuery(o).find('.berocket_ww_list');\r\n        $scroll_block.css( {maxHeight: 'initial'} );\r\n    }\r\n});\r\n<\/script>\r\n","protected":false},"excerpt":{"rendered":"<p>Uno sguardo sulle star dei mari. I coralli si sviluppano esclusivamente sul fondo del mare, dove colonie di minuscoli polipi &#8230;<\/p>\n","protected":false},"author":1,"featured_media":0,"parent":0,"menu_order":0,"comment_status":"closed","ping_status":"closed","template":"","meta":{"_acf_changed":false,"footnotes":""},"class_list":["post-95047","page","type-page","status-publish","hentry"],"acf":[],"yoast_head":"<!-- This site is optimized with the Yoast SEO plugin v27.4 - https:\/\/yoast.com\/product\/yoast-seo-wordpress\/ -->\n<title>Coralli - Tiroler Goldschmied<\/title>\n<meta name=\"robots\" content=\"index, follow, max-snippet:-1, max-image-preview:large, max-video-preview:-1\" \/>\n<link rel=\"canonical\" href=\"https:\/\/www.tirolergoldschmied.it\/it\/coralli\/\" \/>\n<meta property=\"og:locale\" content=\"it_IT\" \/>\n<meta property=\"og:type\" content=\"article\" \/>\n<meta property=\"og:title\" content=\"Coralli - Tiroler Goldschmied\" \/>\n<meta property=\"og:description\" content=\"Uno sguardo sulle star dei mari. I coralli si sviluppano esclusivamente sul fondo del mare, dove colonie di minuscoli polipi ...\" \/>\n<meta property=\"og:url\" content=\"https:\/\/www.tirolergoldschmied.it\/it\/coralli\/\" \/>\n<meta property=\"og:site_name\" content=\"Tiroler Goldschmied\" \/>\n<meta property=\"article:modified_time\" content=\"2023-10-11T14:12:11+00:00\" \/>\n<meta property=\"og:image\" content=\"https:\/\/static.tirolergoldschmied.it\/tirolergoldschmied2016_staging\/2023\/08\/94886\/c\/fit-in\/500x373\/filters:no_upscale()\/filters:strip_exif()\/koralle.jpg\" \/>\n<meta name=\"twitter:card\" content=\"summary_large_image\" \/>\n<meta name=\"twitter:label1\" content=\"Est. reading time\" \/>\n\t<meta name=\"twitter:data1\" content=\"3 minuti\" \/>\n<script type=\"application\/ld+json\" class=\"yoast-schema-graph\">{\"@context\":\"https:\\\/\\\/schema.org\",\"@graph\":[{\"@type\":\"WebPage\",\"@id\":\"https:\\\/\\\/www.tirolergoldschmied.it\\\/it\\\/coralli\\\/\",\"url\":\"https:\\\/\\\/www.tirolergoldschmied.it\\\/it\\\/coralli\\\/\",\"name\":\"Coralli - Tiroler Goldschmied\",\"isPartOf\":{\"@id\":\"https:\\\/\\\/www.tirolergoldschmied.it\\\/it\\\/#website\"},\"primaryImageOfPage\":{\"@id\":\"https:\\\/\\\/www.tirolergoldschmied.it\\\/it\\\/coralli\\\/#primaryimage\"},\"image\":{\"@id\":\"https:\\\/\\\/www.tirolergoldschmied.it\\\/it\\\/coralli\\\/#primaryimage\"},\"thumbnailUrl\":\"https:\\\/\\\/static.tirolergoldschmied.it\\\/tirolergoldschmied2016_staging\\\/2023\\\/08\\\/94886\\\/c\\\/fit-in\\\/500x373\\\/filters:no_upscale()\\\/filters:strip_exif()\\\/koralle.jpg\",\"datePublished\":\"2023-06-21T14:32:55+00:00\",\"dateModified\":\"2023-10-11T14:12:11+00:00\",\"breadcrumb\":{\"@id\":\"https:\\\/\\\/www.tirolergoldschmied.it\\\/it\\\/coralli\\\/#breadcrumb\"},\"inLanguage\":\"it-IT\",\"potentialAction\":[{\"@type\":\"ReadAction\",\"target\":[\"https:\\\/\\\/www.tirolergoldschmied.it\\\/it\\\/coralli\\\/\"]}]},{\"@type\":\"ImageObject\",\"inLanguage\":\"it-IT\",\"@id\":\"https:\\\/\\\/www.tirolergoldschmied.it\\\/it\\\/coralli\\\/#primaryimage\",\"url\":\"https:\\\/\\\/static.tirolergoldschmied.it\\\/tirolergoldschmied2016_staging\\\/2023\\\/08\\\/94886\\\/c\\\/fit-in\\\/500x373\\\/filters:no_upscale()\\\/filters:strip_exif()\\\/koralle.jpg\",\"contentUrl\":\"https:\\\/\\\/static.tirolergoldschmied.it\\\/tirolergoldschmied2016_staging\\\/2023\\\/08\\\/94886\\\/c\\\/fit-in\\\/500x373\\\/filters:no_upscale()\\\/filters:strip_exif()\\\/koralle.jpg\"},{\"@type\":\"BreadcrumbList\",\"@id\":\"https:\\\/\\\/www.tirolergoldschmied.it\\\/it\\\/coralli\\\/#breadcrumb\",\"itemListElement\":[{\"@type\":\"ListItem\",\"position\":1,\"name\":\"Startseite\",\"item\":\"https:\\\/\\\/www.tirolergoldschmied.it\\\/it\\\/\"},{\"@type\":\"ListItem\",\"position\":2,\"name\":\"Coralli\"}]},{\"@type\":\"WebSite\",\"@id\":\"https:\\\/\\\/www.tirolergoldschmied.it\\\/it\\\/#website\",\"url\":\"https:\\\/\\\/www.tirolergoldschmied.it\\\/it\\\/\",\"name\":\"Tiroler Goldschmied\",\"description\":\"\",\"potentialAction\":[{\"@type\":\"SearchAction\",\"target\":{\"@type\":\"EntryPoint\",\"urlTemplate\":\"https:\\\/\\\/www.tirolergoldschmied.it\\\/it\\\/?s={search_term_string}\"},\"query-input\":{\"@type\":\"PropertyValueSpecification\",\"valueRequired\":true,\"valueName\":\"search_term_string\"}}],\"inLanguage\":\"it-IT\"}]}<\/script>\n<!-- \/ Yoast SEO plugin. -->","yoast_head_json":{"title":"Coralli - Tiroler Goldschmied","robots":{"index":"index","follow":"follow","max-snippet":"max-snippet:-1","max-image-preview":"max-image-preview:large","max-video-preview":"max-video-preview:-1"},"canonical":"https:\/\/www.tirolergoldschmied.it\/it\/coralli\/","og_locale":"it_IT","og_type":"article","og_title":"Coralli - Tiroler Goldschmied","og_description":"Uno sguardo sulle star dei mari. I coralli si sviluppano esclusivamente sul fondo del mare, dove colonie di minuscoli polipi ...","og_url":"https:\/\/www.tirolergoldschmied.it\/it\/coralli\/","og_site_name":"Tiroler Goldschmied","article_modified_time":"2023-10-11T14:12:11+00:00","og_image":[{"url":"https:\/\/static.tirolergoldschmied.it\/tirolergoldschmied2016_staging\/2023\/08\/94886\/c\/fit-in\/500x373\/filters:no_upscale()\/filters:strip_exif()\/koralle.jpg","type":"","width":"","height":""}],"twitter_card":"summary_large_image","twitter_misc":{"Est. reading time":"3 minuti"},"schema":{"@context":"https:\/\/schema.org","@graph":[{"@type":"WebPage","@id":"https:\/\/www.tirolergoldschmied.it\/it\/coralli\/","url":"https:\/\/www.tirolergoldschmied.it\/it\/coralli\/","name":"Coralli - Tiroler Goldschmied","isPartOf":{"@id":"https:\/\/www.tirolergoldschmied.it\/it\/#website"},"primaryImageOfPage":{"@id":"https:\/\/www.tirolergoldschmied.it\/it\/coralli\/#primaryimage"},"image":{"@id":"https:\/\/www.tirolergoldschmied.it\/it\/coralli\/#primaryimage"},"thumbnailUrl":"https:\/\/static.tirolergoldschmied.it\/tirolergoldschmied2016_staging\/2023\/08\/94886\/c\/fit-in\/500x373\/filters:no_upscale()\/filters:strip_exif()\/koralle.jpg","datePublished":"2023-06-21T14:32:55+00:00","dateModified":"2023-10-11T14:12:11+00:00","breadcrumb":{"@id":"https:\/\/www.tirolergoldschmied.it\/it\/coralli\/#breadcrumb"},"inLanguage":"it-IT","potentialAction":[{"@type":"ReadAction","target":["https:\/\/www.tirolergoldschmied.it\/it\/coralli\/"]}]},{"@type":"ImageObject","inLanguage":"it-IT","@id":"https:\/\/www.tirolergoldschmied.it\/it\/coralli\/#primaryimage","url":"https:\/\/static.tirolergoldschmied.it\/tirolergoldschmied2016_staging\/2023\/08\/94886\/c\/fit-in\/500x373\/filters:no_upscale()\/filters:strip_exif()\/koralle.jpg","contentUrl":"https:\/\/static.tirolergoldschmied.it\/tirolergoldschmied2016_staging\/2023\/08\/94886\/c\/fit-in\/500x373\/filters:no_upscale()\/filters:strip_exif()\/koralle.jpg"},{"@type":"BreadcrumbList","@id":"https:\/\/www.tirolergoldschmied.it\/it\/coralli\/#breadcrumb","itemListElement":[{"@type":"ListItem","position":1,"name":"Startseite","item":"https:\/\/www.tirolergoldschmied.it\/it\/"},{"@type":"ListItem","position":2,"name":"Coralli"}]},{"@type":"WebSite","@id":"https:\/\/www.tirolergoldschmied.it\/it\/#website","url":"https:\/\/www.tirolergoldschmied.it\/it\/","name":"Tiroler Goldschmied","description":"","potentialAction":[{"@type":"SearchAction","target":{"@type":"EntryPoint","urlTemplate":"https:\/\/www.tirolergoldschmied.it\/it\/?s={search_term_string}"},"query-input":{"@type":"PropertyValueSpecification","valueRequired":true,"valueName":"search_term_string"}}],"inLanguage":"it-IT"}]}},"_links":{"self":[{"href":"https:\/\/www.tirolergoldschmied.it\/it\/wp-json\/wp\/v2\/pages\/95047","targetHints":{"allow":["GET"]}}],"collection":[{"href":"https:\/\/www.tirolergoldschmied.it\/it\/wp-json\/wp\/v2\/pages"}],"about":[{"href":"https:\/\/www.tirolergoldschmied.it\/it\/wp-json\/wp\/v2\/types\/page"}],"author":[{"embeddable":true,"href":"https:\/\/www.tirolergoldschmied.it\/it\/wp-json\/wp\/v2\/users\/1"}],"replies":[{"embeddable":true,"href":"https:\/\/www.tirolergoldschmied.it\/it\/wp-json\/wp\/v2\/comments?post=95047"}],"version-history":[{"count":8,"href":"https:\/\/www.tirolergoldschmied.it\/it\/wp-json\/wp\/v2\/pages\/95047\/revisions"}],"predecessor-version":[{"id":99709,"href":"https:\/\/www.tirolergoldschmied.it\/it\/wp-json\/wp\/v2\/pages\/95047\/revisions\/99709"}],"wp:attachment":[{"href":"https:\/\/www.tirolergoldschmied.it\/it\/wp-json\/wp\/v2\/media?parent=95047"}],"curies":[{"name":"wp","href":"https:\/\/api.w.org\/{rel}","templated":true}]}}