{"id":95053,"date":"2023-06-21T16:48:20","date_gmt":"2023-06-21T14:48:20","guid":{"rendered":"https:\/\/www.tirolergoldschmied.it\/zertifikat\/"},"modified":"2023-09-28T11:19:24","modified_gmt":"2023-09-28T09:19:24","slug":"certificato","status":"publish","type":"page","link":"https:\/\/www.tirolergoldschmied.it\/it\/certificato\/","title":{"rendered":"Certificato"},"content":{"rendered":"<p><a href=\"https:\/\/static.tirolergoldschmied.it\/39543ca551be492a\/2023\/06\/92410\/c\/fit-in\/0x0\/filters:no_upscale()\/filters:strip_exif()\/zertifikat.jpg\"><img loading=\"lazy\" decoding=\"async\" class=\"size-wf_square_500_500 wp-image-92410 alignright\" src=\"https:\/\/static.tirolergoldschmied.it\/39543ca551be492a\/2023\/06\/92410\/c\/fit-in\/500x373\/filters:no_upscale()\/filters:strip_exif()\/zertifikat.jpg\" alt=\"\" width=\"500\" height=\"373\" data-headline=\"zertifikat\" srcset=\"https:\/\/static.tirolergoldschmied.it\/39543ca551be492a\/2023\/06\/92410\/c\/fit-in\/300x224\/filters:no_upscale()\/filters:strip_exif()\/zertifikat.jpg 300w, https:\/\/static.tirolergoldschmied.it\/39543ca551be492a\/2023\/06\/92410\/c\/fit-in\/107x80\/filters:no_upscale()\/filters:strip_exif()\/zertifikat.jpg 107w, https:\/\/static.tirolergoldschmied.it\/39543ca551be492a\/2023\/06\/92410\/c\/fit-in\/350x261\/filters:no_upscale()\/filters:strip_exif()\/zertifikat.jpg 350w, https:\/\/static.tirolergoldschmied.it\/39543ca551be492a\/2023\/06\/92410\/c\/fit-in\/400x298\/filters:no_upscale()\/filters:strip_exif()\/zertifikat.jpg 400w, https:\/\/static.tirolergoldschmied.it\/39543ca551be492a\/2023\/06\/92410\/c\/fit-in\/80x60\/filters:no_upscale()\/filters:strip_exif()\/zertifikat.jpg 80w, https:\/\/static.tirolergoldschmied.it\/39543ca551be492a\/2023\/06\/92410\/c\/fit-in\/245x183\/filters:no_upscale()\/filters:strip_exif()\/zertifikat.jpg 245w, https:\/\/static.tirolergoldschmied.it\/39543ca551be492a\/2023\/06\/92410\/c\/fit-in\/100x75\/filters:no_upscale()\/filters:strip_exif()\/zertifikat.jpg 100w, https:\/\/static.tirolergoldschmied.it\/39543ca551be492a\/2023\/06\/92410\/c\/fit-in\/500x373\/filters:no_upscale()\/filters:strip_exif()\/zertifikat.jpg 500w\" sizes=\"auto, (max-width: 500px) 100vw, 500px\" \/><\/a>Sul certificato si trovano tutti i dati importanti relativi al vostro gioiello:<br \/>\nModello, codice articolo, lega, guarnizione, carati, qualit\u00e0, prezzo, data di acquisto e consulenza del gioiello.<\/p>\n<p>Il gioiello dovrebbe essere sempre conservato separatamente dal suo certificato, poich\u00e9 pu\u00f2 servire come prova di propriet\u00e0 per le assicurazioni in caso di furto. Inoltre, \u00e8 valido anche come certificato di garanzia.<\/p>\n<div class=\"berocket_ww_container\">\r\n    <div class=\"berocket_ww_empty\">\r\n        <p>Il Dreambox \u00e8 vuoto.<\/p>\r\n    <\/div>\r\n<\/div>\r\n<script>\r\njQuery('.berocket_ww_container').each( function( i, o ) {\r\n    if ( jQuery(o).height() + 20 < jQuery(o).find('.berocket_ww_ul_container').height() && jQuery(o).find('.berocket_ww_show_all').length ) {\r\n        jQuery(o).find('.berocket_ww_show_all').show();\r\n    } else if( ! jQuery(o).find('.berocket_ww_show_all').length ) {\r\n        var $scroll_block = jQuery(o).find('.berocket_ww_list');\r\n        $scroll_block.css( {maxHeight: 'initial'} );\r\n    }\r\n});\r\n<\/script>\r\n","protected":false},"excerpt":{"rendered":"<p>Sul certificato si trovano tutti i dati importanti relativi al vostro gioiello: Modello, codice articolo, lega, guarnizione, carati, qualit\u00e0, prezzo, &#8230;<\/p>\n","protected":false},"author":1,"featured_media":0,"parent":0,"menu_order":0,"comment_status":"closed","ping_status":"closed","template":"","meta":{"_acf_changed":false,"footnotes":""},"class_list":["post-95053","page","type-page","status-publish","hentry"],"acf":[],"yoast_head":"<!-- This site is optimized with the Yoast SEO plugin v27.4 - https:\/\/yoast.com\/product\/yoast-seo-wordpress\/ -->\n<title>Certificato - Tiroler Goldschmied<\/title>\n<meta name=\"robots\" content=\"index, follow, max-snippet:-1, max-image-preview:large, max-video-preview:-1\" \/>\n<link rel=\"canonical\" href=\"https:\/\/www.tirolergoldschmied.it\/it\/certificato\/\" \/>\n<meta property=\"og:locale\" content=\"it_IT\" \/>\n<meta property=\"og:type\" content=\"article\" \/>\n<meta property=\"og:title\" content=\"Certificato - Tiroler Goldschmied\" \/>\n<meta property=\"og:description\" content=\"Sul certificato si trovano tutti i dati importanti relativi al vostro gioiello: Modello, codice articolo, lega, guarnizione, carati, qualit\u00e0, prezzo, ...\" \/>\n<meta property=\"og:url\" content=\"https:\/\/www.tirolergoldschmied.it\/it\/certificato\/\" \/>\n<meta property=\"og:site_name\" content=\"Tiroler Goldschmied\" \/>\n<meta property=\"article:modified_time\" content=\"2023-09-28T09:19:24+00:00\" \/>\n<meta property=\"og:image\" content=\"https:\/\/static.tirolergoldschmied.it\/39543ca551be492a\/2023\/06\/92410\/c\/fit-in\/500x373\/filters:no_upscale()\/filters:strip_exif()\/zertifikat.jpg\" \/>\n<meta name=\"twitter:card\" content=\"summary_large_image\" \/>\n<meta name=\"twitter:label1\" content=\"Est. reading time\" \/>\n\t<meta name=\"twitter:data1\" content=\"1 minuto\" \/>\n<script type=\"application\/ld+json\" class=\"yoast-schema-graph\">{\"@context\":\"https:\\\/\\\/schema.org\",\"@graph\":[{\"@type\":\"WebPage\",\"@id\":\"https:\\\/\\\/www.tirolergoldschmied.it\\\/it\\\/certificato\\\/\",\"url\":\"https:\\\/\\\/www.tirolergoldschmied.it\\\/it\\\/certificato\\\/\",\"name\":\"Certificato - Tiroler Goldschmied\",\"isPartOf\":{\"@id\":\"https:\\\/\\\/www.tirolergoldschmied.it\\\/it\\\/#website\"},\"primaryImageOfPage\":{\"@id\":\"https:\\\/\\\/www.tirolergoldschmied.it\\\/it\\\/certificato\\\/#primaryimage\"},\"image\":{\"@id\":\"https:\\\/\\\/www.tirolergoldschmied.it\\\/it\\\/certificato\\\/#primaryimage\"},\"thumbnailUrl\":\"https:\\\/\\\/static.tirolergoldschmied.it\\\/39543ca551be492a\\\/2023\\\/06\\\/92410\\\/c\\\/fit-in\\\/500x373\\\/filters:no_upscale()\\\/filters:strip_exif()\\\/zertifikat.jpg\",\"datePublished\":\"2023-06-21T14:48:20+00:00\",\"dateModified\":\"2023-09-28T09:19:24+00:00\",\"breadcrumb\":{\"@id\":\"https:\\\/\\\/www.tirolergoldschmied.it\\\/it\\\/certificato\\\/#breadcrumb\"},\"inLanguage\":\"it-IT\",\"potentialAction\":[{\"@type\":\"ReadAction\",\"target\":[\"https:\\\/\\\/www.tirolergoldschmied.it\\\/it\\\/certificato\\\/\"]}]},{\"@type\":\"ImageObject\",\"inLanguage\":\"it-IT\",\"@id\":\"https:\\\/\\\/www.tirolergoldschmied.it\\\/it\\\/certificato\\\/#primaryimage\",\"url\":\"https:\\\/\\\/static.tirolergoldschmied.it\\\/39543ca551be492a\\\/2023\\\/06\\\/92410\\\/c\\\/fit-in\\\/500x373\\\/filters:no_upscale()\\\/filters:strip_exif()\\\/zertifikat.jpg\",\"contentUrl\":\"https:\\\/\\\/static.tirolergoldschmied.it\\\/39543ca551be492a\\\/2023\\\/06\\\/92410\\\/c\\\/fit-in\\\/500x373\\\/filters:no_upscale()\\\/filters:strip_exif()\\\/zertifikat.jpg\"},{\"@type\":\"BreadcrumbList\",\"@id\":\"https:\\\/\\\/www.tirolergoldschmied.it\\\/it\\\/certificato\\\/#breadcrumb\",\"itemListElement\":[{\"@type\":\"ListItem\",\"position\":1,\"name\":\"Startseite\",\"item\":\"https:\\\/\\\/www.tirolergoldschmied.it\\\/it\\\/\"},{\"@type\":\"ListItem\",\"position\":2,\"name\":\"Certificato\"}]},{\"@type\":\"WebSite\",\"@id\":\"https:\\\/\\\/www.tirolergoldschmied.it\\\/it\\\/#website\",\"url\":\"https:\\\/\\\/www.tirolergoldschmied.it\\\/it\\\/\",\"name\":\"Tiroler Goldschmied\",\"description\":\"\",\"potentialAction\":[{\"@type\":\"SearchAction\",\"target\":{\"@type\":\"EntryPoint\",\"urlTemplate\":\"https:\\\/\\\/www.tirolergoldschmied.it\\\/it\\\/?s={search_term_string}\"},\"query-input\":{\"@type\":\"PropertyValueSpecification\",\"valueRequired\":true,\"valueName\":\"search_term_string\"}}],\"inLanguage\":\"it-IT\"}]}<\/script>\n<!-- \/ Yoast SEO plugin. -->","yoast_head_json":{"title":"Certificato - Tiroler Goldschmied","robots":{"index":"index","follow":"follow","max-snippet":"max-snippet:-1","max-image-preview":"max-image-preview:large","max-video-preview":"max-video-preview:-1"},"canonical":"https:\/\/www.tirolergoldschmied.it\/it\/certificato\/","og_locale":"it_IT","og_type":"article","og_title":"Certificato - Tiroler Goldschmied","og_description":"Sul certificato si trovano tutti i dati importanti relativi al vostro gioiello: Modello, codice articolo, lega, guarnizione, carati, qualit\u00e0, prezzo, ...","og_url":"https:\/\/www.tirolergoldschmied.it\/it\/certificato\/","og_site_name":"Tiroler Goldschmied","article_modified_time":"2023-09-28T09:19:24+00:00","og_image":[{"url":"https:\/\/static.tirolergoldschmied.it\/39543ca551be492a\/2023\/06\/92410\/c\/fit-in\/500x373\/filters:no_upscale()\/filters:strip_exif()\/zertifikat.jpg","type":"","width":"","height":""}],"twitter_card":"summary_large_image","twitter_misc":{"Est. reading time":"1 minuto"},"schema":{"@context":"https:\/\/schema.org","@graph":[{"@type":"WebPage","@id":"https:\/\/www.tirolergoldschmied.it\/it\/certificato\/","url":"https:\/\/www.tirolergoldschmied.it\/it\/certificato\/","name":"Certificato - Tiroler Goldschmied","isPartOf":{"@id":"https:\/\/www.tirolergoldschmied.it\/it\/#website"},"primaryImageOfPage":{"@id":"https:\/\/www.tirolergoldschmied.it\/it\/certificato\/#primaryimage"},"image":{"@id":"https:\/\/www.tirolergoldschmied.it\/it\/certificato\/#primaryimage"},"thumbnailUrl":"https:\/\/static.tirolergoldschmied.it\/39543ca551be492a\/2023\/06\/92410\/c\/fit-in\/500x373\/filters:no_upscale()\/filters:strip_exif()\/zertifikat.jpg","datePublished":"2023-06-21T14:48:20+00:00","dateModified":"2023-09-28T09:19:24+00:00","breadcrumb":{"@id":"https:\/\/www.tirolergoldschmied.it\/it\/certificato\/#breadcrumb"},"inLanguage":"it-IT","potentialAction":[{"@type":"ReadAction","target":["https:\/\/www.tirolergoldschmied.it\/it\/certificato\/"]}]},{"@type":"ImageObject","inLanguage":"it-IT","@id":"https:\/\/www.tirolergoldschmied.it\/it\/certificato\/#primaryimage","url":"https:\/\/static.tirolergoldschmied.it\/39543ca551be492a\/2023\/06\/92410\/c\/fit-in\/500x373\/filters:no_upscale()\/filters:strip_exif()\/zertifikat.jpg","contentUrl":"https:\/\/static.tirolergoldschmied.it\/39543ca551be492a\/2023\/06\/92410\/c\/fit-in\/500x373\/filters:no_upscale()\/filters:strip_exif()\/zertifikat.jpg"},{"@type":"BreadcrumbList","@id":"https:\/\/www.tirolergoldschmied.it\/it\/certificato\/#breadcrumb","itemListElement":[{"@type":"ListItem","position":1,"name":"Startseite","item":"https:\/\/www.tirolergoldschmied.it\/it\/"},{"@type":"ListItem","position":2,"name":"Certificato"}]},{"@type":"WebSite","@id":"https:\/\/www.tirolergoldschmied.it\/it\/#website","url":"https:\/\/www.tirolergoldschmied.it\/it\/","name":"Tiroler Goldschmied","description":"","potentialAction":[{"@type":"SearchAction","target":{"@type":"EntryPoint","urlTemplate":"https:\/\/www.tirolergoldschmied.it\/it\/?s={search_term_string}"},"query-input":{"@type":"PropertyValueSpecification","valueRequired":true,"valueName":"search_term_string"}}],"inLanguage":"it-IT"}]}},"_links":{"self":[{"href":"https:\/\/www.tirolergoldschmied.it\/it\/wp-json\/wp\/v2\/pages\/95053","targetHints":{"allow":["GET"]}}],"collection":[{"href":"https:\/\/www.tirolergoldschmied.it\/it\/wp-json\/wp\/v2\/pages"}],"about":[{"href":"https:\/\/www.tirolergoldschmied.it\/it\/wp-json\/wp\/v2\/types\/page"}],"author":[{"embeddable":true,"href":"https:\/\/www.tirolergoldschmied.it\/it\/wp-json\/wp\/v2\/users\/1"}],"replies":[{"embeddable":true,"href":"https:\/\/www.tirolergoldschmied.it\/it\/wp-json\/wp\/v2\/comments?post=95053"}],"version-history":[{"count":3,"href":"https:\/\/www.tirolergoldschmied.it\/it\/wp-json\/wp\/v2\/pages\/95053\/revisions"}],"predecessor-version":[{"id":97178,"href":"https:\/\/www.tirolergoldschmied.it\/it\/wp-json\/wp\/v2\/pages\/95053\/revisions\/97178"}],"wp:attachment":[{"href":"https:\/\/www.tirolergoldschmied.it\/it\/wp-json\/wp\/v2\/media?parent=95053"}],"curies":[{"name":"wp","href":"https:\/\/api.w.org\/{rel}","templated":true}]}}